{"id":371,"date":"2011-11-30T12:37:11","date_gmt":"2011-11-30T10:37:11","guid":{"rendered":"http:\/\/burnoutcity.fi\/winter-activities\/table-hockey\/"},"modified":"2025-03-13T11:58:17","modified_gmt":"2025-03-13T09:58:17","slug":"table-hockey","status":"publish","type":"page","link":"https:\/\/burnoutcity.fi\/en\/the-best-winter-activities-winter-activities-in-helsinki\/table-hockey\/","title":{"rendered":"Table hockey tournament"},"content":{"rendered":"\n<h1 class=\"wp-block-heading\"><strong>Experience the Thrill of a Table Hockey Tournament \u2013 Perfect for Large Groups! \ud83c\udfd2<\/strong><\/h1>\n\n\n\n<p>Did you know that during the\u00a02012 Ice Hockey World Championship in Helsinki, we launched an exciting new activity inspired by the event?\u00a0Our table hockey tournament\u00a0brings the same competitive energy to your group event!<\/p>\n\n\n\n<p>\ud83c\udfc6&nbsp;<strong>Up to 100 participants<\/strong>&nbsp;\u2013 Ideal for corporate events, team-building, and large gatherings<br>\u23f3&nbsp;<strong>Fast-paced action<\/strong>&nbsp;\u2013 5-minute matches keep the energy high<br>\ud83c\udfaf&nbsp;<strong>Customized tournament format<\/strong>&nbsp;\u2013 Qualifying rounds, playoffs &amp; thrilling finals<br>\ud83e\udd47&nbsp;<strong>Award ceremony<\/strong>&nbsp;\u2013 Celebrate the top teams with a prize-giving moment<\/p>\n\n\n\n<p>Table hockey isn\u2019t just a casual game\u2014it\u2019s a\u00a0recognized international sport\u00a0with official world championships. Now\u2019s your chance to\u00a0compete, strategize, and have fun\u00a0in an adrenaline-pumping tournament tailored just for you!<\/p>\n\n\n\n<p>\ud83d\udd25\u00a0Book your table hockey tournament today and bring your team\u2019s competitive spirit to life!<\/p>\n\n\n\n<figure class=\"wp-block-image\"><a href=\"https:\/\/i0.wp.com\/burnoutcity.fi\/wp-content\/uploads\/2011\/12\/P%C3%B6yt%C3%A4j%C3%A4%C3%A4kiekko-7.jpg\"><img data-recalc-dims=\"1\" loading=\"lazy\" decoding=\"async\" width=\"525\" height=\"350\" src=\"https:\/\/i0.wp.com\/burnoutcity.fi\/wp-content\/uploads\/2011\/12\/P%C3%B6yt%C3%A4j%C3%A4%C3%A4kiekko-7.jpg?resize=525%2C350\" alt=\"\" class=\"wp-image-1316\" title=\"P\u00f6yt\u00e4j\u00e4\u00e4kiekko 7\" srcset=\"https:\/\/i0.wp.com\/burnoutcity.fi\/wp-content\/uploads\/2011\/12\/P%C3%B6yt%C3%A4j%C3%A4%C3%A4kiekko-7.jpg?w=1152&amp;ssl=1 1152w, https:\/\/i0.wp.com\/burnoutcity.fi\/wp-content\/uploads\/2011\/12\/P%C3%B6yt%C3%A4j%C3%A4%C3%A4kiekko-7.jpg?resize=300%2C200&amp;ssl=1 300w, https:\/\/i0.wp.com\/burnoutcity.fi\/wp-content\/uploads\/2011\/12\/P%C3%B6yt%C3%A4j%C3%A4%C3%A4kiekko-7.jpg?resize=1024%2C682&amp;ssl=1 1024w, https:\/\/i0.wp.com\/burnoutcity.fi\/wp-content\/uploads\/2011\/12\/P%C3%B6yt%C3%A4j%C3%A4%C3%A4kiekko-7.jpg?resize=450%2C300&amp;ssl=1 450w\" sizes=\"auto, (max-width: 706px) 89vw, (max-width: 767px) 82vw, 740px\" \/><\/a><\/figure>\n\n\n\n<figure class=\"wp-block-image\"><a href=\"http:\/\/burnoutcity.fi\/winter-activities\/table-hockey\/table-hockey-tournament\/\" rel=\"attachment wp-att-2341\"><img data-recalc-dims=\"1\" loading=\"lazy\" decoding=\"async\" width=\"525\" height=\"162\" src=\"https:\/\/i0.wp.com\/burnoutcity.fi\/wp-content\/uploads\/2011\/11\/Table-hockey-tournament.jpg?resize=525%2C162\" alt=\"Table hockey tournament\" class=\"wp-image-2341\" srcset=\"https:\/\/i0.wp.com\/burnoutcity.fi\/wp-content\/uploads\/2011\/11\/Table-hockey-tournament.jpg?w=1152&amp;ssl=1 1152w, https:\/\/i0.wp.com\/burnoutcity.fi\/wp-content\/uploads\/2011\/11\/Table-hockey-tournament.jpg?resize=300%2C92&amp;ssl=1 300w, https:\/\/i0.wp.com\/burnoutcity.fi\/wp-content\/uploads\/2011\/11\/Table-hockey-tournament.jpg?resize=1024%2C316&amp;ssl=1 1024w, https:\/\/i0.wp.com\/burnoutcity.fi\/wp-content\/uploads\/2011\/11\/Table-hockey-tournament.jpg?resize=500%2C154&amp;ssl=1 500w\" sizes=\"auto, (max-width: 706px) 89vw, (max-width: 767px) 82vw, 740px\" \/><\/a><\/figure>\n\n\n\n<figure class=\"wp-block-image\"><a href=\"https:\/\/i0.wp.com\/burnoutcity.fi\/wp-content\/uploads\/2011\/12\/P%C3%B6yt%C3%A4l%C3%A4tk%C3%A4-turnaus-aktiviteetti.jpg\"><img data-recalc-dims=\"1\" loading=\"lazy\" decoding=\"async\" width=\"525\" height=\"274\" src=\"https:\/\/i0.wp.com\/burnoutcity.fi\/wp-content\/uploads\/2011\/12\/P%C3%B6yt%C3%A4l%C3%A4tk%C3%A4-turnaus-aktiviteetti.jpg?resize=525%2C274\" alt=\"P\u00f6yt\u00e4l\u00e4tk\u00e4 turnaus aktiviteetti\" class=\"wp-image-2450\" srcset=\"https:\/\/i0.wp.com\/burnoutcity.fi\/wp-content\/uploads\/2011\/12\/P%C3%B6yt%C3%A4l%C3%A4tk%C3%A4-turnaus-aktiviteetti.jpg?w=1024&amp;ssl=1 1024w, https:\/\/i0.wp.com\/burnoutcity.fi\/wp-content\/uploads\/2011\/12\/P%C3%B6yt%C3%A4l%C3%A4tk%C3%A4-turnaus-aktiviteetti.jpg?resize=300%2C156&amp;ssl=1 300w, https:\/\/i0.wp.com\/burnoutcity.fi\/wp-content\/uploads\/2011\/12\/P%C3%B6yt%C3%A4l%C3%A4tk%C3%A4-turnaus-aktiviteetti.jpg?resize=500%2C261&amp;ssl=1 500w\" sizes=\"auto, (max-width: 706px) 89vw, (max-width: 767px) 82vw, 740px\" \/><\/a><\/figure>\n\n\n\n<p>&nbsp;<\/p>\n","protected":false},"excerpt":{"rendered":"<p>Experience the Thrill of a Table Hockey Tournament \u2013 Perfect for Large Groups! \ud83c\udfd2 Did you know that during the\u00a02012 Ice Hockey World Championship in Helsinki, we launched an exciting new activity inspired by the event?\u00a0Our table hockey tournament\u00a0brings the same competitive energy to your group event! \ud83c\udfc6&nbsp;Up to 100 participants&nbsp;\u2013 Ideal for corporate events, &hellip; <\/p>\n<p class=\"link-more\"><a href=\"https:\/\/burnoutcity.fi\/en\/the-best-winter-activities-winter-activities-in-helsinki\/table-hockey\/\" class=\"more-link\">Continue reading<span class=\"screen-reader-text\"> &#8220;Table hockey tournament&#8221;<\/span><\/a><\/p>\n","protected":false},"author":3,"featured_media":2449,"parent":358,"menu_order":0,"comment_status":"closed","ping_status":"open","template":"sidebar-page.php","meta":{"footnotes":""},"class_list":["post-371","page","type-page","status-publish","has-post-thumbnail","hentry"],"yoast_head":"<!-- This site is optimized with the Yoast SEO plugin v27.1.1 - https:\/\/yoast.com\/product\/yoast-seo-wordpress\/ -->\n<title>Table hockey tournament - Burn Out City Evets<\/title>\n<meta name=\"robots\" content=\"index, follow, max-snippet:-1, max-image-preview:large, max-video-preview:-1\" \/>\n<link rel=\"canonical\" href=\"https:\/\/burnoutcity.fi\/en\/the-best-winter-activities-winter-activities-in-helsinki\/table-hockey\/\" \/>\n<meta property=\"og:locale\" content=\"en_US\" \/>\n<meta property=\"og:type\" content=\"article\" \/>\n<meta property=\"og:title\" content=\"Table hockey tournament - Burn Out City Evets\" \/>\n<meta property=\"og:description\" content=\"Experience the Thrill of a Table Hockey Tournament \u2013 Perfect for Large Groups! \ud83c\udfd2 Did you know that during the\u00a02012 Ice Hockey World Championship in Helsinki, we launched an exciting new activity inspired by the event?\u00a0Our table hockey tournament\u00a0brings the same competitive energy to your group event! \ud83c\udfc6&nbsp;Up to 100 participants&nbsp;\u2013 Ideal for corporate events, &hellip; Continue reading &quot;Table hockey tournament&quot;\" \/>\n<meta property=\"og:url\" content=\"https:\/\/burnoutcity.fi\/en\/the-best-winter-activities-winter-activities-in-helsinki\/table-hockey\/\" \/>\n<meta property=\"og:site_name\" content=\"Burn Out City Evets\" \/>\n<meta property=\"article:publisher\" content=\"https:\/\/www.facebook.com\/burnoutcity\/\" \/>\n<meta property=\"article:modified_time\" content=\"2025-03-13T09:58:17+00:00\" \/>\n<meta property=\"og:image\" content=\"https:\/\/burnoutcity.fi\/wp-content\/uploads\/2011\/12\/P\u00f6yt\u00e4l\u00e4tk\u00e4-aktiviteetti.jpg\" \/>\n\t<meta property=\"og:image:width\" content=\"1024\" \/>\n\t<meta property=\"og:image:height\" content=\"316\" \/>\n\t<meta property=\"og:image:type\" content=\"image\/jpeg\" \/>\n<meta name=\"twitter:card\" content=\"summary_large_image\" \/>\n<meta name=\"twitter:label1\" content=\"Est. reading time\" \/>\n\t<meta name=\"twitter:data1\" content=\"1 minute\" \/>\n<script type=\"application\/ld+json\" class=\"yoast-schema-graph\">{\"@context\":\"https:\/\/schema.org\",\"@graph\":[{\"@type\":\"WebPage\",\"@id\":\"https:\/\/burnoutcity.fi\/en\/the-best-winter-activities-winter-activities-in-helsinki\/table-hockey\/\",\"url\":\"https:\/\/burnoutcity.fi\/en\/the-best-winter-activities-winter-activities-in-helsinki\/table-hockey\/\",\"name\":\"Table hockey tournament - Burn Out City Evets\",\"isPartOf\":{\"@id\":\"https:\/\/burnoutcity.fi\/en\/#website\"},\"primaryImageOfPage\":{\"@id\":\"https:\/\/burnoutcity.fi\/en\/the-best-winter-activities-winter-activities-in-helsinki\/table-hockey\/#primaryimage\"},\"image\":{\"@id\":\"https:\/\/burnoutcity.fi\/en\/the-best-winter-activities-winter-activities-in-helsinki\/table-hockey\/#primaryimage\"},\"thumbnailUrl\":\"https:\/\/i0.wp.com\/burnoutcity.fi\/wp-content\/uploads\/2011\/12\/P%C3%B6yt%C3%A4l%C3%A4tk%C3%A4-aktiviteetti.jpg?fit=1024%2C316&ssl=1\",\"datePublished\":\"2011-11-30T10:37:11+00:00\",\"dateModified\":\"2025-03-13T09:58:17+00:00\",\"breadcrumb\":{\"@id\":\"https:\/\/burnoutcity.fi\/en\/the-best-winter-activities-winter-activities-in-helsinki\/table-hockey\/#breadcrumb\"},\"inLanguage\":\"en-US\",\"potentialAction\":[{\"@type\":\"ReadAction\",\"target\":[\"https:\/\/burnoutcity.fi\/en\/the-best-winter-activities-winter-activities-in-helsinki\/table-hockey\/\"]}]},{\"@type\":\"ImageObject\",\"inLanguage\":\"en-US\",\"@id\":\"https:\/\/burnoutcity.fi\/en\/the-best-winter-activities-winter-activities-in-helsinki\/table-hockey\/#primaryimage\",\"url\":\"https:\/\/i0.wp.com\/burnoutcity.fi\/wp-content\/uploads\/2011\/12\/P%C3%B6yt%C3%A4l%C3%A4tk%C3%A4-aktiviteetti.jpg?fit=1024%2C316&ssl=1\",\"contentUrl\":\"https:\/\/i0.wp.com\/burnoutcity.fi\/wp-content\/uploads\/2011\/12\/P%C3%B6yt%C3%A4l%C3%A4tk%C3%A4-aktiviteetti.jpg?fit=1024%2C316&ssl=1\",\"width\":1024,\"height\":316},{\"@type\":\"BreadcrumbList\",\"@id\":\"https:\/\/burnoutcity.fi\/en\/the-best-winter-activities-winter-activities-in-helsinki\/table-hockey\/#breadcrumb\",\"itemListElement\":[{\"@type\":\"ListItem\",\"position\":1,\"name\":\"Hem\",\"item\":\"https:\/\/burnoutcity.fi\/en\/\"},{\"@type\":\"ListItem\",\"position\":2,\"name\":\"Winter activities\",\"item\":\"https:\/\/burnoutcity.fi\/en\/the-best-winter-activities-winter-activities-in-helsinki\/\"},{\"@type\":\"ListItem\",\"position\":3,\"name\":\"Table hockey tournament\"}]},{\"@type\":\"WebSite\",\"@id\":\"https:\/\/burnoutcity.fi\/en\/#website\",\"url\":\"https:\/\/burnoutcity.fi\/en\/\",\"name\":\"Burn Out City\",\"description\":\"Corporate Events and activities for tourists in Helsinki and its archipelago\",\"publisher\":{\"@id\":\"https:\/\/burnoutcity.fi\/en\/#organization\"},\"potentialAction\":[{\"@type\":\"SearchAction\",\"target\":{\"@type\":\"EntryPoint\",\"urlTemplate\":\"https:\/\/burnoutcity.fi\/en\/?s={search_term_string}\"},\"query-input\":{\"@type\":\"PropertyValueSpecification\",\"valueRequired\":true,\"valueName\":\"search_term_string\"}}],\"inLanguage\":\"en-US\"},{\"@type\":\"Organization\",\"@id\":\"https:\/\/burnoutcity.fi\/en\/#organization\",\"name\":\"Burn Out City Events\",\"url\":\"https:\/\/burnoutcity.fi\/en\/\",\"logo\":{\"@type\":\"ImageObject\",\"inLanguage\":\"en-US\",\"@id\":\"https:\/\/burnoutcity.fi\/en\/#\/schema\/logo\/image\/\",\"url\":\"https:\/\/i0.wp.com\/burnoutcity.fi\/wp-content\/uploads\/2018\/11\/BOC-logo-transparent.png?fit=1465%2C323&ssl=1\",\"contentUrl\":\"https:\/\/i0.wp.com\/burnoutcity.fi\/wp-content\/uploads\/2018\/11\/BOC-logo-transparent.png?fit=1465%2C323&ssl=1\",\"width\":1465,\"height\":323,\"caption\":\"Burn Out City Events\"},\"image\":{\"@id\":\"https:\/\/burnoutcity.fi\/en\/#\/schema\/logo\/image\/\"},\"sameAs\":[\"https:\/\/www.facebook.com\/burnoutcity\/\",\"https:\/\/www.instagram.com\/burnoutcity\/\",\"https:\/\/www.linkedin.com\/company\/9238482\/\",\"https:\/\/www.youtube.com\/channel\/UC0tYOONmt9dhZCEEyFzGj-Q\"]}]}<\/script>\n<!-- \/ Yoast SEO plugin. -->","yoast_head_json":{"title":"Table hockey tournament - Burn Out City Evets","robots":{"index":"index","follow":"follow","max-snippet":"max-snippet:-1","max-image-preview":"max-image-preview:large","max-video-preview":"max-video-preview:-1"},"canonical":"https:\/\/burnoutcity.fi\/en\/the-best-winter-activities-winter-activities-in-helsinki\/table-hockey\/","og_locale":"en_US","og_type":"article","og_title":"Table hockey tournament - Burn Out City Evets","og_description":"Experience the Thrill of a Table Hockey Tournament \u2013 Perfect for Large Groups! \ud83c\udfd2 Did you know that during the\u00a02012 Ice Hockey World Championship in Helsinki, we launched an exciting new activity inspired by the event?\u00a0Our table hockey tournament\u00a0brings the same competitive energy to your group event! \ud83c\udfc6&nbsp;Up to 100 participants&nbsp;\u2013 Ideal for corporate events, &hellip; Continue reading \"Table hockey tournament\"","og_url":"https:\/\/burnoutcity.fi\/en\/the-best-winter-activities-winter-activities-in-helsinki\/table-hockey\/","og_site_name":"Burn Out City Evets","article_publisher":"https:\/\/www.facebook.com\/burnoutcity\/","article_modified_time":"2025-03-13T09:58:17+00:00","og_image":[{"width":1024,"height":316,"url":"https:\/\/burnoutcity.fi\/wp-content\/uploads\/2011\/12\/P\u00f6yt\u00e4l\u00e4tk\u00e4-aktiviteetti.jpg","type":"image\/jpeg"}],"twitter_card":"summary_large_image","twitter_misc":{"Est. reading time":"1 minute"},"schema":{"@context":"https:\/\/schema.org","@graph":[{"@type":"WebPage","@id":"https:\/\/burnoutcity.fi\/en\/the-best-winter-activities-winter-activities-in-helsinki\/table-hockey\/","url":"https:\/\/burnoutcity.fi\/en\/the-best-winter-activities-winter-activities-in-helsinki\/table-hockey\/","name":"Table hockey tournament - Burn Out City Evets","isPartOf":{"@id":"https:\/\/burnoutcity.fi\/en\/#website"},"primaryImageOfPage":{"@id":"https:\/\/burnoutcity.fi\/en\/the-best-winter-activities-winter-activities-in-helsinki\/table-hockey\/#primaryimage"},"image":{"@id":"https:\/\/burnoutcity.fi\/en\/the-best-winter-activities-winter-activities-in-helsinki\/table-hockey\/#primaryimage"},"thumbnailUrl":"https:\/\/i0.wp.com\/burnoutcity.fi\/wp-content\/uploads\/2011\/12\/P%C3%B6yt%C3%A4l%C3%A4tk%C3%A4-aktiviteetti.jpg?fit=1024%2C316&ssl=1","datePublished":"2011-11-30T10:37:11+00:00","dateModified":"2025-03-13T09:58:17+00:00","breadcrumb":{"@id":"https:\/\/burnoutcity.fi\/en\/the-best-winter-activities-winter-activities-in-helsinki\/table-hockey\/#breadcrumb"},"inLanguage":"en-US","potentialAction":[{"@type":"ReadAction","target":["https:\/\/burnoutcity.fi\/en\/the-best-winter-activities-winter-activities-in-helsinki\/table-hockey\/"]}]},{"@type":"ImageObject","inLanguage":"en-US","@id":"https:\/\/burnoutcity.fi\/en\/the-best-winter-activities-winter-activities-in-helsinki\/table-hockey\/#primaryimage","url":"https:\/\/i0.wp.com\/burnoutcity.fi\/wp-content\/uploads\/2011\/12\/P%C3%B6yt%C3%A4l%C3%A4tk%C3%A4-aktiviteetti.jpg?fit=1024%2C316&ssl=1","contentUrl":"https:\/\/i0.wp.com\/burnoutcity.fi\/wp-content\/uploads\/2011\/12\/P%C3%B6yt%C3%A4l%C3%A4tk%C3%A4-aktiviteetti.jpg?fit=1024%2C316&ssl=1","width":1024,"height":316},{"@type":"BreadcrumbList","@id":"https:\/\/burnoutcity.fi\/en\/the-best-winter-activities-winter-activities-in-helsinki\/table-hockey\/#breadcrumb","itemListElement":[{"@type":"ListItem","position":1,"name":"Hem","item":"https:\/\/burnoutcity.fi\/en\/"},{"@type":"ListItem","position":2,"name":"Winter activities","item":"https:\/\/burnoutcity.fi\/en\/the-best-winter-activities-winter-activities-in-helsinki\/"},{"@type":"ListItem","position":3,"name":"Table hockey tournament"}]},{"@type":"WebSite","@id":"https:\/\/burnoutcity.fi\/en\/#website","url":"https:\/\/burnoutcity.fi\/en\/","name":"Burn Out City","description":"Corporate Events and activities for tourists in Helsinki and its archipelago","publisher":{"@id":"https:\/\/burnoutcity.fi\/en\/#organization"},"potentialAction":[{"@type":"SearchAction","target":{"@type":"EntryPoint","urlTemplate":"https:\/\/burnoutcity.fi\/en\/?s={search_term_string}"},"query-input":{"@type":"PropertyValueSpecification","valueRequired":true,"valueName":"search_term_string"}}],"inLanguage":"en-US"},{"@type":"Organization","@id":"https:\/\/burnoutcity.fi\/en\/#organization","name":"Burn Out City Events","url":"https:\/\/burnoutcity.fi\/en\/","logo":{"@type":"ImageObject","inLanguage":"en-US","@id":"https:\/\/burnoutcity.fi\/en\/#\/schema\/logo\/image\/","url":"https:\/\/i0.wp.com\/burnoutcity.fi\/wp-content\/uploads\/2018\/11\/BOC-logo-transparent.png?fit=1465%2C323&ssl=1","contentUrl":"https:\/\/i0.wp.com\/burnoutcity.fi\/wp-content\/uploads\/2018\/11\/BOC-logo-transparent.png?fit=1465%2C323&ssl=1","width":1465,"height":323,"caption":"Burn Out City Events"},"image":{"@id":"https:\/\/burnoutcity.fi\/en\/#\/schema\/logo\/image\/"},"sameAs":["https:\/\/www.facebook.com\/burnoutcity\/","https:\/\/www.instagram.com\/burnoutcity\/","https:\/\/www.linkedin.com\/company\/9238482\/","https:\/\/www.youtube.com\/channel\/UC0tYOONmt9dhZCEEyFzGj-Q"]}]}},"jetpack_sharing_enabled":true,"_links":{"self":[{"href":"https:\/\/burnoutcity.fi\/en\/wp-json\/wp\/v2\/pages\/371","targetHints":{"allow":["GET"]}}],"collection":[{"href":"https:\/\/burnoutcity.fi\/en\/wp-json\/wp\/v2\/pages"}],"about":[{"href":"https:\/\/burnoutcity.fi\/en\/wp-json\/wp\/v2\/types\/page"}],"author":[{"embeddable":true,"href":"https:\/\/burnoutcity.fi\/en\/wp-json\/wp\/v2\/users\/3"}],"replies":[{"embeddable":true,"href":"https:\/\/burnoutcity.fi\/en\/wp-json\/wp\/v2\/comments?post=371"}],"version-history":[{"count":11,"href":"https:\/\/burnoutcity.fi\/en\/wp-json\/wp\/v2\/pages\/371\/revisions"}],"predecessor-version":[{"id":6240,"href":"https:\/\/burnoutcity.fi\/en\/wp-json\/wp\/v2\/pages\/371\/revisions\/6240"}],"up":[{"embeddable":true,"href":"https:\/\/burnoutcity.fi\/en\/wp-json\/wp\/v2\/pages\/358"}],"wp:featuredmedia":[{"embeddable":true,"href":"https:\/\/burnoutcity.fi\/en\/wp-json\/wp\/v2\/media\/2449"}],"wp:attachment":[{"href":"https:\/\/burnoutcity.fi\/en\/wp-json\/wp\/v2\/media?parent=371"}],"curies":[{"name":"wp","href":"https:\/\/api.w.org\/{rel}","templated":true}]}}