{"id":163,"date":"2011-11-24T18:00:37","date_gmt":"2011-11-24T18:00:37","guid":{"rendered":"http:\/\/burnoutcity.fi\/?page_id=163"},"modified":"2016-12-12T12:49:47","modified_gmt":"2016-12-12T10:49:47","slug":"day-cruiser","status":"publish","type":"page","link":"https:\/\/burnoutcity.fi\/sv\/sommaraktiviteter\/day-cruiser\/","title":{"rendered":"Day Cruiser"},"content":{"rendered":"<p>F\u00f6r mindre grupper har vi en snabbg\u00e5ende motorb\u00e5t som kan transportera er fr\u00e5n eller till en \u00f6 eller ta en lugnare sightseeing runt Helsingfors samtidigt som ni njuter av den v\u00e4gkost vi tagit med f\u00f6r att sl\u00e4cka hungern och t\u00f6rsten.<\/p>\n<p>B\u00e5ten kan ocks\u00e5 anv\u00e4ndas i samband med v\u00e5ra fiskeprogram och som komplement till v\u00e5r RIB b\u00e5t.<\/p>\n<p><a href=\"https:\/\/i0.wp.com\/burnoutcity.fi\/wp-content\/uploads\/2011\/12\/Day-Cruiser-.jpg\"><img data-recalc-dims=\"1\" loading=\"lazy\" decoding=\"async\" class=\"alignnone wp-image-1439 size-large\" title=\"Day Cruiser\" src=\"https:\/\/i0.wp.com\/burnoutcity.fi\/wp-content\/uploads\/2011\/12\/Day-Cruiser--1024x682.jpg?resize=525%2C350\" width=\"525\" height=\"350\" srcset=\"https:\/\/i0.wp.com\/burnoutcity.fi\/wp-content\/uploads\/2011\/12\/Day-Cruiser-.jpg?resize=1024%2C682&amp;ssl=1 1024w, https:\/\/i0.wp.com\/burnoutcity.fi\/wp-content\/uploads\/2011\/12\/Day-Cruiser-.jpg?resize=300%2C200&amp;ssl=1 300w, https:\/\/i0.wp.com\/burnoutcity.fi\/wp-content\/uploads\/2011\/12\/Day-Cruiser-.jpg?resize=450%2C300&amp;ssl=1 450w, https:\/\/i0.wp.com\/burnoutcity.fi\/wp-content\/uploads\/2011\/12\/Day-Cruiser-.jpg?w=1575&amp;ssl=1 1575w\" sizes=\"auto, (max-width: 525px) 100vw, 525px\" \/><\/a><br \/>\n<a href=\"https:\/\/i0.wp.com\/burnoutcity.fi\/wp-content\/uploads\/2011\/12\/veneen-vuokrausta-helsinki.jpg\"><img data-recalc-dims=\"1\" loading=\"lazy\" decoding=\"async\" class=\"alignnone wp-image-1440 size-full\" title=\"veneen vuokrausta helsinki\" src=\"https:\/\/i0.wp.com\/burnoutcity.fi\/wp-content\/uploads\/2011\/12\/veneen-vuokrausta-helsinki.jpg?resize=525%2C350\" width=\"525\" height=\"350\" srcset=\"https:\/\/i0.wp.com\/burnoutcity.fi\/wp-content\/uploads\/2011\/12\/veneen-vuokrausta-helsinki.jpg?w=800&amp;ssl=1 800w, https:\/\/i0.wp.com\/burnoutcity.fi\/wp-content\/uploads\/2011\/12\/veneen-vuokrausta-helsinki.jpg?resize=300%2C199&amp;ssl=1 300w, https:\/\/i0.wp.com\/burnoutcity.fi\/wp-content\/uploads\/2011\/12\/veneen-vuokrausta-helsinki.jpg?resize=450%2C300&amp;ssl=1 450w\" sizes=\"auto, (max-width: 706px) 89vw, (max-width: 767px) 82vw, 740px\" \/><\/a><br \/>\n<a href=\"https:\/\/i0.wp.com\/burnoutcity.fi\/wp-content\/uploads\/2011\/12\/venevuokra-helsinki.jpg\"><img data-recalc-dims=\"1\" loading=\"lazy\" decoding=\"async\" class=\"alignnone size-large wp-image-1441\" title=\"venevuokra helsinki\" src=\"https:\/\/i0.wp.com\/burnoutcity.fi\/wp-content\/uploads\/2011\/12\/venevuokra-helsinki-1024x680.jpg?resize=525%2C348\" alt=\"\" width=\"525\" height=\"348\" srcset=\"https:\/\/i0.wp.com\/burnoutcity.fi\/wp-content\/uploads\/2011\/12\/venevuokra-helsinki.jpg?resize=1024%2C680&amp;ssl=1 1024w, https:\/\/i0.wp.com\/burnoutcity.fi\/wp-content\/uploads\/2011\/12\/venevuokra-helsinki.jpg?resize=300%2C199&amp;ssl=1 300w, https:\/\/i0.wp.com\/burnoutcity.fi\/wp-content\/uploads\/2011\/12\/venevuokra-helsinki.jpg?resize=451%2C300&amp;ssl=1 451w, https:\/\/i0.wp.com\/burnoutcity.fi\/wp-content\/uploads\/2011\/12\/venevuokra-helsinki.jpg?w=1575&amp;ssl=1 1575w\" sizes=\"auto, (max-width: 525px) 100vw, 525px\" \/><\/a><\/p>\n","protected":false},"excerpt":{"rendered":"<p>F\u00f6r mindre grupper har vi en snabbg\u00e5ende motorb\u00e5t som kan transportera er fr\u00e5n eller till en \u00f6 eller ta en lugnare sightseeing runt Helsingfors samtidigt som ni njuter av den v\u00e4gkost vi tagit med f\u00f6r att sl\u00e4cka hungern och t\u00f6rsten. B\u00e5ten kan ocks\u00e5 anv\u00e4ndas i samband med v\u00e5ra fiskeprogram och som komplement till v\u00e5r RIB &hellip; <\/p>\n<p class=\"link-more\"><a href=\"https:\/\/burnoutcity.fi\/sv\/sommaraktiviteter\/day-cruiser\/\" class=\"more-link\">Forts\u00e4tt l\u00e4sa<span class=\"screen-reader-text\"> \u201dDay Cruiser\u201d<\/span><\/a><\/p>\n","protected":false},"author":3,"featured_media":1439,"parent":28,"menu_order":0,"comment_status":"open","ping_status":"open","template":"","meta":{"footnotes":""},"class_list":["post-163","page","type-page","status-publish","has-post-thumbnail","hentry"],"yoast_head":"<!-- This site is optimized with the Yoast SEO plugin v27.1.1 - https:\/\/yoast.com\/product\/yoast-seo-wordpress\/ -->\n<title>Day Cruiser - Burn Out City Evets<\/title>\n<meta name=\"robots\" content=\"index, follow, max-snippet:-1, max-image-preview:large, max-video-preview:-1\" \/>\n<link rel=\"canonical\" href=\"https:\/\/burnoutcity.fi\/sv\/sommaraktiviteter\/day-cruiser\/\" \/>\n<meta property=\"og:locale\" content=\"sv_SE\" \/>\n<meta property=\"og:type\" content=\"article\" \/>\n<meta property=\"og:title\" content=\"Day Cruiser - Burn Out City Evets\" \/>\n<meta property=\"og:description\" content=\"F\u00f6r mindre grupper har vi en snabbg\u00e5ende motorb\u00e5t som kan transportera er fr\u00e5n eller till en \u00f6 eller ta en lugnare sightseeing runt Helsingfors samtidigt som ni njuter av den v\u00e4gkost vi tagit med f\u00f6r att sl\u00e4cka hungern och t\u00f6rsten. B\u00e5ten kan ocks\u00e5 anv\u00e4ndas i samband med v\u00e5ra fiskeprogram och som komplement till v\u00e5r RIB &hellip; Forts\u00e4tt l\u00e4sa \u201dDay Cruiser\u201d\" \/>\n<meta property=\"og:url\" content=\"https:\/\/burnoutcity.fi\/sv\/sommaraktiviteter\/day-cruiser\/\" \/>\n<meta property=\"og:site_name\" content=\"Burn Out City Evets\" \/>\n<meta property=\"article:publisher\" content=\"https:\/\/www.facebook.com\/burnoutcity\/\" \/>\n<meta property=\"article:modified_time\" content=\"2016-12-12T10:49:47+00:00\" \/>\n<meta property=\"og:image\" content=\"https:\/\/burnoutcity.fi\/wp-content\/uploads\/2011\/12\/Day-Cruiser-.jpg\" \/>\n\t<meta property=\"og:image:width\" content=\"2496\" \/>\n\t<meta property=\"og:image:height\" content=\"1664\" \/>\n\t<meta property=\"og:image:type\" content=\"image\/jpeg\" \/>\n<meta name=\"twitter:card\" content=\"summary_large_image\" \/>\n<script type=\"application\/ld+json\" class=\"yoast-schema-graph\">{\"@context\":\"https:\/\/schema.org\",\"@graph\":[{\"@type\":\"WebPage\",\"@id\":\"https:\/\/burnoutcity.fi\/sv\/sommaraktiviteter\/day-cruiser\/\",\"url\":\"https:\/\/burnoutcity.fi\/sv\/sommaraktiviteter\/day-cruiser\/\",\"name\":\"Day Cruiser - Burn Out City Evets\",\"isPartOf\":{\"@id\":\"https:\/\/burnoutcity.fi\/sv\/#website\"},\"primaryImageOfPage\":{\"@id\":\"https:\/\/burnoutcity.fi\/sv\/sommaraktiviteter\/day-cruiser\/#primaryimage\"},\"image\":{\"@id\":\"https:\/\/burnoutcity.fi\/sv\/sommaraktiviteter\/day-cruiser\/#primaryimage\"},\"thumbnailUrl\":\"https:\/\/i0.wp.com\/burnoutcity.fi\/wp-content\/uploads\/2011\/12\/Day-Cruiser-.jpg?fit=2496%2C1664&ssl=1\",\"datePublished\":\"2011-11-24T18:00:37+00:00\",\"dateModified\":\"2016-12-12T10:49:47+00:00\",\"breadcrumb\":{\"@id\":\"https:\/\/burnoutcity.fi\/sv\/sommaraktiviteter\/day-cruiser\/#breadcrumb\"},\"inLanguage\":\"sv-SE\",\"potentialAction\":[{\"@type\":\"ReadAction\",\"target\":[\"https:\/\/burnoutcity.fi\/sv\/sommaraktiviteter\/day-cruiser\/\"]}]},{\"@type\":\"ImageObject\",\"inLanguage\":\"sv-SE\",\"@id\":\"https:\/\/burnoutcity.fi\/sv\/sommaraktiviteter\/day-cruiser\/#primaryimage\",\"url\":\"https:\/\/i0.wp.com\/burnoutcity.fi\/wp-content\/uploads\/2011\/12\/Day-Cruiser-.jpg?fit=2496%2C1664&ssl=1\",\"contentUrl\":\"https:\/\/i0.wp.com\/burnoutcity.fi\/wp-content\/uploads\/2011\/12\/Day-Cruiser-.jpg?fit=2496%2C1664&ssl=1\",\"width\":\"2496\",\"height\":\"1664\"},{\"@type\":\"BreadcrumbList\",\"@id\":\"https:\/\/burnoutcity.fi\/sv\/sommaraktiviteter\/day-cruiser\/#breadcrumb\",\"itemListElement\":[{\"@type\":\"ListItem\",\"position\":1,\"name\":\"Hem\",\"item\":\"https:\/\/burnoutcity.fi\/sv\/hem\/\"},{\"@type\":\"ListItem\",\"position\":2,\"name\":\"Sommaraktiviteter\",\"item\":\"https:\/\/burnoutcity.fi\/sv\/sommaraktiviteter\/\"},{\"@type\":\"ListItem\",\"position\":3,\"name\":\"Day Cruiser\"}]},{\"@type\":\"WebSite\",\"@id\":\"https:\/\/burnoutcity.fi\/sv\/#website\",\"url\":\"https:\/\/burnoutcity.fi\/sv\/\",\"name\":\"Burn Out City\",\"description\":\"Corporate Events and activities for tourists in Helsinki and its archipelago\",\"publisher\":{\"@id\":\"https:\/\/burnoutcity.fi\/sv\/#organization\"},\"potentialAction\":[{\"@type\":\"SearchAction\",\"target\":{\"@type\":\"EntryPoint\",\"urlTemplate\":\"https:\/\/burnoutcity.fi\/sv\/?s={search_term_string}\"},\"query-input\":{\"@type\":\"PropertyValueSpecification\",\"valueRequired\":true,\"valueName\":\"search_term_string\"}}],\"inLanguage\":\"sv-SE\"},{\"@type\":\"Organization\",\"@id\":\"https:\/\/burnoutcity.fi\/sv\/#organization\",\"name\":\"Burn Out City Events\",\"url\":\"https:\/\/burnoutcity.fi\/sv\/\",\"logo\":{\"@type\":\"ImageObject\",\"inLanguage\":\"sv-SE\",\"@id\":\"https:\/\/burnoutcity.fi\/sv\/#\/schema\/logo\/image\/\",\"url\":\"https:\/\/i0.wp.com\/burnoutcity.fi\/wp-content\/uploads\/2018\/11\/BOC-logo-transparent.png?fit=1465%2C323&ssl=1\",\"contentUrl\":\"https:\/\/i0.wp.com\/burnoutcity.fi\/wp-content\/uploads\/2018\/11\/BOC-logo-transparent.png?fit=1465%2C323&ssl=1\",\"width\":1465,\"height\":323,\"caption\":\"Burn Out City Events\"},\"image\":{\"@id\":\"https:\/\/burnoutcity.fi\/sv\/#\/schema\/logo\/image\/\"},\"sameAs\":[\"https:\/\/www.facebook.com\/burnoutcity\/\",\"https:\/\/www.instagram.com\/burnoutcity\/\",\"https:\/\/www.linkedin.com\/company\/9238482\/\",\"https:\/\/www.youtube.com\/channel\/UC0tYOONmt9dhZCEEyFzGj-Q\"]}]}<\/script>\n<!-- \/ Yoast SEO plugin. -->","yoast_head_json":{"title":"Day Cruiser - Burn Out City Evets","robots":{"index":"index","follow":"follow","max-snippet":"max-snippet:-1","max-image-preview":"max-image-preview:large","max-video-preview":"max-video-preview:-1"},"canonical":"https:\/\/burnoutcity.fi\/sv\/sommaraktiviteter\/day-cruiser\/","og_locale":"sv_SE","og_type":"article","og_title":"Day Cruiser - Burn Out City Evets","og_description":"F\u00f6r mindre grupper har vi en snabbg\u00e5ende motorb\u00e5t som kan transportera er fr\u00e5n eller till en \u00f6 eller ta en lugnare sightseeing runt Helsingfors samtidigt som ni njuter av den v\u00e4gkost vi tagit med f\u00f6r att sl\u00e4cka hungern och t\u00f6rsten. B\u00e5ten kan ocks\u00e5 anv\u00e4ndas i samband med v\u00e5ra fiskeprogram och som komplement till v\u00e5r RIB &hellip; Forts\u00e4tt l\u00e4sa \u201dDay Cruiser\u201d","og_url":"https:\/\/burnoutcity.fi\/sv\/sommaraktiviteter\/day-cruiser\/","og_site_name":"Burn Out City Evets","article_publisher":"https:\/\/www.facebook.com\/burnoutcity\/","article_modified_time":"2016-12-12T10:49:47+00:00","og_image":[{"width":2496,"height":1664,"url":"https:\/\/burnoutcity.fi\/wp-content\/uploads\/2011\/12\/Day-Cruiser-.jpg","type":"image\/jpeg"}],"twitter_card":"summary_large_image","schema":{"@context":"https:\/\/schema.org","@graph":[{"@type":"WebPage","@id":"https:\/\/burnoutcity.fi\/sv\/sommaraktiviteter\/day-cruiser\/","url":"https:\/\/burnoutcity.fi\/sv\/sommaraktiviteter\/day-cruiser\/","name":"Day Cruiser - Burn Out City Evets","isPartOf":{"@id":"https:\/\/burnoutcity.fi\/sv\/#website"},"primaryImageOfPage":{"@id":"https:\/\/burnoutcity.fi\/sv\/sommaraktiviteter\/day-cruiser\/#primaryimage"},"image":{"@id":"https:\/\/burnoutcity.fi\/sv\/sommaraktiviteter\/day-cruiser\/#primaryimage"},"thumbnailUrl":"https:\/\/i0.wp.com\/burnoutcity.fi\/wp-content\/uploads\/2011\/12\/Day-Cruiser-.jpg?fit=2496%2C1664&ssl=1","datePublished":"2011-11-24T18:00:37+00:00","dateModified":"2016-12-12T10:49:47+00:00","breadcrumb":{"@id":"https:\/\/burnoutcity.fi\/sv\/sommaraktiviteter\/day-cruiser\/#breadcrumb"},"inLanguage":"sv-SE","potentialAction":[{"@type":"ReadAction","target":["https:\/\/burnoutcity.fi\/sv\/sommaraktiviteter\/day-cruiser\/"]}]},{"@type":"ImageObject","inLanguage":"sv-SE","@id":"https:\/\/burnoutcity.fi\/sv\/sommaraktiviteter\/day-cruiser\/#primaryimage","url":"https:\/\/i0.wp.com\/burnoutcity.fi\/wp-content\/uploads\/2011\/12\/Day-Cruiser-.jpg?fit=2496%2C1664&ssl=1","contentUrl":"https:\/\/i0.wp.com\/burnoutcity.fi\/wp-content\/uploads\/2011\/12\/Day-Cruiser-.jpg?fit=2496%2C1664&ssl=1","width":"2496","height":"1664"},{"@type":"BreadcrumbList","@id":"https:\/\/burnoutcity.fi\/sv\/sommaraktiviteter\/day-cruiser\/#breadcrumb","itemListElement":[{"@type":"ListItem","position":1,"name":"Hem","item":"https:\/\/burnoutcity.fi\/sv\/hem\/"},{"@type":"ListItem","position":2,"name":"Sommaraktiviteter","item":"https:\/\/burnoutcity.fi\/sv\/sommaraktiviteter\/"},{"@type":"ListItem","position":3,"name":"Day Cruiser"}]},{"@type":"WebSite","@id":"https:\/\/burnoutcity.fi\/sv\/#website","url":"https:\/\/burnoutcity.fi\/sv\/","name":"Burn Out City","description":"Corporate Events and activities for tourists in Helsinki and its archipelago","publisher":{"@id":"https:\/\/burnoutcity.fi\/sv\/#organization"},"potentialAction":[{"@type":"SearchAction","target":{"@type":"EntryPoint","urlTemplate":"https:\/\/burnoutcity.fi\/sv\/?s={search_term_string}"},"query-input":{"@type":"PropertyValueSpecification","valueRequired":true,"valueName":"search_term_string"}}],"inLanguage":"sv-SE"},{"@type":"Organization","@id":"https:\/\/burnoutcity.fi\/sv\/#organization","name":"Burn Out City Events","url":"https:\/\/burnoutcity.fi\/sv\/","logo":{"@type":"ImageObject","inLanguage":"sv-SE","@id":"https:\/\/burnoutcity.fi\/sv\/#\/schema\/logo\/image\/","url":"https:\/\/i0.wp.com\/burnoutcity.fi\/wp-content\/uploads\/2018\/11\/BOC-logo-transparent.png?fit=1465%2C323&ssl=1","contentUrl":"https:\/\/i0.wp.com\/burnoutcity.fi\/wp-content\/uploads\/2018\/11\/BOC-logo-transparent.png?fit=1465%2C323&ssl=1","width":1465,"height":323,"caption":"Burn Out City Events"},"image":{"@id":"https:\/\/burnoutcity.fi\/sv\/#\/schema\/logo\/image\/"},"sameAs":["https:\/\/www.facebook.com\/burnoutcity\/","https:\/\/www.instagram.com\/burnoutcity\/","https:\/\/www.linkedin.com\/company\/9238482\/","https:\/\/www.youtube.com\/channel\/UC0tYOONmt9dhZCEEyFzGj-Q"]}]}},"jetpack_sharing_enabled":true,"_links":{"self":[{"href":"https:\/\/burnoutcity.fi\/sv\/wp-json\/wp\/v2\/pages\/163","targetHints":{"allow":["GET"]}}],"collection":[{"href":"https:\/\/burnoutcity.fi\/sv\/wp-json\/wp\/v2\/pages"}],"about":[{"href":"https:\/\/burnoutcity.fi\/sv\/wp-json\/wp\/v2\/types\/page"}],"author":[{"embeddable":true,"href":"https:\/\/burnoutcity.fi\/sv\/wp-json\/wp\/v2\/users\/3"}],"replies":[{"embeddable":true,"href":"https:\/\/burnoutcity.fi\/sv\/wp-json\/wp\/v2\/comments?post=163"}],"version-history":[{"count":8,"href":"https:\/\/burnoutcity.fi\/sv\/wp-json\/wp\/v2\/pages\/163\/revisions"}],"predecessor-version":[{"id":2927,"href":"https:\/\/burnoutcity.fi\/sv\/wp-json\/wp\/v2\/pages\/163\/revisions\/2927"}],"up":[{"embeddable":true,"href":"https:\/\/burnoutcity.fi\/sv\/wp-json\/wp\/v2\/pages\/28"}],"wp:featuredmedia":[{"embeddable":true,"href":"https:\/\/burnoutcity.fi\/sv\/wp-json\/wp\/v2\/media\/1439"}],"wp:attachment":[{"href":"https:\/\/burnoutcity.fi\/sv\/wp-json\/wp\/v2\/media?parent=163"}],"curies":[{"name":"wp","href":"https:\/\/api.w.org\/{rel}","templated":true}]}}