{"id":183,"date":"2011-11-25T07:23:22","date_gmt":"2011-11-25T07:23:22","guid":{"rendered":"http:\/\/burnoutcity.fi\/?page_id=183"},"modified":"2016-12-12T12:55:24","modified_gmt":"2016-12-12T10:55:24","slug":"paddling","status":"publish","type":"page","link":"https:\/\/burnoutcity.fi\/sv\/sommaraktiviteter\/paddling\/","title":{"rendered":"Paddling"},"content":{"rendered":"<p>Med kajak kommer man n\u00e4rmare naturen och havet \u00e4n med n\u00e5gon annan vattenfarkost. Vi g\u00f6r allt fr\u00e5n extrema utflykter till yttersk\u00e4rg\u00e5rden till lite lugnare paddlings upplevelser inomsk\u00e4rs.<\/p>\n<p>Exempel p\u00e5 paddlings program:<\/p>\n<p><strong>Paddlings \u00e4ventyr mitt i Helsingfors<\/strong><br \/>\n<em>Programl\u00e4ngd: 2-3 timmar<\/em><br \/>\n<em>Personm\u00e4ngd: 5-25 personer<\/em><\/p>\n<p>Vid utflyktens b\u00f6rjan h\u00e5ller v\u00e5r guide en kort paddlingsskolning och g\u00e5r igenom alla s\u00e4kerhetsfr\u00e5gor. Efter det \u00e4r det bara att kl\u00e4 p\u00e5 sig flytv\u00e4sten och b\u00f6rja paddla! Under resan bes\u00f6ker vi huvudstadsregionens inre sk\u00e4rg\u00e5rds vackraste st\u00e4llen och n\u00e4r armarna b\u00f6rjar tr\u00f6ttna tar vi iland p\u00e5 n\u00e5gon idyllisk \u00f6 var vi njuter kaffe och n\u00e5got mellanm\u00e5l. Bastu samt middag smakar bra efter en l\u00e5ng paddlingstur!<a href=\"https:\/\/i0.wp.com\/burnoutcity.fi\/wp-content\/uploads\/2011\/11\/melonta-helsinki.jpg\"><img data-recalc-dims=\"1\" loading=\"lazy\" decoding=\"async\" class=\"alignnone wp-image-1457 size-large\" title=\"melonta helsinki\" src=\"https:\/\/i0.wp.com\/burnoutcity.fi\/wp-content\/uploads\/2011\/11\/melonta-helsinki-1024x768.jpg?resize=525%2C394\" alt=\"\" width=\"525\" height=\"394\" srcset=\"https:\/\/i0.wp.com\/burnoutcity.fi\/wp-content\/uploads\/2011\/11\/melonta-helsinki.jpg?resize=1024%2C768&amp;ssl=1 1024w, https:\/\/i0.wp.com\/burnoutcity.fi\/wp-content\/uploads\/2011\/11\/melonta-helsinki.jpg?resize=300%2C225&amp;ssl=1 300w, https:\/\/i0.wp.com\/burnoutcity.fi\/wp-content\/uploads\/2011\/11\/melonta-helsinki.jpg?resize=400%2C300&amp;ssl=1 400w, https:\/\/i0.wp.com\/burnoutcity.fi\/wp-content\/uploads\/2011\/11\/melonta-helsinki.jpg?w=2048&amp;ssl=1 2048w, https:\/\/i0.wp.com\/burnoutcity.fi\/wp-content\/uploads\/2011\/11\/melonta-helsinki.jpg?w=1575&amp;ssl=1 1575w\" sizes=\"auto, (max-width: 525px) 100vw, 525px\" \/><\/a><br \/>\n<a href=\"https:\/\/i0.wp.com\/burnoutcity.fi\/wp-content\/uploads\/2011\/11\/Ohjelmapalvelu-helsinki.jpg\"><img data-recalc-dims=\"1\" loading=\"lazy\" decoding=\"async\" class=\"alignnone wp-image-1459 size-full\" title=\"Ohjelmapalvelu helsinki\" src=\"https:\/\/i0.wp.com\/burnoutcity.fi\/wp-content\/uploads\/2011\/11\/Ohjelmapalvelu-helsinki.jpg?resize=525%2C394\" alt=\"\" width=\"525\" height=\"394\" srcset=\"https:\/\/i0.wp.com\/burnoutcity.fi\/wp-content\/uploads\/2011\/11\/Ohjelmapalvelu-helsinki.jpg?w=1024&amp;ssl=1 1024w, https:\/\/i0.wp.com\/burnoutcity.fi\/wp-content\/uploads\/2011\/11\/Ohjelmapalvelu-helsinki.jpg?resize=300%2C225&amp;ssl=1 300w, https:\/\/i0.wp.com\/burnoutcity.fi\/wp-content\/uploads\/2011\/11\/Ohjelmapalvelu-helsinki.jpg?resize=400%2C300&amp;ssl=1 400w\" sizes=\"auto, (max-width: 706px) 89vw, (max-width: 767px) 82vw, 740px\" \/><\/a><br \/>\n<a href=\"https:\/\/i0.wp.com\/burnoutcity.fi\/wp-content\/uploads\/2011\/11\/ohjelmapalvelut-helsinki.jpg\"><img data-recalc-dims=\"1\" loading=\"lazy\" decoding=\"async\" class=\"alignnone wp-image-1460 size-large\" title=\"ohjelmapalvelut helsinki\" src=\"https:\/\/i0.wp.com\/burnoutcity.fi\/wp-content\/uploads\/2011\/11\/ohjelmapalvelut-helsinki-1024x768.jpg?resize=525%2C394\" alt=\"\" width=\"525\" height=\"394\" srcset=\"https:\/\/i0.wp.com\/burnoutcity.fi\/wp-content\/uploads\/2011\/11\/ohjelmapalvelut-helsinki.jpg?resize=1024%2C768&amp;ssl=1 1024w, https:\/\/i0.wp.com\/burnoutcity.fi\/wp-content\/uploads\/2011\/11\/ohjelmapalvelut-helsinki.jpg?resize=300%2C225&amp;ssl=1 300w, https:\/\/i0.wp.com\/burnoutcity.fi\/wp-content\/uploads\/2011\/11\/ohjelmapalvelut-helsinki.jpg?resize=400%2C300&amp;ssl=1 400w, https:\/\/i0.wp.com\/burnoutcity.fi\/wp-content\/uploads\/2011\/11\/ohjelmapalvelut-helsinki.jpg?w=1575&amp;ssl=1 1575w\" sizes=\"auto, (max-width: 525px) 100vw, 525px\" \/><\/a><a href=\"https:\/\/i0.wp.com\/burnoutcity.fi\/wp-content\/uploads\/2011\/12\/Melontaa-helsingiss%C3%A4.jpg\"><img data-recalc-dims=\"1\" loading=\"lazy\" decoding=\"async\" class=\"alignnone size-large wp-image-2446\" src=\"https:\/\/i0.wp.com\/burnoutcity.fi\/wp-content\/uploads\/2011\/12\/Melontaa-helsingiss%C3%A4-1024x683.jpg?resize=525%2C351\" alt=\"Melontaa helsingiss\u00e4\" width=\"525\" height=\"351\" srcset=\"https:\/\/i0.wp.com\/burnoutcity.fi\/wp-content\/uploads\/2011\/12\/Melontaa-helsingiss%C3%A4.jpg?resize=1024%2C683&amp;ssl=1 1024w, https:\/\/i0.wp.com\/burnoutcity.fi\/wp-content\/uploads\/2011\/12\/Melontaa-helsingiss%C3%A4.jpg?resize=300%2C200&amp;ssl=1 300w, https:\/\/i0.wp.com\/burnoutcity.fi\/wp-content\/uploads\/2011\/12\/Melontaa-helsingiss%C3%A4.jpg?resize=450%2C300&amp;ssl=1 450w, https:\/\/i0.wp.com\/burnoutcity.fi\/wp-content\/uploads\/2011\/12\/Melontaa-helsingiss%C3%A4.jpg?w=1575&amp;ssl=1 1575w\" sizes=\"auto, (max-width: 525px) 100vw, 525px\" \/><\/a><a href=\"https:\/\/i0.wp.com\/burnoutcity.fi\/wp-content\/uploads\/2011\/11\/yritys-ohjelmia-helsinki.jpg\"><img data-recalc-dims=\"1\" loading=\"lazy\" decoding=\"async\" class=\"alignnone size-full wp-image-1461\" title=\"yritys ohjelmia helsinki\" src=\"https:\/\/i0.wp.com\/burnoutcity.fi\/wp-content\/uploads\/2011\/11\/yritys-ohjelmia-helsinki.jpg?resize=525%2C394\" alt=\"\" width=\"525\" height=\"394\" srcset=\"https:\/\/i0.wp.com\/burnoutcity.fi\/wp-content\/uploads\/2011\/11\/yritys-ohjelmia-helsinki.jpg?w=3264&amp;ssl=1 3264w, https:\/\/i0.wp.com\/burnoutcity.fi\/wp-content\/uploads\/2011\/11\/yritys-ohjelmia-helsinki.jpg?resize=300%2C225&amp;ssl=1 300w, https:\/\/i0.wp.com\/burnoutcity.fi\/wp-content\/uploads\/2011\/11\/yritys-ohjelmia-helsinki.jpg?resize=1024%2C768&amp;ssl=1 1024w, https:\/\/i0.wp.com\/burnoutcity.fi\/wp-content\/uploads\/2011\/11\/yritys-ohjelmia-helsinki.jpg?resize=400%2C300&amp;ssl=1 400w, https:\/\/i0.wp.com\/burnoutcity.fi\/wp-content\/uploads\/2011\/11\/yritys-ohjelmia-helsinki.jpg?w=1575&amp;ssl=1 1575w\" sizes=\"auto, (max-width: 706px) 89vw, (max-width: 767px) 82vw, 740px\" \/><\/a><\/p>\n","protected":false},"excerpt":{"rendered":"<p>Med kajak kommer man n\u00e4rmare naturen och havet \u00e4n med n\u00e5gon annan vattenfarkost. Vi g\u00f6r allt fr\u00e5n extrema utflykter till yttersk\u00e4rg\u00e5rden till lite lugnare paddlings upplevelser inomsk\u00e4rs. Exempel p\u00e5 paddlings program: Paddlings \u00e4ventyr mitt i Helsingfors Programl\u00e4ngd: 2-3 timmar Personm\u00e4ngd: 5-25 personer Vid utflyktens b\u00f6rjan h\u00e5ller v\u00e5r guide en kort paddlingsskolning och g\u00e5r igenom alla &hellip; <\/p>\n<p class=\"link-more\"><a href=\"https:\/\/burnoutcity.fi\/sv\/sommaraktiviteter\/paddling\/\" class=\"more-link\">Forts\u00e4tt l\u00e4sa<span class=\"screen-reader-text\"> \u201dPaddling\u201d<\/span><\/a><\/p>\n","protected":false},"author":3,"featured_media":1461,"parent":28,"menu_order":0,"comment_status":"open","ping_status":"open","template":"sidebar-page.php","meta":{"footnotes":""},"class_list":["post-183","page","type-page","status-publish","has-post-thumbnail","hentry"],"yoast_head":"<!-- This site is optimized with the Yoast SEO plugin v27.1.1 - https:\/\/yoast.com\/product\/yoast-seo-wordpress\/ -->\n<title>Paddling - Burn Out City Evets<\/title>\n<meta name=\"robots\" content=\"index, follow, max-snippet:-1, max-image-preview:large, max-video-preview:-1\" \/>\n<link rel=\"canonical\" href=\"https:\/\/burnoutcity.fi\/sv\/sommaraktiviteter\/paddling\/\" \/>\n<meta property=\"og:locale\" content=\"sv_SE\" \/>\n<meta property=\"og:type\" content=\"article\" \/>\n<meta property=\"og:title\" content=\"Paddling - Burn Out City Evets\" \/>\n<meta property=\"og:description\" content=\"Med kajak kommer man n\u00e4rmare naturen och havet \u00e4n med n\u00e5gon annan vattenfarkost. Vi g\u00f6r allt fr\u00e5n extrema utflykter till yttersk\u00e4rg\u00e5rden till lite lugnare paddlings upplevelser inomsk\u00e4rs. Exempel p\u00e5 paddlings program: Paddlings \u00e4ventyr mitt i Helsingfors Programl\u00e4ngd: 2-3 timmar Personm\u00e4ngd: 5-25 personer Vid utflyktens b\u00f6rjan h\u00e5ller v\u00e5r guide en kort paddlingsskolning och g\u00e5r igenom alla &hellip; Forts\u00e4tt l\u00e4sa \u201dPaddling\u201d\" \/>\n<meta property=\"og:url\" content=\"https:\/\/burnoutcity.fi\/sv\/sommaraktiviteter\/paddling\/\" \/>\n<meta property=\"og:site_name\" content=\"Burn Out City Evets\" \/>\n<meta property=\"article:publisher\" content=\"https:\/\/www.facebook.com\/burnoutcity\/\" \/>\n<meta property=\"article:modified_time\" content=\"2016-12-12T10:55:24+00:00\" \/>\n<meta property=\"og:image\" content=\"https:\/\/burnoutcity.fi\/wp-content\/uploads\/2011\/11\/yritys-ohjelmia-helsinki.jpg\" \/>\n\t<meta property=\"og:image:width\" content=\"3264\" \/>\n\t<meta property=\"og:image:height\" content=\"2448\" \/>\n\t<meta property=\"og:image:type\" content=\"image\/jpeg\" \/>\n<meta name=\"twitter:card\" content=\"summary_large_image\" \/>\n<meta name=\"twitter:label1\" content=\"Ber\u00e4knad l\u00e4stid\" \/>\n\t<meta name=\"twitter:data1\" content=\"1 minut\" \/>\n<script type=\"application\/ld+json\" class=\"yoast-schema-graph\">{\"@context\":\"https:\/\/schema.org\",\"@graph\":[{\"@type\":\"WebPage\",\"@id\":\"https:\/\/burnoutcity.fi\/sv\/sommaraktiviteter\/paddling\/\",\"url\":\"https:\/\/burnoutcity.fi\/sv\/sommaraktiviteter\/paddling\/\",\"name\":\"Paddling - Burn Out City Evets\",\"isPartOf\":{\"@id\":\"https:\/\/burnoutcity.fi\/sv\/#website\"},\"primaryImageOfPage\":{\"@id\":\"https:\/\/burnoutcity.fi\/sv\/sommaraktiviteter\/paddling\/#primaryimage\"},\"image\":{\"@id\":\"https:\/\/burnoutcity.fi\/sv\/sommaraktiviteter\/paddling\/#primaryimage\"},\"thumbnailUrl\":\"https:\/\/i0.wp.com\/burnoutcity.fi\/wp-content\/uploads\/2011\/11\/yritys-ohjelmia-helsinki.jpg?fit=3264%2C2448&ssl=1\",\"datePublished\":\"2011-11-25T07:23:22+00:00\",\"dateModified\":\"2016-12-12T10:55:24+00:00\",\"breadcrumb\":{\"@id\":\"https:\/\/burnoutcity.fi\/sv\/sommaraktiviteter\/paddling\/#breadcrumb\"},\"inLanguage\":\"sv-SE\",\"potentialAction\":[{\"@type\":\"ReadAction\",\"target\":[\"https:\/\/burnoutcity.fi\/sv\/sommaraktiviteter\/paddling\/\"]}]},{\"@type\":\"ImageObject\",\"inLanguage\":\"sv-SE\",\"@id\":\"https:\/\/burnoutcity.fi\/sv\/sommaraktiviteter\/paddling\/#primaryimage\",\"url\":\"https:\/\/i0.wp.com\/burnoutcity.fi\/wp-content\/uploads\/2011\/11\/yritys-ohjelmia-helsinki.jpg?fit=3264%2C2448&ssl=1\",\"contentUrl\":\"https:\/\/i0.wp.com\/burnoutcity.fi\/wp-content\/uploads\/2011\/11\/yritys-ohjelmia-helsinki.jpg?fit=3264%2C2448&ssl=1\",\"width\":\"3264\",\"height\":\"2448\"},{\"@type\":\"BreadcrumbList\",\"@id\":\"https:\/\/burnoutcity.fi\/sv\/sommaraktiviteter\/paddling\/#breadcrumb\",\"itemListElement\":[{\"@type\":\"ListItem\",\"position\":1,\"name\":\"Hem\",\"item\":\"https:\/\/burnoutcity.fi\/sv\/hem\/\"},{\"@type\":\"ListItem\",\"position\":2,\"name\":\"Sommaraktiviteter\",\"item\":\"https:\/\/burnoutcity.fi\/sv\/sommaraktiviteter\/\"},{\"@type\":\"ListItem\",\"position\":3,\"name\":\"Paddling\"}]},{\"@type\":\"WebSite\",\"@id\":\"https:\/\/burnoutcity.fi\/sv\/#website\",\"url\":\"https:\/\/burnoutcity.fi\/sv\/\",\"name\":\"Burn Out City\",\"description\":\"Corporate Events and activities for tourists in Helsinki and its archipelago\",\"publisher\":{\"@id\":\"https:\/\/burnoutcity.fi\/sv\/#organization\"},\"potentialAction\":[{\"@type\":\"SearchAction\",\"target\":{\"@type\":\"EntryPoint\",\"urlTemplate\":\"https:\/\/burnoutcity.fi\/sv\/?s={search_term_string}\"},\"query-input\":{\"@type\":\"PropertyValueSpecification\",\"valueRequired\":true,\"valueName\":\"search_term_string\"}}],\"inLanguage\":\"sv-SE\"},{\"@type\":\"Organization\",\"@id\":\"https:\/\/burnoutcity.fi\/sv\/#organization\",\"name\":\"Burn Out City Events\",\"url\":\"https:\/\/burnoutcity.fi\/sv\/\",\"logo\":{\"@type\":\"ImageObject\",\"inLanguage\":\"sv-SE\",\"@id\":\"https:\/\/burnoutcity.fi\/sv\/#\/schema\/logo\/image\/\",\"url\":\"https:\/\/i0.wp.com\/burnoutcity.fi\/wp-content\/uploads\/2018\/11\/BOC-logo-transparent.png?fit=1465%2C323&ssl=1\",\"contentUrl\":\"https:\/\/i0.wp.com\/burnoutcity.fi\/wp-content\/uploads\/2018\/11\/BOC-logo-transparent.png?fit=1465%2C323&ssl=1\",\"width\":1465,\"height\":323,\"caption\":\"Burn Out City Events\"},\"image\":{\"@id\":\"https:\/\/burnoutcity.fi\/sv\/#\/schema\/logo\/image\/\"},\"sameAs\":[\"https:\/\/www.facebook.com\/burnoutcity\/\",\"https:\/\/www.instagram.com\/burnoutcity\/\",\"https:\/\/www.linkedin.com\/company\/9238482\/\",\"https:\/\/www.youtube.com\/channel\/UC0tYOONmt9dhZCEEyFzGj-Q\"]}]}<\/script>\n<!-- \/ Yoast SEO plugin. -->","yoast_head_json":{"title":"Paddling - Burn Out City Evets","robots":{"index":"index","follow":"follow","max-snippet":"max-snippet:-1","max-image-preview":"max-image-preview:large","max-video-preview":"max-video-preview:-1"},"canonical":"https:\/\/burnoutcity.fi\/sv\/sommaraktiviteter\/paddling\/","og_locale":"sv_SE","og_type":"article","og_title":"Paddling - Burn Out City Evets","og_description":"Med kajak kommer man n\u00e4rmare naturen och havet \u00e4n med n\u00e5gon annan vattenfarkost. Vi g\u00f6r allt fr\u00e5n extrema utflykter till yttersk\u00e4rg\u00e5rden till lite lugnare paddlings upplevelser inomsk\u00e4rs. Exempel p\u00e5 paddlings program: Paddlings \u00e4ventyr mitt i Helsingfors Programl\u00e4ngd: 2-3 timmar Personm\u00e4ngd: 5-25 personer Vid utflyktens b\u00f6rjan h\u00e5ller v\u00e5r guide en kort paddlingsskolning och g\u00e5r igenom alla &hellip; Forts\u00e4tt l\u00e4sa \u201dPaddling\u201d","og_url":"https:\/\/burnoutcity.fi\/sv\/sommaraktiviteter\/paddling\/","og_site_name":"Burn Out City Evets","article_publisher":"https:\/\/www.facebook.com\/burnoutcity\/","article_modified_time":"2016-12-12T10:55:24+00:00","og_image":[{"width":3264,"height":2448,"url":"https:\/\/burnoutcity.fi\/wp-content\/uploads\/2011\/11\/yritys-ohjelmia-helsinki.jpg","type":"image\/jpeg"}],"twitter_card":"summary_large_image","twitter_misc":{"Ber\u00e4knad l\u00e4stid":"1 minut"},"schema":{"@context":"https:\/\/schema.org","@graph":[{"@type":"WebPage","@id":"https:\/\/burnoutcity.fi\/sv\/sommaraktiviteter\/paddling\/","url":"https:\/\/burnoutcity.fi\/sv\/sommaraktiviteter\/paddling\/","name":"Paddling - Burn Out City Evets","isPartOf":{"@id":"https:\/\/burnoutcity.fi\/sv\/#website"},"primaryImageOfPage":{"@id":"https:\/\/burnoutcity.fi\/sv\/sommaraktiviteter\/paddling\/#primaryimage"},"image":{"@id":"https:\/\/burnoutcity.fi\/sv\/sommaraktiviteter\/paddling\/#primaryimage"},"thumbnailUrl":"https:\/\/i0.wp.com\/burnoutcity.fi\/wp-content\/uploads\/2011\/11\/yritys-ohjelmia-helsinki.jpg?fit=3264%2C2448&ssl=1","datePublished":"2011-11-25T07:23:22+00:00","dateModified":"2016-12-12T10:55:24+00:00","breadcrumb":{"@id":"https:\/\/burnoutcity.fi\/sv\/sommaraktiviteter\/paddling\/#breadcrumb"},"inLanguage":"sv-SE","potentialAction":[{"@type":"ReadAction","target":["https:\/\/burnoutcity.fi\/sv\/sommaraktiviteter\/paddling\/"]}]},{"@type":"ImageObject","inLanguage":"sv-SE","@id":"https:\/\/burnoutcity.fi\/sv\/sommaraktiviteter\/paddling\/#primaryimage","url":"https:\/\/i0.wp.com\/burnoutcity.fi\/wp-content\/uploads\/2011\/11\/yritys-ohjelmia-helsinki.jpg?fit=3264%2C2448&ssl=1","contentUrl":"https:\/\/i0.wp.com\/burnoutcity.fi\/wp-content\/uploads\/2011\/11\/yritys-ohjelmia-helsinki.jpg?fit=3264%2C2448&ssl=1","width":"3264","height":"2448"},{"@type":"BreadcrumbList","@id":"https:\/\/burnoutcity.fi\/sv\/sommaraktiviteter\/paddling\/#breadcrumb","itemListElement":[{"@type":"ListItem","position":1,"name":"Hem","item":"https:\/\/burnoutcity.fi\/sv\/hem\/"},{"@type":"ListItem","position":2,"name":"Sommaraktiviteter","item":"https:\/\/burnoutcity.fi\/sv\/sommaraktiviteter\/"},{"@type":"ListItem","position":3,"name":"Paddling"}]},{"@type":"WebSite","@id":"https:\/\/burnoutcity.fi\/sv\/#website","url":"https:\/\/burnoutcity.fi\/sv\/","name":"Burn Out City","description":"Corporate Events and activities for tourists in Helsinki and its archipelago","publisher":{"@id":"https:\/\/burnoutcity.fi\/sv\/#organization"},"potentialAction":[{"@type":"SearchAction","target":{"@type":"EntryPoint","urlTemplate":"https:\/\/burnoutcity.fi\/sv\/?s={search_term_string}"},"query-input":{"@type":"PropertyValueSpecification","valueRequired":true,"valueName":"search_term_string"}}],"inLanguage":"sv-SE"},{"@type":"Organization","@id":"https:\/\/burnoutcity.fi\/sv\/#organization","name":"Burn Out City Events","url":"https:\/\/burnoutcity.fi\/sv\/","logo":{"@type":"ImageObject","inLanguage":"sv-SE","@id":"https:\/\/burnoutcity.fi\/sv\/#\/schema\/logo\/image\/","url":"https:\/\/i0.wp.com\/burnoutcity.fi\/wp-content\/uploads\/2018\/11\/BOC-logo-transparent.png?fit=1465%2C323&ssl=1","contentUrl":"https:\/\/i0.wp.com\/burnoutcity.fi\/wp-content\/uploads\/2018\/11\/BOC-logo-transparent.png?fit=1465%2C323&ssl=1","width":1465,"height":323,"caption":"Burn Out City Events"},"image":{"@id":"https:\/\/burnoutcity.fi\/sv\/#\/schema\/logo\/image\/"},"sameAs":["https:\/\/www.facebook.com\/burnoutcity\/","https:\/\/www.instagram.com\/burnoutcity\/","https:\/\/www.linkedin.com\/company\/9238482\/","https:\/\/www.youtube.com\/channel\/UC0tYOONmt9dhZCEEyFzGj-Q"]}]}},"jetpack_sharing_enabled":true,"_links":{"self":[{"href":"https:\/\/burnoutcity.fi\/sv\/wp-json\/wp\/v2\/pages\/183","targetHints":{"allow":["GET"]}}],"collection":[{"href":"https:\/\/burnoutcity.fi\/sv\/wp-json\/wp\/v2\/pages"}],"about":[{"href":"https:\/\/burnoutcity.fi\/sv\/wp-json\/wp\/v2\/types\/page"}],"author":[{"embeddable":true,"href":"https:\/\/burnoutcity.fi\/sv\/wp-json\/wp\/v2\/users\/3"}],"replies":[{"embeddable":true,"href":"https:\/\/burnoutcity.fi\/sv\/wp-json\/wp\/v2\/comments?post=183"}],"version-history":[{"count":7,"href":"https:\/\/burnoutcity.fi\/sv\/wp-json\/wp\/v2\/pages\/183\/revisions"}],"predecessor-version":[{"id":2928,"href":"https:\/\/burnoutcity.fi\/sv\/wp-json\/wp\/v2\/pages\/183\/revisions\/2928"}],"up":[{"embeddable":true,"href":"https:\/\/burnoutcity.fi\/sv\/wp-json\/wp\/v2\/pages\/28"}],"wp:featuredmedia":[{"embeddable":true,"href":"https:\/\/burnoutcity.fi\/sv\/wp-json\/wp\/v2\/media\/1461"}],"wp:attachment":[{"href":"https:\/\/burnoutcity.fi\/sv\/wp-json\/wp\/v2\/media?parent=183"}],"curies":[{"name":"wp","href":"https:\/\/api.w.org\/{rel}","templated":true}]}}