{"id":198,"date":"2011-11-25T09:50:33","date_gmt":"2011-11-25T07:50:33","guid":{"rendered":"http:\/\/burnoutcity.fi\/?page_id=198"},"modified":"2018-03-06T14:19:07","modified_gmt":"2018-03-06T12:19:07","slug":"curling","status":"publish","type":"page","link":"https:\/\/burnoutcity.fi\/sv\/vinteraktiviteter\/curling\/","title":{"rendered":"Curling"},"content":{"rendered":"<p><iframe loading=\"lazy\" width=\"560\" height=\"315\" src=\"https:\/\/www.youtube.com\/embed\/5GDkgThmRf4\" frameborder=\"0\" allow=\"autoplay; encrypted-media\" allowfullscreen><\/iframe><br \/>\nCurling \u00e4r en aktivitet som alla kan delta i. Vi arrangerar v\u00e5ra curlingaktiviteter p\u00e5 Hartwall-arenan i B\u00f6le eller p\u00e5 natur is utanf\u00f6r v\u00e5r sn\u00f6skoters i Sibbo sk\u00e4rg\u00e5rd. Curling \u00e4r ett ypperligt evenemang vid jultider och andra tider d\u00e5 man inte vill vara ute. Aktiviteten g\u00e5r att ordna \u00e5ret runt.<\/p>\n<h2>Curlingmatch p\u00e5 Hartwall Arenan<\/h2>\n<p><em>Programl\u00e4ngd: 2 timmar<\/em><br \/>\n<em> Personm\u00e4ngd: 8-16 personer\/ bana<\/em><\/p>\n<p>Gruppen anl\u00e4nder till Hartwall arenan varp\u00e5 den delas in i lag. Ett curlingproffs ber\u00e4ttar om curlingens regler och kast teknik. Efter att alla f\u00e5tt tr\u00e4na en stund s\u00e4tter vi ig\u00e5ng med en curling turnering. Vilket lag tar hem pokalen?<\/p>\n<p><a href=\"https:\/\/i0.wp.com\/burnoutcity.fi\/wp-content\/uploads\/2011\/12\/Curling-Hartwall-5.jpg\"><img data-recalc-dims=\"1\" loading=\"lazy\" decoding=\"async\" class=\"alignnone wp-image-1303 size-full\" title=\"Curling aktiviteetti\" src=\"https:\/\/i0.wp.com\/burnoutcity.fi\/wp-content\/uploads\/2011\/12\/Curling-Hartwall-5.jpg?resize=525%2C350\" alt=\"\" width=\"525\" height=\"350\" srcset=\"https:\/\/i0.wp.com\/burnoutcity.fi\/wp-content\/uploads\/2011\/12\/Curling-Hartwall-5.jpg?w=800&amp;ssl=1 800w, https:\/\/i0.wp.com\/burnoutcity.fi\/wp-content\/uploads\/2011\/12\/Curling-Hartwall-5.jpg?resize=300%2C199&amp;ssl=1 300w, https:\/\/i0.wp.com\/burnoutcity.fi\/wp-content\/uploads\/2011\/12\/Curling-Hartwall-5.jpg?resize=450%2C300&amp;ssl=1 450w\" sizes=\"auto, (max-width: 706px) 89vw, (max-width: 767px) 82vw, 740px\" \/><\/a><br \/>\n<a href=\"https:\/\/i0.wp.com\/burnoutcity.fi\/wp-content\/uploads\/2011\/12\/Curling-Hartwall-2.jpg\"><img data-recalc-dims=\"1\" loading=\"lazy\" decoding=\"async\" class=\"alignnone wp-image-1304 size-full\" title=\"Curling ohjelmapalvelu\" src=\"https:\/\/i0.wp.com\/burnoutcity.fi\/wp-content\/uploads\/2011\/12\/Curling-Hartwall-2.jpg?resize=525%2C394\" alt=\"\" width=\"525\" height=\"394\" srcset=\"https:\/\/i0.wp.com\/burnoutcity.fi\/wp-content\/uploads\/2011\/12\/Curling-Hartwall-2.jpg?w=1024&amp;ssl=1 1024w, https:\/\/i0.wp.com\/burnoutcity.fi\/wp-content\/uploads\/2011\/12\/Curling-Hartwall-2.jpg?resize=300%2C225&amp;ssl=1 300w, https:\/\/i0.wp.com\/burnoutcity.fi\/wp-content\/uploads\/2011\/12\/Curling-Hartwall-2.jpg?resize=400%2C300&amp;ssl=1 400w\" sizes=\"auto, (max-width: 706px) 89vw, (max-width: 767px) 82vw, 740px\" \/><\/a><br \/>\n<a href=\"https:\/\/i0.wp.com\/burnoutcity.fi\/wp-content\/uploads\/2011\/12\/Curling-Hartwall-6.jpg\"><img data-recalc-dims=\"1\" loading=\"lazy\" decoding=\"async\" class=\"alignnone wp-image-1305 size-full\" title=\"Curling Hartwall 6\" src=\"https:\/\/i0.wp.com\/burnoutcity.fi\/wp-content\/uploads\/2011\/12\/Curling-Hartwall-6.jpg?resize=525%2C350\" alt=\"\" width=\"525\" height=\"350\" srcset=\"https:\/\/i0.wp.com\/burnoutcity.fi\/wp-content\/uploads\/2011\/12\/Curling-Hartwall-6.jpg?w=1152&amp;ssl=1 1152w, https:\/\/i0.wp.com\/burnoutcity.fi\/wp-content\/uploads\/2011\/12\/Curling-Hartwall-6.jpg?resize=300%2C200&amp;ssl=1 300w, https:\/\/i0.wp.com\/burnoutcity.fi\/wp-content\/uploads\/2011\/12\/Curling-Hartwall-6.jpg?resize=1024%2C682&amp;ssl=1 1024w, https:\/\/i0.wp.com\/burnoutcity.fi\/wp-content\/uploads\/2011\/12\/Curling-Hartwall-6.jpg?resize=450%2C300&amp;ssl=1 450w\" sizes=\"auto, (max-width: 706px) 89vw, (max-width: 767px) 82vw, 740px\" \/><\/a><br \/>\n<a href=\"https:\/\/i0.wp.com\/burnoutcity.fi\/wp-content\/uploads\/2011\/12\/Curling-tapahtuma-helsinki.jpg\"><img data-recalc-dims=\"1\" loading=\"lazy\" decoding=\"async\" class=\"alignnone size-large wp-image-2430\" src=\"https:\/\/i0.wp.com\/burnoutcity.fi\/wp-content\/uploads\/2011\/12\/Curling-tapahtuma-helsinki-1024x552.jpg?resize=525%2C283\" alt=\"Curling tapahtuma helsinki\" width=\"525\" height=\"283\" srcset=\"https:\/\/i0.wp.com\/burnoutcity.fi\/wp-content\/uploads\/2011\/12\/Curling-tapahtuma-helsinki.jpg?resize=1024%2C552&amp;ssl=1 1024w, https:\/\/i0.wp.com\/burnoutcity.fi\/wp-content\/uploads\/2011\/12\/Curling-tapahtuma-helsinki.jpg?resize=300%2C162&amp;ssl=1 300w, https:\/\/i0.wp.com\/burnoutcity.fi\/wp-content\/uploads\/2011\/12\/Curling-tapahtuma-helsinki.jpg?resize=500%2C269&amp;ssl=1 500w, https:\/\/i0.wp.com\/burnoutcity.fi\/wp-content\/uploads\/2011\/12\/Curling-tapahtuma-helsinki.jpg?w=1145&amp;ssl=1 1145w\" sizes=\"auto, (max-width: 525px) 100vw, 525px\" \/><\/a><\/p>\n","protected":false},"excerpt":{"rendered":"<p>Curling \u00e4r en aktivitet som alla kan delta i. Vi arrangerar v\u00e5ra curlingaktiviteter p\u00e5 Hartwall-arenan i B\u00f6le eller p\u00e5 natur is utanf\u00f6r v\u00e5r sn\u00f6skoters i Sibbo sk\u00e4rg\u00e5rd. Curling \u00e4r ett ypperligt evenemang vid jultider och andra tider d\u00e5 man inte vill vara ute. Aktiviteten g\u00e5r att ordna \u00e5ret runt. Curlingmatch p\u00e5 Hartwall Arenan Programl\u00e4ngd: 2 &hellip; <\/p>\n<p class=\"link-more\"><a href=\"https:\/\/burnoutcity.fi\/sv\/vinteraktiviteter\/curling\/\" class=\"more-link\">Forts\u00e4tt l\u00e4sa<span class=\"screen-reader-text\"> \u201dCurling\u201d<\/span><\/a><\/p>\n","protected":false},"author":3,"featured_media":2430,"parent":32,"menu_order":0,"comment_status":"open","ping_status":"open","template":"","meta":{"footnotes":""},"class_list":["post-198","page","type-page","status-publish","has-post-thumbnail","hentry"],"yoast_head":"<!-- This site is optimized with the Yoast SEO plugin v27.1.1 - https:\/\/yoast.com\/product\/yoast-seo-wordpress\/ -->\n<title>Curling - Burn Out City Evets<\/title>\n<meta name=\"robots\" content=\"index, follow, max-snippet:-1, max-image-preview:large, max-video-preview:-1\" \/>\n<link rel=\"canonical\" href=\"https:\/\/burnoutcity.fi\/sv\/vinteraktiviteter\/curling\/\" \/>\n<meta property=\"og:locale\" content=\"sv_SE\" \/>\n<meta property=\"og:type\" content=\"article\" \/>\n<meta property=\"og:title\" content=\"Curling - Burn Out City Evets\" \/>\n<meta property=\"og:description\" content=\"Curling \u00e4r en aktivitet som alla kan delta i. Vi arrangerar v\u00e5ra curlingaktiviteter p\u00e5 Hartwall-arenan i B\u00f6le eller p\u00e5 natur is utanf\u00f6r v\u00e5r sn\u00f6skoters i Sibbo sk\u00e4rg\u00e5rd. Curling \u00e4r ett ypperligt evenemang vid jultider och andra tider d\u00e5 man inte vill vara ute. Aktiviteten g\u00e5r att ordna \u00e5ret runt. Curlingmatch p\u00e5 Hartwall Arenan Programl\u00e4ngd: 2 &hellip; Forts\u00e4tt l\u00e4sa \u201dCurling\u201d\" \/>\n<meta property=\"og:url\" content=\"https:\/\/burnoutcity.fi\/sv\/vinteraktiviteter\/curling\/\" \/>\n<meta property=\"og:site_name\" content=\"Burn Out City Evets\" \/>\n<meta property=\"article:publisher\" content=\"https:\/\/www.facebook.com\/burnoutcity\/\" \/>\n<meta property=\"article:modified_time\" content=\"2018-03-06T12:19:07+00:00\" \/>\n<meta property=\"og:image\" content=\"https:\/\/burnoutcity.fi\/wp-content\/uploads\/2011\/12\/Curling-tapahtuma-helsinki.jpg\" \/>\n\t<meta property=\"og:image:width\" content=\"1145\" \/>\n\t<meta property=\"og:image:height\" content=\"617\" \/>\n\t<meta property=\"og:image:type\" content=\"image\/jpeg\" \/>\n<meta name=\"twitter:card\" content=\"summary_large_image\" \/>\n<meta name=\"twitter:label1\" content=\"Ber\u00e4knad l\u00e4stid\" \/>\n\t<meta name=\"twitter:data1\" content=\"1 minut\" \/>\n<script type=\"application\/ld+json\" class=\"yoast-schema-graph\">{\"@context\":\"https:\/\/schema.org\",\"@graph\":[{\"@type\":\"WebPage\",\"@id\":\"https:\/\/burnoutcity.fi\/sv\/vinteraktiviteter\/curling\/\",\"url\":\"https:\/\/burnoutcity.fi\/sv\/vinteraktiviteter\/curling\/\",\"name\":\"Curling - Burn Out City Evets\",\"isPartOf\":{\"@id\":\"https:\/\/burnoutcity.fi\/sv\/#website\"},\"primaryImageOfPage\":{\"@id\":\"https:\/\/burnoutcity.fi\/sv\/vinteraktiviteter\/curling\/#primaryimage\"},\"image\":{\"@id\":\"https:\/\/burnoutcity.fi\/sv\/vinteraktiviteter\/curling\/#primaryimage\"},\"thumbnailUrl\":\"https:\/\/i0.wp.com\/burnoutcity.fi\/wp-content\/uploads\/2011\/12\/Curling-tapahtuma-helsinki.jpg?fit=1145%2C617&ssl=1\",\"datePublished\":\"2011-11-25T07:50:33+00:00\",\"dateModified\":\"2018-03-06T12:19:07+00:00\",\"breadcrumb\":{\"@id\":\"https:\/\/burnoutcity.fi\/sv\/vinteraktiviteter\/curling\/#breadcrumb\"},\"inLanguage\":\"sv-SE\",\"potentialAction\":[{\"@type\":\"ReadAction\",\"target\":[\"https:\/\/burnoutcity.fi\/sv\/vinteraktiviteter\/curling\/\"]}]},{\"@type\":\"ImageObject\",\"inLanguage\":\"sv-SE\",\"@id\":\"https:\/\/burnoutcity.fi\/sv\/vinteraktiviteter\/curling\/#primaryimage\",\"url\":\"https:\/\/i0.wp.com\/burnoutcity.fi\/wp-content\/uploads\/2011\/12\/Curling-tapahtuma-helsinki.jpg?fit=1145%2C617&ssl=1\",\"contentUrl\":\"https:\/\/i0.wp.com\/burnoutcity.fi\/wp-content\/uploads\/2011\/12\/Curling-tapahtuma-helsinki.jpg?fit=1145%2C617&ssl=1\",\"width\":1145,\"height\":617,\"caption\":\"Curling tapahtuma helsinki\"},{\"@type\":\"BreadcrumbList\",\"@id\":\"https:\/\/burnoutcity.fi\/sv\/vinteraktiviteter\/curling\/#breadcrumb\",\"itemListElement\":[{\"@type\":\"ListItem\",\"position\":1,\"name\":\"Hem\",\"item\":\"https:\/\/burnoutcity.fi\/sv\/hem\/\"},{\"@type\":\"ListItem\",\"position\":2,\"name\":\"Vinteraktiviteter\",\"item\":\"https:\/\/burnoutcity.fi\/sv\/vinteraktiviteter\/\"},{\"@type\":\"ListItem\",\"position\":3,\"name\":\"Curling\"}]},{\"@type\":\"WebSite\",\"@id\":\"https:\/\/burnoutcity.fi\/sv\/#website\",\"url\":\"https:\/\/burnoutcity.fi\/sv\/\",\"name\":\"Burn Out City\",\"description\":\"Corporate Events and activities for tourists in Helsinki and its archipelago\",\"publisher\":{\"@id\":\"https:\/\/burnoutcity.fi\/sv\/#organization\"},\"potentialAction\":[{\"@type\":\"SearchAction\",\"target\":{\"@type\":\"EntryPoint\",\"urlTemplate\":\"https:\/\/burnoutcity.fi\/sv\/?s={search_term_string}\"},\"query-input\":{\"@type\":\"PropertyValueSpecification\",\"valueRequired\":true,\"valueName\":\"search_term_string\"}}],\"inLanguage\":\"sv-SE\"},{\"@type\":\"Organization\",\"@id\":\"https:\/\/burnoutcity.fi\/sv\/#organization\",\"name\":\"Burn Out City Events\",\"url\":\"https:\/\/burnoutcity.fi\/sv\/\",\"logo\":{\"@type\":\"ImageObject\",\"inLanguage\":\"sv-SE\",\"@id\":\"https:\/\/burnoutcity.fi\/sv\/#\/schema\/logo\/image\/\",\"url\":\"https:\/\/i0.wp.com\/burnoutcity.fi\/wp-content\/uploads\/2018\/11\/BOC-logo-transparent.png?fit=1465%2C323&ssl=1\",\"contentUrl\":\"https:\/\/i0.wp.com\/burnoutcity.fi\/wp-content\/uploads\/2018\/11\/BOC-logo-transparent.png?fit=1465%2C323&ssl=1\",\"width\":1465,\"height\":323,\"caption\":\"Burn Out City Events\"},\"image\":{\"@id\":\"https:\/\/burnoutcity.fi\/sv\/#\/schema\/logo\/image\/\"},\"sameAs\":[\"https:\/\/www.facebook.com\/burnoutcity\/\",\"https:\/\/www.instagram.com\/burnoutcity\/\",\"https:\/\/www.linkedin.com\/company\/9238482\/\",\"https:\/\/www.youtube.com\/channel\/UC0tYOONmt9dhZCEEyFzGj-Q\"]}]}<\/script>\n<!-- \/ Yoast SEO plugin. -->","yoast_head_json":{"title":"Curling - Burn Out City Evets","robots":{"index":"index","follow":"follow","max-snippet":"max-snippet:-1","max-image-preview":"max-image-preview:large","max-video-preview":"max-video-preview:-1"},"canonical":"https:\/\/burnoutcity.fi\/sv\/vinteraktiviteter\/curling\/","og_locale":"sv_SE","og_type":"article","og_title":"Curling - Burn Out City Evets","og_description":"Curling \u00e4r en aktivitet som alla kan delta i. Vi arrangerar v\u00e5ra curlingaktiviteter p\u00e5 Hartwall-arenan i B\u00f6le eller p\u00e5 natur is utanf\u00f6r v\u00e5r sn\u00f6skoters i Sibbo sk\u00e4rg\u00e5rd. Curling \u00e4r ett ypperligt evenemang vid jultider och andra tider d\u00e5 man inte vill vara ute. Aktiviteten g\u00e5r att ordna \u00e5ret runt. Curlingmatch p\u00e5 Hartwall Arenan Programl\u00e4ngd: 2 &hellip; Forts\u00e4tt l\u00e4sa \u201dCurling\u201d","og_url":"https:\/\/burnoutcity.fi\/sv\/vinteraktiviteter\/curling\/","og_site_name":"Burn Out City Evets","article_publisher":"https:\/\/www.facebook.com\/burnoutcity\/","article_modified_time":"2018-03-06T12:19:07+00:00","og_image":[{"width":1145,"height":617,"url":"https:\/\/burnoutcity.fi\/wp-content\/uploads\/2011\/12\/Curling-tapahtuma-helsinki.jpg","type":"image\/jpeg"}],"twitter_card":"summary_large_image","twitter_misc":{"Ber\u00e4knad l\u00e4stid":"1 minut"},"schema":{"@context":"https:\/\/schema.org","@graph":[{"@type":"WebPage","@id":"https:\/\/burnoutcity.fi\/sv\/vinteraktiviteter\/curling\/","url":"https:\/\/burnoutcity.fi\/sv\/vinteraktiviteter\/curling\/","name":"Curling - Burn Out City Evets","isPartOf":{"@id":"https:\/\/burnoutcity.fi\/sv\/#website"},"primaryImageOfPage":{"@id":"https:\/\/burnoutcity.fi\/sv\/vinteraktiviteter\/curling\/#primaryimage"},"image":{"@id":"https:\/\/burnoutcity.fi\/sv\/vinteraktiviteter\/curling\/#primaryimage"},"thumbnailUrl":"https:\/\/i0.wp.com\/burnoutcity.fi\/wp-content\/uploads\/2011\/12\/Curling-tapahtuma-helsinki.jpg?fit=1145%2C617&ssl=1","datePublished":"2011-11-25T07:50:33+00:00","dateModified":"2018-03-06T12:19:07+00:00","breadcrumb":{"@id":"https:\/\/burnoutcity.fi\/sv\/vinteraktiviteter\/curling\/#breadcrumb"},"inLanguage":"sv-SE","potentialAction":[{"@type":"ReadAction","target":["https:\/\/burnoutcity.fi\/sv\/vinteraktiviteter\/curling\/"]}]},{"@type":"ImageObject","inLanguage":"sv-SE","@id":"https:\/\/burnoutcity.fi\/sv\/vinteraktiviteter\/curling\/#primaryimage","url":"https:\/\/i0.wp.com\/burnoutcity.fi\/wp-content\/uploads\/2011\/12\/Curling-tapahtuma-helsinki.jpg?fit=1145%2C617&ssl=1","contentUrl":"https:\/\/i0.wp.com\/burnoutcity.fi\/wp-content\/uploads\/2011\/12\/Curling-tapahtuma-helsinki.jpg?fit=1145%2C617&ssl=1","width":1145,"height":617,"caption":"Curling tapahtuma helsinki"},{"@type":"BreadcrumbList","@id":"https:\/\/burnoutcity.fi\/sv\/vinteraktiviteter\/curling\/#breadcrumb","itemListElement":[{"@type":"ListItem","position":1,"name":"Hem","item":"https:\/\/burnoutcity.fi\/sv\/hem\/"},{"@type":"ListItem","position":2,"name":"Vinteraktiviteter","item":"https:\/\/burnoutcity.fi\/sv\/vinteraktiviteter\/"},{"@type":"ListItem","position":3,"name":"Curling"}]},{"@type":"WebSite","@id":"https:\/\/burnoutcity.fi\/sv\/#website","url":"https:\/\/burnoutcity.fi\/sv\/","name":"Burn Out City","description":"Corporate Events and activities for tourists in Helsinki and its archipelago","publisher":{"@id":"https:\/\/burnoutcity.fi\/sv\/#organization"},"potentialAction":[{"@type":"SearchAction","target":{"@type":"EntryPoint","urlTemplate":"https:\/\/burnoutcity.fi\/sv\/?s={search_term_string}"},"query-input":{"@type":"PropertyValueSpecification","valueRequired":true,"valueName":"search_term_string"}}],"inLanguage":"sv-SE"},{"@type":"Organization","@id":"https:\/\/burnoutcity.fi\/sv\/#organization","name":"Burn Out City Events","url":"https:\/\/burnoutcity.fi\/sv\/","logo":{"@type":"ImageObject","inLanguage":"sv-SE","@id":"https:\/\/burnoutcity.fi\/sv\/#\/schema\/logo\/image\/","url":"https:\/\/i0.wp.com\/burnoutcity.fi\/wp-content\/uploads\/2018\/11\/BOC-logo-transparent.png?fit=1465%2C323&ssl=1","contentUrl":"https:\/\/i0.wp.com\/burnoutcity.fi\/wp-content\/uploads\/2018\/11\/BOC-logo-transparent.png?fit=1465%2C323&ssl=1","width":1465,"height":323,"caption":"Burn Out City Events"},"image":{"@id":"https:\/\/burnoutcity.fi\/sv\/#\/schema\/logo\/image\/"},"sameAs":["https:\/\/www.facebook.com\/burnoutcity\/","https:\/\/www.instagram.com\/burnoutcity\/","https:\/\/www.linkedin.com\/company\/9238482\/","https:\/\/www.youtube.com\/channel\/UC0tYOONmt9dhZCEEyFzGj-Q"]}]}},"jetpack_sharing_enabled":true,"_links":{"self":[{"href":"https:\/\/burnoutcity.fi\/sv\/wp-json\/wp\/v2\/pages\/198","targetHints":{"allow":["GET"]}}],"collection":[{"href":"https:\/\/burnoutcity.fi\/sv\/wp-json\/wp\/v2\/pages"}],"about":[{"href":"https:\/\/burnoutcity.fi\/sv\/wp-json\/wp\/v2\/types\/page"}],"author":[{"embeddable":true,"href":"https:\/\/burnoutcity.fi\/sv\/wp-json\/wp\/v2\/users\/3"}],"replies":[{"embeddable":true,"href":"https:\/\/burnoutcity.fi\/sv\/wp-json\/wp\/v2\/comments?post=198"}],"version-history":[{"count":10,"href":"https:\/\/burnoutcity.fi\/sv\/wp-json\/wp\/v2\/pages\/198\/revisions"}],"predecessor-version":[{"id":3120,"href":"https:\/\/burnoutcity.fi\/sv\/wp-json\/wp\/v2\/pages\/198\/revisions\/3120"}],"up":[{"embeddable":true,"href":"https:\/\/burnoutcity.fi\/sv\/wp-json\/wp\/v2\/pages\/32"}],"wp:featuredmedia":[{"embeddable":true,"href":"https:\/\/burnoutcity.fi\/sv\/wp-json\/wp\/v2\/media\/2430"}],"wp:attachment":[{"href":"https:\/\/burnoutcity.fi\/sv\/wp-json\/wp\/v2\/media?parent=198"}],"curies":[{"name":"wp","href":"https:\/\/api.w.org\/{rel}","templated":true}]}}