{"id":201,"date":"2011-11-25T09:55:38","date_gmt":"2011-11-25T07:55:38","guid":{"rendered":"http:\/\/burnoutcity.fi\/?page_id=201"},"modified":"2015-09-21T13:31:26","modified_gmt":"2015-09-21T11:31:26","slug":"isskulptering","status":"publish","type":"page","link":"https:\/\/burnoutcity.fi\/sv\/vinteraktiviteter\/isskulptering\/","title":{"rendered":"Isskulptering"},"content":{"rendered":"<p>Att g\u00f6ra isskulpturer \u00e4r ett roligt program b\u00e5de p\u00e5 vintern och p\u00e5 sommaren. Programmet g\u00e5r att g\u00f6ra f\u00f6r grupper upp till 200\u00a0personer. Gruppen delas in i mindre grupper p\u00e5 2-3 personer.<\/p>\n<p>I denna aktivitet f\u00e5r alla grupper ett eget isblock. Under en proffs skulpt\u00f6rs ledning bekantar vi oss med hur man anv\u00e4nder verktygen varp\u00e5 gruppen f\u00e5r till uppgift att g\u00f6ra en skulptur som kan best\u00e5 av olika teman.<\/p>\n<p><a href=\"https:\/\/i0.wp.com\/burnoutcity.fi\/wp-content\/uploads\/2011\/12\/J%C3%A4%C3%A4nveistos-tapahtuma-Helsinki.jpg\"><img data-recalc-dims=\"1\" loading=\"lazy\" decoding=\"async\" class=\"alignnone size-large wp-image-2440\" src=\"https:\/\/i0.wp.com\/burnoutcity.fi\/wp-content\/uploads\/2011\/12\/J%C3%A4%C3%A4nveistos-tapahtuma-Helsinki-1024x768.jpg?resize=525%2C394\" alt=\"J\u00e4\u00e4nveistos tapahtuma Helsinki\" width=\"525\" height=\"394\" srcset=\"https:\/\/i0.wp.com\/burnoutcity.fi\/wp-content\/uploads\/2011\/12\/J%C3%A4%C3%A4nveistos-tapahtuma-Helsinki.jpg?w=1024&amp;ssl=1 1024w, https:\/\/i0.wp.com\/burnoutcity.fi\/wp-content\/uploads\/2011\/12\/J%C3%A4%C3%A4nveistos-tapahtuma-Helsinki.jpg?resize=300%2C225&amp;ssl=1 300w, https:\/\/i0.wp.com\/burnoutcity.fi\/wp-content\/uploads\/2011\/12\/J%C3%A4%C3%A4nveistos-tapahtuma-Helsinki.jpg?resize=400%2C300&amp;ssl=1 400w\" sizes=\"auto, (max-width: 525px) 100vw, 525px\" \/><\/a><a href=\"https:\/\/i0.wp.com\/burnoutcity.fi\/wp-content\/uploads\/2011\/12\/J%C3%A4%C3%A4nveistoksia.jpg\"><img data-recalc-dims=\"1\" loading=\"lazy\" decoding=\"async\" class=\"alignnone size-large wp-image-2439\" src=\"https:\/\/i0.wp.com\/burnoutcity.fi\/wp-content\/uploads\/2011\/12\/J%C3%A4%C3%A4nveistoksia-1024x683.jpg?resize=525%2C351\" alt=\"J\u00e4\u00e4nveistoksia\" width=\"525\" height=\"351\" srcset=\"https:\/\/i0.wp.com\/burnoutcity.fi\/wp-content\/uploads\/2011\/12\/J%C3%A4%C3%A4nveistoksia.jpg?resize=1024%2C683&amp;ssl=1 1024w, https:\/\/i0.wp.com\/burnoutcity.fi\/wp-content\/uploads\/2011\/12\/J%C3%A4%C3%A4nveistoksia.jpg?resize=300%2C200&amp;ssl=1 300w, https:\/\/i0.wp.com\/burnoutcity.fi\/wp-content\/uploads\/2011\/12\/J%C3%A4%C3%A4nveistoksia.jpg?resize=450%2C300&amp;ssl=1 450w, https:\/\/i0.wp.com\/burnoutcity.fi\/wp-content\/uploads\/2011\/12\/J%C3%A4%C3%A4nveistoksia.jpg?w=1086&amp;ssl=1 1086w\" sizes=\"auto, (max-width: 525px) 100vw, 525px\" \/><\/a><a href=\"https:\/\/i0.wp.com\/burnoutcity.fi\/wp-content\/uploads\/2011\/12\/Ice-carving-BOC.jpg\"><img data-recalc-dims=\"1\" loading=\"lazy\" decoding=\"async\" class=\"alignnone wp-image-1307 size-full\" title=\"j\u00e4\u00e4nveistos\" src=\"https:\/\/i0.wp.com\/burnoutcity.fi\/wp-content\/uploads\/2011\/12\/Ice-carving-BOC.jpg?resize=525%2C350\" alt=\"\" width=\"525\" height=\"350\" srcset=\"https:\/\/i0.wp.com\/burnoutcity.fi\/wp-content\/uploads\/2011\/12\/Ice-carving-BOC.jpg?w=800&amp;ssl=1 800w, https:\/\/i0.wp.com\/burnoutcity.fi\/wp-content\/uploads\/2011\/12\/Ice-carving-BOC.jpg?resize=300%2C199&amp;ssl=1 300w, https:\/\/i0.wp.com\/burnoutcity.fi\/wp-content\/uploads\/2011\/12\/Ice-carving-BOC.jpg?resize=450%2C300&amp;ssl=1 450w\" sizes=\"auto, (max-width: 706px) 89vw, (max-width: 767px) 82vw, 740px\" \/><\/a>\u00a0 \u00a0\u00a0<a href=\"https:\/\/i0.wp.com\/burnoutcity.fi\/wp-content\/uploads\/2011\/12\/Ice-carving-2-Reima1.jpg\"><img data-recalc-dims=\"1\" loading=\"lazy\" decoding=\"async\" class=\"alignnone wp-image-1308 size-full\" title=\"Ice carving \" src=\"https:\/\/i0.wp.com\/burnoutcity.fi\/wp-content\/uploads\/2011\/12\/Ice-carving-2-Reima1.jpg?resize=525%2C394\" alt=\"\" width=\"525\" height=\"394\" srcset=\"https:\/\/i0.wp.com\/burnoutcity.fi\/wp-content\/uploads\/2011\/12\/Ice-carving-2-Reima1.jpg?w=800&amp;ssl=1 800w, https:\/\/i0.wp.com\/burnoutcity.fi\/wp-content\/uploads\/2011\/12\/Ice-carving-2-Reima1.jpg?resize=300%2C225&amp;ssl=1 300w, https:\/\/i0.wp.com\/burnoutcity.fi\/wp-content\/uploads\/2011\/12\/Ice-carving-2-Reima1.jpg?resize=400%2C300&amp;ssl=1 400w\" sizes=\"auto, (max-width: 706px) 89vw, (max-width: 767px) 82vw, 740px\" \/><\/a>\u00a0 \u00a0\u00a0<a href=\"https:\/\/i0.wp.com\/burnoutcity.fi\/wp-content\/uploads\/2011\/12\/Ice-carving-Microsoft.jpg\"><img data-recalc-dims=\"1\" loading=\"lazy\" decoding=\"async\" class=\"alignnone wp-image-1309 size-full\" title=\"Ice carving\" src=\"https:\/\/i0.wp.com\/burnoutcity.fi\/wp-content\/uploads\/2011\/12\/Ice-carving-Microsoft.jpg?resize=525%2C394\" alt=\"\" width=\"525\" height=\"394\" srcset=\"https:\/\/i0.wp.com\/burnoutcity.fi\/wp-content\/uploads\/2011\/12\/Ice-carving-Microsoft.jpg?w=1024&amp;ssl=1 1024w, https:\/\/i0.wp.com\/burnoutcity.fi\/wp-content\/uploads\/2011\/12\/Ice-carving-Microsoft.jpg?resize=300%2C225&amp;ssl=1 300w, https:\/\/i0.wp.com\/burnoutcity.fi\/wp-content\/uploads\/2011\/12\/Ice-carving-Microsoft.jpg?resize=400%2C300&amp;ssl=1 400w\" sizes=\"auto, (max-width: 706px) 89vw, (max-width: 767px) 82vw, 740px\" \/><\/a><\/p>\n","protected":false},"excerpt":{"rendered":"<p>Att g\u00f6ra isskulpturer \u00e4r ett roligt program b\u00e5de p\u00e5 vintern och p\u00e5 sommaren. Programmet g\u00e5r att g\u00f6ra f\u00f6r grupper upp till 200\u00a0personer. Gruppen delas in i mindre grupper p\u00e5 2-3 personer. I denna aktivitet f\u00e5r alla grupper ett eget isblock. Under en proffs skulpt\u00f6rs ledning bekantar vi oss med hur man anv\u00e4nder verktygen varp\u00e5 gruppen &hellip; <\/p>\n<p class=\"link-more\"><a href=\"https:\/\/burnoutcity.fi\/sv\/vinteraktiviteter\/isskulptering\/\" class=\"more-link\">Forts\u00e4tt l\u00e4sa<span class=\"screen-reader-text\"> \u201dIsskulptering\u201d<\/span><\/a><\/p>\n","protected":false},"author":3,"featured_media":0,"parent":32,"menu_order":0,"comment_status":"open","ping_status":"open","template":"","meta":{"footnotes":""},"class_list":["post-201","page","type-page","status-publish","hentry"],"yoast_head":"<!-- This site is optimized with the Yoast SEO plugin v27.1.1 - https:\/\/yoast.com\/product\/yoast-seo-wordpress\/ -->\n<title>Isskulptering - Burn Out City Evets<\/title>\n<meta name=\"robots\" content=\"index, follow, max-snippet:-1, max-image-preview:large, max-video-preview:-1\" \/>\n<link rel=\"canonical\" href=\"https:\/\/burnoutcity.fi\/sv\/vinteraktiviteter\/isskulptering\/\" \/>\n<meta property=\"og:locale\" content=\"sv_SE\" \/>\n<meta property=\"og:type\" content=\"article\" \/>\n<meta property=\"og:title\" content=\"Isskulptering - Burn Out City Evets\" \/>\n<meta property=\"og:description\" content=\"Att g\u00f6ra isskulpturer \u00e4r ett roligt program b\u00e5de p\u00e5 vintern och p\u00e5 sommaren. Programmet g\u00e5r att g\u00f6ra f\u00f6r grupper upp till 200\u00a0personer. Gruppen delas in i mindre grupper p\u00e5 2-3 personer. I denna aktivitet f\u00e5r alla grupper ett eget isblock. Under en proffs skulpt\u00f6rs ledning bekantar vi oss med hur man anv\u00e4nder verktygen varp\u00e5 gruppen &hellip; Forts\u00e4tt l\u00e4sa \u201dIsskulptering\u201d\" \/>\n<meta property=\"og:url\" content=\"https:\/\/burnoutcity.fi\/sv\/vinteraktiviteter\/isskulptering\/\" \/>\n<meta property=\"og:site_name\" content=\"Burn Out City Evets\" \/>\n<meta property=\"article:publisher\" content=\"https:\/\/www.facebook.com\/burnoutcity\/\" \/>\n<meta property=\"article:modified_time\" content=\"2015-09-21T11:31:26+00:00\" \/>\n<meta property=\"og:image\" content=\"http:\/\/burnoutcity.fi\/wp-content\/uploads\/2011\/12\/J\u00e4\u00e4nveistos-tapahtuma-Helsinki-1024x768.jpg\" \/>\n<meta name=\"twitter:card\" content=\"summary_large_image\" \/>\n<script type=\"application\/ld+json\" class=\"yoast-schema-graph\">{\"@context\":\"https:\/\/schema.org\",\"@graph\":[{\"@type\":\"WebPage\",\"@id\":\"https:\/\/burnoutcity.fi\/sv\/vinteraktiviteter\/isskulptering\/\",\"url\":\"https:\/\/burnoutcity.fi\/sv\/vinteraktiviteter\/isskulptering\/\",\"name\":\"Isskulptering - Burn Out City Evets\",\"isPartOf\":{\"@id\":\"https:\/\/burnoutcity.fi\/sv\/#website\"},\"primaryImageOfPage\":{\"@id\":\"https:\/\/burnoutcity.fi\/sv\/vinteraktiviteter\/isskulptering\/#primaryimage\"},\"image\":{\"@id\":\"https:\/\/burnoutcity.fi\/sv\/vinteraktiviteter\/isskulptering\/#primaryimage\"},\"thumbnailUrl\":\"http:\/\/burnoutcity.fi\/wp-content\/uploads\/2011\/12\/Ice-carving-BOC.jpg\",\"datePublished\":\"2011-11-25T07:55:38+00:00\",\"dateModified\":\"2015-09-21T11:31:26+00:00\",\"breadcrumb\":{\"@id\":\"https:\/\/burnoutcity.fi\/sv\/vinteraktiviteter\/isskulptering\/#breadcrumb\"},\"inLanguage\":\"sv-SE\",\"potentialAction\":[{\"@type\":\"ReadAction\",\"target\":[\"https:\/\/burnoutcity.fi\/sv\/vinteraktiviteter\/isskulptering\/\"]}]},{\"@type\":\"ImageObject\",\"inLanguage\":\"sv-SE\",\"@id\":\"https:\/\/burnoutcity.fi\/sv\/vinteraktiviteter\/isskulptering\/#primaryimage\",\"url\":\"http:\/\/burnoutcity.fi\/wp-content\/uploads\/2011\/12\/Ice-carving-BOC.jpg\",\"contentUrl\":\"http:\/\/burnoutcity.fi\/wp-content\/uploads\/2011\/12\/Ice-carving-BOC.jpg\"},{\"@type\":\"BreadcrumbList\",\"@id\":\"https:\/\/burnoutcity.fi\/sv\/vinteraktiviteter\/isskulptering\/#breadcrumb\",\"itemListElement\":[{\"@type\":\"ListItem\",\"position\":1,\"name\":\"Hem\",\"item\":\"https:\/\/burnoutcity.fi\/sv\/hem\/\"},{\"@type\":\"ListItem\",\"position\":2,\"name\":\"Vinteraktiviteter\",\"item\":\"https:\/\/burnoutcity.fi\/sv\/vinteraktiviteter\/\"},{\"@type\":\"ListItem\",\"position\":3,\"name\":\"Isskulptering\"}]},{\"@type\":\"WebSite\",\"@id\":\"https:\/\/burnoutcity.fi\/sv\/#website\",\"url\":\"https:\/\/burnoutcity.fi\/sv\/\",\"name\":\"Burn Out City\",\"description\":\"Corporate Events and activities for tourists in Helsinki and its archipelago\",\"publisher\":{\"@id\":\"https:\/\/burnoutcity.fi\/sv\/#organization\"},\"potentialAction\":[{\"@type\":\"SearchAction\",\"target\":{\"@type\":\"EntryPoint\",\"urlTemplate\":\"https:\/\/burnoutcity.fi\/sv\/?s={search_term_string}\"},\"query-input\":{\"@type\":\"PropertyValueSpecification\",\"valueRequired\":true,\"valueName\":\"search_term_string\"}}],\"inLanguage\":\"sv-SE\"},{\"@type\":\"Organization\",\"@id\":\"https:\/\/burnoutcity.fi\/sv\/#organization\",\"name\":\"Burn Out City Events\",\"url\":\"https:\/\/burnoutcity.fi\/sv\/\",\"logo\":{\"@type\":\"ImageObject\",\"inLanguage\":\"sv-SE\",\"@id\":\"https:\/\/burnoutcity.fi\/sv\/#\/schema\/logo\/image\/\",\"url\":\"https:\/\/i0.wp.com\/burnoutcity.fi\/wp-content\/uploads\/2018\/11\/BOC-logo-transparent.png?fit=1465%2C323&ssl=1\",\"contentUrl\":\"https:\/\/i0.wp.com\/burnoutcity.fi\/wp-content\/uploads\/2018\/11\/BOC-logo-transparent.png?fit=1465%2C323&ssl=1\",\"width\":1465,\"height\":323,\"caption\":\"Burn Out City Events\"},\"image\":{\"@id\":\"https:\/\/burnoutcity.fi\/sv\/#\/schema\/logo\/image\/\"},\"sameAs\":[\"https:\/\/www.facebook.com\/burnoutcity\/\",\"https:\/\/www.instagram.com\/burnoutcity\/\",\"https:\/\/www.linkedin.com\/company\/9238482\/\",\"https:\/\/www.youtube.com\/channel\/UC0tYOONmt9dhZCEEyFzGj-Q\"]}]}<\/script>\n<!-- \/ Yoast SEO plugin. -->","yoast_head_json":{"title":"Isskulptering - Burn Out City Evets","robots":{"index":"index","follow":"follow","max-snippet":"max-snippet:-1","max-image-preview":"max-image-preview:large","max-video-preview":"max-video-preview:-1"},"canonical":"https:\/\/burnoutcity.fi\/sv\/vinteraktiviteter\/isskulptering\/","og_locale":"sv_SE","og_type":"article","og_title":"Isskulptering - Burn Out City Evets","og_description":"Att g\u00f6ra isskulpturer \u00e4r ett roligt program b\u00e5de p\u00e5 vintern och p\u00e5 sommaren. Programmet g\u00e5r att g\u00f6ra f\u00f6r grupper upp till 200\u00a0personer. Gruppen delas in i mindre grupper p\u00e5 2-3 personer. I denna aktivitet f\u00e5r alla grupper ett eget isblock. Under en proffs skulpt\u00f6rs ledning bekantar vi oss med hur man anv\u00e4nder verktygen varp\u00e5 gruppen &hellip; Forts\u00e4tt l\u00e4sa \u201dIsskulptering\u201d","og_url":"https:\/\/burnoutcity.fi\/sv\/vinteraktiviteter\/isskulptering\/","og_site_name":"Burn Out City Evets","article_publisher":"https:\/\/www.facebook.com\/burnoutcity\/","article_modified_time":"2015-09-21T11:31:26+00:00","og_image":[{"url":"http:\/\/burnoutcity.fi\/wp-content\/uploads\/2011\/12\/J\u00e4\u00e4nveistos-tapahtuma-Helsinki-1024x768.jpg","type":"","width":"","height":""}],"twitter_card":"summary_large_image","schema":{"@context":"https:\/\/schema.org","@graph":[{"@type":"WebPage","@id":"https:\/\/burnoutcity.fi\/sv\/vinteraktiviteter\/isskulptering\/","url":"https:\/\/burnoutcity.fi\/sv\/vinteraktiviteter\/isskulptering\/","name":"Isskulptering - Burn Out City Evets","isPartOf":{"@id":"https:\/\/burnoutcity.fi\/sv\/#website"},"primaryImageOfPage":{"@id":"https:\/\/burnoutcity.fi\/sv\/vinteraktiviteter\/isskulptering\/#primaryimage"},"image":{"@id":"https:\/\/burnoutcity.fi\/sv\/vinteraktiviteter\/isskulptering\/#primaryimage"},"thumbnailUrl":"http:\/\/burnoutcity.fi\/wp-content\/uploads\/2011\/12\/Ice-carving-BOC.jpg","datePublished":"2011-11-25T07:55:38+00:00","dateModified":"2015-09-21T11:31:26+00:00","breadcrumb":{"@id":"https:\/\/burnoutcity.fi\/sv\/vinteraktiviteter\/isskulptering\/#breadcrumb"},"inLanguage":"sv-SE","potentialAction":[{"@type":"ReadAction","target":["https:\/\/burnoutcity.fi\/sv\/vinteraktiviteter\/isskulptering\/"]}]},{"@type":"ImageObject","inLanguage":"sv-SE","@id":"https:\/\/burnoutcity.fi\/sv\/vinteraktiviteter\/isskulptering\/#primaryimage","url":"http:\/\/burnoutcity.fi\/wp-content\/uploads\/2011\/12\/Ice-carving-BOC.jpg","contentUrl":"http:\/\/burnoutcity.fi\/wp-content\/uploads\/2011\/12\/Ice-carving-BOC.jpg"},{"@type":"BreadcrumbList","@id":"https:\/\/burnoutcity.fi\/sv\/vinteraktiviteter\/isskulptering\/#breadcrumb","itemListElement":[{"@type":"ListItem","position":1,"name":"Hem","item":"https:\/\/burnoutcity.fi\/sv\/hem\/"},{"@type":"ListItem","position":2,"name":"Vinteraktiviteter","item":"https:\/\/burnoutcity.fi\/sv\/vinteraktiviteter\/"},{"@type":"ListItem","position":3,"name":"Isskulptering"}]},{"@type":"WebSite","@id":"https:\/\/burnoutcity.fi\/sv\/#website","url":"https:\/\/burnoutcity.fi\/sv\/","name":"Burn Out City","description":"Corporate Events and activities for tourists in Helsinki and its archipelago","publisher":{"@id":"https:\/\/burnoutcity.fi\/sv\/#organization"},"potentialAction":[{"@type":"SearchAction","target":{"@type":"EntryPoint","urlTemplate":"https:\/\/burnoutcity.fi\/sv\/?s={search_term_string}"},"query-input":{"@type":"PropertyValueSpecification","valueRequired":true,"valueName":"search_term_string"}}],"inLanguage":"sv-SE"},{"@type":"Organization","@id":"https:\/\/burnoutcity.fi\/sv\/#organization","name":"Burn Out City Events","url":"https:\/\/burnoutcity.fi\/sv\/","logo":{"@type":"ImageObject","inLanguage":"sv-SE","@id":"https:\/\/burnoutcity.fi\/sv\/#\/schema\/logo\/image\/","url":"https:\/\/i0.wp.com\/burnoutcity.fi\/wp-content\/uploads\/2018\/11\/BOC-logo-transparent.png?fit=1465%2C323&ssl=1","contentUrl":"https:\/\/i0.wp.com\/burnoutcity.fi\/wp-content\/uploads\/2018\/11\/BOC-logo-transparent.png?fit=1465%2C323&ssl=1","width":1465,"height":323,"caption":"Burn Out City Events"},"image":{"@id":"https:\/\/burnoutcity.fi\/sv\/#\/schema\/logo\/image\/"},"sameAs":["https:\/\/www.facebook.com\/burnoutcity\/","https:\/\/www.instagram.com\/burnoutcity\/","https:\/\/www.linkedin.com\/company\/9238482\/","https:\/\/www.youtube.com\/channel\/UC0tYOONmt9dhZCEEyFzGj-Q"]}]}},"jetpack_sharing_enabled":true,"_links":{"self":[{"href":"https:\/\/burnoutcity.fi\/sv\/wp-json\/wp\/v2\/pages\/201","targetHints":{"allow":["GET"]}}],"collection":[{"href":"https:\/\/burnoutcity.fi\/sv\/wp-json\/wp\/v2\/pages"}],"about":[{"href":"https:\/\/burnoutcity.fi\/sv\/wp-json\/wp\/v2\/types\/page"}],"author":[{"embeddable":true,"href":"https:\/\/burnoutcity.fi\/sv\/wp-json\/wp\/v2\/users\/3"}],"replies":[{"embeddable":true,"href":"https:\/\/burnoutcity.fi\/sv\/wp-json\/wp\/v2\/comments?post=201"}],"version-history":[{"count":7,"href":"https:\/\/burnoutcity.fi\/sv\/wp-json\/wp\/v2\/pages\/201\/revisions"}],"predecessor-version":[{"id":2523,"href":"https:\/\/burnoutcity.fi\/sv\/wp-json\/wp\/v2\/pages\/201\/revisions\/2523"}],"up":[{"embeddable":true,"href":"https:\/\/burnoutcity.fi\/sv\/wp-json\/wp\/v2\/pages\/32"}],"wp:attachment":[{"href":"https:\/\/burnoutcity.fi\/sv\/wp-json\/wp\/v2\/media?parent=201"}],"curies":[{"name":"wp","href":"https:\/\/api.w.org\/{rel}","templated":true}]}}