{"id":204,"date":"2011-11-25T10:08:41","date_gmt":"2011-11-25T08:08:41","guid":{"rendered":"http:\/\/burnoutcity.fi\/?page_id=204"},"modified":"2016-12-12T13:02:38","modified_gmt":"2016-12-12T11:02:38","slug":"bordshockey","status":"publish","type":"page","link":"https:\/\/burnoutcity.fi\/sv\/vinteraktiviteter\/bordshockey\/","title":{"rendered":"Bordshockey"},"content":{"rendered":"<p>En bordshockey turnering kan spelas i grupper upp till 200 personer. Evenemanget kan g\u00f6ras i ditt f\u00f6retags egna utrymmen eller varf\u00f6r inte p\u00e5 Hartwall-areenan i Helsingfors.<\/p>\n<p><a href=\"https:\/\/i0.wp.com\/burnoutcity.fi\/wp-content\/uploads\/2011\/12\/P%C3%B6yt%C3%A4j%C3%A4%C3%A4kiekko-7.jpg\"><img data-recalc-dims=\"1\" loading=\"lazy\" decoding=\"async\" class=\"alignnone size-full wp-image-1316\" title=\"P\u00f6yt\u00e4j\u00e4\u00e4kiekko 7\" src=\"https:\/\/i0.wp.com\/burnoutcity.fi\/wp-content\/uploads\/2011\/12\/P%C3%B6yt%C3%A4j%C3%A4%C3%A4kiekko-7.jpg?resize=525%2C350\" alt=\"\" width=\"525\" height=\"350\" srcset=\"https:\/\/i0.wp.com\/burnoutcity.fi\/wp-content\/uploads\/2011\/12\/P%C3%B6yt%C3%A4j%C3%A4%C3%A4kiekko-7.jpg?w=1152&amp;ssl=1 1152w, https:\/\/i0.wp.com\/burnoutcity.fi\/wp-content\/uploads\/2011\/12\/P%C3%B6yt%C3%A4j%C3%A4%C3%A4kiekko-7.jpg?resize=300%2C200&amp;ssl=1 300w, https:\/\/i0.wp.com\/burnoutcity.fi\/wp-content\/uploads\/2011\/12\/P%C3%B6yt%C3%A4j%C3%A4%C3%A4kiekko-7.jpg?resize=1024%2C682&amp;ssl=1 1024w, https:\/\/i0.wp.com\/burnoutcity.fi\/wp-content\/uploads\/2011\/12\/P%C3%B6yt%C3%A4j%C3%A4%C3%A4kiekko-7.jpg?resize=450%2C300&amp;ssl=1 450w\" sizes=\"auto, (max-width: 706px) 89vw, (max-width: 767px) 82vw, 740px\" \/><\/a><a href=\"https:\/\/i0.wp.com\/burnoutcity.fi\/wp-content\/uploads\/2011\/12\/P%C3%B6yt%C3%A4l%C3%A4tk%C3%A4-turnaus-aktiviteetti.jpg\"><img data-recalc-dims=\"1\" loading=\"lazy\" decoding=\"async\" class=\"alignnone size-large wp-image-2450\" src=\"https:\/\/i0.wp.com\/burnoutcity.fi\/wp-content\/uploads\/2011\/12\/P%C3%B6yt%C3%A4l%C3%A4tk%C3%A4-turnaus-aktiviteetti-1024x534.jpg?resize=525%2C274\" alt=\"P\u00f6yt\u00e4l\u00e4tk\u00e4 turnaus aktiviteetti\" width=\"525\" height=\"274\" srcset=\"https:\/\/i0.wp.com\/burnoutcity.fi\/wp-content\/uploads\/2011\/12\/P%C3%B6yt%C3%A4l%C3%A4tk%C3%A4-turnaus-aktiviteetti.jpg?w=1024&amp;ssl=1 1024w, https:\/\/i0.wp.com\/burnoutcity.fi\/wp-content\/uploads\/2011\/12\/P%C3%B6yt%C3%A4l%C3%A4tk%C3%A4-turnaus-aktiviteetti.jpg?resize=300%2C156&amp;ssl=1 300w, https:\/\/i0.wp.com\/burnoutcity.fi\/wp-content\/uploads\/2011\/12\/P%C3%B6yt%C3%A4l%C3%A4tk%C3%A4-turnaus-aktiviteetti.jpg?resize=500%2C261&amp;ssl=1 500w\" sizes=\"auto, (max-width: 525px) 100vw, 525px\" \/><\/a>\u00a0<a href=\"https:\/\/i0.wp.com\/burnoutcity.fi\/wp-content\/uploads\/2011\/12\/P%C3%B6yt%C3%A4l%C3%A4tk%C3%A4-aktiviteetti.jpg\"><img data-recalc-dims=\"1\" loading=\"lazy\" decoding=\"async\" class=\"alignnone size-large wp-image-2449\" src=\"https:\/\/i0.wp.com\/burnoutcity.fi\/wp-content\/uploads\/2011\/12\/P%C3%B6yt%C3%A4l%C3%A4tk%C3%A4-aktiviteetti-1024x316.jpg?resize=525%2C162\" alt=\"P\u00f6yt\u00e4l\u00e4tk\u00e4 aktiviteetti\" width=\"525\" height=\"162\" srcset=\"https:\/\/i0.wp.com\/burnoutcity.fi\/wp-content\/uploads\/2011\/12\/P%C3%B6yt%C3%A4l%C3%A4tk%C3%A4-aktiviteetti.jpg?w=1024&amp;ssl=1 1024w, https:\/\/i0.wp.com\/burnoutcity.fi\/wp-content\/uploads\/2011\/12\/P%C3%B6yt%C3%A4l%C3%A4tk%C3%A4-aktiviteetti.jpg?resize=300%2C93&amp;ssl=1 300w, https:\/\/i0.wp.com\/burnoutcity.fi\/wp-content\/uploads\/2011\/12\/P%C3%B6yt%C3%A4l%C3%A4tk%C3%A4-aktiviteetti.jpg?resize=500%2C154&amp;ssl=1 500w\" sizes=\"auto, (max-width: 525px) 100vw, 525px\" \/><\/a><\/p>\n","protected":false},"excerpt":{"rendered":"<p>En bordshockey turnering kan spelas i grupper upp till 200 personer. Evenemanget kan g\u00f6ras i ditt f\u00f6retags egna utrymmen eller varf\u00f6r inte p\u00e5 Hartwall-areenan i Helsingfors. \u00a0<\/p>\n","protected":false},"author":3,"featured_media":2449,"parent":32,"menu_order":0,"comment_status":"open","ping_status":"open","template":"sidebar-page.php","meta":{"footnotes":""},"class_list":["post-204","page","type-page","status-publish","has-post-thumbnail","hentry"],"yoast_head":"<!-- This site is optimized with the Yoast SEO plugin v27.1.1 - https:\/\/yoast.com\/product\/yoast-seo-wordpress\/ -->\n<title>Bordshockey - Burn Out City Evets<\/title>\n<meta name=\"robots\" content=\"index, follow, max-snippet:-1, max-image-preview:large, max-video-preview:-1\" \/>\n<link rel=\"canonical\" href=\"https:\/\/burnoutcity.fi\/sv\/vinteraktiviteter\/bordshockey\/\" \/>\n<meta property=\"og:locale\" content=\"sv_SE\" \/>\n<meta property=\"og:type\" content=\"article\" \/>\n<meta property=\"og:title\" content=\"Bordshockey - Burn Out City Evets\" \/>\n<meta property=\"og:description\" content=\"En bordshockey turnering kan spelas i grupper upp till 200 personer. Evenemanget kan g\u00f6ras i ditt f\u00f6retags egna utrymmen eller varf\u00f6r inte p\u00e5 Hartwall-areenan i Helsingfors. \u00a0\" \/>\n<meta property=\"og:url\" content=\"https:\/\/burnoutcity.fi\/sv\/vinteraktiviteter\/bordshockey\/\" \/>\n<meta property=\"og:site_name\" content=\"Burn Out City Evets\" \/>\n<meta property=\"article:publisher\" content=\"https:\/\/www.facebook.com\/burnoutcity\/\" \/>\n<meta property=\"article:modified_time\" content=\"2016-12-12T11:02:38+00:00\" \/>\n<meta property=\"og:image\" content=\"https:\/\/burnoutcity.fi\/wp-content\/uploads\/2011\/12\/P\u00f6yt\u00e4l\u00e4tk\u00e4-aktiviteetti.jpg\" \/>\n\t<meta property=\"og:image:width\" content=\"1024\" \/>\n\t<meta property=\"og:image:height\" content=\"316\" \/>\n\t<meta property=\"og:image:type\" content=\"image\/jpeg\" \/>\n<meta name=\"twitter:card\" content=\"summary_large_image\" \/>\n<script type=\"application\/ld+json\" class=\"yoast-schema-graph\">{\"@context\":\"https:\/\/schema.org\",\"@graph\":[{\"@type\":\"WebPage\",\"@id\":\"https:\/\/burnoutcity.fi\/sv\/vinteraktiviteter\/bordshockey\/\",\"url\":\"https:\/\/burnoutcity.fi\/sv\/vinteraktiviteter\/bordshockey\/\",\"name\":\"Bordshockey - Burn Out City Evets\",\"isPartOf\":{\"@id\":\"https:\/\/burnoutcity.fi\/sv\/#website\"},\"primaryImageOfPage\":{\"@id\":\"https:\/\/burnoutcity.fi\/sv\/vinteraktiviteter\/bordshockey\/#primaryimage\"},\"image\":{\"@id\":\"https:\/\/burnoutcity.fi\/sv\/vinteraktiviteter\/bordshockey\/#primaryimage\"},\"thumbnailUrl\":\"https:\/\/i0.wp.com\/burnoutcity.fi\/wp-content\/uploads\/2011\/12\/P%C3%B6yt%C3%A4l%C3%A4tk%C3%A4-aktiviteetti.jpg?fit=1024%2C316&ssl=1\",\"datePublished\":\"2011-11-25T08:08:41+00:00\",\"dateModified\":\"2016-12-12T11:02:38+00:00\",\"breadcrumb\":{\"@id\":\"https:\/\/burnoutcity.fi\/sv\/vinteraktiviteter\/bordshockey\/#breadcrumb\"},\"inLanguage\":\"sv-SE\",\"potentialAction\":[{\"@type\":\"ReadAction\",\"target\":[\"https:\/\/burnoutcity.fi\/sv\/vinteraktiviteter\/bordshockey\/\"]}]},{\"@type\":\"ImageObject\",\"inLanguage\":\"sv-SE\",\"@id\":\"https:\/\/burnoutcity.fi\/sv\/vinteraktiviteter\/bordshockey\/#primaryimage\",\"url\":\"https:\/\/i0.wp.com\/burnoutcity.fi\/wp-content\/uploads\/2011\/12\/P%C3%B6yt%C3%A4l%C3%A4tk%C3%A4-aktiviteetti.jpg?fit=1024%2C316&ssl=1\",\"contentUrl\":\"https:\/\/i0.wp.com\/burnoutcity.fi\/wp-content\/uploads\/2011\/12\/P%C3%B6yt%C3%A4l%C3%A4tk%C3%A4-aktiviteetti.jpg?fit=1024%2C316&ssl=1\",\"width\":1024,\"height\":316},{\"@type\":\"BreadcrumbList\",\"@id\":\"https:\/\/burnoutcity.fi\/sv\/vinteraktiviteter\/bordshockey\/#breadcrumb\",\"itemListElement\":[{\"@type\":\"ListItem\",\"position\":1,\"name\":\"Hem\",\"item\":\"https:\/\/burnoutcity.fi\/sv\/hem\/\"},{\"@type\":\"ListItem\",\"position\":2,\"name\":\"Vinteraktiviteter\",\"item\":\"https:\/\/burnoutcity.fi\/sv\/vinteraktiviteter\/\"},{\"@type\":\"ListItem\",\"position\":3,\"name\":\"Bordshockey\"}]},{\"@type\":\"WebSite\",\"@id\":\"https:\/\/burnoutcity.fi\/sv\/#website\",\"url\":\"https:\/\/burnoutcity.fi\/sv\/\",\"name\":\"Burn Out City\",\"description\":\"Corporate Events and activities for tourists in Helsinki and its archipelago\",\"publisher\":{\"@id\":\"https:\/\/burnoutcity.fi\/sv\/#organization\"},\"potentialAction\":[{\"@type\":\"SearchAction\",\"target\":{\"@type\":\"EntryPoint\",\"urlTemplate\":\"https:\/\/burnoutcity.fi\/sv\/?s={search_term_string}\"},\"query-input\":{\"@type\":\"PropertyValueSpecification\",\"valueRequired\":true,\"valueName\":\"search_term_string\"}}],\"inLanguage\":\"sv-SE\"},{\"@type\":\"Organization\",\"@id\":\"https:\/\/burnoutcity.fi\/sv\/#organization\",\"name\":\"Burn Out City Events\",\"url\":\"https:\/\/burnoutcity.fi\/sv\/\",\"logo\":{\"@type\":\"ImageObject\",\"inLanguage\":\"sv-SE\",\"@id\":\"https:\/\/burnoutcity.fi\/sv\/#\/schema\/logo\/image\/\",\"url\":\"https:\/\/i0.wp.com\/burnoutcity.fi\/wp-content\/uploads\/2018\/11\/BOC-logo-transparent.png?fit=1465%2C323&ssl=1\",\"contentUrl\":\"https:\/\/i0.wp.com\/burnoutcity.fi\/wp-content\/uploads\/2018\/11\/BOC-logo-transparent.png?fit=1465%2C323&ssl=1\",\"width\":1465,\"height\":323,\"caption\":\"Burn Out City Events\"},\"image\":{\"@id\":\"https:\/\/burnoutcity.fi\/sv\/#\/schema\/logo\/image\/\"},\"sameAs\":[\"https:\/\/www.facebook.com\/burnoutcity\/\",\"https:\/\/www.instagram.com\/burnoutcity\/\",\"https:\/\/www.linkedin.com\/company\/9238482\/\",\"https:\/\/www.youtube.com\/channel\/UC0tYOONmt9dhZCEEyFzGj-Q\"]}]}<\/script>\n<!-- \/ Yoast SEO plugin. -->","yoast_head_json":{"title":"Bordshockey - Burn Out City Evets","robots":{"index":"index","follow":"follow","max-snippet":"max-snippet:-1","max-image-preview":"max-image-preview:large","max-video-preview":"max-video-preview:-1"},"canonical":"https:\/\/burnoutcity.fi\/sv\/vinteraktiviteter\/bordshockey\/","og_locale":"sv_SE","og_type":"article","og_title":"Bordshockey - Burn Out City Evets","og_description":"En bordshockey turnering kan spelas i grupper upp till 200 personer. Evenemanget kan g\u00f6ras i ditt f\u00f6retags egna utrymmen eller varf\u00f6r inte p\u00e5 Hartwall-areenan i Helsingfors. \u00a0","og_url":"https:\/\/burnoutcity.fi\/sv\/vinteraktiviteter\/bordshockey\/","og_site_name":"Burn Out City Evets","article_publisher":"https:\/\/www.facebook.com\/burnoutcity\/","article_modified_time":"2016-12-12T11:02:38+00:00","og_image":[{"width":1024,"height":316,"url":"https:\/\/burnoutcity.fi\/wp-content\/uploads\/2011\/12\/P\u00f6yt\u00e4l\u00e4tk\u00e4-aktiviteetti.jpg","type":"image\/jpeg"}],"twitter_card":"summary_large_image","schema":{"@context":"https:\/\/schema.org","@graph":[{"@type":"WebPage","@id":"https:\/\/burnoutcity.fi\/sv\/vinteraktiviteter\/bordshockey\/","url":"https:\/\/burnoutcity.fi\/sv\/vinteraktiviteter\/bordshockey\/","name":"Bordshockey - Burn Out City Evets","isPartOf":{"@id":"https:\/\/burnoutcity.fi\/sv\/#website"},"primaryImageOfPage":{"@id":"https:\/\/burnoutcity.fi\/sv\/vinteraktiviteter\/bordshockey\/#primaryimage"},"image":{"@id":"https:\/\/burnoutcity.fi\/sv\/vinteraktiviteter\/bordshockey\/#primaryimage"},"thumbnailUrl":"https:\/\/i0.wp.com\/burnoutcity.fi\/wp-content\/uploads\/2011\/12\/P%C3%B6yt%C3%A4l%C3%A4tk%C3%A4-aktiviteetti.jpg?fit=1024%2C316&ssl=1","datePublished":"2011-11-25T08:08:41+00:00","dateModified":"2016-12-12T11:02:38+00:00","breadcrumb":{"@id":"https:\/\/burnoutcity.fi\/sv\/vinteraktiviteter\/bordshockey\/#breadcrumb"},"inLanguage":"sv-SE","potentialAction":[{"@type":"ReadAction","target":["https:\/\/burnoutcity.fi\/sv\/vinteraktiviteter\/bordshockey\/"]}]},{"@type":"ImageObject","inLanguage":"sv-SE","@id":"https:\/\/burnoutcity.fi\/sv\/vinteraktiviteter\/bordshockey\/#primaryimage","url":"https:\/\/i0.wp.com\/burnoutcity.fi\/wp-content\/uploads\/2011\/12\/P%C3%B6yt%C3%A4l%C3%A4tk%C3%A4-aktiviteetti.jpg?fit=1024%2C316&ssl=1","contentUrl":"https:\/\/i0.wp.com\/burnoutcity.fi\/wp-content\/uploads\/2011\/12\/P%C3%B6yt%C3%A4l%C3%A4tk%C3%A4-aktiviteetti.jpg?fit=1024%2C316&ssl=1","width":1024,"height":316},{"@type":"BreadcrumbList","@id":"https:\/\/burnoutcity.fi\/sv\/vinteraktiviteter\/bordshockey\/#breadcrumb","itemListElement":[{"@type":"ListItem","position":1,"name":"Hem","item":"https:\/\/burnoutcity.fi\/sv\/hem\/"},{"@type":"ListItem","position":2,"name":"Vinteraktiviteter","item":"https:\/\/burnoutcity.fi\/sv\/vinteraktiviteter\/"},{"@type":"ListItem","position":3,"name":"Bordshockey"}]},{"@type":"WebSite","@id":"https:\/\/burnoutcity.fi\/sv\/#website","url":"https:\/\/burnoutcity.fi\/sv\/","name":"Burn Out City","description":"Corporate Events and activities for tourists in Helsinki and its archipelago","publisher":{"@id":"https:\/\/burnoutcity.fi\/sv\/#organization"},"potentialAction":[{"@type":"SearchAction","target":{"@type":"EntryPoint","urlTemplate":"https:\/\/burnoutcity.fi\/sv\/?s={search_term_string}"},"query-input":{"@type":"PropertyValueSpecification","valueRequired":true,"valueName":"search_term_string"}}],"inLanguage":"sv-SE"},{"@type":"Organization","@id":"https:\/\/burnoutcity.fi\/sv\/#organization","name":"Burn Out City Events","url":"https:\/\/burnoutcity.fi\/sv\/","logo":{"@type":"ImageObject","inLanguage":"sv-SE","@id":"https:\/\/burnoutcity.fi\/sv\/#\/schema\/logo\/image\/","url":"https:\/\/i0.wp.com\/burnoutcity.fi\/wp-content\/uploads\/2018\/11\/BOC-logo-transparent.png?fit=1465%2C323&ssl=1","contentUrl":"https:\/\/i0.wp.com\/burnoutcity.fi\/wp-content\/uploads\/2018\/11\/BOC-logo-transparent.png?fit=1465%2C323&ssl=1","width":1465,"height":323,"caption":"Burn Out City Events"},"image":{"@id":"https:\/\/burnoutcity.fi\/sv\/#\/schema\/logo\/image\/"},"sameAs":["https:\/\/www.facebook.com\/burnoutcity\/","https:\/\/www.instagram.com\/burnoutcity\/","https:\/\/www.linkedin.com\/company\/9238482\/","https:\/\/www.youtube.com\/channel\/UC0tYOONmt9dhZCEEyFzGj-Q"]}]}},"jetpack_sharing_enabled":true,"_links":{"self":[{"href":"https:\/\/burnoutcity.fi\/sv\/wp-json\/wp\/v2\/pages\/204","targetHints":{"allow":["GET"]}}],"collection":[{"href":"https:\/\/burnoutcity.fi\/sv\/wp-json\/wp\/v2\/pages"}],"about":[{"href":"https:\/\/burnoutcity.fi\/sv\/wp-json\/wp\/v2\/types\/page"}],"author":[{"embeddable":true,"href":"https:\/\/burnoutcity.fi\/sv\/wp-json\/wp\/v2\/users\/3"}],"replies":[{"embeddable":true,"href":"https:\/\/burnoutcity.fi\/sv\/wp-json\/wp\/v2\/comments?post=204"}],"version-history":[{"count":7,"href":"https:\/\/burnoutcity.fi\/sv\/wp-json\/wp\/v2\/pages\/204\/revisions"}],"predecessor-version":[{"id":2463,"href":"https:\/\/burnoutcity.fi\/sv\/wp-json\/wp\/v2\/pages\/204\/revisions\/2463"}],"up":[{"embeddable":true,"href":"https:\/\/burnoutcity.fi\/sv\/wp-json\/wp\/v2\/pages\/32"}],"wp:featuredmedia":[{"embeddable":true,"href":"https:\/\/burnoutcity.fi\/sv\/wp-json\/wp\/v2\/media\/2449"}],"wp:attachment":[{"href":"https:\/\/burnoutcity.fi\/sv\/wp-json\/wp\/v2\/media?parent=204"}],"curies":[{"name":"wp","href":"https:\/\/api.w.org\/{rel}","templated":true}]}}