{"id":209,"date":"2011-11-25T12:12:41","date_gmt":"2011-11-25T10:12:41","guid":{"rendered":"http:\/\/burnoutcity.fi\/?page_id=209"},"modified":"2016-12-12T13:08:30","modified_gmt":"2016-12-12T11:08:30","slug":"snoskovandring","status":"publish","type":"page","link":"https:\/\/burnoutcity.fi\/sv\/vinteraktiviteter\/snoskovandring\/","title":{"rendered":"Sn\u00f6skovandring"},"content":{"rendered":"<p>Upplev den or\u00f6rda sn\u00f6ns tjusning med hj\u00e4lp av sn\u00f6skor. Sn\u00f6skor ger m\u00f6jligheten till vandringar i djupsn\u00f6 i skogar och i sk\u00e4rg\u00e5rden. Grupper p\u00e5 10-30 personer \u00e4r optimalt f\u00f6r aktiviteten.<\/p>\n<p>Sn\u00f6skovandring \u00e4r ger en upplevelse f\u00f6r livet speciellt f\u00f6r utl\u00e4nningar som kanske inte klarar av att st\u00e5 p\u00e5 skidor.\u00a0Aktiviteten kan utf\u00f6ras var ni vill bara det finns tillr\u00e4ckligt med sn\u00f6!<\/p>\n<p><a href=\"https:\/\/i0.wp.com\/burnoutcity.fi\/wp-content\/uploads\/2011\/12\/Snowshoe1.jpg\"><img data-recalc-dims=\"1\" loading=\"lazy\" decoding=\"async\" class=\"alignnone size-full wp-image-1312\" title=\"Snowshoe\" src=\"https:\/\/i0.wp.com\/burnoutcity.fi\/wp-content\/uploads\/2011\/12\/Snowshoe1.jpg?resize=525%2C350\" alt=\"\" width=\"525\" height=\"350\" srcset=\"https:\/\/i0.wp.com\/burnoutcity.fi\/wp-content\/uploads\/2011\/12\/Snowshoe1.jpg?w=1152&amp;ssl=1 1152w, https:\/\/i0.wp.com\/burnoutcity.fi\/wp-content\/uploads\/2011\/12\/Snowshoe1.jpg?resize=300%2C200&amp;ssl=1 300w, https:\/\/i0.wp.com\/burnoutcity.fi\/wp-content\/uploads\/2011\/12\/Snowshoe1.jpg?resize=1024%2C682&amp;ssl=1 1024w, https:\/\/i0.wp.com\/burnoutcity.fi\/wp-content\/uploads\/2011\/12\/Snowshoe1.jpg?resize=450%2C300&amp;ssl=1 450w\" sizes=\"auto, (max-width: 706px) 89vw, (max-width: 767px) 82vw, 740px\" \/><\/a><\/p>\n","protected":false},"excerpt":{"rendered":"<p>Upplev den or\u00f6rda sn\u00f6ns tjusning med hj\u00e4lp av sn\u00f6skor. Sn\u00f6skor ger m\u00f6jligheten till vandringar i djupsn\u00f6 i skogar och i sk\u00e4rg\u00e5rden. Grupper p\u00e5 10-30 personer \u00e4r optimalt f\u00f6r aktiviteten. Sn\u00f6skovandring \u00e4r ger en upplevelse f\u00f6r livet speciellt f\u00f6r utl\u00e4nningar som kanske inte klarar av att st\u00e5 p\u00e5 skidor.\u00a0Aktiviteten kan utf\u00f6ras var ni vill bara det &hellip; <\/p>\n<p class=\"link-more\"><a href=\"https:\/\/burnoutcity.fi\/sv\/vinteraktiviteter\/snoskovandring\/\" class=\"more-link\">Forts\u00e4tt l\u00e4sa<span class=\"screen-reader-text\"> \u201dSn\u00f6skovandring\u201d<\/span><\/a><\/p>\n","protected":false},"author":3,"featured_media":2334,"parent":32,"menu_order":0,"comment_status":"open","ping_status":"open","template":"sidebar-page.php","meta":{"footnotes":""},"class_list":["post-209","page","type-page","status-publish","has-post-thumbnail","hentry"],"yoast_head":"<!-- This site is optimized with the Yoast SEO plugin v27.1.1 - https:\/\/yoast.com\/product\/yoast-seo-wordpress\/ -->\n<title>Sn\u00f6skovandring - Burn Out City Evets<\/title>\n<meta name=\"robots\" content=\"index, follow, max-snippet:-1, max-image-preview:large, max-video-preview:-1\" \/>\n<link rel=\"canonical\" href=\"https:\/\/burnoutcity.fi\/sv\/vinteraktiviteter\/snoskovandring\/\" \/>\n<meta property=\"og:locale\" content=\"sv_SE\" \/>\n<meta property=\"og:type\" content=\"article\" \/>\n<meta property=\"og:title\" content=\"Sn\u00f6skovandring - Burn Out City Evets\" \/>\n<meta property=\"og:description\" content=\"Upplev den or\u00f6rda sn\u00f6ns tjusning med hj\u00e4lp av sn\u00f6skor. Sn\u00f6skor ger m\u00f6jligheten till vandringar i djupsn\u00f6 i skogar och i sk\u00e4rg\u00e5rden. Grupper p\u00e5 10-30 personer \u00e4r optimalt f\u00f6r aktiviteten. Sn\u00f6skovandring \u00e4r ger en upplevelse f\u00f6r livet speciellt f\u00f6r utl\u00e4nningar som kanske inte klarar av att st\u00e5 p\u00e5 skidor.\u00a0Aktiviteten kan utf\u00f6ras var ni vill bara det &hellip; Forts\u00e4tt l\u00e4sa \u201dSn\u00f6skovandring\u201d\" \/>\n<meta property=\"og:url\" content=\"https:\/\/burnoutcity.fi\/sv\/vinteraktiviteter\/snoskovandring\/\" \/>\n<meta property=\"og:site_name\" content=\"Burn Out City Evets\" \/>\n<meta property=\"article:publisher\" content=\"https:\/\/www.facebook.com\/burnoutcity\/\" \/>\n<meta property=\"article:modified_time\" content=\"2016-12-12T11:08:30+00:00\" \/>\n<meta property=\"og:image\" content=\"https:\/\/burnoutcity.fi\/wp-content\/uploads\/2011\/11\/Snowshoetour-Helsinki-1024x682.jpg\" \/>\n\t<meta property=\"og:image:width\" content=\"1024\" \/>\n\t<meta property=\"og:image:height\" content=\"682\" \/>\n\t<meta property=\"og:image:type\" content=\"image\/jpeg\" \/>\n<meta name=\"twitter:card\" content=\"summary_large_image\" \/>\n<script type=\"application\/ld+json\" class=\"yoast-schema-graph\">{\"@context\":\"https:\/\/schema.org\",\"@graph\":[{\"@type\":\"WebPage\",\"@id\":\"https:\/\/burnoutcity.fi\/sv\/vinteraktiviteter\/snoskovandring\/\",\"url\":\"https:\/\/burnoutcity.fi\/sv\/vinteraktiviteter\/snoskovandring\/\",\"name\":\"Sn\u00f6skovandring - Burn Out City Evets\",\"isPartOf\":{\"@id\":\"https:\/\/burnoutcity.fi\/sv\/#website\"},\"primaryImageOfPage\":{\"@id\":\"https:\/\/burnoutcity.fi\/sv\/vinteraktiviteter\/snoskovandring\/#primaryimage\"},\"image\":{\"@id\":\"https:\/\/burnoutcity.fi\/sv\/vinteraktiviteter\/snoskovandring\/#primaryimage\"},\"thumbnailUrl\":\"https:\/\/i0.wp.com\/burnoutcity.fi\/wp-content\/uploads\/2011\/11\/Snowshoetour-Helsinki.jpg?fit=3888%2C2592&ssl=1\",\"datePublished\":\"2011-11-25T10:12:41+00:00\",\"dateModified\":\"2016-12-12T11:08:30+00:00\",\"breadcrumb\":{\"@id\":\"https:\/\/burnoutcity.fi\/sv\/vinteraktiviteter\/snoskovandring\/#breadcrumb\"},\"inLanguage\":\"sv-SE\",\"potentialAction\":[{\"@type\":\"ReadAction\",\"target\":[\"https:\/\/burnoutcity.fi\/sv\/vinteraktiviteter\/snoskovandring\/\"]}]},{\"@type\":\"ImageObject\",\"inLanguage\":\"sv-SE\",\"@id\":\"https:\/\/burnoutcity.fi\/sv\/vinteraktiviteter\/snoskovandring\/#primaryimage\",\"url\":\"https:\/\/i0.wp.com\/burnoutcity.fi\/wp-content\/uploads\/2011\/11\/Snowshoetour-Helsinki.jpg?fit=3888%2C2592&ssl=1\",\"contentUrl\":\"https:\/\/i0.wp.com\/burnoutcity.fi\/wp-content\/uploads\/2011\/11\/Snowshoetour-Helsinki.jpg?fit=3888%2C2592&ssl=1\",\"width\":3888,\"height\":2592},{\"@type\":\"BreadcrumbList\",\"@id\":\"https:\/\/burnoutcity.fi\/sv\/vinteraktiviteter\/snoskovandring\/#breadcrumb\",\"itemListElement\":[{\"@type\":\"ListItem\",\"position\":1,\"name\":\"Hem\",\"item\":\"https:\/\/burnoutcity.fi\/sv\/hem\/\"},{\"@type\":\"ListItem\",\"position\":2,\"name\":\"Vinteraktiviteter\",\"item\":\"https:\/\/burnoutcity.fi\/sv\/vinteraktiviteter\/\"},{\"@type\":\"ListItem\",\"position\":3,\"name\":\"Sn\u00f6skovandring\"}]},{\"@type\":\"WebSite\",\"@id\":\"https:\/\/burnoutcity.fi\/sv\/#website\",\"url\":\"https:\/\/burnoutcity.fi\/sv\/\",\"name\":\"Burn Out City\",\"description\":\"Corporate Events and activities for tourists in Helsinki and its archipelago\",\"publisher\":{\"@id\":\"https:\/\/burnoutcity.fi\/sv\/#organization\"},\"potentialAction\":[{\"@type\":\"SearchAction\",\"target\":{\"@type\":\"EntryPoint\",\"urlTemplate\":\"https:\/\/burnoutcity.fi\/sv\/?s={search_term_string}\"},\"query-input\":{\"@type\":\"PropertyValueSpecification\",\"valueRequired\":true,\"valueName\":\"search_term_string\"}}],\"inLanguage\":\"sv-SE\"},{\"@type\":\"Organization\",\"@id\":\"https:\/\/burnoutcity.fi\/sv\/#organization\",\"name\":\"Burn Out City Events\",\"url\":\"https:\/\/burnoutcity.fi\/sv\/\",\"logo\":{\"@type\":\"ImageObject\",\"inLanguage\":\"sv-SE\",\"@id\":\"https:\/\/burnoutcity.fi\/sv\/#\/schema\/logo\/image\/\",\"url\":\"https:\/\/i0.wp.com\/burnoutcity.fi\/wp-content\/uploads\/2018\/11\/BOC-logo-transparent.png?fit=1465%2C323&ssl=1\",\"contentUrl\":\"https:\/\/i0.wp.com\/burnoutcity.fi\/wp-content\/uploads\/2018\/11\/BOC-logo-transparent.png?fit=1465%2C323&ssl=1\",\"width\":1465,\"height\":323,\"caption\":\"Burn Out City Events\"},\"image\":{\"@id\":\"https:\/\/burnoutcity.fi\/sv\/#\/schema\/logo\/image\/\"},\"sameAs\":[\"https:\/\/www.facebook.com\/burnoutcity\/\",\"https:\/\/www.instagram.com\/burnoutcity\/\",\"https:\/\/www.linkedin.com\/company\/9238482\/\",\"https:\/\/www.youtube.com\/channel\/UC0tYOONmt9dhZCEEyFzGj-Q\"]}]}<\/script>\n<!-- \/ Yoast SEO plugin. -->","yoast_head_json":{"title":"Sn\u00f6skovandring - Burn Out City Evets","robots":{"index":"index","follow":"follow","max-snippet":"max-snippet:-1","max-image-preview":"max-image-preview:large","max-video-preview":"max-video-preview:-1"},"canonical":"https:\/\/burnoutcity.fi\/sv\/vinteraktiviteter\/snoskovandring\/","og_locale":"sv_SE","og_type":"article","og_title":"Sn\u00f6skovandring - Burn Out City Evets","og_description":"Upplev den or\u00f6rda sn\u00f6ns tjusning med hj\u00e4lp av sn\u00f6skor. Sn\u00f6skor ger m\u00f6jligheten till vandringar i djupsn\u00f6 i skogar och i sk\u00e4rg\u00e5rden. Grupper p\u00e5 10-30 personer \u00e4r optimalt f\u00f6r aktiviteten. Sn\u00f6skovandring \u00e4r ger en upplevelse f\u00f6r livet speciellt f\u00f6r utl\u00e4nningar som kanske inte klarar av att st\u00e5 p\u00e5 skidor.\u00a0Aktiviteten kan utf\u00f6ras var ni vill bara det &hellip; Forts\u00e4tt l\u00e4sa \u201dSn\u00f6skovandring\u201d","og_url":"https:\/\/burnoutcity.fi\/sv\/vinteraktiviteter\/snoskovandring\/","og_site_name":"Burn Out City Evets","article_publisher":"https:\/\/www.facebook.com\/burnoutcity\/","article_modified_time":"2016-12-12T11:08:30+00:00","og_image":[{"width":1024,"height":682,"url":"https:\/\/burnoutcity.fi\/wp-content\/uploads\/2011\/11\/Snowshoetour-Helsinki-1024x682.jpg","type":"image\/jpeg"}],"twitter_card":"summary_large_image","schema":{"@context":"https:\/\/schema.org","@graph":[{"@type":"WebPage","@id":"https:\/\/burnoutcity.fi\/sv\/vinteraktiviteter\/snoskovandring\/","url":"https:\/\/burnoutcity.fi\/sv\/vinteraktiviteter\/snoskovandring\/","name":"Sn\u00f6skovandring - Burn Out City Evets","isPartOf":{"@id":"https:\/\/burnoutcity.fi\/sv\/#website"},"primaryImageOfPage":{"@id":"https:\/\/burnoutcity.fi\/sv\/vinteraktiviteter\/snoskovandring\/#primaryimage"},"image":{"@id":"https:\/\/burnoutcity.fi\/sv\/vinteraktiviteter\/snoskovandring\/#primaryimage"},"thumbnailUrl":"https:\/\/i0.wp.com\/burnoutcity.fi\/wp-content\/uploads\/2011\/11\/Snowshoetour-Helsinki.jpg?fit=3888%2C2592&ssl=1","datePublished":"2011-11-25T10:12:41+00:00","dateModified":"2016-12-12T11:08:30+00:00","breadcrumb":{"@id":"https:\/\/burnoutcity.fi\/sv\/vinteraktiviteter\/snoskovandring\/#breadcrumb"},"inLanguage":"sv-SE","potentialAction":[{"@type":"ReadAction","target":["https:\/\/burnoutcity.fi\/sv\/vinteraktiviteter\/snoskovandring\/"]}]},{"@type":"ImageObject","inLanguage":"sv-SE","@id":"https:\/\/burnoutcity.fi\/sv\/vinteraktiviteter\/snoskovandring\/#primaryimage","url":"https:\/\/i0.wp.com\/burnoutcity.fi\/wp-content\/uploads\/2011\/11\/Snowshoetour-Helsinki.jpg?fit=3888%2C2592&ssl=1","contentUrl":"https:\/\/i0.wp.com\/burnoutcity.fi\/wp-content\/uploads\/2011\/11\/Snowshoetour-Helsinki.jpg?fit=3888%2C2592&ssl=1","width":3888,"height":2592},{"@type":"BreadcrumbList","@id":"https:\/\/burnoutcity.fi\/sv\/vinteraktiviteter\/snoskovandring\/#breadcrumb","itemListElement":[{"@type":"ListItem","position":1,"name":"Hem","item":"https:\/\/burnoutcity.fi\/sv\/hem\/"},{"@type":"ListItem","position":2,"name":"Vinteraktiviteter","item":"https:\/\/burnoutcity.fi\/sv\/vinteraktiviteter\/"},{"@type":"ListItem","position":3,"name":"Sn\u00f6skovandring"}]},{"@type":"WebSite","@id":"https:\/\/burnoutcity.fi\/sv\/#website","url":"https:\/\/burnoutcity.fi\/sv\/","name":"Burn Out City","description":"Corporate Events and activities for tourists in Helsinki and its archipelago","publisher":{"@id":"https:\/\/burnoutcity.fi\/sv\/#organization"},"potentialAction":[{"@type":"SearchAction","target":{"@type":"EntryPoint","urlTemplate":"https:\/\/burnoutcity.fi\/sv\/?s={search_term_string}"},"query-input":{"@type":"PropertyValueSpecification","valueRequired":true,"valueName":"search_term_string"}}],"inLanguage":"sv-SE"},{"@type":"Organization","@id":"https:\/\/burnoutcity.fi\/sv\/#organization","name":"Burn Out City Events","url":"https:\/\/burnoutcity.fi\/sv\/","logo":{"@type":"ImageObject","inLanguage":"sv-SE","@id":"https:\/\/burnoutcity.fi\/sv\/#\/schema\/logo\/image\/","url":"https:\/\/i0.wp.com\/burnoutcity.fi\/wp-content\/uploads\/2018\/11\/BOC-logo-transparent.png?fit=1465%2C323&ssl=1","contentUrl":"https:\/\/i0.wp.com\/burnoutcity.fi\/wp-content\/uploads\/2018\/11\/BOC-logo-transparent.png?fit=1465%2C323&ssl=1","width":1465,"height":323,"caption":"Burn Out City Events"},"image":{"@id":"https:\/\/burnoutcity.fi\/sv\/#\/schema\/logo\/image\/"},"sameAs":["https:\/\/www.facebook.com\/burnoutcity\/","https:\/\/www.instagram.com\/burnoutcity\/","https:\/\/www.linkedin.com\/company\/9238482\/","https:\/\/www.youtube.com\/channel\/UC0tYOONmt9dhZCEEyFzGj-Q"]}]}},"jetpack_sharing_enabled":true,"_links":{"self":[{"href":"https:\/\/burnoutcity.fi\/sv\/wp-json\/wp\/v2\/pages\/209","targetHints":{"allow":["GET"]}}],"collection":[{"href":"https:\/\/burnoutcity.fi\/sv\/wp-json\/wp\/v2\/pages"}],"about":[{"href":"https:\/\/burnoutcity.fi\/sv\/wp-json\/wp\/v2\/types\/page"}],"author":[{"embeddable":true,"href":"https:\/\/burnoutcity.fi\/sv\/wp-json\/wp\/v2\/users\/3"}],"replies":[{"embeddable":true,"href":"https:\/\/burnoutcity.fi\/sv\/wp-json\/wp\/v2\/comments?post=209"}],"version-history":[{"count":7,"href":"https:\/\/burnoutcity.fi\/sv\/wp-json\/wp\/v2\/pages\/209\/revisions"}],"predecessor-version":[{"id":2522,"href":"https:\/\/burnoutcity.fi\/sv\/wp-json\/wp\/v2\/pages\/209\/revisions\/2522"}],"up":[{"embeddable":true,"href":"https:\/\/burnoutcity.fi\/sv\/wp-json\/wp\/v2\/pages\/32"}],"wp:featuredmedia":[{"embeddable":true,"href":"https:\/\/burnoutcity.fi\/sv\/wp-json\/wp\/v2\/media\/2334"}],"wp:attachment":[{"href":"https:\/\/burnoutcity.fi\/sv\/wp-json\/wp\/v2\/media?parent=209"}],"curies":[{"name":"wp","href":"https:\/\/api.w.org\/{rel}","templated":true}]}}