{"id":238,"date":"2011-11-28T09:44:58","date_gmt":"2011-11-28T07:44:58","guid":{"rendered":"http:\/\/burnoutcity.fi\/?page_id=238"},"modified":"2017-06-16T11:24:49","modified_gmt":"2017-06-16T09:24:49","slug":"kyrkbatsrodd","status":"publish","type":"page","link":"https:\/\/burnoutcity.fi\/sv\/sommaraktiviteter\/kyrkbatsrodd\/","title":{"rendered":"Kyrkb\u00e5tsrodd"},"content":{"rendered":"<p>H\u00e4r g\u00e4ller det att ro i takt. En aktivitet d\u00e4r du direkt ser effekten av att alla ror \u00e5t samma h\u00e5ll. Ett perfekt s\u00e4tt att njuta av den vackra naturen. Vi ordnar l\u00e4ttsamma t\u00e4vlingar eller ekologisk sightseeing, beroende p\u00e5 vad ni vill ha f\u00f6r sorts aktivitet.\u00a0I en b\u00e5t ryms det 14 roddare samt en guide\/styrman.<\/p>\n<p>Efter rodden smakar det oftast med bastu och god mat.<\/p>\n<p>F\u00f6r f\u00e4rden till kyrkan anv\u00e4ndes f\u00f6rr ofta Kyrkb\u00e5tar. Redan tidigt uppstod sedv\u00e4njan att b\u00e5tarna som hade samma v\u00e4g hem fr\u00e5n gudstj\u00e4nsten rodde i kapp. \u00c4ven utmanings t\u00e4vlingar utan samband till gudstj\u00e4nstbes\u00f6k f\u00f6rekom.<\/p>\n<div style=\"position: relative; height: 0; padding-bottom: 56.25%;\"><iframe loading=\"lazy\" style=\"position: absolute; width: 100%; height: 100%; left: 0;\" src=\"https:\/\/www.youtube.com\/embed\/DuFF3MJqIhg?ecver=2\" width=\"640\" height=\"360\" frameborder=\"0\" allowfullscreen=\"allowfullscreen\"><\/iframe><\/div>\n<p><a href=\"https:\/\/i0.wp.com\/burnoutcity.fi\/wp-content\/uploads\/2011\/12\/Kirkkovenesoutu-katajanokka.jpg\"><img data-recalc-dims=\"1\" loading=\"lazy\" decoding=\"async\" class=\"alignnone size-large wp-image-2445\" src=\"https:\/\/i0.wp.com\/burnoutcity.fi\/wp-content\/uploads\/2011\/12\/Kirkkovenesoutu-katajanokka-1024x683.jpg?resize=525%2C351\" alt=\"Kirkkovenesoutu katajanokka\" width=\"525\" height=\"351\" srcset=\"https:\/\/i0.wp.com\/burnoutcity.fi\/wp-content\/uploads\/2011\/12\/Kirkkovenesoutu-katajanokka.jpg?resize=1024%2C683&amp;ssl=1 1024w, https:\/\/i0.wp.com\/burnoutcity.fi\/wp-content\/uploads\/2011\/12\/Kirkkovenesoutu-katajanokka.jpg?resize=300%2C200&amp;ssl=1 300w, https:\/\/i0.wp.com\/burnoutcity.fi\/wp-content\/uploads\/2011\/12\/Kirkkovenesoutu-katajanokka.jpg?resize=450%2C300&amp;ssl=1 450w, https:\/\/i0.wp.com\/burnoutcity.fi\/wp-content\/uploads\/2011\/12\/Kirkkovenesoutu-katajanokka.jpg?w=1575&amp;ssl=1 1575w\" sizes=\"auto, (max-width: 525px) 100vw, 525px\" \/> <\/a><a href=\"https:\/\/i0.wp.com\/burnoutcity.fi\/wp-content\/uploads\/2011\/12\/Kirkkovenesoutu-Helsinki.jpg\"><img data-recalc-dims=\"1\" loading=\"lazy\" decoding=\"async\" class=\"alignnone size-large wp-image-2444\" src=\"https:\/\/i0.wp.com\/burnoutcity.fi\/wp-content\/uploads\/2011\/12\/Kirkkovenesoutu-Helsinki-1024x577.jpg?resize=525%2C296\" alt=\"Kirkkovenesoutu Helsinki\" width=\"525\" height=\"296\" srcset=\"https:\/\/i0.wp.com\/burnoutcity.fi\/wp-content\/uploads\/2011\/12\/Kirkkovenesoutu-Helsinki.jpg?resize=1024%2C577&amp;ssl=1 1024w, https:\/\/i0.wp.com\/burnoutcity.fi\/wp-content\/uploads\/2011\/12\/Kirkkovenesoutu-Helsinki.jpg?resize=300%2C169&amp;ssl=1 300w, https:\/\/i0.wp.com\/burnoutcity.fi\/wp-content\/uploads\/2011\/12\/Kirkkovenesoutu-Helsinki.jpg?resize=500%2C282&amp;ssl=1 500w, https:\/\/i0.wp.com\/burnoutcity.fi\/wp-content\/uploads\/2011\/12\/Kirkkovenesoutu-Helsinki.jpg?w=1180&amp;ssl=1 1180w\" sizes=\"auto, (max-width: 525px) 100vw, 525px\" \/><\/a>\u00a0<a href=\"https:\/\/i0.wp.com\/burnoutcity.fi\/wp-content\/uploads\/2011\/12\/Kirkkovenesoutu-aktiviteetti.jpg\"><img data-recalc-dims=\"1\" loading=\"lazy\" decoding=\"async\" class=\"alignnone size-large wp-image-2443\" src=\"https:\/\/i0.wp.com\/burnoutcity.fi\/wp-content\/uploads\/2011\/12\/Kirkkovenesoutu-aktiviteetti-1024x683.jpg?resize=525%2C351\" alt=\"Kirkkovenesoutu aktiviteetti\" width=\"525\" height=\"351\" srcset=\"https:\/\/i0.wp.com\/burnoutcity.fi\/wp-content\/uploads\/2011\/12\/Kirkkovenesoutu-aktiviteetti.jpg?resize=1024%2C683&amp;ssl=1 1024w, https:\/\/i0.wp.com\/burnoutcity.fi\/wp-content\/uploads\/2011\/12\/Kirkkovenesoutu-aktiviteetti.jpg?resize=300%2C200&amp;ssl=1 300w, https:\/\/i0.wp.com\/burnoutcity.fi\/wp-content\/uploads\/2011\/12\/Kirkkovenesoutu-aktiviteetti.jpg?resize=450%2C300&amp;ssl=1 450w, https:\/\/i0.wp.com\/burnoutcity.fi\/wp-content\/uploads\/2011\/12\/Kirkkovenesoutu-aktiviteetti.jpg?w=1086&amp;ssl=1 1086w\" sizes=\"auto, (max-width: 525px) 100vw, 525px\" \/><\/a><a href=\"https:\/\/i0.wp.com\/burnoutcity.fi\/wp-content\/uploads\/2011\/12\/Kirkkovene-soutu.jpg\"><img data-recalc-dims=\"1\" loading=\"lazy\" decoding=\"async\" class=\"alignnone size-large wp-image-2442\" src=\"https:\/\/i0.wp.com\/burnoutcity.fi\/wp-content\/uploads\/2011\/12\/Kirkkovene-soutu-1024x683.jpg?resize=525%2C351\" alt=\"Kirkkovene soutu\" width=\"525\" height=\"351\" srcset=\"https:\/\/i0.wp.com\/burnoutcity.fi\/wp-content\/uploads\/2011\/12\/Kirkkovene-soutu.jpg?resize=1024%2C683&amp;ssl=1 1024w, https:\/\/i0.wp.com\/burnoutcity.fi\/wp-content\/uploads\/2011\/12\/Kirkkovene-soutu.jpg?resize=300%2C200&amp;ssl=1 300w, https:\/\/i0.wp.com\/burnoutcity.fi\/wp-content\/uploads\/2011\/12\/Kirkkovene-soutu.jpg?resize=450%2C300&amp;ssl=1 450w, https:\/\/i0.wp.com\/burnoutcity.fi\/wp-content\/uploads\/2011\/12\/Kirkkovene-soutu.jpg?w=1575&amp;ssl=1 1575w\" sizes=\"auto, (max-width: 525px) 100vw, 525px\" \/><\/a><a href=\"https:\/\/i0.wp.com\/burnoutcity.fi\/wp-content\/uploads\/2011\/12\/Kirkkovene-soutu-aktiviteetti.jpg\"><img data-recalc-dims=\"1\" loading=\"lazy\" decoding=\"async\" class=\"alignnone size-large wp-image-2441\" src=\"https:\/\/i0.wp.com\/burnoutcity.fi\/wp-content\/uploads\/2011\/12\/Kirkkovene-soutu-aktiviteetti-1024x683.jpg?resize=525%2C351\" alt=\"Kirkkovene soutu aktiviteetti\" width=\"525\" height=\"351\" srcset=\"https:\/\/i0.wp.com\/burnoutcity.fi\/wp-content\/uploads\/2011\/12\/Kirkkovene-soutu-aktiviteetti.jpg?resize=1024%2C683&amp;ssl=1 1024w, https:\/\/i0.wp.com\/burnoutcity.fi\/wp-content\/uploads\/2011\/12\/Kirkkovene-soutu-aktiviteetti.jpg?resize=300%2C200&amp;ssl=1 300w, https:\/\/i0.wp.com\/burnoutcity.fi\/wp-content\/uploads\/2011\/12\/Kirkkovene-soutu-aktiviteetti.jpg?resize=450%2C300&amp;ssl=1 450w, https:\/\/i0.wp.com\/burnoutcity.fi\/wp-content\/uploads\/2011\/12\/Kirkkovene-soutu-aktiviteetti.jpg?w=1575&amp;ssl=1 1575w\" sizes=\"auto, (max-width: 525px) 100vw, 525px\" \/><\/a><a href=\"https:\/\/i0.wp.com\/burnoutcity.fi\/wp-content\/uploads\/2011\/12\/kirkkovene-soutu-aktiviteetti.jpg\"><img data-recalc-dims=\"1\" loading=\"lazy\" decoding=\"async\" class=\"alignnone wp-image-1450 size-large\" title=\"kirkkovene soutu aktiviteetti\" src=\"https:\/\/i0.wp.com\/burnoutcity.fi\/wp-content\/uploads\/2011\/12\/kirkkovene-soutu-aktiviteetti-1024x768.jpg?resize=525%2C394\" alt=\"\" width=\"525\" height=\"394\" srcset=\"https:\/\/i0.wp.com\/burnoutcity.fi\/wp-content\/uploads\/2011\/12\/kirkkovene-soutu-aktiviteetti.jpg?resize=1024%2C768&amp;ssl=1 1024w, https:\/\/i0.wp.com\/burnoutcity.fi\/wp-content\/uploads\/2011\/12\/kirkkovene-soutu-aktiviteetti.jpg?resize=300%2C225&amp;ssl=1 300w, https:\/\/i0.wp.com\/burnoutcity.fi\/wp-content\/uploads\/2011\/12\/kirkkovene-soutu-aktiviteetti.jpg?resize=400%2C300&amp;ssl=1 400w, https:\/\/i0.wp.com\/burnoutcity.fi\/wp-content\/uploads\/2011\/12\/kirkkovene-soutu-aktiviteetti.jpg?w=1575&amp;ssl=1 1575w\" sizes=\"auto, (max-width: 525px) 100vw, 525px\" \/><\/a>\u00a0 \u00a0<a href=\"https:\/\/i0.wp.com\/burnoutcity.fi\/wp-content\/uploads\/2011\/12\/kirkkovene.jpg\"><img data-recalc-dims=\"1\" loading=\"lazy\" decoding=\"async\" class=\"alignnone wp-image-1451 size-large\" title=\"kirkkovene\" src=\"https:\/\/i0.wp.com\/burnoutcity.fi\/wp-content\/uploads\/2011\/12\/kirkkovene-1024x768.jpg?resize=525%2C394\" alt=\"\" width=\"525\" height=\"394\" srcset=\"https:\/\/i0.wp.com\/burnoutcity.fi\/wp-content\/uploads\/2011\/12\/kirkkovene.jpg?resize=1024%2C768&amp;ssl=1 1024w, https:\/\/i0.wp.com\/burnoutcity.fi\/wp-content\/uploads\/2011\/12\/kirkkovene.jpg?resize=300%2C225&amp;ssl=1 300w, https:\/\/i0.wp.com\/burnoutcity.fi\/wp-content\/uploads\/2011\/12\/kirkkovene.jpg?resize=400%2C300&amp;ssl=1 400w, https:\/\/i0.wp.com\/burnoutcity.fi\/wp-content\/uploads\/2011\/12\/kirkkovene.jpg?w=1575&amp;ssl=1 1575w\" sizes=\"auto, (max-width: 525px) 100vw, 525px\" \/><\/a><a href=\"https:\/\/i0.wp.com\/burnoutcity.fi\/wp-content\/uploads\/2011\/12\/Merihenkinen-aktiviteetti.jpg\"><img data-recalc-dims=\"1\" loading=\"lazy\" decoding=\"async\" class=\"alignnone size-full wp-image-1453\" title=\"Merihenkinen aktiviteetti\" src=\"https:\/\/i0.wp.com\/burnoutcity.fi\/wp-content\/uploads\/2011\/12\/Merihenkinen-aktiviteetti.jpg?resize=525%2C394\" alt=\"\" width=\"525\" height=\"394\" srcset=\"https:\/\/i0.wp.com\/burnoutcity.fi\/wp-content\/uploads\/2011\/12\/Merihenkinen-aktiviteetti.jpg?w=3264&amp;ssl=1 3264w, https:\/\/i0.wp.com\/burnoutcity.fi\/wp-content\/uploads\/2011\/12\/Merihenkinen-aktiviteetti.jpg?resize=300%2C225&amp;ssl=1 300w, https:\/\/i0.wp.com\/burnoutcity.fi\/wp-content\/uploads\/2011\/12\/Merihenkinen-aktiviteetti.jpg?resize=1024%2C768&amp;ssl=1 1024w, https:\/\/i0.wp.com\/burnoutcity.fi\/wp-content\/uploads\/2011\/12\/Merihenkinen-aktiviteetti.jpg?resize=400%2C300&amp;ssl=1 400w, https:\/\/i0.wp.com\/burnoutcity.fi\/wp-content\/uploads\/2011\/12\/Merihenkinen-aktiviteetti.jpg?w=1575&amp;ssl=1 1575w\" sizes=\"auto, (max-width: 706px) 89vw, (max-width: 767px) 82vw, 740px\" \/><\/a><a href=\"http:\/\/burnoutcity.fi\/summer-activities\/church-boat-race\/kirkkovene-kilpailu\/\" rel=\"attachment wp-att-2253\"><img data-recalc-dims=\"1\" loading=\"lazy\" decoding=\"async\" class=\"alignnone size-large wp-image-2253\" src=\"https:\/\/i0.wp.com\/burnoutcity.fi\/wp-content\/uploads\/2011\/12\/kirkkovene-kilpailu-1024x682.jpg?resize=525%2C349\" alt=\"kirkkovene kilpailu\" width=\"525\" height=\"349\" srcset=\"https:\/\/i0.wp.com\/burnoutcity.fi\/wp-content\/uploads\/2011\/12\/kirkkovene-kilpailu.jpg?resize=1024%2C682&amp;ssl=1 1024w, https:\/\/i0.wp.com\/burnoutcity.fi\/wp-content\/uploads\/2011\/12\/kirkkovene-kilpailu.jpg?resize=300%2C200&amp;ssl=1 300w, https:\/\/i0.wp.com\/burnoutcity.fi\/wp-content\/uploads\/2011\/12\/kirkkovene-kilpailu.jpg?resize=450%2C300&amp;ssl=1 450w, https:\/\/i0.wp.com\/burnoutcity.fi\/wp-content\/uploads\/2011\/12\/kirkkovene-kilpailu.jpg?w=1152&amp;ssl=1 1152w\" sizes=\"auto, (max-width: 525px) 100vw, 525px\" \/><\/a><a href=\"http:\/\/burnoutcity.fi\/summer-activities\/church-boat-race\/kirkkovene-aktiviteetti\/\" rel=\"attachment wp-att-2255\"><img data-recalc-dims=\"1\" loading=\"lazy\" decoding=\"async\" class=\"alignnone size-large wp-image-2255\" src=\"https:\/\/i0.wp.com\/burnoutcity.fi\/wp-content\/uploads\/2011\/12\/kirkkovene-aktiviteetti-1024x682.jpg?resize=525%2C349\" alt=\"kirkkovene aktiviteetti\" width=\"525\" height=\"349\" srcset=\"https:\/\/i0.wp.com\/burnoutcity.fi\/wp-content\/uploads\/2011\/12\/kirkkovene-aktiviteetti.jpg?resize=1024%2C682&amp;ssl=1 1024w, https:\/\/i0.wp.com\/burnoutcity.fi\/wp-content\/uploads\/2011\/12\/kirkkovene-aktiviteetti.jpg?resize=300%2C200&amp;ssl=1 300w\" sizes=\"auto, (max-width: 525px) 100vw, 525px\" \/><\/a><a href=\"http:\/\/burnoutcity.fi\/summer-activities\/church-boat-race\/kirkkovenesoutu-2\/\" rel=\"attachment wp-att-2254\"><img data-recalc-dims=\"1\" loading=\"lazy\" decoding=\"async\" class=\"alignnone size-full wp-image-2254\" src=\"https:\/\/i0.wp.com\/burnoutcity.fi\/wp-content\/uploads\/2011\/12\/Kirkkovenesoutu.jpg?resize=525%2C394\" alt=\"Kirkkovenesoutu\" width=\"525\" height=\"394\" srcset=\"https:\/\/i0.wp.com\/burnoutcity.fi\/wp-content\/uploads\/2011\/12\/Kirkkovenesoutu.jpg?w=1024&amp;ssl=1 1024w, https:\/\/i0.wp.com\/burnoutcity.fi\/wp-content\/uploads\/2011\/12\/Kirkkovenesoutu.jpg?resize=300%2C225&amp;ssl=1 300w, https:\/\/i0.wp.com\/burnoutcity.fi\/wp-content\/uploads\/2011\/12\/Kirkkovenesoutu.jpg?resize=400%2C300&amp;ssl=1 400w\" sizes=\"auto, (max-width: 706px) 89vw, (max-width: 767px) 82vw, 740px\" \/><\/a><\/p>\n","protected":false},"excerpt":{"rendered":"<p>H\u00e4r g\u00e4ller det att ro i takt. En aktivitet d\u00e4r du direkt ser effekten av att alla ror \u00e5t samma h\u00e5ll. Ett perfekt s\u00e4tt att njuta av den vackra naturen. Vi ordnar l\u00e4ttsamma t\u00e4vlingar eller ekologisk sightseeing, beroende p\u00e5 vad ni vill ha f\u00f6r sorts aktivitet.\u00a0I en b\u00e5t ryms det 14 roddare samt en guide\/styrman. &hellip; <\/p>\n<p class=\"link-more\"><a href=\"https:\/\/burnoutcity.fi\/sv\/sommaraktiviteter\/kyrkbatsrodd\/\" class=\"more-link\">Forts\u00e4tt l\u00e4sa<span class=\"screen-reader-text\"> \u201dKyrkb\u00e5tsrodd\u201d<\/span><\/a><\/p>\n","protected":false},"author":3,"featured_media":2703,"parent":28,"menu_order":0,"comment_status":"open","ping_status":"open","template":"","meta":{"footnotes":""},"class_list":["post-238","page","type-page","status-publish","has-post-thumbnail","hentry"],"yoast_head":"<!-- This site is optimized with the Yoast SEO plugin v27.1.1 - https:\/\/yoast.com\/product\/yoast-seo-wordpress\/ -->\n<title>Kyrkb\u00e5tsrodd - Burn Out City Evets<\/title>\n<meta name=\"robots\" content=\"index, follow, max-snippet:-1, max-image-preview:large, max-video-preview:-1\" \/>\n<link rel=\"canonical\" href=\"https:\/\/burnoutcity.fi\/sv\/sommaraktiviteter\/kyrkbatsrodd\/\" \/>\n<meta property=\"og:locale\" content=\"sv_SE\" \/>\n<meta property=\"og:type\" content=\"article\" \/>\n<meta property=\"og:title\" content=\"Kyrkb\u00e5tsrodd - Burn Out City Evets\" \/>\n<meta property=\"og:description\" content=\"H\u00e4r g\u00e4ller det att ro i takt. En aktivitet d\u00e4r du direkt ser effekten av att alla ror \u00e5t samma h\u00e5ll. Ett perfekt s\u00e4tt att njuta av den vackra naturen. Vi ordnar l\u00e4ttsamma t\u00e4vlingar eller ekologisk sightseeing, beroende p\u00e5 vad ni vill ha f\u00f6r sorts aktivitet.\u00a0I en b\u00e5t ryms det 14 roddare samt en guide\/styrman. &hellip; Forts\u00e4tt l\u00e4sa \u201dKyrkb\u00e5tsrodd\u201d\" \/>\n<meta property=\"og:url\" content=\"https:\/\/burnoutcity.fi\/sv\/sommaraktiviteter\/kyrkbatsrodd\/\" \/>\n<meta property=\"og:site_name\" content=\"Burn Out City Evets\" \/>\n<meta property=\"article:publisher\" content=\"https:\/\/www.facebook.com\/burnoutcity\/\" \/>\n<meta property=\"article:modified_time\" content=\"2017-06-16T09:24:49+00:00\" \/>\n<meta property=\"og:image\" content=\"https:\/\/burnoutcity.fi\/wp-content\/uploads\/2016\/05\/cropped-kirkkovenesoutu.jpg\" \/>\n\t<meta property=\"og:image:width\" content=\"1000\" \/>\n\t<meta property=\"og:image:height\" content=\"288\" \/>\n\t<meta property=\"og:image:type\" content=\"image\/jpeg\" \/>\n<meta name=\"twitter:card\" content=\"summary_large_image\" \/>\n<meta name=\"twitter:label1\" content=\"Ber\u00e4knad l\u00e4stid\" \/>\n\t<meta name=\"twitter:data1\" content=\"1 minut\" \/>\n<script type=\"application\/ld+json\" class=\"yoast-schema-graph\">{\"@context\":\"https:\/\/schema.org\",\"@graph\":[{\"@type\":\"WebPage\",\"@id\":\"https:\/\/burnoutcity.fi\/sv\/sommaraktiviteter\/kyrkbatsrodd\/\",\"url\":\"https:\/\/burnoutcity.fi\/sv\/sommaraktiviteter\/kyrkbatsrodd\/\",\"name\":\"Kyrkb\u00e5tsrodd - Burn Out City Evets\",\"isPartOf\":{\"@id\":\"https:\/\/burnoutcity.fi\/sv\/#website\"},\"primaryImageOfPage\":{\"@id\":\"https:\/\/burnoutcity.fi\/sv\/sommaraktiviteter\/kyrkbatsrodd\/#primaryimage\"},\"image\":{\"@id\":\"https:\/\/burnoutcity.fi\/sv\/sommaraktiviteter\/kyrkbatsrodd\/#primaryimage\"},\"thumbnailUrl\":\"https:\/\/i0.wp.com\/burnoutcity.fi\/wp-content\/uploads\/2016\/05\/cropped-kirkkovenesoutu.jpg?fit=1000%2C288&ssl=1\",\"datePublished\":\"2011-11-28T07:44:58+00:00\",\"dateModified\":\"2017-06-16T09:24:49+00:00\",\"breadcrumb\":{\"@id\":\"https:\/\/burnoutcity.fi\/sv\/sommaraktiviteter\/kyrkbatsrodd\/#breadcrumb\"},\"inLanguage\":\"sv-SE\",\"potentialAction\":[{\"@type\":\"ReadAction\",\"target\":[\"https:\/\/burnoutcity.fi\/sv\/sommaraktiviteter\/kyrkbatsrodd\/\"]}]},{\"@type\":\"ImageObject\",\"inLanguage\":\"sv-SE\",\"@id\":\"https:\/\/burnoutcity.fi\/sv\/sommaraktiviteter\/kyrkbatsrodd\/#primaryimage\",\"url\":\"https:\/\/i0.wp.com\/burnoutcity.fi\/wp-content\/uploads\/2016\/05\/cropped-kirkkovenesoutu.jpg?fit=1000%2C288&ssl=1\",\"contentUrl\":\"https:\/\/i0.wp.com\/burnoutcity.fi\/wp-content\/uploads\/2016\/05\/cropped-kirkkovenesoutu.jpg?fit=1000%2C288&ssl=1\",\"width\":1000,\"height\":288},{\"@type\":\"BreadcrumbList\",\"@id\":\"https:\/\/burnoutcity.fi\/sv\/sommaraktiviteter\/kyrkbatsrodd\/#breadcrumb\",\"itemListElement\":[{\"@type\":\"ListItem\",\"position\":1,\"name\":\"Hem\",\"item\":\"https:\/\/burnoutcity.fi\/sv\/hem\/\"},{\"@type\":\"ListItem\",\"position\":2,\"name\":\"Sommaraktiviteter\",\"item\":\"https:\/\/burnoutcity.fi\/sv\/sommaraktiviteter\/\"},{\"@type\":\"ListItem\",\"position\":3,\"name\":\"Kyrkb\u00e5tsrodd\"}]},{\"@type\":\"WebSite\",\"@id\":\"https:\/\/burnoutcity.fi\/sv\/#website\",\"url\":\"https:\/\/burnoutcity.fi\/sv\/\",\"name\":\"Burn Out City\",\"description\":\"Corporate Events and activities for tourists in Helsinki and its archipelago\",\"publisher\":{\"@id\":\"https:\/\/burnoutcity.fi\/sv\/#organization\"},\"potentialAction\":[{\"@type\":\"SearchAction\",\"target\":{\"@type\":\"EntryPoint\",\"urlTemplate\":\"https:\/\/burnoutcity.fi\/sv\/?s={search_term_string}\"},\"query-input\":{\"@type\":\"PropertyValueSpecification\",\"valueRequired\":true,\"valueName\":\"search_term_string\"}}],\"inLanguage\":\"sv-SE\"},{\"@type\":\"Organization\",\"@id\":\"https:\/\/burnoutcity.fi\/sv\/#organization\",\"name\":\"Burn Out City Events\",\"url\":\"https:\/\/burnoutcity.fi\/sv\/\",\"logo\":{\"@type\":\"ImageObject\",\"inLanguage\":\"sv-SE\",\"@id\":\"https:\/\/burnoutcity.fi\/sv\/#\/schema\/logo\/image\/\",\"url\":\"https:\/\/i0.wp.com\/burnoutcity.fi\/wp-content\/uploads\/2018\/11\/BOC-logo-transparent.png?fit=1465%2C323&ssl=1\",\"contentUrl\":\"https:\/\/i0.wp.com\/burnoutcity.fi\/wp-content\/uploads\/2018\/11\/BOC-logo-transparent.png?fit=1465%2C323&ssl=1\",\"width\":1465,\"height\":323,\"caption\":\"Burn Out City Events\"},\"image\":{\"@id\":\"https:\/\/burnoutcity.fi\/sv\/#\/schema\/logo\/image\/\"},\"sameAs\":[\"https:\/\/www.facebook.com\/burnoutcity\/\",\"https:\/\/www.instagram.com\/burnoutcity\/\",\"https:\/\/www.linkedin.com\/company\/9238482\/\",\"https:\/\/www.youtube.com\/channel\/UC0tYOONmt9dhZCEEyFzGj-Q\"]}]}<\/script>\n<!-- \/ Yoast SEO plugin. -->","yoast_head_json":{"title":"Kyrkb\u00e5tsrodd - Burn Out City Evets","robots":{"index":"index","follow":"follow","max-snippet":"max-snippet:-1","max-image-preview":"max-image-preview:large","max-video-preview":"max-video-preview:-1"},"canonical":"https:\/\/burnoutcity.fi\/sv\/sommaraktiviteter\/kyrkbatsrodd\/","og_locale":"sv_SE","og_type":"article","og_title":"Kyrkb\u00e5tsrodd - Burn Out City Evets","og_description":"H\u00e4r g\u00e4ller det att ro i takt. En aktivitet d\u00e4r du direkt ser effekten av att alla ror \u00e5t samma h\u00e5ll. Ett perfekt s\u00e4tt att njuta av den vackra naturen. Vi ordnar l\u00e4ttsamma t\u00e4vlingar eller ekologisk sightseeing, beroende p\u00e5 vad ni vill ha f\u00f6r sorts aktivitet.\u00a0I en b\u00e5t ryms det 14 roddare samt en guide\/styrman. &hellip; Forts\u00e4tt l\u00e4sa \u201dKyrkb\u00e5tsrodd\u201d","og_url":"https:\/\/burnoutcity.fi\/sv\/sommaraktiviteter\/kyrkbatsrodd\/","og_site_name":"Burn Out City Evets","article_publisher":"https:\/\/www.facebook.com\/burnoutcity\/","article_modified_time":"2017-06-16T09:24:49+00:00","og_image":[{"width":1000,"height":288,"url":"https:\/\/burnoutcity.fi\/wp-content\/uploads\/2016\/05\/cropped-kirkkovenesoutu.jpg","type":"image\/jpeg"}],"twitter_card":"summary_large_image","twitter_misc":{"Ber\u00e4knad l\u00e4stid":"1 minut"},"schema":{"@context":"https:\/\/schema.org","@graph":[{"@type":"WebPage","@id":"https:\/\/burnoutcity.fi\/sv\/sommaraktiviteter\/kyrkbatsrodd\/","url":"https:\/\/burnoutcity.fi\/sv\/sommaraktiviteter\/kyrkbatsrodd\/","name":"Kyrkb\u00e5tsrodd - Burn Out City Evets","isPartOf":{"@id":"https:\/\/burnoutcity.fi\/sv\/#website"},"primaryImageOfPage":{"@id":"https:\/\/burnoutcity.fi\/sv\/sommaraktiviteter\/kyrkbatsrodd\/#primaryimage"},"image":{"@id":"https:\/\/burnoutcity.fi\/sv\/sommaraktiviteter\/kyrkbatsrodd\/#primaryimage"},"thumbnailUrl":"https:\/\/i0.wp.com\/burnoutcity.fi\/wp-content\/uploads\/2016\/05\/cropped-kirkkovenesoutu.jpg?fit=1000%2C288&ssl=1","datePublished":"2011-11-28T07:44:58+00:00","dateModified":"2017-06-16T09:24:49+00:00","breadcrumb":{"@id":"https:\/\/burnoutcity.fi\/sv\/sommaraktiviteter\/kyrkbatsrodd\/#breadcrumb"},"inLanguage":"sv-SE","potentialAction":[{"@type":"ReadAction","target":["https:\/\/burnoutcity.fi\/sv\/sommaraktiviteter\/kyrkbatsrodd\/"]}]},{"@type":"ImageObject","inLanguage":"sv-SE","@id":"https:\/\/burnoutcity.fi\/sv\/sommaraktiviteter\/kyrkbatsrodd\/#primaryimage","url":"https:\/\/i0.wp.com\/burnoutcity.fi\/wp-content\/uploads\/2016\/05\/cropped-kirkkovenesoutu.jpg?fit=1000%2C288&ssl=1","contentUrl":"https:\/\/i0.wp.com\/burnoutcity.fi\/wp-content\/uploads\/2016\/05\/cropped-kirkkovenesoutu.jpg?fit=1000%2C288&ssl=1","width":1000,"height":288},{"@type":"BreadcrumbList","@id":"https:\/\/burnoutcity.fi\/sv\/sommaraktiviteter\/kyrkbatsrodd\/#breadcrumb","itemListElement":[{"@type":"ListItem","position":1,"name":"Hem","item":"https:\/\/burnoutcity.fi\/sv\/hem\/"},{"@type":"ListItem","position":2,"name":"Sommaraktiviteter","item":"https:\/\/burnoutcity.fi\/sv\/sommaraktiviteter\/"},{"@type":"ListItem","position":3,"name":"Kyrkb\u00e5tsrodd"}]},{"@type":"WebSite","@id":"https:\/\/burnoutcity.fi\/sv\/#website","url":"https:\/\/burnoutcity.fi\/sv\/","name":"Burn Out City","description":"Corporate Events and activities for tourists in Helsinki and its archipelago","publisher":{"@id":"https:\/\/burnoutcity.fi\/sv\/#organization"},"potentialAction":[{"@type":"SearchAction","target":{"@type":"EntryPoint","urlTemplate":"https:\/\/burnoutcity.fi\/sv\/?s={search_term_string}"},"query-input":{"@type":"PropertyValueSpecification","valueRequired":true,"valueName":"search_term_string"}}],"inLanguage":"sv-SE"},{"@type":"Organization","@id":"https:\/\/burnoutcity.fi\/sv\/#organization","name":"Burn Out City Events","url":"https:\/\/burnoutcity.fi\/sv\/","logo":{"@type":"ImageObject","inLanguage":"sv-SE","@id":"https:\/\/burnoutcity.fi\/sv\/#\/schema\/logo\/image\/","url":"https:\/\/i0.wp.com\/burnoutcity.fi\/wp-content\/uploads\/2018\/11\/BOC-logo-transparent.png?fit=1465%2C323&ssl=1","contentUrl":"https:\/\/i0.wp.com\/burnoutcity.fi\/wp-content\/uploads\/2018\/11\/BOC-logo-transparent.png?fit=1465%2C323&ssl=1","width":1465,"height":323,"caption":"Burn Out City Events"},"image":{"@id":"https:\/\/burnoutcity.fi\/sv\/#\/schema\/logo\/image\/"},"sameAs":["https:\/\/www.facebook.com\/burnoutcity\/","https:\/\/www.instagram.com\/burnoutcity\/","https:\/\/www.linkedin.com\/company\/9238482\/","https:\/\/www.youtube.com\/channel\/UC0tYOONmt9dhZCEEyFzGj-Q"]}]}},"jetpack_sharing_enabled":true,"_links":{"self":[{"href":"https:\/\/burnoutcity.fi\/sv\/wp-json\/wp\/v2\/pages\/238","targetHints":{"allow":["GET"]}}],"collection":[{"href":"https:\/\/burnoutcity.fi\/sv\/wp-json\/wp\/v2\/pages"}],"about":[{"href":"https:\/\/burnoutcity.fi\/sv\/wp-json\/wp\/v2\/types\/page"}],"author":[{"embeddable":true,"href":"https:\/\/burnoutcity.fi\/sv\/wp-json\/wp\/v2\/users\/3"}],"replies":[{"embeddable":true,"href":"https:\/\/burnoutcity.fi\/sv\/wp-json\/wp\/v2\/comments?post=238"}],"version-history":[{"count":10,"href":"https:\/\/burnoutcity.fi\/sv\/wp-json\/wp\/v2\/pages\/238\/revisions"}],"predecessor-version":[{"id":3014,"href":"https:\/\/burnoutcity.fi\/sv\/wp-json\/wp\/v2\/pages\/238\/revisions\/3014"}],"up":[{"embeddable":true,"href":"https:\/\/burnoutcity.fi\/sv\/wp-json\/wp\/v2\/pages\/28"}],"wp:featuredmedia":[{"embeddable":true,"href":"https:\/\/burnoutcity.fi\/sv\/wp-json\/wp\/v2\/media\/2703"}],"wp:attachment":[{"href":"https:\/\/burnoutcity.fi\/sv\/wp-json\/wp\/v2\/media?parent=238"}],"curies":[{"name":"wp","href":"https:\/\/api.w.org\/{rel}","templated":true}]}}