{"id":240,"date":"2011-11-28T10:02:18","date_gmt":"2011-11-28T08:02:18","guid":{"rendered":"http:\/\/burnoutcity.fi\/?page_id=240"},"modified":"2016-12-12T12:50:50","modified_gmt":"2016-12-12T10:50:50","slug":"frisbeegolf","status":"publish","type":"page","link":"https:\/\/burnoutcity.fi\/sv\/sommaraktiviteter\/frisbeegolf\/","title":{"rendered":"Frisbeegolf"},"content":{"rendered":"<p>Frisbeegolf \u00e4r en sport som spelas med en disc. M\u00e5let \u00e4r att spela en bana fr\u00e5n b\u00f6rjan till slut med s\u00e5 f\u00e5 kast som m\u00f6jligt. Frisbeegolf kan spelas i p\u00e5 olika h\u00e5ll i s\u00e5v\u00e4l parker som discgolfbanor.<\/p>\n<p>Med v\u00e5ra frisbeespelares hj\u00e4lp finner ni l\u00e4tt den kastteknik som passar er. Aktiviteten kan spelas sommar och vintertid. M\u00f6rkret \u00e4r inte heller ett hinder f\u00f6r denna aktivitet, d\u00e5 vi anv\u00e4nder ledlampor f\u00f6r att markera korgar och pannlampor f\u00f6r att se var man stiger! Denna aktivitet tar ca 2 timmar. Med v\u00e5ra b\u00e4rbara korgar s\u00e5 kan denna aktivitet spelas n\u00e4stan var ni \u00e4n vill.<\/p>\n<p><a href=\"http:\/\/burnoutcity.fi\/kesaaktiviteetit\/frisbee-golf\/frisbee-golf-kulosaari\/\" rel=\"attachment wp-att-2436\"><img data-recalc-dims=\"1\" loading=\"lazy\" decoding=\"async\" class=\"alignnone size-large wp-image-2436\" src=\"https:\/\/i0.wp.com\/burnoutcity.fi\/wp-content\/uploads\/2011\/12\/Frisbee-golf-kulosaari-1024x683.jpg?resize=525%2C351\" alt=\"Frisbee golf kulosaari\" width=\"525\" height=\"351\" srcset=\"https:\/\/i0.wp.com\/burnoutcity.fi\/wp-content\/uploads\/2011\/12\/Frisbee-golf-kulosaari.jpg?resize=1024%2C683&amp;ssl=1 1024w, https:\/\/i0.wp.com\/burnoutcity.fi\/wp-content\/uploads\/2011\/12\/Frisbee-golf-kulosaari.jpg?resize=300%2C200&amp;ssl=1 300w, https:\/\/i0.wp.com\/burnoutcity.fi\/wp-content\/uploads\/2011\/12\/Frisbee-golf-kulosaari.jpg?resize=450%2C300&amp;ssl=1 450w, https:\/\/i0.wp.com\/burnoutcity.fi\/wp-content\/uploads\/2011\/12\/Frisbee-golf-kulosaari.jpg?w=1575&amp;ssl=1 1575w\" sizes=\"auto, (max-width: 525px) 100vw, 525px\" \/><\/a><a href=\"http:\/\/burnoutcity.fi\/kesaaktiviteetit\/frisbee-golf\/frisbee-golf-kaivopuisto\/\" rel=\"attachment wp-att-2435\"><img data-recalc-dims=\"1\" loading=\"lazy\" decoding=\"async\" class=\"alignnone size-large wp-image-2435\" src=\"https:\/\/i0.wp.com\/burnoutcity.fi\/wp-content\/uploads\/2011\/12\/Frisbee-golf-Kaivopuisto-1024x683.jpg?resize=525%2C351\" alt=\"Frisbee golf Kaivopuisto\" width=\"525\" height=\"351\" srcset=\"https:\/\/i0.wp.com\/burnoutcity.fi\/wp-content\/uploads\/2011\/12\/Frisbee-golf-Kaivopuisto.jpg?resize=1024%2C683&amp;ssl=1 1024w, https:\/\/i0.wp.com\/burnoutcity.fi\/wp-content\/uploads\/2011\/12\/Frisbee-golf-Kaivopuisto.jpg?resize=300%2C200&amp;ssl=1 300w, https:\/\/i0.wp.com\/burnoutcity.fi\/wp-content\/uploads\/2011\/12\/Frisbee-golf-Kaivopuisto.jpg?resize=450%2C300&amp;ssl=1 450w, https:\/\/i0.wp.com\/burnoutcity.fi\/wp-content\/uploads\/2011\/12\/Frisbee-golf-Kaivopuisto.jpg?w=1575&amp;ssl=1 1575w\" sizes=\"auto, (max-width: 525px) 100vw, 525px\" \/><\/a><a href=\"http:\/\/burnoutcity.fi\/kesaaktiviteetit\/frisbee-golf\/frisbee-golf-tapahtuma\/\" rel=\"attachment wp-att-2437\"><img data-recalc-dims=\"1\" loading=\"lazy\" decoding=\"async\" class=\"alignnone size-large wp-image-2437\" src=\"https:\/\/i0.wp.com\/burnoutcity.fi\/wp-content\/uploads\/2011\/12\/Frisbee-golf-tapahtuma-1024x683.jpg?resize=525%2C351\" alt=\"Frisbee golf tapahtuma\" width=\"525\" height=\"351\" srcset=\"https:\/\/i0.wp.com\/burnoutcity.fi\/wp-content\/uploads\/2011\/12\/Frisbee-golf-tapahtuma.jpg?w=1024&amp;ssl=1 1024w, https:\/\/i0.wp.com\/burnoutcity.fi\/wp-content\/uploads\/2011\/12\/Frisbee-golf-tapahtuma.jpg?resize=300%2C200&amp;ssl=1 300w, https:\/\/i0.wp.com\/burnoutcity.fi\/wp-content\/uploads\/2011\/12\/Frisbee-golf-tapahtuma.jpg?resize=450%2C300&amp;ssl=1 450w\" sizes=\"auto, (max-width: 525px) 100vw, 525px\" \/><\/a><a href=\"http:\/\/burnoutcity.fi\/kesaaktiviteetit\/frisbee-golf\/disc-golf-ohjattu-aktiviteetti\/\" rel=\"attachment wp-att-2431\"><img data-recalc-dims=\"1\" loading=\"lazy\" decoding=\"async\" class=\"alignnone size-large wp-image-2431\" src=\"https:\/\/i0.wp.com\/burnoutcity.fi\/wp-content\/uploads\/2011\/12\/Disc-golf-ohjattu-aktiviteetti-1024x683.jpg?resize=525%2C351\" alt=\"Disc golf ohjattu aktiviteetti\" width=\"525\" height=\"351\" srcset=\"https:\/\/i0.wp.com\/burnoutcity.fi\/wp-content\/uploads\/2011\/12\/Disc-golf-ohjattu-aktiviteetti.jpg?w=1024&amp;ssl=1 1024w, https:\/\/i0.wp.com\/burnoutcity.fi\/wp-content\/uploads\/2011\/12\/Disc-golf-ohjattu-aktiviteetti.jpg?resize=300%2C200&amp;ssl=1 300w, https:\/\/i0.wp.com\/burnoutcity.fi\/wp-content\/uploads\/2011\/12\/Disc-golf-ohjattu-aktiviteetti.jpg?resize=450%2C300&amp;ssl=1 450w\" sizes=\"auto, (max-width: 525px) 100vw, 525px\" \/><\/a><a href=\"http:\/\/burnoutcity.fi\/kesaaktiviteetit\/frisbee-golf\/frisbee-golf-event\/\" rel=\"attachment wp-att-2434\"><img data-recalc-dims=\"1\" loading=\"lazy\" decoding=\"async\" class=\"alignnone size-large wp-image-2434\" src=\"https:\/\/i0.wp.com\/burnoutcity.fi\/wp-content\/uploads\/2011\/12\/Frisbee-golf-event-1024x683.jpg?resize=525%2C351\" alt=\"Frisbee golf event\" width=\"525\" height=\"351\" srcset=\"https:\/\/i0.wp.com\/burnoutcity.fi\/wp-content\/uploads\/2011\/12\/Frisbee-golf-event.jpg?resize=1024%2C683&amp;ssl=1 1024w, https:\/\/i0.wp.com\/burnoutcity.fi\/wp-content\/uploads\/2011\/12\/Frisbee-golf-event.jpg?resize=300%2C200&amp;ssl=1 300w, https:\/\/i0.wp.com\/burnoutcity.fi\/wp-content\/uploads\/2011\/12\/Frisbee-golf-event.jpg?resize=450%2C300&amp;ssl=1 450w, https:\/\/i0.wp.com\/burnoutcity.fi\/wp-content\/uploads\/2011\/12\/Frisbee-golf-event.jpg?w=1575&amp;ssl=1 1575w\" sizes=\"auto, (max-width: 525px) 100vw, 525px\" \/><\/a><a href=\"http:\/\/burnoutcity.fi\/kesaaktiviteetit\/frisbee-golf\/frisbee-golf-burn-out-city\/\" rel=\"attachment wp-att-2433\"><img data-recalc-dims=\"1\" loading=\"lazy\" decoding=\"async\" class=\"alignnone size-large wp-image-2433\" src=\"https:\/\/i0.wp.com\/burnoutcity.fi\/wp-content\/uploads\/2011\/12\/Frisbee-golf-Burn-Out-City-1024x683.jpg?resize=525%2C351\" alt=\"Frisbee golf Burn Out City\" width=\"525\" height=\"351\" srcset=\"https:\/\/i0.wp.com\/burnoutcity.fi\/wp-content\/uploads\/2011\/12\/Frisbee-golf-Burn-Out-City.jpg?resize=1024%2C683&amp;ssl=1 1024w, https:\/\/i0.wp.com\/burnoutcity.fi\/wp-content\/uploads\/2011\/12\/Frisbee-golf-Burn-Out-City.jpg?resize=300%2C200&amp;ssl=1 300w, https:\/\/i0.wp.com\/burnoutcity.fi\/wp-content\/uploads\/2011\/12\/Frisbee-golf-Burn-Out-City.jpg?resize=450%2C300&amp;ssl=1 450w, https:\/\/i0.wp.com\/burnoutcity.fi\/wp-content\/uploads\/2011\/12\/Frisbee-golf-Burn-Out-City.jpg?w=1575&amp;ssl=1 1575w\" sizes=\"auto, (max-width: 525px) 100vw, 525px\" \/><\/a><a href=\"http:\/\/burnoutcity.fi\/kesaaktiviteetit\/frisbee-golf\/discgolf-events\/\" rel=\"attachment wp-att-2432\"><img data-recalc-dims=\"1\" loading=\"lazy\" decoding=\"async\" class=\"alignnone size-large wp-image-2432\" src=\"https:\/\/i0.wp.com\/burnoutcity.fi\/wp-content\/uploads\/2011\/12\/Discgolf-events-1024x683.jpg?resize=525%2C351\" alt=\"Discgolf events\" width=\"525\" height=\"351\" srcset=\"https:\/\/i0.wp.com\/burnoutcity.fi\/wp-content\/uploads\/2011\/12\/Discgolf-events.jpg?resize=1024%2C683&amp;ssl=1 1024w, https:\/\/i0.wp.com\/burnoutcity.fi\/wp-content\/uploads\/2011\/12\/Discgolf-events.jpg?resize=300%2C200&amp;ssl=1 300w, https:\/\/i0.wp.com\/burnoutcity.fi\/wp-content\/uploads\/2011\/12\/Discgolf-events.jpg?resize=450%2C300&amp;ssl=1 450w, https:\/\/i0.wp.com\/burnoutcity.fi\/wp-content\/uploads\/2011\/12\/Discgolf-events.jpg?w=1575&amp;ssl=1 1575w\" sizes=\"auto, (max-width: 525px) 100vw, 525px\" \/><\/a><\/p>\n<p>Frisbeegolf g\u00e5r ocks\u00e5 att kombinera med sn\u00f6skor vintertid!<\/p>\n<p><a href=\"https:\/\/i0.wp.com\/burnoutcity.fi\/wp-content\/uploads\/2012\/11\/winter-discgolf.jpg\"><img data-recalc-dims=\"1\" loading=\"lazy\" decoding=\"async\" class=\"alignnone wp-image-1399 size-full\" title=\"winter discgolf\" src=\"https:\/\/i0.wp.com\/burnoutcity.fi\/wp-content\/uploads\/2012\/11\/winter-discgolf.jpg?resize=525%2C350\" alt=\"\" width=\"525\" height=\"350\" srcset=\"https:\/\/i0.wp.com\/burnoutcity.fi\/wp-content\/uploads\/2012\/11\/winter-discgolf.jpg?w=960&amp;ssl=1 960w, https:\/\/i0.wp.com\/burnoutcity.fi\/wp-content\/uploads\/2012\/11\/winter-discgolf.jpg?resize=300%2C200&amp;ssl=1 300w, https:\/\/i0.wp.com\/burnoutcity.fi\/wp-content\/uploads\/2012\/11\/winter-discgolf.jpg?resize=450%2C300&amp;ssl=1 450w\" sizes=\"auto, (max-width: 706px) 89vw, (max-width: 767px) 82vw, 740px\" \/><\/a>\u00a0<a href=\"https:\/\/i0.wp.com\/burnoutcity.fi\/wp-content\/uploads\/2012\/11\/frisbeegolf-aktiviteetti1.jpg\"><img data-recalc-dims=\"1\" loading=\"lazy\" decoding=\"async\" class=\"alignnone wp-image-1376 size-full\" title=\"frisbeegolf aktiviteetti\" src=\"https:\/\/i0.wp.com\/burnoutcity.fi\/wp-content\/uploads\/2012\/11\/frisbeegolf-aktiviteetti1.jpg?resize=525%2C372\" alt=\"\" width=\"525\" height=\"372\" srcset=\"https:\/\/i0.wp.com\/burnoutcity.fi\/wp-content\/uploads\/2012\/11\/frisbeegolf-aktiviteetti1.jpg?w=920&amp;ssl=1 920w, https:\/\/i0.wp.com\/burnoutcity.fi\/wp-content\/uploads\/2012\/11\/frisbeegolf-aktiviteetti1.jpg?resize=300%2C212&amp;ssl=1 300w, https:\/\/i0.wp.com\/burnoutcity.fi\/wp-content\/uploads\/2012\/11\/frisbeegolf-aktiviteetti1.jpg?resize=423%2C300&amp;ssl=1 423w\" sizes=\"auto, (max-width: 706px) 89vw, (max-width: 767px) 82vw, 740px\" \/><\/a><a href=\"https:\/\/i0.wp.com\/burnoutcity.fi\/wp-content\/uploads\/2012\/11\/frisbeegolf-helsinki1.jpg\"><img data-recalc-dims=\"1\" loading=\"lazy\" decoding=\"async\" class=\"alignnone wp-image-1377 size-full\" title=\"frisbeegolf helsinki\" src=\"https:\/\/i0.wp.com\/burnoutcity.fi\/wp-content\/uploads\/2012\/11\/frisbeegolf-helsinki1.jpg?resize=525%2C670\" alt=\"\" width=\"525\" height=\"670\" srcset=\"https:\/\/i0.wp.com\/burnoutcity.fi\/wp-content\/uploads\/2012\/11\/frisbeegolf-helsinki1.jpg?w=559&amp;ssl=1 559w, https:\/\/i0.wp.com\/burnoutcity.fi\/wp-content\/uploads\/2012\/11\/frisbeegolf-helsinki1.jpg?resize=235%2C300&amp;ssl=1 235w\" sizes=\"auto, (max-width: 525px) 100vw, 525px\" \/><\/a><\/p>\n","protected":false},"excerpt":{"rendered":"<p>Frisbeegolf \u00e4r en sport som spelas med en disc. M\u00e5let \u00e4r att spela en bana fr\u00e5n b\u00f6rjan till slut med s\u00e5 f\u00e5 kast som m\u00f6jligt. Frisbeegolf kan spelas i p\u00e5 olika h\u00e5ll i s\u00e5v\u00e4l parker som discgolfbanor. Med v\u00e5ra frisbeespelares hj\u00e4lp finner ni l\u00e4tt den kastteknik som passar er. Aktiviteten kan spelas sommar och vintertid. &hellip; <\/p>\n<p class=\"link-more\"><a href=\"https:\/\/burnoutcity.fi\/sv\/sommaraktiviteter\/frisbeegolf\/\" class=\"more-link\">Forts\u00e4tt l\u00e4sa<span class=\"screen-reader-text\"> \u201dFrisbeegolf\u201d<\/span><\/a><\/p>\n","protected":false},"author":3,"featured_media":2437,"parent":28,"menu_order":0,"comment_status":"open","ping_status":"open","template":"","meta":{"footnotes":""},"class_list":["post-240","page","type-page","status-publish","has-post-thumbnail","hentry"],"yoast_head":"<!-- This site is optimized with the Yoast SEO plugin v27.1.1 - https:\/\/yoast.com\/product\/yoast-seo-wordpress\/ -->\n<title>Frisbeegolf - Burn Out City Evets<\/title>\n<meta name=\"robots\" content=\"index, follow, max-snippet:-1, max-image-preview:large, max-video-preview:-1\" \/>\n<link rel=\"canonical\" href=\"https:\/\/burnoutcity.fi\/sv\/sommaraktiviteter\/frisbeegolf\/\" \/>\n<meta property=\"og:locale\" content=\"sv_SE\" \/>\n<meta property=\"og:type\" content=\"article\" \/>\n<meta property=\"og:title\" content=\"Frisbeegolf - Burn Out City Evets\" \/>\n<meta property=\"og:description\" content=\"Frisbeegolf \u00e4r en sport som spelas med en disc. M\u00e5let \u00e4r att spela en bana fr\u00e5n b\u00f6rjan till slut med s\u00e5 f\u00e5 kast som m\u00f6jligt. Frisbeegolf kan spelas i p\u00e5 olika h\u00e5ll i s\u00e5v\u00e4l parker som discgolfbanor. Med v\u00e5ra frisbeespelares hj\u00e4lp finner ni l\u00e4tt den kastteknik som passar er. Aktiviteten kan spelas sommar och vintertid. &hellip; Forts\u00e4tt l\u00e4sa \u201dFrisbeegolf\u201d\" \/>\n<meta property=\"og:url\" content=\"https:\/\/burnoutcity.fi\/sv\/sommaraktiviteter\/frisbeegolf\/\" \/>\n<meta property=\"og:site_name\" content=\"Burn Out City Evets\" \/>\n<meta property=\"article:publisher\" content=\"https:\/\/www.facebook.com\/burnoutcity\/\" \/>\n<meta property=\"article:modified_time\" content=\"2016-12-12T10:50:50+00:00\" \/>\n<meta property=\"og:image\" content=\"https:\/\/burnoutcity.fi\/wp-content\/uploads\/2011\/12\/Frisbee-golf-tapahtuma.jpg\" \/>\n\t<meta property=\"og:image:width\" content=\"1024\" \/>\n\t<meta property=\"og:image:height\" content=\"683\" \/>\n\t<meta property=\"og:image:type\" content=\"image\/jpeg\" \/>\n<meta name=\"twitter:card\" content=\"summary_large_image\" \/>\n<meta name=\"twitter:label1\" content=\"Ber\u00e4knad l\u00e4stid\" \/>\n\t<meta name=\"twitter:data1\" content=\"1 minut\" \/>\n<script type=\"application\/ld+json\" class=\"yoast-schema-graph\">{\"@context\":\"https:\/\/schema.org\",\"@graph\":[{\"@type\":\"WebPage\",\"@id\":\"https:\/\/burnoutcity.fi\/sv\/sommaraktiviteter\/frisbeegolf\/\",\"url\":\"https:\/\/burnoutcity.fi\/sv\/sommaraktiviteter\/frisbeegolf\/\",\"name\":\"Frisbeegolf - Burn Out City Evets\",\"isPartOf\":{\"@id\":\"https:\/\/burnoutcity.fi\/sv\/#website\"},\"primaryImageOfPage\":{\"@id\":\"https:\/\/burnoutcity.fi\/sv\/sommaraktiviteter\/frisbeegolf\/#primaryimage\"},\"image\":{\"@id\":\"https:\/\/burnoutcity.fi\/sv\/sommaraktiviteter\/frisbeegolf\/#primaryimage\"},\"thumbnailUrl\":\"https:\/\/i0.wp.com\/burnoutcity.fi\/wp-content\/uploads\/2011\/12\/Frisbee-golf-tapahtuma.jpg?fit=1024%2C683&ssl=1\",\"datePublished\":\"2011-11-28T08:02:18+00:00\",\"dateModified\":\"2016-12-12T10:50:50+00:00\",\"breadcrumb\":{\"@id\":\"https:\/\/burnoutcity.fi\/sv\/sommaraktiviteter\/frisbeegolf\/#breadcrumb\"},\"inLanguage\":\"sv-SE\",\"potentialAction\":[{\"@type\":\"ReadAction\",\"target\":[\"https:\/\/burnoutcity.fi\/sv\/sommaraktiviteter\/frisbeegolf\/\"]}]},{\"@type\":\"ImageObject\",\"inLanguage\":\"sv-SE\",\"@id\":\"https:\/\/burnoutcity.fi\/sv\/sommaraktiviteter\/frisbeegolf\/#primaryimage\",\"url\":\"https:\/\/i0.wp.com\/burnoutcity.fi\/wp-content\/uploads\/2011\/12\/Frisbee-golf-tapahtuma.jpg?fit=1024%2C683&ssl=1\",\"contentUrl\":\"https:\/\/i0.wp.com\/burnoutcity.fi\/wp-content\/uploads\/2011\/12\/Frisbee-golf-tapahtuma.jpg?fit=1024%2C683&ssl=1\",\"width\":1024,\"height\":683},{\"@type\":\"BreadcrumbList\",\"@id\":\"https:\/\/burnoutcity.fi\/sv\/sommaraktiviteter\/frisbeegolf\/#breadcrumb\",\"itemListElement\":[{\"@type\":\"ListItem\",\"position\":1,\"name\":\"Hem\",\"item\":\"https:\/\/burnoutcity.fi\/sv\/hem\/\"},{\"@type\":\"ListItem\",\"position\":2,\"name\":\"Sommaraktiviteter\",\"item\":\"https:\/\/burnoutcity.fi\/sv\/sommaraktiviteter\/\"},{\"@type\":\"ListItem\",\"position\":3,\"name\":\"Frisbeegolf\"}]},{\"@type\":\"WebSite\",\"@id\":\"https:\/\/burnoutcity.fi\/sv\/#website\",\"url\":\"https:\/\/burnoutcity.fi\/sv\/\",\"name\":\"Burn Out City\",\"description\":\"Corporate Events and activities for tourists in Helsinki and its archipelago\",\"publisher\":{\"@id\":\"https:\/\/burnoutcity.fi\/sv\/#organization\"},\"potentialAction\":[{\"@type\":\"SearchAction\",\"target\":{\"@type\":\"EntryPoint\",\"urlTemplate\":\"https:\/\/burnoutcity.fi\/sv\/?s={search_term_string}\"},\"query-input\":{\"@type\":\"PropertyValueSpecification\",\"valueRequired\":true,\"valueName\":\"search_term_string\"}}],\"inLanguage\":\"sv-SE\"},{\"@type\":\"Organization\",\"@id\":\"https:\/\/burnoutcity.fi\/sv\/#organization\",\"name\":\"Burn Out City Events\",\"url\":\"https:\/\/burnoutcity.fi\/sv\/\",\"logo\":{\"@type\":\"ImageObject\",\"inLanguage\":\"sv-SE\",\"@id\":\"https:\/\/burnoutcity.fi\/sv\/#\/schema\/logo\/image\/\",\"url\":\"https:\/\/i0.wp.com\/burnoutcity.fi\/wp-content\/uploads\/2018\/11\/BOC-logo-transparent.png?fit=1465%2C323&ssl=1\",\"contentUrl\":\"https:\/\/i0.wp.com\/burnoutcity.fi\/wp-content\/uploads\/2018\/11\/BOC-logo-transparent.png?fit=1465%2C323&ssl=1\",\"width\":1465,\"height\":323,\"caption\":\"Burn Out City Events\"},\"image\":{\"@id\":\"https:\/\/burnoutcity.fi\/sv\/#\/schema\/logo\/image\/\"},\"sameAs\":[\"https:\/\/www.facebook.com\/burnoutcity\/\",\"https:\/\/www.instagram.com\/burnoutcity\/\",\"https:\/\/www.linkedin.com\/company\/9238482\/\",\"https:\/\/www.youtube.com\/channel\/UC0tYOONmt9dhZCEEyFzGj-Q\"]}]}<\/script>\n<!-- \/ Yoast SEO plugin. -->","yoast_head_json":{"title":"Frisbeegolf - Burn Out City Evets","robots":{"index":"index","follow":"follow","max-snippet":"max-snippet:-1","max-image-preview":"max-image-preview:large","max-video-preview":"max-video-preview:-1"},"canonical":"https:\/\/burnoutcity.fi\/sv\/sommaraktiviteter\/frisbeegolf\/","og_locale":"sv_SE","og_type":"article","og_title":"Frisbeegolf - Burn Out City Evets","og_description":"Frisbeegolf \u00e4r en sport som spelas med en disc. M\u00e5let \u00e4r att spela en bana fr\u00e5n b\u00f6rjan till slut med s\u00e5 f\u00e5 kast som m\u00f6jligt. Frisbeegolf kan spelas i p\u00e5 olika h\u00e5ll i s\u00e5v\u00e4l parker som discgolfbanor. Med v\u00e5ra frisbeespelares hj\u00e4lp finner ni l\u00e4tt den kastteknik som passar er. Aktiviteten kan spelas sommar och vintertid. &hellip; Forts\u00e4tt l\u00e4sa \u201dFrisbeegolf\u201d","og_url":"https:\/\/burnoutcity.fi\/sv\/sommaraktiviteter\/frisbeegolf\/","og_site_name":"Burn Out City Evets","article_publisher":"https:\/\/www.facebook.com\/burnoutcity\/","article_modified_time":"2016-12-12T10:50:50+00:00","og_image":[{"width":1024,"height":683,"url":"https:\/\/burnoutcity.fi\/wp-content\/uploads\/2011\/12\/Frisbee-golf-tapahtuma.jpg","type":"image\/jpeg"}],"twitter_card":"summary_large_image","twitter_misc":{"Ber\u00e4knad l\u00e4stid":"1 minut"},"schema":{"@context":"https:\/\/schema.org","@graph":[{"@type":"WebPage","@id":"https:\/\/burnoutcity.fi\/sv\/sommaraktiviteter\/frisbeegolf\/","url":"https:\/\/burnoutcity.fi\/sv\/sommaraktiviteter\/frisbeegolf\/","name":"Frisbeegolf - Burn Out City Evets","isPartOf":{"@id":"https:\/\/burnoutcity.fi\/sv\/#website"},"primaryImageOfPage":{"@id":"https:\/\/burnoutcity.fi\/sv\/sommaraktiviteter\/frisbeegolf\/#primaryimage"},"image":{"@id":"https:\/\/burnoutcity.fi\/sv\/sommaraktiviteter\/frisbeegolf\/#primaryimage"},"thumbnailUrl":"https:\/\/i0.wp.com\/burnoutcity.fi\/wp-content\/uploads\/2011\/12\/Frisbee-golf-tapahtuma.jpg?fit=1024%2C683&ssl=1","datePublished":"2011-11-28T08:02:18+00:00","dateModified":"2016-12-12T10:50:50+00:00","breadcrumb":{"@id":"https:\/\/burnoutcity.fi\/sv\/sommaraktiviteter\/frisbeegolf\/#breadcrumb"},"inLanguage":"sv-SE","potentialAction":[{"@type":"ReadAction","target":["https:\/\/burnoutcity.fi\/sv\/sommaraktiviteter\/frisbeegolf\/"]}]},{"@type":"ImageObject","inLanguage":"sv-SE","@id":"https:\/\/burnoutcity.fi\/sv\/sommaraktiviteter\/frisbeegolf\/#primaryimage","url":"https:\/\/i0.wp.com\/burnoutcity.fi\/wp-content\/uploads\/2011\/12\/Frisbee-golf-tapahtuma.jpg?fit=1024%2C683&ssl=1","contentUrl":"https:\/\/i0.wp.com\/burnoutcity.fi\/wp-content\/uploads\/2011\/12\/Frisbee-golf-tapahtuma.jpg?fit=1024%2C683&ssl=1","width":1024,"height":683},{"@type":"BreadcrumbList","@id":"https:\/\/burnoutcity.fi\/sv\/sommaraktiviteter\/frisbeegolf\/#breadcrumb","itemListElement":[{"@type":"ListItem","position":1,"name":"Hem","item":"https:\/\/burnoutcity.fi\/sv\/hem\/"},{"@type":"ListItem","position":2,"name":"Sommaraktiviteter","item":"https:\/\/burnoutcity.fi\/sv\/sommaraktiviteter\/"},{"@type":"ListItem","position":3,"name":"Frisbeegolf"}]},{"@type":"WebSite","@id":"https:\/\/burnoutcity.fi\/sv\/#website","url":"https:\/\/burnoutcity.fi\/sv\/","name":"Burn Out City","description":"Corporate Events and activities for tourists in Helsinki and its archipelago","publisher":{"@id":"https:\/\/burnoutcity.fi\/sv\/#organization"},"potentialAction":[{"@type":"SearchAction","target":{"@type":"EntryPoint","urlTemplate":"https:\/\/burnoutcity.fi\/sv\/?s={search_term_string}"},"query-input":{"@type":"PropertyValueSpecification","valueRequired":true,"valueName":"search_term_string"}}],"inLanguage":"sv-SE"},{"@type":"Organization","@id":"https:\/\/burnoutcity.fi\/sv\/#organization","name":"Burn Out City Events","url":"https:\/\/burnoutcity.fi\/sv\/","logo":{"@type":"ImageObject","inLanguage":"sv-SE","@id":"https:\/\/burnoutcity.fi\/sv\/#\/schema\/logo\/image\/","url":"https:\/\/i0.wp.com\/burnoutcity.fi\/wp-content\/uploads\/2018\/11\/BOC-logo-transparent.png?fit=1465%2C323&ssl=1","contentUrl":"https:\/\/i0.wp.com\/burnoutcity.fi\/wp-content\/uploads\/2018\/11\/BOC-logo-transparent.png?fit=1465%2C323&ssl=1","width":1465,"height":323,"caption":"Burn Out City Events"},"image":{"@id":"https:\/\/burnoutcity.fi\/sv\/#\/schema\/logo\/image\/"},"sameAs":["https:\/\/www.facebook.com\/burnoutcity\/","https:\/\/www.instagram.com\/burnoutcity\/","https:\/\/www.linkedin.com\/company\/9238482\/","https:\/\/www.youtube.com\/channel\/UC0tYOONmt9dhZCEEyFzGj-Q"]}]}},"jetpack_sharing_enabled":true,"_links":{"self":[{"href":"https:\/\/burnoutcity.fi\/sv\/wp-json\/wp\/v2\/pages\/240","targetHints":{"allow":["GET"]}}],"collection":[{"href":"https:\/\/burnoutcity.fi\/sv\/wp-json\/wp\/v2\/pages"}],"about":[{"href":"https:\/\/burnoutcity.fi\/sv\/wp-json\/wp\/v2\/types\/page"}],"author":[{"embeddable":true,"href":"https:\/\/burnoutcity.fi\/sv\/wp-json\/wp\/v2\/users\/3"}],"replies":[{"embeddable":true,"href":"https:\/\/burnoutcity.fi\/sv\/wp-json\/wp\/v2\/comments?post=240"}],"version-history":[{"count":7,"href":"https:\/\/burnoutcity.fi\/sv\/wp-json\/wp\/v2\/pages\/240\/revisions"}],"predecessor-version":[{"id":2455,"href":"https:\/\/burnoutcity.fi\/sv\/wp-json\/wp\/v2\/pages\/240\/revisions\/2455"}],"up":[{"embeddable":true,"href":"https:\/\/burnoutcity.fi\/sv\/wp-json\/wp\/v2\/pages\/28"}],"wp:featuredmedia":[{"embeddable":true,"href":"https:\/\/burnoutcity.fi\/sv\/wp-json\/wp\/v2\/media\/2437"}],"wp:attachment":[{"href":"https:\/\/burnoutcity.fi\/sv\/wp-json\/wp\/v2\/media?parent=240"}],"curies":[{"name":"wp","href":"https:\/\/api.w.org\/{rel}","templated":true}]}}