{"id":2414,"date":"2015-06-16T09:56:15","date_gmt":"2015-06-16T07:56:15","guid":{"rendered":"http:\/\/burnoutcity.fi\/?page_id=2414"},"modified":"2016-12-12T12:47:18","modified_gmt":"2016-12-12T10:47:18","slug":"cykeltur","status":"publish","type":"page","link":"https:\/\/burnoutcity.fi\/sv\/sommaraktiviteter\/cykeltur\/","title":{"rendered":"Cykeltur"},"content":{"rendered":"<p>Under v\u00e5r 2 timmars cykeltur upplever du den fantastiska natur som finns i Helsingfors. Cykelturen startar vid Br\u00e4nd\u00f6 Seglare. Vi bes\u00f6ker Herton\u00e4s kolonitr\u00e4dg\u00e5rd, Viks och Gammelstads fj\u00e4rdens naturskyddsomr\u00e5de. Under cykelturen kan du spana in\u00a0en massa f\u00e5gelarter och njuta av den fantastiska naturen.<\/p>\n<p>Vi arrangera ocks\u00e5 cykelturer p\u00e5 andra orter f\u00f6r privata grupper.<\/p>\n<p><a href=\"https:\/\/i0.wp.com\/burnoutcity.fi\/wp-content\/uploads\/2015\/06\/py%C3%B6r%C3%A4ilyretki.jpg\"><img data-recalc-dims=\"1\" loading=\"lazy\" decoding=\"async\" class=\"alignnone size-large wp-image-2408\" src=\"https:\/\/i0.wp.com\/burnoutcity.fi\/wp-content\/uploads\/2015\/06\/py%C3%B6r%C3%A4ilyretki-1024x653.jpg?resize=525%2C334\" alt=\"py\u00f6r\u00e4ilyretki\" width=\"525\" height=\"334\" srcset=\"https:\/\/i0.wp.com\/burnoutcity.fi\/wp-content\/uploads\/2015\/06\/py%C3%B6r%C3%A4ilyretki.jpg?resize=1024%2C653&amp;ssl=1 1024w, https:\/\/i0.wp.com\/burnoutcity.fi\/wp-content\/uploads\/2015\/06\/py%C3%B6r%C3%A4ilyretki.jpg?resize=300%2C191&amp;ssl=1 300w, https:\/\/i0.wp.com\/burnoutcity.fi\/wp-content\/uploads\/2015\/06\/py%C3%B6r%C3%A4ilyretki.jpg?resize=470%2C300&amp;ssl=1 470w, https:\/\/i0.wp.com\/burnoutcity.fi\/wp-content\/uploads\/2015\/06\/py%C3%B6r%C3%A4ilyretki.jpg?w=2000&amp;ssl=1 2000w, https:\/\/i0.wp.com\/burnoutcity.fi\/wp-content\/uploads\/2015\/06\/py%C3%B6r%C3%A4ilyretki.jpg?w=1575&amp;ssl=1 1575w\" sizes=\"auto, (max-width: 525px) 100vw, 525px\" \/><\/a><\/p>\n","protected":false},"excerpt":{"rendered":"<p>Under v\u00e5r 2 timmars cykeltur upplever du den fantastiska natur som finns i Helsingfors. Cykelturen startar vid Br\u00e4nd\u00f6 Seglare. Vi bes\u00f6ker Herton\u00e4s kolonitr\u00e4dg\u00e5rd, Viks och Gammelstads fj\u00e4rdens naturskyddsomr\u00e5de. Under cykelturen kan du spana in\u00a0en massa f\u00e5gelarter och njuta av den fantastiska naturen. Vi arrangera ocks\u00e5 cykelturer p\u00e5 andra orter f\u00f6r privata grupper.<\/p>\n","protected":false},"author":3,"featured_media":2408,"parent":28,"menu_order":0,"comment_status":"closed","ping_status":"open","template":"sidebar-page.php","meta":{"footnotes":""},"class_list":["post-2414","page","type-page","status-publish","has-post-thumbnail","hentry"],"yoast_head":"<!-- This site is optimized with the Yoast SEO plugin v27.1.1 - https:\/\/yoast.com\/product\/yoast-seo-wordpress\/ -->\n<title>Cykeltur - Burn Out City Evets<\/title>\n<meta name=\"robots\" content=\"index, follow, max-snippet:-1, max-image-preview:large, max-video-preview:-1\" \/>\n<link rel=\"canonical\" href=\"https:\/\/burnoutcity.fi\/sv\/sommaraktiviteter\/cykeltur\/\" \/>\n<meta property=\"og:locale\" content=\"sv_SE\" \/>\n<meta property=\"og:type\" content=\"article\" \/>\n<meta property=\"og:title\" content=\"Cykeltur - Burn Out City Evets\" \/>\n<meta property=\"og:description\" content=\"Under v\u00e5r 2 timmars cykeltur upplever du den fantastiska natur som finns i Helsingfors. Cykelturen startar vid Br\u00e4nd\u00f6 Seglare. Vi bes\u00f6ker Herton\u00e4s kolonitr\u00e4dg\u00e5rd, Viks och Gammelstads fj\u00e4rdens naturskyddsomr\u00e5de. Under cykelturen kan du spana in\u00a0en massa f\u00e5gelarter och njuta av den fantastiska naturen. Vi arrangera ocks\u00e5 cykelturer p\u00e5 andra orter f\u00f6r privata grupper.\" \/>\n<meta property=\"og:url\" content=\"https:\/\/burnoutcity.fi\/sv\/sommaraktiviteter\/cykeltur\/\" \/>\n<meta property=\"og:site_name\" content=\"Burn Out City Evets\" \/>\n<meta property=\"article:publisher\" content=\"https:\/\/www.facebook.com\/burnoutcity\/\" \/>\n<meta property=\"article:modified_time\" content=\"2016-12-12T10:47:18+00:00\" \/>\n<meta property=\"og:image\" content=\"https:\/\/burnoutcity.fi\/wp-content\/uploads\/2015\/06\/py\u00f6r\u00e4ilyretki.jpg\" \/>\n\t<meta property=\"og:image:width\" content=\"2000\" \/>\n\t<meta property=\"og:image:height\" content=\"1276\" \/>\n\t<meta property=\"og:image:type\" content=\"image\/jpeg\" \/>\n<meta name=\"twitter:card\" content=\"summary_large_image\" \/>\n<script type=\"application\/ld+json\" class=\"yoast-schema-graph\">{\"@context\":\"https:\/\/schema.org\",\"@graph\":[{\"@type\":\"WebPage\",\"@id\":\"https:\/\/burnoutcity.fi\/sv\/sommaraktiviteter\/cykeltur\/\",\"url\":\"https:\/\/burnoutcity.fi\/sv\/sommaraktiviteter\/cykeltur\/\",\"name\":\"Cykeltur - Burn Out City Evets\",\"isPartOf\":{\"@id\":\"https:\/\/burnoutcity.fi\/sv\/#website\"},\"primaryImageOfPage\":{\"@id\":\"https:\/\/burnoutcity.fi\/sv\/sommaraktiviteter\/cykeltur\/#primaryimage\"},\"image\":{\"@id\":\"https:\/\/burnoutcity.fi\/sv\/sommaraktiviteter\/cykeltur\/#primaryimage\"},\"thumbnailUrl\":\"https:\/\/i0.wp.com\/burnoutcity.fi\/wp-content\/uploads\/2015\/06\/py%C3%B6r%C3%A4ilyretki.jpg?fit=2000%2C1276&ssl=1\",\"datePublished\":\"2015-06-16T07:56:15+00:00\",\"dateModified\":\"2016-12-12T10:47:18+00:00\",\"breadcrumb\":{\"@id\":\"https:\/\/burnoutcity.fi\/sv\/sommaraktiviteter\/cykeltur\/#breadcrumb\"},\"inLanguage\":\"sv-SE\",\"potentialAction\":[{\"@type\":\"ReadAction\",\"target\":[\"https:\/\/burnoutcity.fi\/sv\/sommaraktiviteter\/cykeltur\/\"]}]},{\"@type\":\"ImageObject\",\"inLanguage\":\"sv-SE\",\"@id\":\"https:\/\/burnoutcity.fi\/sv\/sommaraktiviteter\/cykeltur\/#primaryimage\",\"url\":\"https:\/\/i0.wp.com\/burnoutcity.fi\/wp-content\/uploads\/2015\/06\/py%C3%B6r%C3%A4ilyretki.jpg?fit=2000%2C1276&ssl=1\",\"contentUrl\":\"https:\/\/i0.wp.com\/burnoutcity.fi\/wp-content\/uploads\/2015\/06\/py%C3%B6r%C3%A4ilyretki.jpg?fit=2000%2C1276&ssl=1\",\"width\":2000,\"height\":1276},{\"@type\":\"BreadcrumbList\",\"@id\":\"https:\/\/burnoutcity.fi\/sv\/sommaraktiviteter\/cykeltur\/#breadcrumb\",\"itemListElement\":[{\"@type\":\"ListItem\",\"position\":1,\"name\":\"Hem\",\"item\":\"https:\/\/burnoutcity.fi\/sv\/hem\/\"},{\"@type\":\"ListItem\",\"position\":2,\"name\":\"Sommaraktiviteter\",\"item\":\"https:\/\/burnoutcity.fi\/sv\/sommaraktiviteter\/\"},{\"@type\":\"ListItem\",\"position\":3,\"name\":\"Cykeltur\"}]},{\"@type\":\"WebSite\",\"@id\":\"https:\/\/burnoutcity.fi\/sv\/#website\",\"url\":\"https:\/\/burnoutcity.fi\/sv\/\",\"name\":\"Burn Out City\",\"description\":\"Corporate Events and activities for tourists in Helsinki and its archipelago\",\"publisher\":{\"@id\":\"https:\/\/burnoutcity.fi\/sv\/#organization\"},\"potentialAction\":[{\"@type\":\"SearchAction\",\"target\":{\"@type\":\"EntryPoint\",\"urlTemplate\":\"https:\/\/burnoutcity.fi\/sv\/?s={search_term_string}\"},\"query-input\":{\"@type\":\"PropertyValueSpecification\",\"valueRequired\":true,\"valueName\":\"search_term_string\"}}],\"inLanguage\":\"sv-SE\"},{\"@type\":\"Organization\",\"@id\":\"https:\/\/burnoutcity.fi\/sv\/#organization\",\"name\":\"Burn Out City Events\",\"url\":\"https:\/\/burnoutcity.fi\/sv\/\",\"logo\":{\"@type\":\"ImageObject\",\"inLanguage\":\"sv-SE\",\"@id\":\"https:\/\/burnoutcity.fi\/sv\/#\/schema\/logo\/image\/\",\"url\":\"https:\/\/i0.wp.com\/burnoutcity.fi\/wp-content\/uploads\/2018\/11\/BOC-logo-transparent.png?fit=1465%2C323&ssl=1\",\"contentUrl\":\"https:\/\/i0.wp.com\/burnoutcity.fi\/wp-content\/uploads\/2018\/11\/BOC-logo-transparent.png?fit=1465%2C323&ssl=1\",\"width\":1465,\"height\":323,\"caption\":\"Burn Out City Events\"},\"image\":{\"@id\":\"https:\/\/burnoutcity.fi\/sv\/#\/schema\/logo\/image\/\"},\"sameAs\":[\"https:\/\/www.facebook.com\/burnoutcity\/\",\"https:\/\/www.instagram.com\/burnoutcity\/\",\"https:\/\/www.linkedin.com\/company\/9238482\/\",\"https:\/\/www.youtube.com\/channel\/UC0tYOONmt9dhZCEEyFzGj-Q\"]}]}<\/script>\n<!-- \/ Yoast SEO plugin. -->","yoast_head_json":{"title":"Cykeltur - Burn Out City Evets","robots":{"index":"index","follow":"follow","max-snippet":"max-snippet:-1","max-image-preview":"max-image-preview:large","max-video-preview":"max-video-preview:-1"},"canonical":"https:\/\/burnoutcity.fi\/sv\/sommaraktiviteter\/cykeltur\/","og_locale":"sv_SE","og_type":"article","og_title":"Cykeltur - Burn Out City Evets","og_description":"Under v\u00e5r 2 timmars cykeltur upplever du den fantastiska natur som finns i Helsingfors. Cykelturen startar vid Br\u00e4nd\u00f6 Seglare. Vi bes\u00f6ker Herton\u00e4s kolonitr\u00e4dg\u00e5rd, Viks och Gammelstads fj\u00e4rdens naturskyddsomr\u00e5de. Under cykelturen kan du spana in\u00a0en massa f\u00e5gelarter och njuta av den fantastiska naturen. Vi arrangera ocks\u00e5 cykelturer p\u00e5 andra orter f\u00f6r privata grupper.","og_url":"https:\/\/burnoutcity.fi\/sv\/sommaraktiviteter\/cykeltur\/","og_site_name":"Burn Out City Evets","article_publisher":"https:\/\/www.facebook.com\/burnoutcity\/","article_modified_time":"2016-12-12T10:47:18+00:00","og_image":[{"width":2000,"height":1276,"url":"https:\/\/burnoutcity.fi\/wp-content\/uploads\/2015\/06\/py\u00f6r\u00e4ilyretki.jpg","type":"image\/jpeg"}],"twitter_card":"summary_large_image","schema":{"@context":"https:\/\/schema.org","@graph":[{"@type":"WebPage","@id":"https:\/\/burnoutcity.fi\/sv\/sommaraktiviteter\/cykeltur\/","url":"https:\/\/burnoutcity.fi\/sv\/sommaraktiviteter\/cykeltur\/","name":"Cykeltur - Burn Out City Evets","isPartOf":{"@id":"https:\/\/burnoutcity.fi\/sv\/#website"},"primaryImageOfPage":{"@id":"https:\/\/burnoutcity.fi\/sv\/sommaraktiviteter\/cykeltur\/#primaryimage"},"image":{"@id":"https:\/\/burnoutcity.fi\/sv\/sommaraktiviteter\/cykeltur\/#primaryimage"},"thumbnailUrl":"https:\/\/i0.wp.com\/burnoutcity.fi\/wp-content\/uploads\/2015\/06\/py%C3%B6r%C3%A4ilyretki.jpg?fit=2000%2C1276&ssl=1","datePublished":"2015-06-16T07:56:15+00:00","dateModified":"2016-12-12T10:47:18+00:00","breadcrumb":{"@id":"https:\/\/burnoutcity.fi\/sv\/sommaraktiviteter\/cykeltur\/#breadcrumb"},"inLanguage":"sv-SE","potentialAction":[{"@type":"ReadAction","target":["https:\/\/burnoutcity.fi\/sv\/sommaraktiviteter\/cykeltur\/"]}]},{"@type":"ImageObject","inLanguage":"sv-SE","@id":"https:\/\/burnoutcity.fi\/sv\/sommaraktiviteter\/cykeltur\/#primaryimage","url":"https:\/\/i0.wp.com\/burnoutcity.fi\/wp-content\/uploads\/2015\/06\/py%C3%B6r%C3%A4ilyretki.jpg?fit=2000%2C1276&ssl=1","contentUrl":"https:\/\/i0.wp.com\/burnoutcity.fi\/wp-content\/uploads\/2015\/06\/py%C3%B6r%C3%A4ilyretki.jpg?fit=2000%2C1276&ssl=1","width":2000,"height":1276},{"@type":"BreadcrumbList","@id":"https:\/\/burnoutcity.fi\/sv\/sommaraktiviteter\/cykeltur\/#breadcrumb","itemListElement":[{"@type":"ListItem","position":1,"name":"Hem","item":"https:\/\/burnoutcity.fi\/sv\/hem\/"},{"@type":"ListItem","position":2,"name":"Sommaraktiviteter","item":"https:\/\/burnoutcity.fi\/sv\/sommaraktiviteter\/"},{"@type":"ListItem","position":3,"name":"Cykeltur"}]},{"@type":"WebSite","@id":"https:\/\/burnoutcity.fi\/sv\/#website","url":"https:\/\/burnoutcity.fi\/sv\/","name":"Burn Out City","description":"Corporate Events and activities for tourists in Helsinki and its archipelago","publisher":{"@id":"https:\/\/burnoutcity.fi\/sv\/#organization"},"potentialAction":[{"@type":"SearchAction","target":{"@type":"EntryPoint","urlTemplate":"https:\/\/burnoutcity.fi\/sv\/?s={search_term_string}"},"query-input":{"@type":"PropertyValueSpecification","valueRequired":true,"valueName":"search_term_string"}}],"inLanguage":"sv-SE"},{"@type":"Organization","@id":"https:\/\/burnoutcity.fi\/sv\/#organization","name":"Burn Out City Events","url":"https:\/\/burnoutcity.fi\/sv\/","logo":{"@type":"ImageObject","inLanguage":"sv-SE","@id":"https:\/\/burnoutcity.fi\/sv\/#\/schema\/logo\/image\/","url":"https:\/\/i0.wp.com\/burnoutcity.fi\/wp-content\/uploads\/2018\/11\/BOC-logo-transparent.png?fit=1465%2C323&ssl=1","contentUrl":"https:\/\/i0.wp.com\/burnoutcity.fi\/wp-content\/uploads\/2018\/11\/BOC-logo-transparent.png?fit=1465%2C323&ssl=1","width":1465,"height":323,"caption":"Burn Out City Events"},"image":{"@id":"https:\/\/burnoutcity.fi\/sv\/#\/schema\/logo\/image\/"},"sameAs":["https:\/\/www.facebook.com\/burnoutcity\/","https:\/\/www.instagram.com\/burnoutcity\/","https:\/\/www.linkedin.com\/company\/9238482\/","https:\/\/www.youtube.com\/channel\/UC0tYOONmt9dhZCEEyFzGj-Q"]}]}},"jetpack_sharing_enabled":true,"_links":{"self":[{"href":"https:\/\/burnoutcity.fi\/sv\/wp-json\/wp\/v2\/pages\/2414","targetHints":{"allow":["GET"]}}],"collection":[{"href":"https:\/\/burnoutcity.fi\/sv\/wp-json\/wp\/v2\/pages"}],"about":[{"href":"https:\/\/burnoutcity.fi\/sv\/wp-json\/wp\/v2\/types\/page"}],"author":[{"embeddable":true,"href":"https:\/\/burnoutcity.fi\/sv\/wp-json\/wp\/v2\/users\/3"}],"replies":[{"embeddable":true,"href":"https:\/\/burnoutcity.fi\/sv\/wp-json\/wp\/v2\/comments?post=2414"}],"version-history":[{"count":3,"href":"https:\/\/burnoutcity.fi\/sv\/wp-json\/wp\/v2\/pages\/2414\/revisions"}],"predecessor-version":[{"id":2418,"href":"https:\/\/burnoutcity.fi\/sv\/wp-json\/wp\/v2\/pages\/2414\/revisions\/2418"}],"up":[{"embeddable":true,"href":"https:\/\/burnoutcity.fi\/sv\/wp-json\/wp\/v2\/pages\/28"}],"wp:featuredmedia":[{"embeddable":true,"href":"https:\/\/burnoutcity.fi\/sv\/wp-json\/wp\/v2\/media\/2408"}],"wp:attachment":[{"href":"https:\/\/burnoutcity.fi\/sv\/wp-json\/wp\/v2\/media?parent=2414"}],"curies":[{"name":"wp","href":"https:\/\/api.w.org\/{rel}","templated":true}]}}