{"id":2594,"date":"2015-11-24T12:45:03","date_gmt":"2015-11-24T10:45:03","guid":{"rendered":"http:\/\/burnoutcity.fi\/vinteraktiviteter\/hovercraft-tour\/"},"modified":"2025-03-14T11:09:25","modified_gmt":"2025-03-14T09:09:25","slug":"ilmatyynysafari","status":"publish","type":"page","link":"https:\/\/burnoutcity.fi\/sv\/vinteraktiviteter\/ilmatyynysafari\/","title":{"rendered":"Ilmatyynyalus ajelu"},"content":{"rendered":"\n<h1 class=\"wp-block-heading\"><img data-recalc-dims=\"1\" loading=\"lazy\" decoding=\"async\" width=\"525\" height=\"203\" class=\"alignnone size-full wp-image-2589\" src=\"https:\/\/i0.wp.com\/burnoutcity.fi\/wp-content\/uploads\/2015\/11\/Hovercraftsafaris-Helsinki.jpg?resize=525%2C203\" alt=\"\" srcset=\"https:\/\/i0.wp.com\/burnoutcity.fi\/wp-content\/uploads\/2015\/11\/Hovercraftsafaris-Helsinki.jpg?w=800&amp;ssl=1 800w, https:\/\/i0.wp.com\/burnoutcity.fi\/wp-content\/uploads\/2015\/11\/Hovercraftsafaris-Helsinki.jpg?resize=300%2C116&amp;ssl=1 300w, https:\/\/i0.wp.com\/burnoutcity.fi\/wp-content\/uploads\/2015\/11\/Hovercraftsafaris-Helsinki.jpg?resize=500%2C194&amp;ssl=1 500w\" sizes=\"auto, (max-width: 706px) 89vw, (max-width: 767px) 82vw, 740px\" \/><strong>Koe Suomenlahden saaristo ilmatyynyaluksella! \u2744\ufe0f<\/strong><\/h1>\n\n\n\n<p>L\u00e4hde ainutlaatuiselle\u00a0ilmatyynyalusretkelle Helsingin saaristossa\u00a0ja koe talven ihmemaa t\u00e4ysin uudella tavalla! Oppaamme johdattavat sinut upealle reitille, jossa voit n\u00e4hd\u00e4 avovett\u00e4, j\u00e4\u00e4tynytt\u00e4 merta tai jotain silt\u00e4 v\u00e4lilt\u00e4 \u2013 ajamme\u00a0ajopakkasten, ohuen j\u00e4\u00e4n ja j\u00e4\u00e4lauttojen\u00a0yli vaivattomasti.<\/p>\n\n\n\n<p>\ud83d\ude80&nbsp;<strong>Ilmatyynyalus liikkuu vaivatta sek\u00e4 vedess\u00e4 ett\u00e4 j\u00e4\u00e4ll\u00e4<\/strong><br>\ud83c\udf3f&nbsp;<strong>Tutustu saariston talviseen el\u00e4m\u00e4\u00e4n asiantuntevan oppaan johdolla<\/strong><br>\ud83d\udd25&nbsp;<strong>Pys\u00e4hdy nuotion \u00e4\u00e4relle nauttimaan l\u00e4mpimist\u00e4 juomista ja retkiev\u00e4ist\u00e4<\/strong><br>\ud83c\udfa3&nbsp;<strong>Kokeile pilkkimist\u00e4 tai verkkojen laskemista j\u00e4\u00e4n alle<\/strong><br>\ud83d\udef7&nbsp;<strong>Testaa potkukelkkailua tai lumikenk\u00e4k\u00e4vely\u00e4 saaristossa<\/strong><\/p>\n\n\n\n<p>Pidempien safarien yhteyteen voidaan j\u00e4rjest\u00e4\u00e4 lis\u00e4palveluita, kuten\u00a0sauna, ruokailu, palju ja majoitus.<\/p>\n\n\n\n<p>\ud83d\udcc5\u00a0<strong>Saatavuus:<\/strong>\u00a0Ilmatyynyalussafarit j\u00e4rjestet\u00e4\u00e4n\u00a0j\u00e4\u00e4- ja lumiolosuhteiden mukaan, tyypillisesti joulukuun puoliv\u00e4list\u00e4 huhtikuuhun.<\/p>\n\n\n\n<figure class=\"wp-block-image\"><a href=\"https:\/\/i0.wp.com\/burnoutcity.fi\/wp-content\/uploads\/2015\/11\/Hovercraft-lighthouse-safari-Helsinki.jpg\"><img data-recalc-dims=\"1\" loading=\"lazy\" decoding=\"async\" width=\"525\" height=\"700\" src=\"https:\/\/i0.wp.com\/burnoutcity.fi\/wp-content\/uploads\/2015\/11\/Hovercraft-lighthouse-safari-Helsinki.jpg?resize=525%2C700\" alt=\"Hovercraft lighthouse safari Helsinki\" class=\"wp-image-2585\" srcset=\"https:\/\/i0.wp.com\/burnoutcity.fi\/wp-content\/uploads\/2015\/11\/Hovercraft-lighthouse-safari-Helsinki.jpg?w=720&amp;ssl=1 720w, https:\/\/i0.wp.com\/burnoutcity.fi\/wp-content\/uploads\/2015\/11\/Hovercraft-lighthouse-safari-Helsinki.jpg?resize=225%2C300&amp;ssl=1 225w\" sizes=\"auto, (max-width: 525px) 100vw, 525px\" \/><\/a><\/figure>\n\n\n\n<figure class=\"wp-block-image\"><a href=\"https:\/\/i0.wp.com\/burnoutcity.fi\/wp-content\/uploads\/2015\/11\/Hovercraft-safari-Helsinki.jpg\"><img data-recalc-dims=\"1\" loading=\"lazy\" decoding=\"async\" width=\"525\" height=\"394\" src=\"https:\/\/i0.wp.com\/burnoutcity.fi\/wp-content\/uploads\/2015\/11\/Hovercraft-safari-Helsinki.jpg?resize=525%2C394\" alt=\"\" class=\"wp-image-2586\" srcset=\"https:\/\/i0.wp.com\/burnoutcity.fi\/wp-content\/uploads\/2015\/11\/Hovercraft-safari-Helsinki.jpg?w=2560&amp;ssl=1 2560w, https:\/\/i0.wp.com\/burnoutcity.fi\/wp-content\/uploads\/2015\/11\/Hovercraft-safari-Helsinki.jpg?resize=300%2C225&amp;ssl=1 300w, https:\/\/i0.wp.com\/burnoutcity.fi\/wp-content\/uploads\/2015\/11\/Hovercraft-safari-Helsinki.jpg?resize=1024%2C768&amp;ssl=1 1024w, https:\/\/i0.wp.com\/burnoutcity.fi\/wp-content\/uploads\/2015\/11\/Hovercraft-safari-Helsinki.jpg?resize=400%2C300&amp;ssl=1 400w, https:\/\/i0.wp.com\/burnoutcity.fi\/wp-content\/uploads\/2015\/11\/Hovercraft-safari-Helsinki.jpg?w=1575&amp;ssl=1 1575w\" sizes=\"auto, (max-width: 706px) 89vw, (max-width: 767px) 82vw, 740px\" \/><\/a><\/figure>\n\n\n\n<figure class=\"wp-block-image\"><a href=\"https:\/\/i0.wp.com\/burnoutcity.fi\/wp-content\/uploads\/2015\/11\/Ilmatyynysafari-Helsinki.jpg\"><img data-recalc-dims=\"1\" loading=\"lazy\" decoding=\"async\" width=\"525\" height=\"435\" src=\"https:\/\/i0.wp.com\/burnoutcity.fi\/wp-content\/uploads\/2015\/11\/Ilmatyynysafari-Helsinki.jpg?resize=525%2C435\" alt=\"Ilmatyynysafari Helsinki\" class=\"wp-image-2590\" srcset=\"https:\/\/i0.wp.com\/burnoutcity.fi\/wp-content\/uploads\/2015\/11\/Ilmatyynysafari-Helsinki.jpg?w=960&amp;ssl=1 960w, https:\/\/i0.wp.com\/burnoutcity.fi\/wp-content\/uploads\/2015\/11\/Ilmatyynysafari-Helsinki.jpg?resize=300%2C248&amp;ssl=1 300w, https:\/\/i0.wp.com\/burnoutcity.fi\/wp-content\/uploads\/2015\/11\/Ilmatyynysafari-Helsinki.jpg?resize=362%2C300&amp;ssl=1 362w\" sizes=\"auto, (max-width: 706px) 89vw, (max-width: 767px) 82vw, 740px\" \/><\/a><\/figure>\n\n\n\n<figure class=\"wp-block-image\"><a href=\"https:\/\/i0.wp.com\/burnoutcity.fi\/wp-content\/uploads\/2015\/11\/Hovercraft-tour-Finland.jpg\"><img data-recalc-dims=\"1\" loading=\"lazy\" decoding=\"async\" width=\"525\" height=\"394\" src=\"https:\/\/i0.wp.com\/burnoutcity.fi\/wp-content\/uploads\/2015\/11\/Hovercraft-tour-Finland.jpg?resize=525%2C394\" alt=\"\" class=\"wp-image-2587\" srcset=\"https:\/\/i0.wp.com\/burnoutcity.fi\/wp-content\/uploads\/2015\/11\/Hovercraft-tour-Finland.jpg?w=800&amp;ssl=1 800w, https:\/\/i0.wp.com\/burnoutcity.fi\/wp-content\/uploads\/2015\/11\/Hovercraft-tour-Finland.jpg?resize=300%2C225&amp;ssl=1 300w, https:\/\/i0.wp.com\/burnoutcity.fi\/wp-content\/uploads\/2015\/11\/Hovercraft-tour-Finland.jpg?resize=400%2C300&amp;ssl=1 400w\" sizes=\"auto, (max-width: 706px) 89vw, (max-width: 767px) 82vw, 740px\" \/><\/a><\/figure>\n\n\n\n<figure class=\"wp-block-image\"><a href=\"https:\/\/i0.wp.com\/burnoutcity.fi\/wp-content\/uploads\/2015\/11\/Hovercraft-archipelago-tour-Helsinki.jpg\"><img data-recalc-dims=\"1\" loading=\"lazy\" decoding=\"async\" width=\"525\" height=\"392\" src=\"https:\/\/i0.wp.com\/burnoutcity.fi\/wp-content\/uploads\/2015\/11\/Hovercraft-archipelago-tour-Helsinki.jpg?resize=525%2C392\" alt=\"Hovercraft archipelago tour Helsinki\" class=\"wp-image-2583\" srcset=\"https:\/\/i0.wp.com\/burnoutcity.fi\/wp-content\/uploads\/2015\/11\/Hovercraft-archipelago-tour-Helsinki.jpg?w=960&amp;ssl=1 960w, https:\/\/i0.wp.com\/burnoutcity.fi\/wp-content\/uploads\/2015\/11\/Hovercraft-archipelago-tour-Helsinki.jpg?resize=300%2C224&amp;ssl=1 300w, https:\/\/i0.wp.com\/burnoutcity.fi\/wp-content\/uploads\/2015\/11\/Hovercraft-archipelago-tour-Helsinki.jpg?resize=402%2C300&amp;ssl=1 402w\" sizes=\"auto, (max-width: 706px) 89vw, (max-width: 767px) 82vw, 740px\" \/><\/a><\/figure>\n\n\n\n<figure class=\"wp-block-embed is-type-video is-provider-youtube wp-block-embed-youtube wp-embed-aspect-16-9 wp-has-aspect-ratio\"><div class=\"wp-block-embed__wrapper\">\n<iframe loading=\"lazy\" title=\"Hovercraft tour at L\u00e5ngvik\" width=\"525\" height=\"295\" src=\"https:\/\/www.youtube.com\/embed\/E0ZIrk59rGc?feature=oembed\" frameborder=\"0\" allow=\"accelerometer; autoplay; clipboard-write; encrypted-media; gyroscope; picture-in-picture; web-share\" referrerpolicy=\"strict-origin-when-cross-origin\" allowfullscreen><\/iframe>\n<\/div><\/figure>\n\n\n\n<figure class=\"wp-block-embed is-type-video is-provider-youtube wp-block-embed-youtube wp-embed-aspect-16-9 wp-has-aspect-ratio\"><div class=\"wp-block-embed__wrapper\">\n<iframe loading=\"lazy\" title=\"Burn Out City Events\" width=\"525\" height=\"295\" src=\"https:\/\/www.youtube.com\/embed\/jyfxeqLwVDY?feature=oembed\" frameborder=\"0\" allow=\"accelerometer; autoplay; clipboard-write; encrypted-media; gyroscope; picture-in-picture; web-share\" referrerpolicy=\"strict-origin-when-cross-origin\" allowfullscreen><\/iframe>\n<\/div><\/figure>\n","protected":false},"excerpt":{"rendered":"<p>Koe Suomenlahden saaristo ilmatyynyaluksella! \u2744\ufe0f L\u00e4hde ainutlaatuiselle\u00a0ilmatyynyalusretkelle Helsingin saaristossa\u00a0ja koe talven ihmemaa t\u00e4ysin uudella tavalla! Oppaamme johdattavat sinut upealle reitille, jossa voit n\u00e4hd\u00e4 avovett\u00e4, j\u00e4\u00e4tynytt\u00e4 merta tai jotain silt\u00e4 v\u00e4lilt\u00e4 \u2013 ajamme\u00a0ajopakkasten, ohuen j\u00e4\u00e4n ja j\u00e4\u00e4lauttojen\u00a0yli vaivattomasti. \ud83d\ude80&nbsp;Ilmatyynyalus liikkuu vaivatta sek\u00e4 vedess\u00e4 ett\u00e4 j\u00e4\u00e4ll\u00e4\ud83c\udf3f&nbsp;Tutustu saariston talviseen el\u00e4m\u00e4\u00e4n asiantuntevan oppaan johdolla\ud83d\udd25&nbsp;Pys\u00e4hdy nuotion \u00e4\u00e4relle nauttimaan l\u00e4mpimist\u00e4 juomista &hellip; <\/p>\n<p class=\"link-more\"><a href=\"https:\/\/burnoutcity.fi\/sv\/vinteraktiviteter\/ilmatyynysafari\/\" class=\"more-link\">Forts\u00e4tt l\u00e4sa<span class=\"screen-reader-text\"> \u201dIlmatyynyalus ajelu\u201d<\/span><\/a><\/p>\n","protected":false},"author":3,"featured_media":5548,"parent":32,"menu_order":0,"comment_status":"closed","ping_status":"closed","template":"","meta":{"footnotes":""},"class_list":["post-2594","page","type-page","status-publish","has-post-thumbnail","hentry"],"yoast_head":"<!-- This site is optimized with the Yoast SEO plugin v27.1.1 - https:\/\/yoast.com\/product\/yoast-seo-wordpress\/ -->\n<title>Ilmatyynyalus ajelu - Burn Out City Evets<\/title>\n<meta name=\"robots\" content=\"index, follow, max-snippet:-1, max-image-preview:large, max-video-preview:-1\" \/>\n<link rel=\"canonical\" href=\"https:\/\/burnoutcity.fi\/sv\/vinteraktiviteter\/ilmatyynysafari\/\" \/>\n<meta property=\"og:locale\" content=\"sv_SE\" \/>\n<meta property=\"og:type\" content=\"article\" \/>\n<meta property=\"og:title\" content=\"Ilmatyynyalus ajelu - Burn Out City Evets\" \/>\n<meta property=\"og:description\" content=\"Koe Suomenlahden saaristo ilmatyynyaluksella! \u2744\ufe0f L\u00e4hde ainutlaatuiselle\u00a0ilmatyynyalusretkelle Helsingin saaristossa\u00a0ja koe talven ihmemaa t\u00e4ysin uudella tavalla! Oppaamme johdattavat sinut upealle reitille, jossa voit n\u00e4hd\u00e4 avovett\u00e4, j\u00e4\u00e4tynytt\u00e4 merta tai jotain silt\u00e4 v\u00e4lilt\u00e4 \u2013 ajamme\u00a0ajopakkasten, ohuen j\u00e4\u00e4n ja j\u00e4\u00e4lauttojen\u00a0yli vaivattomasti. \ud83d\ude80&nbsp;Ilmatyynyalus liikkuu vaivatta sek\u00e4 vedess\u00e4 ett\u00e4 j\u00e4\u00e4ll\u00e4\ud83c\udf3f&nbsp;Tutustu saariston talviseen el\u00e4m\u00e4\u00e4n asiantuntevan oppaan johdolla\ud83d\udd25&nbsp;Pys\u00e4hdy nuotion \u00e4\u00e4relle nauttimaan l\u00e4mpimist\u00e4 juomista &hellip; Forts\u00e4tt l\u00e4sa \u201dIlmatyynyalus ajelu\u201d\" \/>\n<meta property=\"og:url\" content=\"https:\/\/burnoutcity.fi\/sv\/vinteraktiviteter\/ilmatyynysafari\/\" \/>\n<meta property=\"og:site_name\" content=\"Burn Out City Evets\" \/>\n<meta property=\"article:publisher\" content=\"https:\/\/www.facebook.com\/burnoutcity\/\" \/>\n<meta property=\"article:modified_time\" content=\"2025-03-14T09:09:25+00:00\" \/>\n<meta property=\"og:image\" content=\"https:\/\/burnoutcity.fi\/wp-content\/uploads\/2015\/11\/Hovercraft-safari-Helsinki.jpg\" \/>\n\t<meta property=\"og:image:width\" content=\"2560\" \/>\n\t<meta property=\"og:image:height\" content=\"1920\" \/>\n\t<meta property=\"og:image:type\" content=\"image\/jpeg\" \/>\n<meta name=\"twitter:card\" content=\"summary_large_image\" \/>\n<meta name=\"twitter:label1\" content=\"Ber\u00e4knad l\u00e4stid\" \/>\n\t<meta name=\"twitter:data1\" content=\"1 minut\" \/>\n<script type=\"application\/ld+json\" class=\"yoast-schema-graph\">{\"@context\":\"https:\/\/schema.org\",\"@graph\":[{\"@type\":\"WebPage\",\"@id\":\"https:\/\/burnoutcity.fi\/sv\/vinteraktiviteter\/ilmatyynysafari\/\",\"url\":\"https:\/\/burnoutcity.fi\/sv\/vinteraktiviteter\/ilmatyynysafari\/\",\"name\":\"Ilmatyynyalus ajelu - Burn Out City Evets\",\"isPartOf\":{\"@id\":\"https:\/\/burnoutcity.fi\/sv\/#website\"},\"primaryImageOfPage\":{\"@id\":\"https:\/\/burnoutcity.fi\/sv\/vinteraktiviteter\/ilmatyynysafari\/#primaryimage\"},\"image\":{\"@id\":\"https:\/\/burnoutcity.fi\/sv\/vinteraktiviteter\/ilmatyynysafari\/#primaryimage\"},\"thumbnailUrl\":\"https:\/\/i0.wp.com\/burnoutcity.fi\/wp-content\/uploads\/2015\/11\/Hovercraft-safari-Helsinki.jpg?fit=2560%2C1920&ssl=1\",\"datePublished\":\"2015-11-24T10:45:03+00:00\",\"dateModified\":\"2025-03-14T09:09:25+00:00\",\"breadcrumb\":{\"@id\":\"https:\/\/burnoutcity.fi\/sv\/vinteraktiviteter\/ilmatyynysafari\/#breadcrumb\"},\"inLanguage\":\"sv-SE\",\"potentialAction\":[{\"@type\":\"ReadAction\",\"target\":[\"https:\/\/burnoutcity.fi\/sv\/vinteraktiviteter\/ilmatyynysafari\/\"]}]},{\"@type\":\"ImageObject\",\"inLanguage\":\"sv-SE\",\"@id\":\"https:\/\/burnoutcity.fi\/sv\/vinteraktiviteter\/ilmatyynysafari\/#primaryimage\",\"url\":\"https:\/\/i0.wp.com\/burnoutcity.fi\/wp-content\/uploads\/2015\/11\/Hovercraft-safari-Helsinki.jpg?fit=2560%2C1920&ssl=1\",\"contentUrl\":\"https:\/\/i0.wp.com\/burnoutcity.fi\/wp-content\/uploads\/2015\/11\/Hovercraft-safari-Helsinki.jpg?fit=2560%2C1920&ssl=1\",\"width\":2560,\"height\":1920,\"caption\":\"Hovercraft tour in Helsinki\"},{\"@type\":\"BreadcrumbList\",\"@id\":\"https:\/\/burnoutcity.fi\/sv\/vinteraktiviteter\/ilmatyynysafari\/#breadcrumb\",\"itemListElement\":[{\"@type\":\"ListItem\",\"position\":1,\"name\":\"Hem\",\"item\":\"https:\/\/burnoutcity.fi\/sv\/hem\/\"},{\"@type\":\"ListItem\",\"position\":2,\"name\":\"Vinteraktiviteter\",\"item\":\"https:\/\/burnoutcity.fi\/sv\/vinteraktiviteter\/\"},{\"@type\":\"ListItem\",\"position\":3,\"name\":\"Ilmatyynysafari\"}]},{\"@type\":\"WebSite\",\"@id\":\"https:\/\/burnoutcity.fi\/sv\/#website\",\"url\":\"https:\/\/burnoutcity.fi\/sv\/\",\"name\":\"Burn Out City\",\"description\":\"Corporate Events and activities for tourists in Helsinki and its archipelago\",\"publisher\":{\"@id\":\"https:\/\/burnoutcity.fi\/sv\/#organization\"},\"potentialAction\":[{\"@type\":\"SearchAction\",\"target\":{\"@type\":\"EntryPoint\",\"urlTemplate\":\"https:\/\/burnoutcity.fi\/sv\/?s={search_term_string}\"},\"query-input\":{\"@type\":\"PropertyValueSpecification\",\"valueRequired\":true,\"valueName\":\"search_term_string\"}}],\"inLanguage\":\"sv-SE\"},{\"@type\":\"Organization\",\"@id\":\"https:\/\/burnoutcity.fi\/sv\/#organization\",\"name\":\"Burn Out City Events\",\"url\":\"https:\/\/burnoutcity.fi\/sv\/\",\"logo\":{\"@type\":\"ImageObject\",\"inLanguage\":\"sv-SE\",\"@id\":\"https:\/\/burnoutcity.fi\/sv\/#\/schema\/logo\/image\/\",\"url\":\"https:\/\/i0.wp.com\/burnoutcity.fi\/wp-content\/uploads\/2018\/11\/BOC-logo-transparent.png?fit=1465%2C323&ssl=1\",\"contentUrl\":\"https:\/\/i0.wp.com\/burnoutcity.fi\/wp-content\/uploads\/2018\/11\/BOC-logo-transparent.png?fit=1465%2C323&ssl=1\",\"width\":1465,\"height\":323,\"caption\":\"Burn Out City Events\"},\"image\":{\"@id\":\"https:\/\/burnoutcity.fi\/sv\/#\/schema\/logo\/image\/\"},\"sameAs\":[\"https:\/\/www.facebook.com\/burnoutcity\/\",\"https:\/\/www.instagram.com\/burnoutcity\/\",\"https:\/\/www.linkedin.com\/company\/9238482\/\",\"https:\/\/www.youtube.com\/channel\/UC0tYOONmt9dhZCEEyFzGj-Q\"]}]}<\/script>\n<!-- \/ Yoast SEO plugin. -->","yoast_head_json":{"title":"Ilmatyynyalus ajelu - Burn Out City Evets","robots":{"index":"index","follow":"follow","max-snippet":"max-snippet:-1","max-image-preview":"max-image-preview:large","max-video-preview":"max-video-preview:-1"},"canonical":"https:\/\/burnoutcity.fi\/sv\/vinteraktiviteter\/ilmatyynysafari\/","og_locale":"sv_SE","og_type":"article","og_title":"Ilmatyynyalus ajelu - Burn Out City Evets","og_description":"Koe Suomenlahden saaristo ilmatyynyaluksella! \u2744\ufe0f L\u00e4hde ainutlaatuiselle\u00a0ilmatyynyalusretkelle Helsingin saaristossa\u00a0ja koe talven ihmemaa t\u00e4ysin uudella tavalla! Oppaamme johdattavat sinut upealle reitille, jossa voit n\u00e4hd\u00e4 avovett\u00e4, j\u00e4\u00e4tynytt\u00e4 merta tai jotain silt\u00e4 v\u00e4lilt\u00e4 \u2013 ajamme\u00a0ajopakkasten, ohuen j\u00e4\u00e4n ja j\u00e4\u00e4lauttojen\u00a0yli vaivattomasti. \ud83d\ude80&nbsp;Ilmatyynyalus liikkuu vaivatta sek\u00e4 vedess\u00e4 ett\u00e4 j\u00e4\u00e4ll\u00e4\ud83c\udf3f&nbsp;Tutustu saariston talviseen el\u00e4m\u00e4\u00e4n asiantuntevan oppaan johdolla\ud83d\udd25&nbsp;Pys\u00e4hdy nuotion \u00e4\u00e4relle nauttimaan l\u00e4mpimist\u00e4 juomista &hellip; Forts\u00e4tt l\u00e4sa \u201dIlmatyynyalus ajelu\u201d","og_url":"https:\/\/burnoutcity.fi\/sv\/vinteraktiviteter\/ilmatyynysafari\/","og_site_name":"Burn Out City Evets","article_publisher":"https:\/\/www.facebook.com\/burnoutcity\/","article_modified_time":"2025-03-14T09:09:25+00:00","og_image":[{"width":2560,"height":1920,"url":"https:\/\/burnoutcity.fi\/wp-content\/uploads\/2015\/11\/Hovercraft-safari-Helsinki.jpg","type":"image\/jpeg"}],"twitter_card":"summary_large_image","twitter_misc":{"Ber\u00e4knad l\u00e4stid":"1 minut"},"schema":{"@context":"https:\/\/schema.org","@graph":[{"@type":"WebPage","@id":"https:\/\/burnoutcity.fi\/sv\/vinteraktiviteter\/ilmatyynysafari\/","url":"https:\/\/burnoutcity.fi\/sv\/vinteraktiviteter\/ilmatyynysafari\/","name":"Ilmatyynyalus ajelu - Burn Out City Evets","isPartOf":{"@id":"https:\/\/burnoutcity.fi\/sv\/#website"},"primaryImageOfPage":{"@id":"https:\/\/burnoutcity.fi\/sv\/vinteraktiviteter\/ilmatyynysafari\/#primaryimage"},"image":{"@id":"https:\/\/burnoutcity.fi\/sv\/vinteraktiviteter\/ilmatyynysafari\/#primaryimage"},"thumbnailUrl":"https:\/\/i0.wp.com\/burnoutcity.fi\/wp-content\/uploads\/2015\/11\/Hovercraft-safari-Helsinki.jpg?fit=2560%2C1920&ssl=1","datePublished":"2015-11-24T10:45:03+00:00","dateModified":"2025-03-14T09:09:25+00:00","breadcrumb":{"@id":"https:\/\/burnoutcity.fi\/sv\/vinteraktiviteter\/ilmatyynysafari\/#breadcrumb"},"inLanguage":"sv-SE","potentialAction":[{"@type":"ReadAction","target":["https:\/\/burnoutcity.fi\/sv\/vinteraktiviteter\/ilmatyynysafari\/"]}]},{"@type":"ImageObject","inLanguage":"sv-SE","@id":"https:\/\/burnoutcity.fi\/sv\/vinteraktiviteter\/ilmatyynysafari\/#primaryimage","url":"https:\/\/i0.wp.com\/burnoutcity.fi\/wp-content\/uploads\/2015\/11\/Hovercraft-safari-Helsinki.jpg?fit=2560%2C1920&ssl=1","contentUrl":"https:\/\/i0.wp.com\/burnoutcity.fi\/wp-content\/uploads\/2015\/11\/Hovercraft-safari-Helsinki.jpg?fit=2560%2C1920&ssl=1","width":2560,"height":1920,"caption":"Hovercraft tour in Helsinki"},{"@type":"BreadcrumbList","@id":"https:\/\/burnoutcity.fi\/sv\/vinteraktiviteter\/ilmatyynysafari\/#breadcrumb","itemListElement":[{"@type":"ListItem","position":1,"name":"Hem","item":"https:\/\/burnoutcity.fi\/sv\/hem\/"},{"@type":"ListItem","position":2,"name":"Vinteraktiviteter","item":"https:\/\/burnoutcity.fi\/sv\/vinteraktiviteter\/"},{"@type":"ListItem","position":3,"name":"Ilmatyynysafari"}]},{"@type":"WebSite","@id":"https:\/\/burnoutcity.fi\/sv\/#website","url":"https:\/\/burnoutcity.fi\/sv\/","name":"Burn Out City","description":"Corporate Events and activities for tourists in Helsinki and its archipelago","publisher":{"@id":"https:\/\/burnoutcity.fi\/sv\/#organization"},"potentialAction":[{"@type":"SearchAction","target":{"@type":"EntryPoint","urlTemplate":"https:\/\/burnoutcity.fi\/sv\/?s={search_term_string}"},"query-input":{"@type":"PropertyValueSpecification","valueRequired":true,"valueName":"search_term_string"}}],"inLanguage":"sv-SE"},{"@type":"Organization","@id":"https:\/\/burnoutcity.fi\/sv\/#organization","name":"Burn Out City Events","url":"https:\/\/burnoutcity.fi\/sv\/","logo":{"@type":"ImageObject","inLanguage":"sv-SE","@id":"https:\/\/burnoutcity.fi\/sv\/#\/schema\/logo\/image\/","url":"https:\/\/i0.wp.com\/burnoutcity.fi\/wp-content\/uploads\/2018\/11\/BOC-logo-transparent.png?fit=1465%2C323&ssl=1","contentUrl":"https:\/\/i0.wp.com\/burnoutcity.fi\/wp-content\/uploads\/2018\/11\/BOC-logo-transparent.png?fit=1465%2C323&ssl=1","width":1465,"height":323,"caption":"Burn Out City Events"},"image":{"@id":"https:\/\/burnoutcity.fi\/sv\/#\/schema\/logo\/image\/"},"sameAs":["https:\/\/www.facebook.com\/burnoutcity\/","https:\/\/www.instagram.com\/burnoutcity\/","https:\/\/www.linkedin.com\/company\/9238482\/","https:\/\/www.youtube.com\/channel\/UC0tYOONmt9dhZCEEyFzGj-Q"]}]}},"jetpack_sharing_enabled":true,"_links":{"self":[{"href":"https:\/\/burnoutcity.fi\/sv\/wp-json\/wp\/v2\/pages\/2594","targetHints":{"allow":["GET"]}}],"collection":[{"href":"https:\/\/burnoutcity.fi\/sv\/wp-json\/wp\/v2\/pages"}],"about":[{"href":"https:\/\/burnoutcity.fi\/sv\/wp-json\/wp\/v2\/types\/page"}],"author":[{"embeddable":true,"href":"https:\/\/burnoutcity.fi\/sv\/wp-json\/wp\/v2\/users\/3"}],"replies":[{"embeddable":true,"href":"https:\/\/burnoutcity.fi\/sv\/wp-json\/wp\/v2\/comments?post=2594"}],"version-history":[{"count":9,"href":"https:\/\/burnoutcity.fi\/sv\/wp-json\/wp\/v2\/pages\/2594\/revisions"}],"predecessor-version":[{"id":6309,"href":"https:\/\/burnoutcity.fi\/sv\/wp-json\/wp\/v2\/pages\/2594\/revisions\/6309"}],"up":[{"embeddable":true,"href":"https:\/\/burnoutcity.fi\/sv\/wp-json\/wp\/v2\/pages\/32"}],"wp:featuredmedia":[{"embeddable":true,"href":"https:\/\/burnoutcity.fi\/sv\/wp-json\/wp\/v2\/media\/5548"}],"wp:attachment":[{"href":"https:\/\/burnoutcity.fi\/sv\/wp-json\/wp\/v2\/media?parent=2594"}],"curies":[{"name":"wp","href":"https:\/\/api.w.org\/{rel}","templated":true}]}}