{"id":28,"date":"2011-11-23T08:21:57","date_gmt":"2011-11-23T06:21:57","guid":{"rendered":"http:\/\/burnoutcity.fi\/?page_id=28"},"modified":"2016-12-12T12:46:40","modified_gmt":"2016-12-12T10:46:40","slug":"sommaraktiviteter","status":"publish","type":"page","link":"https:\/\/burnoutcity.fi\/sv\/sommaraktiviteter\/","title":{"rendered":"Sommaraktiviteter"},"content":{"rendered":"<p>V\u00e5ra sommaraktiviteter \u00e4r bl.a. RIB safari, seglingsevenemang, kajak utflykter, kyrkb\u00e5ts rodd, frisbeegolf, isskulptering samt fiske. Ocks\u00e5 lekfulla t\u00e4vlingar f\u00f6r teambuilding \u00e4r popul\u00e4ra.<\/p>\n<p>Kronan p\u00e5 alla tillst\u00e4llningar \u00e4r f\u00f6rst\u00e5s en smakfull m\u00e5ltid, kaffe vid brasan, f\u00e4rsk tillredd fisk direkt av fiskaren eller kanske ett kr\u00e4ftkalas i sk\u00e4rg\u00e5rdsvillan!<\/p>\n<p>Under sommars\u00e4songen ordnar vi ocks\u00e5 ett stort antal seglingskurser f\u00f6r vuxna.<\/p>\n<p><a href=\"https:\/\/i0.wp.com\/burnoutcity.fi\/wp-content\/uploads\/2012\/11\/purjehduskurssi-boc.jpg\"><img data-recalc-dims=\"1\" loading=\"lazy\" decoding=\"async\" class=\"alignnone wp-image-1204 size-large\" title=\"purjehduskurssi helsingiss\u00e4\" src=\"https:\/\/i0.wp.com\/burnoutcity.fi\/wp-content\/uploads\/2012\/11\/purjehduskurssi-boc-1024x682.jpg?resize=525%2C350\" alt=\"\" width=\"525\" height=\"350\" srcset=\"https:\/\/i0.wp.com\/burnoutcity.fi\/wp-content\/uploads\/2012\/11\/purjehduskurssi-boc.jpg?resize=1024%2C682&amp;ssl=1 1024w, https:\/\/i0.wp.com\/burnoutcity.fi\/wp-content\/uploads\/2012\/11\/purjehduskurssi-boc.jpg?resize=300%2C200&amp;ssl=1 300w, https:\/\/i0.wp.com\/burnoutcity.fi\/wp-content\/uploads\/2012\/11\/purjehduskurssi-boc.jpg?resize=450%2C300&amp;ssl=1 450w, https:\/\/i0.wp.com\/burnoutcity.fi\/wp-content\/uploads\/2012\/11\/purjehduskurssi-boc.jpg?w=1575&amp;ssl=1 1575w\" sizes=\"auto, (max-width: 525px) 100vw, 525px\" \/><\/a><br \/>\n<a href=\"https:\/\/i0.wp.com\/burnoutcity.fi\/wp-content\/uploads\/2012\/11\/RIB-safari-helsinki.jpg\"><img data-recalc-dims=\"1\" loading=\"lazy\" decoding=\"async\" class=\"alignnone wp-image-1273 size-full\" title=\"RIB safari helsinki\" src=\"https:\/\/i0.wp.com\/burnoutcity.fi\/wp-content\/uploads\/2012\/11\/RIB-safari-helsinki.jpg?resize=525%2C350\" alt=\"\" width=\"525\" height=\"350\" srcset=\"https:\/\/i0.wp.com\/burnoutcity.fi\/wp-content\/uploads\/2012\/11\/RIB-safari-helsinki.jpg?w=960&amp;ssl=1 960w, https:\/\/i0.wp.com\/burnoutcity.fi\/wp-content\/uploads\/2012\/11\/RIB-safari-helsinki.jpg?resize=300%2C200&amp;ssl=1 300w, https:\/\/i0.wp.com\/burnoutcity.fi\/wp-content\/uploads\/2012\/11\/RIB-safari-helsinki.jpg?resize=450%2C300&amp;ssl=1 450w\" sizes=\"auto, (max-width: 706px) 89vw, (max-width: 767px) 82vw, 740px\" \/><\/a><br \/>\n<a href=\"https:\/\/i0.wp.com\/burnoutcity.fi\/wp-content\/uploads\/2012\/11\/Seglingsskola-helsingfors.jpg\"><img data-recalc-dims=\"1\" loading=\"lazy\" decoding=\"async\" class=\"alignnone wp-image-1275 size-full\" title=\"Seglingsskola helsingfors\" src=\"https:\/\/i0.wp.com\/burnoutcity.fi\/wp-content\/uploads\/2012\/11\/Seglingsskola-helsingfors.jpg?resize=525%2C350\" alt=\"\" width=\"525\" height=\"350\" srcset=\"https:\/\/i0.wp.com\/burnoutcity.fi\/wp-content\/uploads\/2012\/11\/Seglingsskola-helsingfors.jpg?w=960&amp;ssl=1 960w, https:\/\/i0.wp.com\/burnoutcity.fi\/wp-content\/uploads\/2012\/11\/Seglingsskola-helsingfors.jpg?resize=300%2C200&amp;ssl=1 300w, https:\/\/i0.wp.com\/burnoutcity.fi\/wp-content\/uploads\/2012\/11\/Seglingsskola-helsingfors.jpg?resize=450%2C300&amp;ssl=1 450w\" sizes=\"auto, (max-width: 706px) 89vw, (max-width: 767px) 82vw, 740px\" \/><\/a><\/p>\n","protected":false},"excerpt":{"rendered":"<p>V\u00e5ra sommaraktiviteter \u00e4r bl.a. RIB safari, seglingsevenemang, kajak utflykter, kyrkb\u00e5ts rodd, frisbeegolf, isskulptering samt fiske. Ocks\u00e5 lekfulla t\u00e4vlingar f\u00f6r teambuilding \u00e4r popul\u00e4ra. Kronan p\u00e5 alla tillst\u00e4llningar \u00e4r f\u00f6rst\u00e5s en smakfull m\u00e5ltid, kaffe vid brasan, f\u00e4rsk tillredd fisk direkt av fiskaren eller kanske ett kr\u00e4ftkalas i sk\u00e4rg\u00e5rdsvillan! Under sommars\u00e4songen ordnar vi ocks\u00e5 ett stort antal seglingskurser &hellip; <\/p>\n<p class=\"link-more\"><a href=\"https:\/\/burnoutcity.fi\/sv\/sommaraktiviteter\/\" class=\"more-link\">Forts\u00e4tt l\u00e4sa<span class=\"screen-reader-text\"> \u201dSommaraktiviteter\u201d<\/span><\/a><\/p>\n","protected":false},"author":3,"featured_media":2703,"parent":0,"menu_order":5,"comment_status":"open","ping_status":"closed","template":"","meta":{"footnotes":""},"class_list":["post-28","page","type-page","status-publish","has-post-thumbnail","hentry"],"yoast_head":"<!-- This site is optimized with the Yoast SEO plugin v27.1.1 - https:\/\/yoast.com\/product\/yoast-seo-wordpress\/ -->\n<title>Sommaraktiviteter - Burn Out City Evets<\/title>\n<meta name=\"robots\" content=\"index, follow, max-snippet:-1, max-image-preview:large, max-video-preview:-1\" \/>\n<link rel=\"canonical\" href=\"https:\/\/burnoutcity.fi\/sv\/sommaraktiviteter\/\" \/>\n<meta property=\"og:locale\" content=\"sv_SE\" \/>\n<meta property=\"og:type\" content=\"article\" \/>\n<meta property=\"og:title\" content=\"Sommaraktiviteter - Burn Out City Evets\" \/>\n<meta property=\"og:description\" content=\"V\u00e5ra sommaraktiviteter \u00e4r bl.a. RIB safari, seglingsevenemang, kajak utflykter, kyrkb\u00e5ts rodd, frisbeegolf, isskulptering samt fiske. Ocks\u00e5 lekfulla t\u00e4vlingar f\u00f6r teambuilding \u00e4r popul\u00e4ra. Kronan p\u00e5 alla tillst\u00e4llningar \u00e4r f\u00f6rst\u00e5s en smakfull m\u00e5ltid, kaffe vid brasan, f\u00e4rsk tillredd fisk direkt av fiskaren eller kanske ett kr\u00e4ftkalas i sk\u00e4rg\u00e5rdsvillan! Under sommars\u00e4songen ordnar vi ocks\u00e5 ett stort antal seglingskurser &hellip; Forts\u00e4tt l\u00e4sa \u201dSommaraktiviteter\u201d\" \/>\n<meta property=\"og:url\" content=\"https:\/\/burnoutcity.fi\/sv\/sommaraktiviteter\/\" \/>\n<meta property=\"og:site_name\" content=\"Burn Out City Evets\" \/>\n<meta property=\"article:publisher\" content=\"https:\/\/www.facebook.com\/burnoutcity\/\" \/>\n<meta property=\"article:modified_time\" content=\"2016-12-12T10:46:40+00:00\" \/>\n<meta property=\"og:image\" content=\"https:\/\/burnoutcity.fi\/wp-content\/uploads\/2016\/05\/cropped-kirkkovenesoutu.jpg\" \/>\n\t<meta property=\"og:image:width\" content=\"1000\" \/>\n\t<meta property=\"og:image:height\" content=\"288\" \/>\n\t<meta property=\"og:image:type\" content=\"image\/jpeg\" \/>\n<meta name=\"twitter:card\" content=\"summary_large_image\" \/>\n<script type=\"application\/ld+json\" class=\"yoast-schema-graph\">{\"@context\":\"https:\/\/schema.org\",\"@graph\":[{\"@type\":\"WebPage\",\"@id\":\"https:\/\/burnoutcity.fi\/sv\/sommaraktiviteter\/\",\"url\":\"https:\/\/burnoutcity.fi\/sv\/sommaraktiviteter\/\",\"name\":\"Sommaraktiviteter - Burn Out City Evets\",\"isPartOf\":{\"@id\":\"https:\/\/burnoutcity.fi\/sv\/#website\"},\"primaryImageOfPage\":{\"@id\":\"https:\/\/burnoutcity.fi\/sv\/sommaraktiviteter\/#primaryimage\"},\"image\":{\"@id\":\"https:\/\/burnoutcity.fi\/sv\/sommaraktiviteter\/#primaryimage\"},\"thumbnailUrl\":\"https:\/\/i0.wp.com\/burnoutcity.fi\/wp-content\/uploads\/2016\/05\/cropped-kirkkovenesoutu.jpg?fit=1000%2C288&ssl=1\",\"datePublished\":\"2011-11-23T06:21:57+00:00\",\"dateModified\":\"2016-12-12T10:46:40+00:00\",\"breadcrumb\":{\"@id\":\"https:\/\/burnoutcity.fi\/sv\/sommaraktiviteter\/#breadcrumb\"},\"inLanguage\":\"sv-SE\",\"potentialAction\":[{\"@type\":\"ReadAction\",\"target\":[\"https:\/\/burnoutcity.fi\/sv\/sommaraktiviteter\/\"]}]},{\"@type\":\"ImageObject\",\"inLanguage\":\"sv-SE\",\"@id\":\"https:\/\/burnoutcity.fi\/sv\/sommaraktiviteter\/#primaryimage\",\"url\":\"https:\/\/i0.wp.com\/burnoutcity.fi\/wp-content\/uploads\/2016\/05\/cropped-kirkkovenesoutu.jpg?fit=1000%2C288&ssl=1\",\"contentUrl\":\"https:\/\/i0.wp.com\/burnoutcity.fi\/wp-content\/uploads\/2016\/05\/cropped-kirkkovenesoutu.jpg?fit=1000%2C288&ssl=1\",\"width\":1000,\"height\":288},{\"@type\":\"BreadcrumbList\",\"@id\":\"https:\/\/burnoutcity.fi\/sv\/sommaraktiviteter\/#breadcrumb\",\"itemListElement\":[{\"@type\":\"ListItem\",\"position\":1,\"name\":\"Hem\",\"item\":\"https:\/\/burnoutcity.fi\/sv\/hem\/\"},{\"@type\":\"ListItem\",\"position\":2,\"name\":\"Sommaraktiviteter\"}]},{\"@type\":\"WebSite\",\"@id\":\"https:\/\/burnoutcity.fi\/sv\/#website\",\"url\":\"https:\/\/burnoutcity.fi\/sv\/\",\"name\":\"Burn Out City\",\"description\":\"Corporate Events and activities for tourists in Helsinki and its archipelago\",\"publisher\":{\"@id\":\"https:\/\/burnoutcity.fi\/sv\/#organization\"},\"potentialAction\":[{\"@type\":\"SearchAction\",\"target\":{\"@type\":\"EntryPoint\",\"urlTemplate\":\"https:\/\/burnoutcity.fi\/sv\/?s={search_term_string}\"},\"query-input\":{\"@type\":\"PropertyValueSpecification\",\"valueRequired\":true,\"valueName\":\"search_term_string\"}}],\"inLanguage\":\"sv-SE\"},{\"@type\":\"Organization\",\"@id\":\"https:\/\/burnoutcity.fi\/sv\/#organization\",\"name\":\"Burn Out City Events\",\"url\":\"https:\/\/burnoutcity.fi\/sv\/\",\"logo\":{\"@type\":\"ImageObject\",\"inLanguage\":\"sv-SE\",\"@id\":\"https:\/\/burnoutcity.fi\/sv\/#\/schema\/logo\/image\/\",\"url\":\"https:\/\/i0.wp.com\/burnoutcity.fi\/wp-content\/uploads\/2018\/11\/BOC-logo-transparent.png?fit=1465%2C323&ssl=1\",\"contentUrl\":\"https:\/\/i0.wp.com\/burnoutcity.fi\/wp-content\/uploads\/2018\/11\/BOC-logo-transparent.png?fit=1465%2C323&ssl=1\",\"width\":1465,\"height\":323,\"caption\":\"Burn Out City Events\"},\"image\":{\"@id\":\"https:\/\/burnoutcity.fi\/sv\/#\/schema\/logo\/image\/\"},\"sameAs\":[\"https:\/\/www.facebook.com\/burnoutcity\/\",\"https:\/\/www.instagram.com\/burnoutcity\/\",\"https:\/\/www.linkedin.com\/company\/9238482\/\",\"https:\/\/www.youtube.com\/channel\/UC0tYOONmt9dhZCEEyFzGj-Q\"]}]}<\/script>\n<!-- \/ Yoast SEO plugin. -->","yoast_head_json":{"title":"Sommaraktiviteter - Burn Out City Evets","robots":{"index":"index","follow":"follow","max-snippet":"max-snippet:-1","max-image-preview":"max-image-preview:large","max-video-preview":"max-video-preview:-1"},"canonical":"https:\/\/burnoutcity.fi\/sv\/sommaraktiviteter\/","og_locale":"sv_SE","og_type":"article","og_title":"Sommaraktiviteter - Burn Out City Evets","og_description":"V\u00e5ra sommaraktiviteter \u00e4r bl.a. RIB safari, seglingsevenemang, kajak utflykter, kyrkb\u00e5ts rodd, frisbeegolf, isskulptering samt fiske. Ocks\u00e5 lekfulla t\u00e4vlingar f\u00f6r teambuilding \u00e4r popul\u00e4ra. Kronan p\u00e5 alla tillst\u00e4llningar \u00e4r f\u00f6rst\u00e5s en smakfull m\u00e5ltid, kaffe vid brasan, f\u00e4rsk tillredd fisk direkt av fiskaren eller kanske ett kr\u00e4ftkalas i sk\u00e4rg\u00e5rdsvillan! Under sommars\u00e4songen ordnar vi ocks\u00e5 ett stort antal seglingskurser &hellip; Forts\u00e4tt l\u00e4sa \u201dSommaraktiviteter\u201d","og_url":"https:\/\/burnoutcity.fi\/sv\/sommaraktiviteter\/","og_site_name":"Burn Out City Evets","article_publisher":"https:\/\/www.facebook.com\/burnoutcity\/","article_modified_time":"2016-12-12T10:46:40+00:00","og_image":[{"width":1000,"height":288,"url":"https:\/\/burnoutcity.fi\/wp-content\/uploads\/2016\/05\/cropped-kirkkovenesoutu.jpg","type":"image\/jpeg"}],"twitter_card":"summary_large_image","schema":{"@context":"https:\/\/schema.org","@graph":[{"@type":"WebPage","@id":"https:\/\/burnoutcity.fi\/sv\/sommaraktiviteter\/","url":"https:\/\/burnoutcity.fi\/sv\/sommaraktiviteter\/","name":"Sommaraktiviteter - Burn Out City Evets","isPartOf":{"@id":"https:\/\/burnoutcity.fi\/sv\/#website"},"primaryImageOfPage":{"@id":"https:\/\/burnoutcity.fi\/sv\/sommaraktiviteter\/#primaryimage"},"image":{"@id":"https:\/\/burnoutcity.fi\/sv\/sommaraktiviteter\/#primaryimage"},"thumbnailUrl":"https:\/\/i0.wp.com\/burnoutcity.fi\/wp-content\/uploads\/2016\/05\/cropped-kirkkovenesoutu.jpg?fit=1000%2C288&ssl=1","datePublished":"2011-11-23T06:21:57+00:00","dateModified":"2016-12-12T10:46:40+00:00","breadcrumb":{"@id":"https:\/\/burnoutcity.fi\/sv\/sommaraktiviteter\/#breadcrumb"},"inLanguage":"sv-SE","potentialAction":[{"@type":"ReadAction","target":["https:\/\/burnoutcity.fi\/sv\/sommaraktiviteter\/"]}]},{"@type":"ImageObject","inLanguage":"sv-SE","@id":"https:\/\/burnoutcity.fi\/sv\/sommaraktiviteter\/#primaryimage","url":"https:\/\/i0.wp.com\/burnoutcity.fi\/wp-content\/uploads\/2016\/05\/cropped-kirkkovenesoutu.jpg?fit=1000%2C288&ssl=1","contentUrl":"https:\/\/i0.wp.com\/burnoutcity.fi\/wp-content\/uploads\/2016\/05\/cropped-kirkkovenesoutu.jpg?fit=1000%2C288&ssl=1","width":1000,"height":288},{"@type":"BreadcrumbList","@id":"https:\/\/burnoutcity.fi\/sv\/sommaraktiviteter\/#breadcrumb","itemListElement":[{"@type":"ListItem","position":1,"name":"Hem","item":"https:\/\/burnoutcity.fi\/sv\/hem\/"},{"@type":"ListItem","position":2,"name":"Sommaraktiviteter"}]},{"@type":"WebSite","@id":"https:\/\/burnoutcity.fi\/sv\/#website","url":"https:\/\/burnoutcity.fi\/sv\/","name":"Burn Out City","description":"Corporate Events and activities for tourists in Helsinki and its archipelago","publisher":{"@id":"https:\/\/burnoutcity.fi\/sv\/#organization"},"potentialAction":[{"@type":"SearchAction","target":{"@type":"EntryPoint","urlTemplate":"https:\/\/burnoutcity.fi\/sv\/?s={search_term_string}"},"query-input":{"@type":"PropertyValueSpecification","valueRequired":true,"valueName":"search_term_string"}}],"inLanguage":"sv-SE"},{"@type":"Organization","@id":"https:\/\/burnoutcity.fi\/sv\/#organization","name":"Burn Out City Events","url":"https:\/\/burnoutcity.fi\/sv\/","logo":{"@type":"ImageObject","inLanguage":"sv-SE","@id":"https:\/\/burnoutcity.fi\/sv\/#\/schema\/logo\/image\/","url":"https:\/\/i0.wp.com\/burnoutcity.fi\/wp-content\/uploads\/2018\/11\/BOC-logo-transparent.png?fit=1465%2C323&ssl=1","contentUrl":"https:\/\/i0.wp.com\/burnoutcity.fi\/wp-content\/uploads\/2018\/11\/BOC-logo-transparent.png?fit=1465%2C323&ssl=1","width":1465,"height":323,"caption":"Burn Out City Events"},"image":{"@id":"https:\/\/burnoutcity.fi\/sv\/#\/schema\/logo\/image\/"},"sameAs":["https:\/\/www.facebook.com\/burnoutcity\/","https:\/\/www.instagram.com\/burnoutcity\/","https:\/\/www.linkedin.com\/company\/9238482\/","https:\/\/www.youtube.com\/channel\/UC0tYOONmt9dhZCEEyFzGj-Q"]}]}},"jetpack_sharing_enabled":true,"_links":{"self":[{"href":"https:\/\/burnoutcity.fi\/sv\/wp-json\/wp\/v2\/pages\/28","targetHints":{"allow":["GET"]}}],"collection":[{"href":"https:\/\/burnoutcity.fi\/sv\/wp-json\/wp\/v2\/pages"}],"about":[{"href":"https:\/\/burnoutcity.fi\/sv\/wp-json\/wp\/v2\/types\/page"}],"author":[{"embeddable":true,"href":"https:\/\/burnoutcity.fi\/sv\/wp-json\/wp\/v2\/users\/3"}],"replies":[{"embeddable":true,"href":"https:\/\/burnoutcity.fi\/sv\/wp-json\/wp\/v2\/comments?post=28"}],"version-history":[{"count":10,"href":"https:\/\/burnoutcity.fi\/sv\/wp-json\/wp\/v2\/pages\/28\/revisions"}],"predecessor-version":[{"id":2715,"href":"https:\/\/burnoutcity.fi\/sv\/wp-json\/wp\/v2\/pages\/28\/revisions\/2715"}],"wp:featuredmedia":[{"embeddable":true,"href":"https:\/\/burnoutcity.fi\/sv\/wp-json\/wp\/v2\/media\/2703"}],"wp:attachment":[{"href":"https:\/\/burnoutcity.fi\/sv\/wp-json\/wp\/v2\/media?parent=28"}],"curies":[{"name":"wp","href":"https:\/\/api.w.org\/{rel}","templated":true}]}}