{"id":297,"date":"2011-11-28T15:58:57","date_gmt":"2011-11-28T13:58:57","guid":{"rendered":"http:\/\/burnoutcity.fi\/?page_id=297"},"modified":"2016-12-12T12:59:10","modified_gmt":"2016-12-12T10:59:10","slug":"teambuilding","status":"publish","type":"page","link":"https:\/\/burnoutcity.fi\/sv\/sommaraktiviteter\/teambuilding\/","title":{"rendered":"Teambuilding"},"content":{"rendered":"<p>V\u00e5ra teambuilding aktiviteter best\u00e5r av olika grupp\u00f6vningar som skapar gemenskap och en god st\u00e4mning. Beroende p\u00e5 vad ni vill uppn\u00e5 med programmet s\u00e5 kan vi skr\u00e4ddarsy ett s\u00e5dant program som passar just er. Oftast best\u00e5r programmet av konstruktioner, naturstig med natur-relaterade fr\u00e5gor och probleml\u00f6sningar av olika slag. Teambuilding aktiviteter g\u00e5r naturligtvis att g\u00f6ra \u00e5ret runt!<\/p>\n<p><a href=\"https:\/\/i0.wp.com\/burnoutcity.fi\/wp-content\/uploads\/2011\/12\/IMG_8531-Medium_1024.jpg\"><img data-recalc-dims=\"1\" loading=\"lazy\" decoding=\"async\" class=\"alignnone size-full wp-image-2438\" src=\"https:\/\/i0.wp.com\/burnoutcity.fi\/wp-content\/uploads\/2011\/12\/IMG_8531-Medium_1024.jpg?resize=525%2C350\" alt=\"\" width=\"525\" height=\"350\" srcset=\"https:\/\/i0.wp.com\/burnoutcity.fi\/wp-content\/uploads\/2011\/12\/IMG_8531-Medium_1024.jpg?w=1024&amp;ssl=1 1024w, https:\/\/i0.wp.com\/burnoutcity.fi\/wp-content\/uploads\/2011\/12\/IMG_8531-Medium_1024.jpg?resize=300%2C200&amp;ssl=1 300w, https:\/\/i0.wp.com\/burnoutcity.fi\/wp-content\/uploads\/2011\/12\/IMG_8531-Medium_1024.jpg?resize=450%2C300&amp;ssl=1 450w\" sizes=\"auto, (max-width: 706px) 89vw, (max-width: 767px) 82vw, 740px\" \/><\/a><a href=\"https:\/\/i0.wp.com\/burnoutcity.fi\/wp-content\/uploads\/2011\/11\/Axe-throwing.jpg\"><img data-recalc-dims=\"1\" loading=\"lazy\" decoding=\"async\" class=\"alignnone size-full wp-image-2349\" src=\"https:\/\/i0.wp.com\/burnoutcity.fi\/wp-content\/uploads\/2011\/11\/Axe-throwing.jpg?resize=525%2C350\" alt=\"\" width=\"525\" height=\"350\" srcset=\"https:\/\/i0.wp.com\/burnoutcity.fi\/wp-content\/uploads\/2011\/11\/Axe-throwing.jpg?w=1152&amp;ssl=1 1152w, https:\/\/i0.wp.com\/burnoutcity.fi\/wp-content\/uploads\/2011\/11\/Axe-throwing.jpg?resize=300%2C200&amp;ssl=1 300w, https:\/\/i0.wp.com\/burnoutcity.fi\/wp-content\/uploads\/2011\/11\/Axe-throwing.jpg?resize=1024%2C683&amp;ssl=1 1024w, https:\/\/i0.wp.com\/burnoutcity.fi\/wp-content\/uploads\/2011\/11\/Axe-throwing.jpg?resize=450%2C300&amp;ssl=1 450w\" sizes=\"auto, (max-width: 706px) 89vw, (max-width: 767px) 82vw, 740px\" \/><\/a><a href=\"https:\/\/i0.wp.com\/burnoutcity.fi\/wp-content\/uploads\/2011\/11\/Teambuilding-Helsinki.jpg\"><img data-recalc-dims=\"1\" loading=\"lazy\" decoding=\"async\" class=\"alignnone size-full wp-image-2353\" src=\"https:\/\/i0.wp.com\/burnoutcity.fi\/wp-content\/uploads\/2011\/11\/Teambuilding-Helsinki.jpg?resize=525%2C350\" alt=\"\" width=\"525\" height=\"350\" srcset=\"https:\/\/i0.wp.com\/burnoutcity.fi\/wp-content\/uploads\/2011\/11\/Teambuilding-Helsinki.jpg?w=1152&amp;ssl=1 1152w, https:\/\/i0.wp.com\/burnoutcity.fi\/wp-content\/uploads\/2011\/11\/Teambuilding-Helsinki.jpg?resize=300%2C200&amp;ssl=1 300w, https:\/\/i0.wp.com\/burnoutcity.fi\/wp-content\/uploads\/2011\/11\/Teambuilding-Helsinki.jpg?resize=1024%2C683&amp;ssl=1 1024w, https:\/\/i0.wp.com\/burnoutcity.fi\/wp-content\/uploads\/2011\/11\/Teambuilding-Helsinki.jpg?resize=450%2C300&amp;ssl=1 450w\" sizes=\"auto, (max-width: 706px) 89vw, (max-width: 767px) 82vw, 740px\" \/><\/a><a href=\"https:\/\/i0.wp.com\/burnoutcity.fi\/wp-content\/uploads\/2011\/11\/Tarkkuusammunta.jpg\"><img data-recalc-dims=\"1\" loading=\"lazy\" decoding=\"async\" class=\"alignnone size-full wp-image-2352\" src=\"https:\/\/i0.wp.com\/burnoutcity.fi\/wp-content\/uploads\/2011\/11\/Tarkkuusammunta.jpg?resize=525%2C350\" alt=\"\" width=\"525\" height=\"350\" srcset=\"https:\/\/i0.wp.com\/burnoutcity.fi\/wp-content\/uploads\/2011\/11\/Tarkkuusammunta.jpg?w=1152&amp;ssl=1 1152w, https:\/\/i0.wp.com\/burnoutcity.fi\/wp-content\/uploads\/2011\/11\/Tarkkuusammunta.jpg?resize=300%2C200&amp;ssl=1 300w, https:\/\/i0.wp.com\/burnoutcity.fi\/wp-content\/uploads\/2011\/11\/Tarkkuusammunta.jpg?resize=1024%2C683&amp;ssl=1 1024w, https:\/\/i0.wp.com\/burnoutcity.fi\/wp-content\/uploads\/2011\/11\/Tarkkuusammunta.jpg?resize=450%2C300&amp;ssl=1 450w\" sizes=\"auto, (max-width: 706px) 89vw, (max-width: 767px) 82vw, 740px\" \/><\/a><a href=\"https:\/\/i0.wp.com\/burnoutcity.fi\/wp-content\/uploads\/2011\/11\/Tarkkuusammunta-Helsinki.jpg\"><img data-recalc-dims=\"1\" loading=\"lazy\" decoding=\"async\" class=\"alignnone size-full wp-image-2351\" src=\"https:\/\/i0.wp.com\/burnoutcity.fi\/wp-content\/uploads\/2011\/11\/Tarkkuusammunta-Helsinki.jpg?resize=525%2C350\" alt=\"\" width=\"525\" height=\"350\" srcset=\"https:\/\/i0.wp.com\/burnoutcity.fi\/wp-content\/uploads\/2011\/11\/Tarkkuusammunta-Helsinki.jpg?w=1152&amp;ssl=1 1152w, https:\/\/i0.wp.com\/burnoutcity.fi\/wp-content\/uploads\/2011\/11\/Tarkkuusammunta-Helsinki.jpg?resize=300%2C200&amp;ssl=1 300w, https:\/\/i0.wp.com\/burnoutcity.fi\/wp-content\/uploads\/2011\/11\/Tarkkuusammunta-Helsinki.jpg?resize=1024%2C683&amp;ssl=1 1024w, https:\/\/i0.wp.com\/burnoutcity.fi\/wp-content\/uploads\/2011\/11\/Tarkkuusammunta-Helsinki.jpg?resize=450%2C300&amp;ssl=1 450w\" sizes=\"auto, (max-width: 706px) 89vw, (max-width: 767px) 82vw, 740px\" \/><\/a><a href=\"https:\/\/i0.wp.com\/burnoutcity.fi\/wp-content\/uploads\/2011\/11\/Teambuilding.jpg\"><img data-recalc-dims=\"1\" loading=\"lazy\" decoding=\"async\" class=\"alignnone size-full wp-image-2357\" src=\"https:\/\/i0.wp.com\/burnoutcity.fi\/wp-content\/uploads\/2011\/11\/Teambuilding.jpg?resize=525%2C350\" alt=\"\" width=\"525\" height=\"350\" srcset=\"https:\/\/i0.wp.com\/burnoutcity.fi\/wp-content\/uploads\/2011\/11\/Teambuilding.jpg?w=1152&amp;ssl=1 1152w, https:\/\/i0.wp.com\/burnoutcity.fi\/wp-content\/uploads\/2011\/11\/Teambuilding.jpg?resize=300%2C200&amp;ssl=1 300w, https:\/\/i0.wp.com\/burnoutcity.fi\/wp-content\/uploads\/2011\/11\/Teambuilding.jpg?resize=1024%2C683&amp;ssl=1 1024w, https:\/\/i0.wp.com\/burnoutcity.fi\/wp-content\/uploads\/2011\/11\/Teambuilding.jpg?resize=450%2C300&amp;ssl=1 450w\" sizes=\"auto, (max-width: 706px) 89vw, (max-width: 767px) 82vw, 740px\" \/><\/a><a href=\"https:\/\/i0.wp.com\/burnoutcity.fi\/wp-content\/uploads\/2011\/11\/Teambuilding-Norrkulla.jpg\"><img data-recalc-dims=\"1\" loading=\"lazy\" decoding=\"async\" class=\"alignnone size-full wp-image-2354\" src=\"https:\/\/i0.wp.com\/burnoutcity.fi\/wp-content\/uploads\/2011\/11\/Teambuilding-Norrkulla.jpg?resize=525%2C350\" alt=\"\" width=\"525\" height=\"350\" srcset=\"https:\/\/i0.wp.com\/burnoutcity.fi\/wp-content\/uploads\/2011\/11\/Teambuilding-Norrkulla.jpg?w=1152&amp;ssl=1 1152w, https:\/\/i0.wp.com\/burnoutcity.fi\/wp-content\/uploads\/2011\/11\/Teambuilding-Norrkulla.jpg?resize=300%2C200&amp;ssl=1 300w, https:\/\/i0.wp.com\/burnoutcity.fi\/wp-content\/uploads\/2011\/11\/Teambuilding-Norrkulla.jpg?resize=1024%2C683&amp;ssl=1 1024w, https:\/\/i0.wp.com\/burnoutcity.fi\/wp-content\/uploads\/2011\/11\/Teambuilding-Norrkulla.jpg?resize=450%2C300&amp;ssl=1 450w\" sizes=\"auto, (max-width: 706px) 89vw, (max-width: 767px) 82vw, 740px\" \/><\/a><a href=\"https:\/\/i0.wp.com\/burnoutcity.fi\/wp-content\/uploads\/2011\/11\/teambuilding-aktiviteetti-helsinki.jpg\"><img data-recalc-dims=\"1\" loading=\"lazy\" decoding=\"async\" class=\"alignnone wp-image-1501 size-large\" title=\"teambuilding aktiviteetti helsinki\" src=\"https:\/\/i0.wp.com\/burnoutcity.fi\/wp-content\/uploads\/2011\/11\/teambuilding-aktiviteetti-helsinki-1024x768.jpg?resize=525%2C394\" width=\"525\" height=\"394\" srcset=\"https:\/\/i0.wp.com\/burnoutcity.fi\/wp-content\/uploads\/2011\/11\/teambuilding-aktiviteetti-helsinki.jpg?resize=1024%2C768&amp;ssl=1 1024w, https:\/\/i0.wp.com\/burnoutcity.fi\/wp-content\/uploads\/2011\/11\/teambuilding-aktiviteetti-helsinki.jpg?resize=300%2C225&amp;ssl=1 300w, https:\/\/i0.wp.com\/burnoutcity.fi\/wp-content\/uploads\/2011\/11\/teambuilding-aktiviteetti-helsinki.jpg?resize=400%2C300&amp;ssl=1 400w, https:\/\/i0.wp.com\/burnoutcity.fi\/wp-content\/uploads\/2011\/11\/teambuilding-aktiviteetti-helsinki.jpg?w=1575&amp;ssl=1 1575w\" sizes=\"auto, (max-width: 525px) 100vw, 525px\" \/><\/a>\u00a0\u00a0\u00a0<a href=\"https:\/\/i0.wp.com\/burnoutcity.fi\/wp-content\/uploads\/2011\/11\/teambuilding-ohjelmia-helsinki.jpg\"><img data-recalc-dims=\"1\" loading=\"lazy\" decoding=\"async\" class=\"alignnone wp-image-1502 size-large\" title=\"teambuilding ohjelmia helsinki\" src=\"https:\/\/i0.wp.com\/burnoutcity.fi\/wp-content\/uploads\/2011\/11\/teambuilding-ohjelmia-helsinki-1024x768.jpg?resize=525%2C394\" width=\"525\" height=\"394\" srcset=\"https:\/\/i0.wp.com\/burnoutcity.fi\/wp-content\/uploads\/2011\/11\/teambuilding-ohjelmia-helsinki.jpg?resize=1024%2C768&amp;ssl=1 1024w, https:\/\/i0.wp.com\/burnoutcity.fi\/wp-content\/uploads\/2011\/11\/teambuilding-ohjelmia-helsinki.jpg?resize=300%2C225&amp;ssl=1 300w, https:\/\/i0.wp.com\/burnoutcity.fi\/wp-content\/uploads\/2011\/11\/teambuilding-ohjelmia-helsinki.jpg?resize=400%2C300&amp;ssl=1 400w, https:\/\/i0.wp.com\/burnoutcity.fi\/wp-content\/uploads\/2011\/11\/teambuilding-ohjelmia-helsinki.jpg?w=2048&amp;ssl=1 2048w, https:\/\/i0.wp.com\/burnoutcity.fi\/wp-content\/uploads\/2011\/11\/teambuilding-ohjelmia-helsinki.jpg?w=1575&amp;ssl=1 1575w\" sizes=\"auto, (max-width: 525px) 100vw, 525px\" \/><\/a><\/p>\n<p>Aktiviteter som vi ocks\u00e5 tycker att kan g\u00e5 under rubriken teambuilding \u00e4r till exempel segling, curling och isskulpturer.<\/p>\n","protected":false},"excerpt":{"rendered":"<p>V\u00e5ra teambuilding aktiviteter best\u00e5r av olika grupp\u00f6vningar som skapar gemenskap och en god st\u00e4mning. Beroende p\u00e5 vad ni vill uppn\u00e5 med programmet s\u00e5 kan vi skr\u00e4ddarsy ett s\u00e5dant program som passar just er. Oftast best\u00e5r programmet av konstruktioner, naturstig med natur-relaterade fr\u00e5gor och probleml\u00f6sningar av olika slag. Teambuilding aktiviteter g\u00e5r naturligtvis att g\u00f6ra \u00e5ret runt! &hellip; <\/p>\n<p class=\"link-more\"><a href=\"https:\/\/burnoutcity.fi\/sv\/sommaraktiviteter\/teambuilding\/\" class=\"more-link\">Forts\u00e4tt l\u00e4sa<span class=\"screen-reader-text\"> \u201dTeambuilding\u201d<\/span><\/a><\/p>\n","protected":false},"author":3,"featured_media":2356,"parent":28,"menu_order":0,"comment_status":"open","ping_status":"open","template":"","meta":{"footnotes":""},"class_list":["post-297","page","type-page","status-publish","has-post-thumbnail","hentry"],"yoast_head":"<!-- This site is optimized with the Yoast SEO plugin v27.1.1 - https:\/\/yoast.com\/product\/yoast-seo-wordpress\/ -->\n<title>Teambuilding - Burn Out City Evets<\/title>\n<meta name=\"robots\" content=\"index, follow, max-snippet:-1, max-image-preview:large, max-video-preview:-1\" \/>\n<link rel=\"canonical\" href=\"https:\/\/burnoutcity.fi\/sv\/sommaraktiviteter\/teambuilding\/\" \/>\n<meta property=\"og:locale\" content=\"sv_SE\" \/>\n<meta property=\"og:type\" content=\"article\" \/>\n<meta property=\"og:title\" content=\"Teambuilding - Burn Out City Evets\" \/>\n<meta property=\"og:description\" content=\"V\u00e5ra teambuilding aktiviteter best\u00e5r av olika grupp\u00f6vningar som skapar gemenskap och en god st\u00e4mning. Beroende p\u00e5 vad ni vill uppn\u00e5 med programmet s\u00e5 kan vi skr\u00e4ddarsy ett s\u00e5dant program som passar just er. Oftast best\u00e5r programmet av konstruktioner, naturstig med natur-relaterade fr\u00e5gor och probleml\u00f6sningar av olika slag. Teambuilding aktiviteter g\u00e5r naturligtvis att g\u00f6ra \u00e5ret runt! &hellip; Forts\u00e4tt l\u00e4sa \u201dTeambuilding\u201d\" \/>\n<meta property=\"og:url\" content=\"https:\/\/burnoutcity.fi\/sv\/sommaraktiviteter\/teambuilding\/\" \/>\n<meta property=\"og:site_name\" content=\"Burn Out City Evets\" \/>\n<meta property=\"article:publisher\" content=\"https:\/\/www.facebook.com\/burnoutcity\/\" \/>\n<meta property=\"article:modified_time\" content=\"2016-12-12T10:59:10+00:00\" \/>\n<meta property=\"og:image\" content=\"https:\/\/burnoutcity.fi\/wp-content\/uploads\/2011\/11\/Teambuilding-tandem.jpg\" \/>\n\t<meta property=\"og:image:width\" content=\"1152\" \/>\n\t<meta property=\"og:image:height\" content=\"768\" \/>\n\t<meta property=\"og:image:type\" content=\"image\/jpeg\" \/>\n<meta name=\"twitter:card\" content=\"summary_large_image\" \/>\n<script type=\"application\/ld+json\" class=\"yoast-schema-graph\">{\"@context\":\"https:\/\/schema.org\",\"@graph\":[{\"@type\":\"WebPage\",\"@id\":\"https:\/\/burnoutcity.fi\/sv\/sommaraktiviteter\/teambuilding\/\",\"url\":\"https:\/\/burnoutcity.fi\/sv\/sommaraktiviteter\/teambuilding\/\",\"name\":\"Teambuilding - Burn Out City Evets\",\"isPartOf\":{\"@id\":\"https:\/\/burnoutcity.fi\/sv\/#website\"},\"primaryImageOfPage\":{\"@id\":\"https:\/\/burnoutcity.fi\/sv\/sommaraktiviteter\/teambuilding\/#primaryimage\"},\"image\":{\"@id\":\"https:\/\/burnoutcity.fi\/sv\/sommaraktiviteter\/teambuilding\/#primaryimage\"},\"thumbnailUrl\":\"https:\/\/i0.wp.com\/burnoutcity.fi\/wp-content\/uploads\/2011\/11\/Teambuilding-tandem.jpg?fit=1152%2C768&ssl=1\",\"datePublished\":\"2011-11-28T13:58:57+00:00\",\"dateModified\":\"2016-12-12T10:59:10+00:00\",\"breadcrumb\":{\"@id\":\"https:\/\/burnoutcity.fi\/sv\/sommaraktiviteter\/teambuilding\/#breadcrumb\"},\"inLanguage\":\"sv-SE\",\"potentialAction\":[{\"@type\":\"ReadAction\",\"target\":[\"https:\/\/burnoutcity.fi\/sv\/sommaraktiviteter\/teambuilding\/\"]}]},{\"@type\":\"ImageObject\",\"inLanguage\":\"sv-SE\",\"@id\":\"https:\/\/burnoutcity.fi\/sv\/sommaraktiviteter\/teambuilding\/#primaryimage\",\"url\":\"https:\/\/i0.wp.com\/burnoutcity.fi\/wp-content\/uploads\/2011\/11\/Teambuilding-tandem.jpg?fit=1152%2C768&ssl=1\",\"contentUrl\":\"https:\/\/i0.wp.com\/burnoutcity.fi\/wp-content\/uploads\/2011\/11\/Teambuilding-tandem.jpg?fit=1152%2C768&ssl=1\",\"width\":1152,\"height\":768},{\"@type\":\"BreadcrumbList\",\"@id\":\"https:\/\/burnoutcity.fi\/sv\/sommaraktiviteter\/teambuilding\/#breadcrumb\",\"itemListElement\":[{\"@type\":\"ListItem\",\"position\":1,\"name\":\"Hem\",\"item\":\"https:\/\/burnoutcity.fi\/sv\/hem\/\"},{\"@type\":\"ListItem\",\"position\":2,\"name\":\"Sommaraktiviteter\",\"item\":\"https:\/\/burnoutcity.fi\/sv\/sommaraktiviteter\/\"},{\"@type\":\"ListItem\",\"position\":3,\"name\":\"Teambuilding\"}]},{\"@type\":\"WebSite\",\"@id\":\"https:\/\/burnoutcity.fi\/sv\/#website\",\"url\":\"https:\/\/burnoutcity.fi\/sv\/\",\"name\":\"Burn Out City\",\"description\":\"Corporate Events and activities for tourists in Helsinki and its archipelago\",\"publisher\":{\"@id\":\"https:\/\/burnoutcity.fi\/sv\/#organization\"},\"potentialAction\":[{\"@type\":\"SearchAction\",\"target\":{\"@type\":\"EntryPoint\",\"urlTemplate\":\"https:\/\/burnoutcity.fi\/sv\/?s={search_term_string}\"},\"query-input\":{\"@type\":\"PropertyValueSpecification\",\"valueRequired\":true,\"valueName\":\"search_term_string\"}}],\"inLanguage\":\"sv-SE\"},{\"@type\":\"Organization\",\"@id\":\"https:\/\/burnoutcity.fi\/sv\/#organization\",\"name\":\"Burn Out City Events\",\"url\":\"https:\/\/burnoutcity.fi\/sv\/\",\"logo\":{\"@type\":\"ImageObject\",\"inLanguage\":\"sv-SE\",\"@id\":\"https:\/\/burnoutcity.fi\/sv\/#\/schema\/logo\/image\/\",\"url\":\"https:\/\/i0.wp.com\/burnoutcity.fi\/wp-content\/uploads\/2018\/11\/BOC-logo-transparent.png?fit=1465%2C323&ssl=1\",\"contentUrl\":\"https:\/\/i0.wp.com\/burnoutcity.fi\/wp-content\/uploads\/2018\/11\/BOC-logo-transparent.png?fit=1465%2C323&ssl=1\",\"width\":1465,\"height\":323,\"caption\":\"Burn Out City Events\"},\"image\":{\"@id\":\"https:\/\/burnoutcity.fi\/sv\/#\/schema\/logo\/image\/\"},\"sameAs\":[\"https:\/\/www.facebook.com\/burnoutcity\/\",\"https:\/\/www.instagram.com\/burnoutcity\/\",\"https:\/\/www.linkedin.com\/company\/9238482\/\",\"https:\/\/www.youtube.com\/channel\/UC0tYOONmt9dhZCEEyFzGj-Q\"]}]}<\/script>\n<!-- \/ Yoast SEO plugin. -->","yoast_head_json":{"title":"Teambuilding - Burn Out City Evets","robots":{"index":"index","follow":"follow","max-snippet":"max-snippet:-1","max-image-preview":"max-image-preview:large","max-video-preview":"max-video-preview:-1"},"canonical":"https:\/\/burnoutcity.fi\/sv\/sommaraktiviteter\/teambuilding\/","og_locale":"sv_SE","og_type":"article","og_title":"Teambuilding - Burn Out City Evets","og_description":"V\u00e5ra teambuilding aktiviteter best\u00e5r av olika grupp\u00f6vningar som skapar gemenskap och en god st\u00e4mning. Beroende p\u00e5 vad ni vill uppn\u00e5 med programmet s\u00e5 kan vi skr\u00e4ddarsy ett s\u00e5dant program som passar just er. Oftast best\u00e5r programmet av konstruktioner, naturstig med natur-relaterade fr\u00e5gor och probleml\u00f6sningar av olika slag. Teambuilding aktiviteter g\u00e5r naturligtvis att g\u00f6ra \u00e5ret runt! &hellip; Forts\u00e4tt l\u00e4sa \u201dTeambuilding\u201d","og_url":"https:\/\/burnoutcity.fi\/sv\/sommaraktiviteter\/teambuilding\/","og_site_name":"Burn Out City Evets","article_publisher":"https:\/\/www.facebook.com\/burnoutcity\/","article_modified_time":"2016-12-12T10:59:10+00:00","og_image":[{"width":1152,"height":768,"url":"https:\/\/burnoutcity.fi\/wp-content\/uploads\/2011\/11\/Teambuilding-tandem.jpg","type":"image\/jpeg"}],"twitter_card":"summary_large_image","schema":{"@context":"https:\/\/schema.org","@graph":[{"@type":"WebPage","@id":"https:\/\/burnoutcity.fi\/sv\/sommaraktiviteter\/teambuilding\/","url":"https:\/\/burnoutcity.fi\/sv\/sommaraktiviteter\/teambuilding\/","name":"Teambuilding - Burn Out City Evets","isPartOf":{"@id":"https:\/\/burnoutcity.fi\/sv\/#website"},"primaryImageOfPage":{"@id":"https:\/\/burnoutcity.fi\/sv\/sommaraktiviteter\/teambuilding\/#primaryimage"},"image":{"@id":"https:\/\/burnoutcity.fi\/sv\/sommaraktiviteter\/teambuilding\/#primaryimage"},"thumbnailUrl":"https:\/\/i0.wp.com\/burnoutcity.fi\/wp-content\/uploads\/2011\/11\/Teambuilding-tandem.jpg?fit=1152%2C768&ssl=1","datePublished":"2011-11-28T13:58:57+00:00","dateModified":"2016-12-12T10:59:10+00:00","breadcrumb":{"@id":"https:\/\/burnoutcity.fi\/sv\/sommaraktiviteter\/teambuilding\/#breadcrumb"},"inLanguage":"sv-SE","potentialAction":[{"@type":"ReadAction","target":["https:\/\/burnoutcity.fi\/sv\/sommaraktiviteter\/teambuilding\/"]}]},{"@type":"ImageObject","inLanguage":"sv-SE","@id":"https:\/\/burnoutcity.fi\/sv\/sommaraktiviteter\/teambuilding\/#primaryimage","url":"https:\/\/i0.wp.com\/burnoutcity.fi\/wp-content\/uploads\/2011\/11\/Teambuilding-tandem.jpg?fit=1152%2C768&ssl=1","contentUrl":"https:\/\/i0.wp.com\/burnoutcity.fi\/wp-content\/uploads\/2011\/11\/Teambuilding-tandem.jpg?fit=1152%2C768&ssl=1","width":1152,"height":768},{"@type":"BreadcrumbList","@id":"https:\/\/burnoutcity.fi\/sv\/sommaraktiviteter\/teambuilding\/#breadcrumb","itemListElement":[{"@type":"ListItem","position":1,"name":"Hem","item":"https:\/\/burnoutcity.fi\/sv\/hem\/"},{"@type":"ListItem","position":2,"name":"Sommaraktiviteter","item":"https:\/\/burnoutcity.fi\/sv\/sommaraktiviteter\/"},{"@type":"ListItem","position":3,"name":"Teambuilding"}]},{"@type":"WebSite","@id":"https:\/\/burnoutcity.fi\/sv\/#website","url":"https:\/\/burnoutcity.fi\/sv\/","name":"Burn Out City","description":"Corporate Events and activities for tourists in Helsinki and its archipelago","publisher":{"@id":"https:\/\/burnoutcity.fi\/sv\/#organization"},"potentialAction":[{"@type":"SearchAction","target":{"@type":"EntryPoint","urlTemplate":"https:\/\/burnoutcity.fi\/sv\/?s={search_term_string}"},"query-input":{"@type":"PropertyValueSpecification","valueRequired":true,"valueName":"search_term_string"}}],"inLanguage":"sv-SE"},{"@type":"Organization","@id":"https:\/\/burnoutcity.fi\/sv\/#organization","name":"Burn Out City Events","url":"https:\/\/burnoutcity.fi\/sv\/","logo":{"@type":"ImageObject","inLanguage":"sv-SE","@id":"https:\/\/burnoutcity.fi\/sv\/#\/schema\/logo\/image\/","url":"https:\/\/i0.wp.com\/burnoutcity.fi\/wp-content\/uploads\/2018\/11\/BOC-logo-transparent.png?fit=1465%2C323&ssl=1","contentUrl":"https:\/\/i0.wp.com\/burnoutcity.fi\/wp-content\/uploads\/2018\/11\/BOC-logo-transparent.png?fit=1465%2C323&ssl=1","width":1465,"height":323,"caption":"Burn Out City Events"},"image":{"@id":"https:\/\/burnoutcity.fi\/sv\/#\/schema\/logo\/image\/"},"sameAs":["https:\/\/www.facebook.com\/burnoutcity\/","https:\/\/www.instagram.com\/burnoutcity\/","https:\/\/www.linkedin.com\/company\/9238482\/","https:\/\/www.youtube.com\/channel\/UC0tYOONmt9dhZCEEyFzGj-Q"]}]}},"jetpack_sharing_enabled":true,"_links":{"self":[{"href":"https:\/\/burnoutcity.fi\/sv\/wp-json\/wp\/v2\/pages\/297","targetHints":{"allow":["GET"]}}],"collection":[{"href":"https:\/\/burnoutcity.fi\/sv\/wp-json\/wp\/v2\/pages"}],"about":[{"href":"https:\/\/burnoutcity.fi\/sv\/wp-json\/wp\/v2\/types\/page"}],"author":[{"embeddable":true,"href":"https:\/\/burnoutcity.fi\/sv\/wp-json\/wp\/v2\/users\/3"}],"replies":[{"embeddable":true,"href":"https:\/\/burnoutcity.fi\/sv\/wp-json\/wp\/v2\/comments?post=297"}],"version-history":[{"count":6,"href":"https:\/\/burnoutcity.fi\/sv\/wp-json\/wp\/v2\/pages\/297\/revisions"}],"predecessor-version":[{"id":2930,"href":"https:\/\/burnoutcity.fi\/sv\/wp-json\/wp\/v2\/pages\/297\/revisions\/2930"}],"up":[{"embeddable":true,"href":"https:\/\/burnoutcity.fi\/sv\/wp-json\/wp\/v2\/pages\/28"}],"wp:featuredmedia":[{"embeddable":true,"href":"https:\/\/burnoutcity.fi\/sv\/wp-json\/wp\/v2\/media\/2356"}],"wp:attachment":[{"href":"https:\/\/burnoutcity.fi\/sv\/wp-json\/wp\/v2\/media?parent=297"}],"curies":[{"name":"wp","href":"https:\/\/api.w.org\/{rel}","templated":true}]}}