{"id":32,"date":"2011-11-23T08:28:33","date_gmt":"2011-11-23T08:28:33","guid":{"rendered":"http:\/\/burnoutcity.fi\/?page_id=32"},"modified":"2016-12-12T13:02:03","modified_gmt":"2016-12-12T11:02:03","slug":"vinteraktiviteter","status":"publish","type":"page","link":"https:\/\/burnoutcity.fi\/sv\/vinteraktiviteter\/","title":{"rendered":"Vinteraktiviteter"},"content":{"rendered":"<p>Naturen p\u00e5 vintern ger m\u00e5nga m\u00f6jligheter till olika aktiviteter och evenemang. V\u00e5r <a title=\"Sn\u00f6skoter safari\" href=\"http:\/\/burnoutcity.fi\/sv\/snoskotersafari\/\">sn\u00f6skoter safari<\/a>\u00a0i sk\u00e4rg\u00e5rden \u00e4r en unik och minnesv\u00e4rd upplevelse. Till favoriterna h\u00f6r ocks\u00e5 bl.a. curling p\u00e5 Hartwall-areenan, isskulpturer, bordshockey turnering, sn\u00f6skovandring och olika slags teambuilding aktiviteter.<\/p>\n<p><a href=\"https:\/\/i0.wp.com\/burnoutcity.fi\/wp-content\/uploads\/2011\/11\/Kelkkasafarit-helsinki-1.jpg\"><img data-recalc-dims=\"1\" loading=\"lazy\" decoding=\"async\" class=\"alignnone size-full wp-image-2750\" src=\"https:\/\/i0.wp.com\/burnoutcity.fi\/wp-content\/uploads\/2011\/11\/Kelkkasafarit-helsinki-1.jpg?resize=525%2C350\" alt=\"\" width=\"525\" height=\"350\" srcset=\"https:\/\/i0.wp.com\/burnoutcity.fi\/wp-content\/uploads\/2011\/11\/Kelkkasafarit-helsinki-1.jpg?w=2048&amp;ssl=1 2048w, https:\/\/i0.wp.com\/burnoutcity.fi\/wp-content\/uploads\/2011\/11\/Kelkkasafarit-helsinki-1.jpg?resize=300%2C200&amp;ssl=1 300w, https:\/\/i0.wp.com\/burnoutcity.fi\/wp-content\/uploads\/2011\/11\/Kelkkasafarit-helsinki-1.jpg?resize=768%2C512&amp;ssl=1 768w, https:\/\/i0.wp.com\/burnoutcity.fi\/wp-content\/uploads\/2011\/11\/Kelkkasafarit-helsinki-1.jpg?resize=1024%2C683&amp;ssl=1 1024w, https:\/\/i0.wp.com\/burnoutcity.fi\/wp-content\/uploads\/2011\/11\/Kelkkasafarit-helsinki-1.jpg?resize=450%2C300&amp;ssl=1 450w, https:\/\/i0.wp.com\/burnoutcity.fi\/wp-content\/uploads\/2011\/11\/Kelkkasafarit-helsinki-1.jpg?w=1575&amp;ssl=1 1575w\" sizes=\"auto, (max-width: 706px) 89vw, (max-width: 767px) 82vw, 740px\" \/><\/a><a href=\"https:\/\/i0.wp.com\/burnoutcity.fi\/wp-content\/uploads\/2016\/11\/kicksled-tours-helsinki.jpg\"><img data-recalc-dims=\"1\" loading=\"lazy\" decoding=\"async\" class=\"alignnone size-full wp-image-2826\" src=\"https:\/\/i0.wp.com\/burnoutcity.fi\/wp-content\/uploads\/2016\/11\/kicksled-tours-helsinki.jpg?resize=525%2C350\" alt=\"\" width=\"525\" height=\"350\" srcset=\"https:\/\/i0.wp.com\/burnoutcity.fi\/wp-content\/uploads\/2016\/11\/kicksled-tours-helsinki.jpg?w=5472&amp;ssl=1 5472w, https:\/\/i0.wp.com\/burnoutcity.fi\/wp-content\/uploads\/2016\/11\/kicksled-tours-helsinki.jpg?resize=300%2C200&amp;ssl=1 300w, https:\/\/i0.wp.com\/burnoutcity.fi\/wp-content\/uploads\/2016\/11\/kicksled-tours-helsinki.jpg?resize=768%2C512&amp;ssl=1 768w, https:\/\/i0.wp.com\/burnoutcity.fi\/wp-content\/uploads\/2016\/11\/kicksled-tours-helsinki.jpg?resize=1024%2C683&amp;ssl=1 1024w, https:\/\/i0.wp.com\/burnoutcity.fi\/wp-content\/uploads\/2016\/11\/kicksled-tours-helsinki.jpg?resize=450%2C300&amp;ssl=1 450w, https:\/\/i0.wp.com\/burnoutcity.fi\/wp-content\/uploads\/2016\/11\/kicksled-tours-helsinki.jpg?w=1575&amp;ssl=1 1575w\" sizes=\"auto, (max-width: 706px) 89vw, (max-width: 767px) 82vw, 740px\" \/><\/a><a href=\"https:\/\/i0.wp.com\/burnoutcity.fi\/wp-content\/uploads\/2011\/12\/Ice-carving-2-Reima.jpg\"><img data-recalc-dims=\"1\" loading=\"lazy\" decoding=\"async\" class=\"alignnone wp-image-1295 size-full\" title=\"Ice carving\" src=\"https:\/\/i0.wp.com\/burnoutcity.fi\/wp-content\/uploads\/2011\/12\/Ice-carving-2-Reima.jpg?resize=525%2C394\" width=\"525\" height=\"394\" srcset=\"https:\/\/i0.wp.com\/burnoutcity.fi\/wp-content\/uploads\/2011\/12\/Ice-carving-2-Reima.jpg?w=800&amp;ssl=1 800w, https:\/\/i0.wp.com\/burnoutcity.fi\/wp-content\/uploads\/2011\/12\/Ice-carving-2-Reima.jpg?resize=300%2C225&amp;ssl=1 300w, https:\/\/i0.wp.com\/burnoutcity.fi\/wp-content\/uploads\/2011\/12\/Ice-carving-2-Reima.jpg?resize=400%2C300&amp;ssl=1 400w\" sizes=\"auto, (max-width: 706px) 89vw, (max-width: 767px) 82vw, 740px\" \/><\/a><br \/>\n<a href=\"https:\/\/i0.wp.com\/burnoutcity.fi\/wp-content\/uploads\/2011\/12\/Curling-Hartwall-7.jpg\"><img data-recalc-dims=\"1\" loading=\"lazy\" decoding=\"async\" class=\"alignnone wp-image-1296 size-large\" title=\"Curling Hartwall areena helsinki\" src=\"https:\/\/i0.wp.com\/burnoutcity.fi\/wp-content\/uploads\/2011\/12\/Curling-Hartwall-7-1024x682.jpg?resize=525%2C350\" width=\"525\" height=\"350\" srcset=\"https:\/\/i0.wp.com\/burnoutcity.fi\/wp-content\/uploads\/2011\/12\/Curling-Hartwall-7.jpg?resize=1024%2C682&amp;ssl=1 1024w, https:\/\/i0.wp.com\/burnoutcity.fi\/wp-content\/uploads\/2011\/12\/Curling-Hartwall-7.jpg?resize=300%2C200&amp;ssl=1 300w, https:\/\/i0.wp.com\/burnoutcity.fi\/wp-content\/uploads\/2011\/12\/Curling-Hartwall-7.jpg?resize=450%2C300&amp;ssl=1 450w, https:\/\/i0.wp.com\/burnoutcity.fi\/wp-content\/uploads\/2011\/12\/Curling-Hartwall-7.jpg?w=1152&amp;ssl=1 1152w\" sizes=\"auto, (max-width: 525px) 100vw, 525px\" \/><\/a><br \/>\n<a href=\"https:\/\/i0.wp.com\/burnoutcity.fi\/wp-content\/uploads\/2011\/12\/Frisbee-golf-Kaivopuistossa-3.jpg\"><img data-recalc-dims=\"1\" loading=\"lazy\" decoding=\"async\" class=\"alignnone wp-image-1297 size-large\" title=\"Frisbee golf\" src=\"https:\/\/i0.wp.com\/burnoutcity.fi\/wp-content\/uploads\/2011\/12\/Frisbee-golf-Kaivopuistossa-3-1024x682.jpg?resize=525%2C350\" width=\"525\" height=\"350\" srcset=\"https:\/\/i0.wp.com\/burnoutcity.fi\/wp-content\/uploads\/2011\/12\/Frisbee-golf-Kaivopuistossa-3.jpg?resize=1024%2C682&amp;ssl=1 1024w, https:\/\/i0.wp.com\/burnoutcity.fi\/wp-content\/uploads\/2011\/12\/Frisbee-golf-Kaivopuistossa-3.jpg?resize=300%2C200&amp;ssl=1 300w, https:\/\/i0.wp.com\/burnoutcity.fi\/wp-content\/uploads\/2011\/12\/Frisbee-golf-Kaivopuistossa-3.jpg?resize=450%2C300&amp;ssl=1 450w, https:\/\/i0.wp.com\/burnoutcity.fi\/wp-content\/uploads\/2011\/12\/Frisbee-golf-Kaivopuistossa-3.jpg?w=1152&amp;ssl=1 1152w\" sizes=\"auto, (max-width: 525px) 100vw, 525px\" \/><\/a><a href=\"https:\/\/i0.wp.com\/burnoutcity.fi\/wp-content\/uploads\/2011\/12\/Snowshoe.jpg\"><img data-recalc-dims=\"1\" loading=\"lazy\" decoding=\"async\" class=\"alignnone wp-image-1298 size-large\" title=\"Snowshoe walking helsinki\" src=\"https:\/\/i0.wp.com\/burnoutcity.fi\/wp-content\/uploads\/2011\/12\/Snowshoe-1024x682.jpg?resize=525%2C350\" width=\"525\" height=\"350\" srcset=\"https:\/\/i0.wp.com\/burnoutcity.fi\/wp-content\/uploads\/2011\/12\/Snowshoe.jpg?resize=1024%2C682&amp;ssl=1 1024w, https:\/\/i0.wp.com\/burnoutcity.fi\/wp-content\/uploads\/2011\/12\/Snowshoe.jpg?resize=300%2C200&amp;ssl=1 300w, https:\/\/i0.wp.com\/burnoutcity.fi\/wp-content\/uploads\/2011\/12\/Snowshoe.jpg?resize=450%2C300&amp;ssl=1 450w, https:\/\/i0.wp.com\/burnoutcity.fi\/wp-content\/uploads\/2011\/12\/Snowshoe.jpg?w=1152&amp;ssl=1 1152w\" sizes=\"auto, (max-width: 525px) 100vw, 525px\" \/><\/a><br \/>\n<a href=\"https:\/\/i0.wp.com\/burnoutcity.fi\/wp-content\/uploads\/2016\/11\/Kicksled-and-icefishing-helsinki.jpg\"><img data-recalc-dims=\"1\" loading=\"lazy\" decoding=\"async\" class=\"alignnone size-full wp-image-2824\" src=\"https:\/\/i0.wp.com\/burnoutcity.fi\/wp-content\/uploads\/2016\/11\/Kicksled-and-icefishing-helsinki.jpg?resize=525%2C350\" alt=\"\" width=\"525\" height=\"350\" srcset=\"https:\/\/i0.wp.com\/burnoutcity.fi\/wp-content\/uploads\/2016\/11\/Kicksled-and-icefishing-helsinki.jpg?w=5472&amp;ssl=1 5472w, https:\/\/i0.wp.com\/burnoutcity.fi\/wp-content\/uploads\/2016\/11\/Kicksled-and-icefishing-helsinki.jpg?resize=300%2C200&amp;ssl=1 300w, https:\/\/i0.wp.com\/burnoutcity.fi\/wp-content\/uploads\/2016\/11\/Kicksled-and-icefishing-helsinki.jpg?resize=768%2C512&amp;ssl=1 768w, https:\/\/i0.wp.com\/burnoutcity.fi\/wp-content\/uploads\/2016\/11\/Kicksled-and-icefishing-helsinki.jpg?resize=1024%2C683&amp;ssl=1 1024w, https:\/\/i0.wp.com\/burnoutcity.fi\/wp-content\/uploads\/2016\/11\/Kicksled-and-icefishing-helsinki.jpg?resize=450%2C300&amp;ssl=1 450w, https:\/\/i0.wp.com\/burnoutcity.fi\/wp-content\/uploads\/2016\/11\/Kicksled-and-icefishing-helsinki.jpg?w=1575&amp;ssl=1 1575w\" sizes=\"auto, (max-width: 706px) 89vw, (max-width: 767px) 82vw, 740px\" \/><\/a><a href=\"https:\/\/i0.wp.com\/burnoutcity.fi\/wp-content\/uploads\/2016\/03\/Throwing-snowballs.jpg\"><img data-recalc-dims=\"1\" loading=\"lazy\" decoding=\"async\" class=\"alignnone size-full wp-image-2669\" src=\"https:\/\/i0.wp.com\/burnoutcity.fi\/wp-content\/uploads\/2016\/03\/Throwing-snowballs.jpg?resize=525%2C350\" alt=\"\" width=\"525\" height=\"350\" srcset=\"https:\/\/i0.wp.com\/burnoutcity.fi\/wp-content\/uploads\/2016\/03\/Throwing-snowballs.jpg?w=1152&amp;ssl=1 1152w, https:\/\/i0.wp.com\/burnoutcity.fi\/wp-content\/uploads\/2016\/03\/Throwing-snowballs.jpg?resize=300%2C200&amp;ssl=1 300w, https:\/\/i0.wp.com\/burnoutcity.fi\/wp-content\/uploads\/2016\/03\/Throwing-snowballs.jpg?resize=768%2C512&amp;ssl=1 768w, https:\/\/i0.wp.com\/burnoutcity.fi\/wp-content\/uploads\/2016\/03\/Throwing-snowballs.jpg?resize=1024%2C683&amp;ssl=1 1024w, https:\/\/i0.wp.com\/burnoutcity.fi\/wp-content\/uploads\/2016\/03\/Throwing-snowballs.jpg?resize=450%2C300&amp;ssl=1 450w\" sizes=\"auto, (max-width: 706px) 89vw, (max-width: 767px) 82vw, 740px\" \/><\/a><\/p>\n","protected":false},"excerpt":{"rendered":"<p>Naturen p\u00e5 vintern ger m\u00e5nga m\u00f6jligheter till olika aktiviteter och evenemang. V\u00e5r sn\u00f6skoter safari\u00a0i sk\u00e4rg\u00e5rden \u00e4r en unik och minnesv\u00e4rd upplevelse. Till favoriterna h\u00f6r ocks\u00e5 bl.a. curling p\u00e5 Hartwall-areenan, isskulpturer, bordshockey turnering, sn\u00f6skovandring och olika slags teambuilding aktiviteter.<\/p>\n","protected":false},"author":3,"featured_media":0,"parent":0,"menu_order":5,"comment_status":"open","ping_status":"open","template":"","meta":{"footnotes":""},"class_list":["post-32","page","type-page","status-publish","hentry"],"yoast_head":"<!-- This site is optimized with the Yoast SEO plugin v27.1.1 - https:\/\/yoast.com\/product\/yoast-seo-wordpress\/ -->\n<title>Vinteraktiviteter - Burn Out City Evets<\/title>\n<meta name=\"robots\" content=\"index, follow, max-snippet:-1, max-image-preview:large, max-video-preview:-1\" \/>\n<link rel=\"canonical\" href=\"https:\/\/burnoutcity.fi\/sv\/vinteraktiviteter\/\" \/>\n<meta property=\"og:locale\" content=\"sv_SE\" \/>\n<meta property=\"og:type\" content=\"article\" \/>\n<meta property=\"og:title\" content=\"Vinteraktiviteter - Burn Out City Evets\" \/>\n<meta property=\"og:description\" content=\"Naturen p\u00e5 vintern ger m\u00e5nga m\u00f6jligheter till olika aktiviteter och evenemang. V\u00e5r sn\u00f6skoter safari\u00a0i sk\u00e4rg\u00e5rden \u00e4r en unik och minnesv\u00e4rd upplevelse. Till favoriterna h\u00f6r ocks\u00e5 bl.a. curling p\u00e5 Hartwall-areenan, isskulpturer, bordshockey turnering, sn\u00f6skovandring och olika slags teambuilding aktiviteter.\" \/>\n<meta property=\"og:url\" content=\"https:\/\/burnoutcity.fi\/sv\/vinteraktiviteter\/\" \/>\n<meta property=\"og:site_name\" content=\"Burn Out City Evets\" \/>\n<meta property=\"article:publisher\" content=\"https:\/\/www.facebook.com\/burnoutcity\/\" \/>\n<meta property=\"article:modified_time\" content=\"2016-12-12T11:02:03+00:00\" \/>\n<meta property=\"og:image\" content=\"http:\/\/burnoutcity.fi\/wp-content\/uploads\/2011\/11\/Kelkkasafarit-helsinki-1.jpg\" \/>\n<meta name=\"twitter:card\" content=\"summary_large_image\" \/>\n<script type=\"application\/ld+json\" class=\"yoast-schema-graph\">{\"@context\":\"https:\/\/schema.org\",\"@graph\":[{\"@type\":\"WebPage\",\"@id\":\"https:\/\/burnoutcity.fi\/sv\/vinteraktiviteter\/\",\"url\":\"https:\/\/burnoutcity.fi\/sv\/vinteraktiviteter\/\",\"name\":\"Vinteraktiviteter - Burn Out City Evets\",\"isPartOf\":{\"@id\":\"https:\/\/burnoutcity.fi\/sv\/#website\"},\"primaryImageOfPage\":{\"@id\":\"https:\/\/burnoutcity.fi\/sv\/vinteraktiviteter\/#primaryimage\"},\"image\":{\"@id\":\"https:\/\/burnoutcity.fi\/sv\/vinteraktiviteter\/#primaryimage\"},\"thumbnailUrl\":\"http:\/\/burnoutcity.fi\/wp-content\/uploads\/2011\/11\/Kelkkasafarit-helsinki-1.jpg\",\"datePublished\":\"2011-11-23T08:28:33+00:00\",\"dateModified\":\"2016-12-12T11:02:03+00:00\",\"breadcrumb\":{\"@id\":\"https:\/\/burnoutcity.fi\/sv\/vinteraktiviteter\/#breadcrumb\"},\"inLanguage\":\"sv-SE\",\"potentialAction\":[{\"@type\":\"ReadAction\",\"target\":[\"https:\/\/burnoutcity.fi\/sv\/vinteraktiviteter\/\"]}]},{\"@type\":\"ImageObject\",\"inLanguage\":\"sv-SE\",\"@id\":\"https:\/\/burnoutcity.fi\/sv\/vinteraktiviteter\/#primaryimage\",\"url\":\"http:\/\/burnoutcity.fi\/wp-content\/uploads\/2011\/11\/Kelkkasafarit-helsinki-1.jpg\",\"contentUrl\":\"http:\/\/burnoutcity.fi\/wp-content\/uploads\/2011\/11\/Kelkkasafarit-helsinki-1.jpg\"},{\"@type\":\"BreadcrumbList\",\"@id\":\"https:\/\/burnoutcity.fi\/sv\/vinteraktiviteter\/#breadcrumb\",\"itemListElement\":[{\"@type\":\"ListItem\",\"position\":1,\"name\":\"Hem\",\"item\":\"https:\/\/burnoutcity.fi\/sv\/hem\/\"},{\"@type\":\"ListItem\",\"position\":2,\"name\":\"Vinteraktiviteter\"}]},{\"@type\":\"WebSite\",\"@id\":\"https:\/\/burnoutcity.fi\/sv\/#website\",\"url\":\"https:\/\/burnoutcity.fi\/sv\/\",\"name\":\"Burn Out City\",\"description\":\"Corporate Events and activities for tourists in Helsinki and its archipelago\",\"publisher\":{\"@id\":\"https:\/\/burnoutcity.fi\/sv\/#organization\"},\"potentialAction\":[{\"@type\":\"SearchAction\",\"target\":{\"@type\":\"EntryPoint\",\"urlTemplate\":\"https:\/\/burnoutcity.fi\/sv\/?s={search_term_string}\"},\"query-input\":{\"@type\":\"PropertyValueSpecification\",\"valueRequired\":true,\"valueName\":\"search_term_string\"}}],\"inLanguage\":\"sv-SE\"},{\"@type\":\"Organization\",\"@id\":\"https:\/\/burnoutcity.fi\/sv\/#organization\",\"name\":\"Burn Out City Events\",\"url\":\"https:\/\/burnoutcity.fi\/sv\/\",\"logo\":{\"@type\":\"ImageObject\",\"inLanguage\":\"sv-SE\",\"@id\":\"https:\/\/burnoutcity.fi\/sv\/#\/schema\/logo\/image\/\",\"url\":\"https:\/\/i0.wp.com\/burnoutcity.fi\/wp-content\/uploads\/2018\/11\/BOC-logo-transparent.png?fit=1465%2C323&ssl=1\",\"contentUrl\":\"https:\/\/i0.wp.com\/burnoutcity.fi\/wp-content\/uploads\/2018\/11\/BOC-logo-transparent.png?fit=1465%2C323&ssl=1\",\"width\":1465,\"height\":323,\"caption\":\"Burn Out City Events\"},\"image\":{\"@id\":\"https:\/\/burnoutcity.fi\/sv\/#\/schema\/logo\/image\/\"},\"sameAs\":[\"https:\/\/www.facebook.com\/burnoutcity\/\",\"https:\/\/www.instagram.com\/burnoutcity\/\",\"https:\/\/www.linkedin.com\/company\/9238482\/\",\"https:\/\/www.youtube.com\/channel\/UC0tYOONmt9dhZCEEyFzGj-Q\"]}]}<\/script>\n<!-- \/ Yoast SEO plugin. -->","yoast_head_json":{"title":"Vinteraktiviteter - Burn Out City Evets","robots":{"index":"index","follow":"follow","max-snippet":"max-snippet:-1","max-image-preview":"max-image-preview:large","max-video-preview":"max-video-preview:-1"},"canonical":"https:\/\/burnoutcity.fi\/sv\/vinteraktiviteter\/","og_locale":"sv_SE","og_type":"article","og_title":"Vinteraktiviteter - Burn Out City Evets","og_description":"Naturen p\u00e5 vintern ger m\u00e5nga m\u00f6jligheter till olika aktiviteter och evenemang. V\u00e5r sn\u00f6skoter safari\u00a0i sk\u00e4rg\u00e5rden \u00e4r en unik och minnesv\u00e4rd upplevelse. Till favoriterna h\u00f6r ocks\u00e5 bl.a. curling p\u00e5 Hartwall-areenan, isskulpturer, bordshockey turnering, sn\u00f6skovandring och olika slags teambuilding aktiviteter.","og_url":"https:\/\/burnoutcity.fi\/sv\/vinteraktiviteter\/","og_site_name":"Burn Out City Evets","article_publisher":"https:\/\/www.facebook.com\/burnoutcity\/","article_modified_time":"2016-12-12T11:02:03+00:00","og_image":[{"url":"http:\/\/burnoutcity.fi\/wp-content\/uploads\/2011\/11\/Kelkkasafarit-helsinki-1.jpg","type":"","width":"","height":""}],"twitter_card":"summary_large_image","schema":{"@context":"https:\/\/schema.org","@graph":[{"@type":"WebPage","@id":"https:\/\/burnoutcity.fi\/sv\/vinteraktiviteter\/","url":"https:\/\/burnoutcity.fi\/sv\/vinteraktiviteter\/","name":"Vinteraktiviteter - Burn Out City Evets","isPartOf":{"@id":"https:\/\/burnoutcity.fi\/sv\/#website"},"primaryImageOfPage":{"@id":"https:\/\/burnoutcity.fi\/sv\/vinteraktiviteter\/#primaryimage"},"image":{"@id":"https:\/\/burnoutcity.fi\/sv\/vinteraktiviteter\/#primaryimage"},"thumbnailUrl":"http:\/\/burnoutcity.fi\/wp-content\/uploads\/2011\/11\/Kelkkasafarit-helsinki-1.jpg","datePublished":"2011-11-23T08:28:33+00:00","dateModified":"2016-12-12T11:02:03+00:00","breadcrumb":{"@id":"https:\/\/burnoutcity.fi\/sv\/vinteraktiviteter\/#breadcrumb"},"inLanguage":"sv-SE","potentialAction":[{"@type":"ReadAction","target":["https:\/\/burnoutcity.fi\/sv\/vinteraktiviteter\/"]}]},{"@type":"ImageObject","inLanguage":"sv-SE","@id":"https:\/\/burnoutcity.fi\/sv\/vinteraktiviteter\/#primaryimage","url":"http:\/\/burnoutcity.fi\/wp-content\/uploads\/2011\/11\/Kelkkasafarit-helsinki-1.jpg","contentUrl":"http:\/\/burnoutcity.fi\/wp-content\/uploads\/2011\/11\/Kelkkasafarit-helsinki-1.jpg"},{"@type":"BreadcrumbList","@id":"https:\/\/burnoutcity.fi\/sv\/vinteraktiviteter\/#breadcrumb","itemListElement":[{"@type":"ListItem","position":1,"name":"Hem","item":"https:\/\/burnoutcity.fi\/sv\/hem\/"},{"@type":"ListItem","position":2,"name":"Vinteraktiviteter"}]},{"@type":"WebSite","@id":"https:\/\/burnoutcity.fi\/sv\/#website","url":"https:\/\/burnoutcity.fi\/sv\/","name":"Burn Out City","description":"Corporate Events and activities for tourists in Helsinki and its archipelago","publisher":{"@id":"https:\/\/burnoutcity.fi\/sv\/#organization"},"potentialAction":[{"@type":"SearchAction","target":{"@type":"EntryPoint","urlTemplate":"https:\/\/burnoutcity.fi\/sv\/?s={search_term_string}"},"query-input":{"@type":"PropertyValueSpecification","valueRequired":true,"valueName":"search_term_string"}}],"inLanguage":"sv-SE"},{"@type":"Organization","@id":"https:\/\/burnoutcity.fi\/sv\/#organization","name":"Burn Out City Events","url":"https:\/\/burnoutcity.fi\/sv\/","logo":{"@type":"ImageObject","inLanguage":"sv-SE","@id":"https:\/\/burnoutcity.fi\/sv\/#\/schema\/logo\/image\/","url":"https:\/\/i0.wp.com\/burnoutcity.fi\/wp-content\/uploads\/2018\/11\/BOC-logo-transparent.png?fit=1465%2C323&ssl=1","contentUrl":"https:\/\/i0.wp.com\/burnoutcity.fi\/wp-content\/uploads\/2018\/11\/BOC-logo-transparent.png?fit=1465%2C323&ssl=1","width":1465,"height":323,"caption":"Burn Out City Events"},"image":{"@id":"https:\/\/burnoutcity.fi\/sv\/#\/schema\/logo\/image\/"},"sameAs":["https:\/\/www.facebook.com\/burnoutcity\/","https:\/\/www.instagram.com\/burnoutcity\/","https:\/\/www.linkedin.com\/company\/9238482\/","https:\/\/www.youtube.com\/channel\/UC0tYOONmt9dhZCEEyFzGj-Q"]}]}},"jetpack_sharing_enabled":true,"_links":{"self":[{"href":"https:\/\/burnoutcity.fi\/sv\/wp-json\/wp\/v2\/pages\/32","targetHints":{"allow":["GET"]}}],"collection":[{"href":"https:\/\/burnoutcity.fi\/sv\/wp-json\/wp\/v2\/pages"}],"about":[{"href":"https:\/\/burnoutcity.fi\/sv\/wp-json\/wp\/v2\/types\/page"}],"author":[{"embeddable":true,"href":"https:\/\/burnoutcity.fi\/sv\/wp-json\/wp\/v2\/users\/3"}],"replies":[{"embeddable":true,"href":"https:\/\/burnoutcity.fi\/sv\/wp-json\/wp\/v2\/comments?post=32"}],"version-history":[{"count":10,"href":"https:\/\/burnoutcity.fi\/sv\/wp-json\/wp\/v2\/pages\/32\/revisions"}],"predecessor-version":[{"id":2932,"href":"https:\/\/burnoutcity.fi\/sv\/wp-json\/wp\/v2\/pages\/32\/revisions\/2932"}],"wp:attachment":[{"href":"https:\/\/burnoutcity.fi\/sv\/wp-json\/wp\/v2\/media?parent=32"}],"curies":[{"name":"wp","href":"https:\/\/api.w.org\/{rel}","templated":true}]}}