{"id":35,"date":"2011-11-23T08:30:08","date_gmt":"2011-11-23T08:30:08","guid":{"rendered":"http:\/\/burnoutcity.fi\/?page_id=35"},"modified":"2016-06-28T09:01:30","modified_gmt":"2016-06-28T07:01:30","slug":"partners","status":"publish","type":"page","link":"https:\/\/burnoutcity.fi\/sv\/partners\/","title":{"rendered":"Partners"},"content":{"rendered":"<p>Vi g\u00f6r mycket samarbete med olika konferensanl\u00e4ggningar, hotell och f\u00f6reningar. Nedan hittar du information om n\u00e5gra av v\u00e5ra samarbetspartners.<\/p>\n<p><strong>Br\u00e4nd\u00f6 Seglare<\/strong> p\u00e5 Br\u00e4nd\u00f6 i Helsingfors:<br \/>\n<a title=\"BS\" href=\"http:\/\/www.brandoseglare.fi\/\" target=\"_blank\">http:\/\/www.brandoseglare.fi\/<\/a><\/p>\n<p>Br\u00e4nd\u00f6 Seglare \u00e4r v\u00e5r sommarbas var vi har alla v\u00e5ra b\u00e5tar. H\u00e4rifr\u00e5n startar en stor del av v\u00e5ra aktiviteter som t.ex. RIB b\u00e5t utflykter, segling och paddling. Under sommaren arrangerar vi ocks\u00e5 ett stort antal seglingskurser f\u00f6r barn och vuxna p\u00e5 segelklubben. Utrymmena \u00e4r renoverade 2011 och \u00e4r nu i toppenskick! Restaurangen erbjuder dessutom mycket god mat.<\/p>\n<p><a href=\"https:\/\/i0.wp.com\/burnoutcity.fi\/wp-content\/uploads\/2011\/12\/Br%C3%A4nd%C3%B6-Seglare-2-2009.jpg\"><img data-recalc-dims=\"1\" loading=\"lazy\" decoding=\"async\" class=\"alignnone size-thumbnail wp-image-1887\" src=\"https:\/\/i0.wp.com\/burnoutcity.fi\/wp-content\/uploads\/2011\/12\/Br%C3%A4nd%C3%B6-Seglare-2-2009-150x150.jpg?resize=150%2C150\" alt=\"Br\u00e4nd\u00f6 Seglare 2 2009\" width=\"150\" height=\"150\" srcset=\"https:\/\/i0.wp.com\/burnoutcity.fi\/wp-content\/uploads\/2011\/12\/Br%C3%A4nd%C3%B6-Seglare-2-2009.jpg?resize=150%2C150&amp;ssl=1 150w, https:\/\/i0.wp.com\/burnoutcity.fi\/wp-content\/uploads\/2011\/12\/Br%C3%A4nd%C3%B6-Seglare-2-2009.jpg?zoom=2&amp;resize=150%2C150&amp;ssl=1 300w, https:\/\/i0.wp.com\/burnoutcity.fi\/wp-content\/uploads\/2011\/12\/Br%C3%A4nd%C3%B6-Seglare-2-2009.jpg?zoom=3&amp;resize=150%2C150&amp;ssl=1 450w\" sizes=\"auto, (max-width: 150px) 100vw, 150px\" \/><\/a>\u00a0 \u00a0 \u00a0 \u00a0\u00a0<a href=\"https:\/\/i0.wp.com\/burnoutcity.fi\/wp-content\/uploads\/2011\/12\/Br%C3%A4nd%C3%B6-Seglare-3-2009.jpg\"><img data-recalc-dims=\"1\" loading=\"lazy\" decoding=\"async\" class=\"alignnone size-thumbnail wp-image-1888\" src=\"https:\/\/i0.wp.com\/burnoutcity.fi\/wp-content\/uploads\/2011\/12\/Br%C3%A4nd%C3%B6-Seglare-3-2009-150x150.jpg?resize=150%2C150\" alt=\"Br\u00e4nd\u00f6 Seglare 3 2009\" width=\"150\" height=\"150\" srcset=\"https:\/\/i0.wp.com\/burnoutcity.fi\/wp-content\/uploads\/2011\/12\/Br%C3%A4nd%C3%B6-Seglare-3-2009.jpg?resize=150%2C150&amp;ssl=1 150w, https:\/\/i0.wp.com\/burnoutcity.fi\/wp-content\/uploads\/2011\/12\/Br%C3%A4nd%C3%B6-Seglare-3-2009.jpg?zoom=2&amp;resize=150%2C150&amp;ssl=1 300w, https:\/\/i0.wp.com\/burnoutcity.fi\/wp-content\/uploads\/2011\/12\/Br%C3%A4nd%C3%B6-Seglare-3-2009.jpg?zoom=3&amp;resize=150%2C150&amp;ssl=1 450w\" sizes=\"auto, (max-width: 150px) 100vw, 150px\" \/><\/a>\u00a0 \u00a0 \u00a0 \u00a0\u00a0<a href=\"https:\/\/i0.wp.com\/burnoutcity.fi\/wp-content\/uploads\/2011\/12\/Br%C3%A4nd%C3%B6-seglare.jpg\"><img data-recalc-dims=\"1\" loading=\"lazy\" decoding=\"async\" class=\"alignnone size-thumbnail wp-image-1889\" src=\"https:\/\/i0.wp.com\/burnoutcity.fi\/wp-content\/uploads\/2011\/12\/Br%C3%A4nd%C3%B6-seglare-150x150.jpg?resize=150%2C150\" alt=\"Br\u00e4nd\u00f6 seglare\" width=\"150\" height=\"150\" srcset=\"https:\/\/i0.wp.com\/burnoutcity.fi\/wp-content\/uploads\/2011\/12\/Br%C3%A4nd%C3%B6-seglare.jpg?resize=150%2C150&amp;ssl=1 150w, https:\/\/i0.wp.com\/burnoutcity.fi\/wp-content\/uploads\/2011\/12\/Br%C3%A4nd%C3%B6-seglare.jpg?zoom=2&amp;resize=150%2C150&amp;ssl=1 300w, https:\/\/i0.wp.com\/burnoutcity.fi\/wp-content\/uploads\/2011\/12\/Br%C3%A4nd%C3%B6-seglare.jpg?zoom=3&amp;resize=150%2C150&amp;ssl=1 450w\" sizes=\"auto, (max-width: 150px) 100vw, 150px\" \/><\/a><\/p>\n<p><strong>Norrkullalandet<\/strong> i Sibbo sk\u00e4rg\u00e5rd:<br \/>\n<a title=\"Norrkulla\" href=\"http:\/\/www.seasongtravels.fi\/\" target=\"_blank\">http:\/\/www.seasongtravels.fi\/<\/a><\/p>\n<p>Till Norrkullalandet \u00e5ker vi ofta p\u00e5 RIB safari. P\u00e5 plats kan vi ocks\u00e5 arrangera teambuilding aktiviteter och paddling. Under vinters\u00e4songen g\u00f6r vi ofta sn\u00f6skoterturer till Norrkullalandet kombinerat med lunch, sn\u00f6skovandring, samt fiske. M\u00f6jligheterna \u00e4r m\u00e5nga p\u00e5 p\u00e5 denna fantastiska \u00f6.<\/p>\n<p>Norrkullalandet best\u00e5r av en stugby med tre mindre stugor, en konferens och bastubyggnad samt en stor villa. De moderna utrymmena passar perfekt till konferenser och \u00f6vernattning. Det finns tre bastun och tv\u00e5 badtunnor p\u00e5 omr\u00e5det.<\/p>\n<p><a href=\"https:\/\/i0.wp.com\/burnoutcity.fi\/wp-content\/uploads\/2011\/12\/Villa-Norrkullalandet.jpg\"><img data-recalc-dims=\"1\" loading=\"lazy\" decoding=\"async\" class=\"alignnone size-thumbnail wp-image-1884\" src=\"https:\/\/i0.wp.com\/burnoutcity.fi\/wp-content\/uploads\/2011\/12\/Villa-Norrkullalandet-150x150.jpg?resize=150%2C150\" alt=\"Villa Norrkullalandet\" width=\"150\" height=\"150\" srcset=\"https:\/\/i0.wp.com\/burnoutcity.fi\/wp-content\/uploads\/2011\/12\/Villa-Norrkullalandet.jpg?resize=150%2C150&amp;ssl=1 150w, https:\/\/i0.wp.com\/burnoutcity.fi\/wp-content\/uploads\/2011\/12\/Villa-Norrkullalandet.jpg?zoom=2&amp;resize=150%2C150&amp;ssl=1 300w, https:\/\/i0.wp.com\/burnoutcity.fi\/wp-content\/uploads\/2011\/12\/Villa-Norrkullalandet.jpg?zoom=3&amp;resize=150%2C150&amp;ssl=1 450w\" sizes=\"auto, (max-width: 150px) 100vw, 150px\" \/><\/a>\u00a0 \u00a0 \u00a0 \u00a0<a href=\"https:\/\/i0.wp.com\/burnoutcity.fi\/wp-content\/uploads\/2011\/12\/Nuotiopaikka.jpg\"><img data-recalc-dims=\"1\" loading=\"lazy\" decoding=\"async\" class=\"alignnone size-thumbnail wp-image-1885\" src=\"https:\/\/i0.wp.com\/burnoutcity.fi\/wp-content\/uploads\/2011\/12\/Nuotiopaikka-150x150.jpg?resize=150%2C150\" alt=\"Nuotiopaikka\" width=\"150\" height=\"150\" srcset=\"https:\/\/i0.wp.com\/burnoutcity.fi\/wp-content\/uploads\/2011\/12\/Nuotiopaikka.jpg?resize=150%2C150&amp;ssl=1 150w, https:\/\/i0.wp.com\/burnoutcity.fi\/wp-content\/uploads\/2011\/12\/Nuotiopaikka.jpg?zoom=2&amp;resize=150%2C150&amp;ssl=1 300w, https:\/\/i0.wp.com\/burnoutcity.fi\/wp-content\/uploads\/2011\/12\/Nuotiopaikka.jpg?zoom=3&amp;resize=150%2C150&amp;ssl=1 450w\" sizes=\"auto, (max-width: 150px) 100vw, 150px\" \/><\/a>\u00a0 \u00a0 \u00a0 \u00a0\u00a0<a href=\"https:\/\/i0.wp.com\/burnoutcity.fi\/wp-content\/uploads\/2013\/01\/moottorikalkkasafari-norrkullalandet.jpg\"><img data-recalc-dims=\"1\" loading=\"lazy\" decoding=\"async\" class=\"alignnone size-thumbnail wp-image-1594\" src=\"https:\/\/i0.wp.com\/burnoutcity.fi\/wp-content\/uploads\/2013\/01\/moottorikalkkasafari-norrkullalandet-150x150.jpg?resize=150%2C150\" alt=\"moottorikalkkasafari norrkullalandet\" width=\"150\" height=\"150\" srcset=\"https:\/\/i0.wp.com\/burnoutcity.fi\/wp-content\/uploads\/2013\/01\/moottorikalkkasafari-norrkullalandet.jpg?resize=150%2C150&amp;ssl=1 150w, https:\/\/i0.wp.com\/burnoutcity.fi\/wp-content\/uploads\/2013\/01\/moottorikalkkasafari-norrkullalandet.jpg?zoom=2&amp;resize=150%2C150&amp;ssl=1 300w, https:\/\/i0.wp.com\/burnoutcity.fi\/wp-content\/uploads\/2013\/01\/moottorikalkkasafari-norrkullalandet.jpg?zoom=3&amp;resize=150%2C150&amp;ssl=1 450w\" sizes=\"auto, (max-width: 150px) 100vw, 150px\" \/><\/a><\/p>\n<p><strong>Hotel Haven<\/strong><br \/>\n<a href=\"http:\/\/www.hotelhaven.fi\/\" target=\"_blank\">http:\/\/www.hotelhaven.fi<\/a><\/p>\n<p><img data-recalc-dims=\"1\" loading=\"lazy\" decoding=\"async\" class=\"alignnone size-full wp-image-2721\" src=\"https:\/\/i0.wp.com\/burnoutcity.fi\/wp-content\/uploads\/2011\/12\/HH_vaaka_rgb72.jpg?resize=492%2C81\" sizes=\"auto, (max-width: 492px) 100vw, 492px\" srcset=\"http:\/\/burnoutcity.fi\/wp-content\/uploads\/2011\/12\/HH_vaaka_rgb72-300x49.jpg 300x, http:\/\/burnoutcity.fi\/wp-content\/uploads\/2011\/12\/HH_vaaka_rgb72.jpg 492x\" alt=\"lilaA4\" width=\"492\" height=\"81\" \/><\/p>\n<p>Hotel Haven is designed to provide homely warmth, exclusive comfort and high-quality services for the discerning guest.\u00a0Hotel Haven offers a range of conference rooms both large and small. You can choose from the four Haven Meetings conference rooms that can accommodate up to 30 people and the auditorium that seats 62. As the organizer of the meeting, you will still be free to enjoy your day, as we will assign a personal conference host to take care of all the details.<\/p>\n<p><strong>Hotel Lilla Roberts<\/strong><br \/>\n<a href=\"https:\/\/www.lillaroberts.com\/\" target=\"_blank\">https:\/\/www.lillaroberts.com<\/a><\/p>\n<p><img data-recalc-dims=\"1\" loading=\"lazy\" decoding=\"async\" class=\"alignnone size-full wp-image-2723\" src=\"https:\/\/i0.wp.com\/burnoutcity.fi\/wp-content\/uploads\/2011\/12\/logo.png?resize=158%2C59\" alt=\"logo\" width=\"158\" height=\"59\" \/><\/p>\n<p>Hotel Lilla Roberts offers an elegant environment \u2013 a simultaneous dichotomy of the modern, and rich with history. In the hotel\u2019s stylish lobby you can sense the times gone by, and be charmed by the wonderful history of the building.\u00a0The Hotel is located between Helsinki\u2019s busiest business district and the most prestigious residential area, making it the perfect home for you whether travelling for business, pleasure\u2026 or why not both? Located on the serenely quiet street ensures a pleasant and peaceful stay at the hotel, which is just a stone\u2019s throw away from the hustle and buzzle of the best restaurant and bars Helsinki can offer.<\/p>\n<p><strong>P\u00f6rt\u00f6<\/strong> i Borg\u00e5 sk\u00e4rg\u00e5rd:<br \/>\n<a title=\"P\u00f6rt\u00f6\" href=\"http:\/\/www.proporto.fi\/index.php\" target=\"_blank\">http:\/\/www.proporto.fi\/index.php<\/a><\/p>\n<p>P\u00f6rt\u00f6 \u00e4r ett popul\u00e4rt utflyktsm\u00e5l f\u00f6r v\u00e5r RIB safari. I den gamla skolan p\u00e5 P\u00f6rt\u00f6 kan man njuta av ett delikat sk\u00e4rg\u00e5rdsbord med fisk i alla de sorter. Skolan har ocks\u00e5 en liten butik var man k\u00f6pa hantverk i olika slag gjorda av sk\u00e4rg\u00e5rdsbon.<\/p>\n<p><strong>Ugnsholmen<\/strong> utanf\u00f6r Brunnsparken:<br \/>\n<a title=\"Ugnsholmen\" href=\"http:\/\/www.uunisaari.com\/\" target=\"_blank\">http:\/\/www.uunisaari.com\/<\/a><\/p>\n<p>Ugnsholmen erbjuder fina konferens, restaurang och bastu-utrymmen ett stenkast fr\u00e5n Helsingfors centrum. P\u00e5 Ugnsholmen ordnar vi aktiviteter av alla de slag, RIB, segling, kyrkob\u00e5rs rodd, paddling, frisbee golf, teambuilding med mera.<\/p>\n<p><strong>Fiskartorpet<\/strong> i Munksn\u00e4s:<\/p>\n<p>Fiskis \u00e4r ett &#8221;sn\u00e4ppet snyggare&#8221; Hilton Hotel med fina konferens och \u00f6vernattningsutrymmen. P\u00e5 Fiskartorpet kan man g\u00f6ra en hel del aktiviteter som till exempel RIB safari, paddling, kyrkb\u00e5tsrodd, teambuilding med mera. Under vinters\u00e4songen \u00e4r isskulpturer en popul\u00e4r aktivitet p\u00e5 Fiskartorpet.<\/p>\n<p><strong>Hartwall-arena<\/strong> i B\u00f6le i Helsingfors :<br \/>\n<a title=\"Hartwall-areena\" href=\"http:\/\/www.hartwall-areena.com\/\" target=\"_blank\">http:\/\/www.hartwall-areena.com\/<\/a><\/p>\n<p>P\u00e5 Hartwall-arenan ordnar vi curling evenemang och bordhockey turnering. Hartwall-arenans utrymmen ger m\u00f6jligheter f\u00f6r bastu, middag och konferens.<\/p>\n<p>&nbsp;<\/p>\n","protected":false},"excerpt":{"rendered":"<p>Vi g\u00f6r mycket samarbete med olika konferensanl\u00e4ggningar, hotell och f\u00f6reningar. Nedan hittar du information om n\u00e5gra av v\u00e5ra samarbetspartners. Br\u00e4nd\u00f6 Seglare p\u00e5 Br\u00e4nd\u00f6 i Helsingfors: http:\/\/www.brandoseglare.fi\/ Br\u00e4nd\u00f6 Seglare \u00e4r v\u00e5r sommarbas var vi har alla v\u00e5ra b\u00e5tar. H\u00e4rifr\u00e5n startar en stor del av v\u00e5ra aktiviteter som t.ex. RIB b\u00e5t utflykter, segling och paddling. Under sommaren &hellip; <\/p>\n<p class=\"link-more\"><a href=\"https:\/\/burnoutcity.fi\/sv\/partners\/\" class=\"more-link\">Forts\u00e4tt l\u00e4sa<span class=\"screen-reader-text\"> \u201dPartners\u201d<\/span><\/a><\/p>\n","protected":false},"author":3,"featured_media":0,"parent":0,"menu_order":6,"comment_status":"open","ping_status":"open","template":"sidebar-page.php","meta":{"footnotes":""},"class_list":["post-35","page","type-page","status-publish","hentry"],"yoast_head":"<!-- This site is optimized with the Yoast SEO plugin v27.1.1 - https:\/\/yoast.com\/product\/yoast-seo-wordpress\/ -->\n<title>Partners - Burn Out City Evets<\/title>\n<meta name=\"robots\" content=\"index, follow, max-snippet:-1, max-image-preview:large, max-video-preview:-1\" \/>\n<link rel=\"canonical\" href=\"https:\/\/burnoutcity.fi\/sv\/partners\/\" \/>\n<meta property=\"og:locale\" content=\"sv_SE\" \/>\n<meta property=\"og:type\" content=\"article\" \/>\n<meta property=\"og:title\" content=\"Partners - Burn Out City Evets\" \/>\n<meta property=\"og:description\" content=\"Vi g\u00f6r mycket samarbete med olika konferensanl\u00e4ggningar, hotell och f\u00f6reningar. Nedan hittar du information om n\u00e5gra av v\u00e5ra samarbetspartners. Br\u00e4nd\u00f6 Seglare p\u00e5 Br\u00e4nd\u00f6 i Helsingfors: http:\/\/www.brandoseglare.fi\/ Br\u00e4nd\u00f6 Seglare \u00e4r v\u00e5r sommarbas var vi har alla v\u00e5ra b\u00e5tar. H\u00e4rifr\u00e5n startar en stor del av v\u00e5ra aktiviteter som t.ex. RIB b\u00e5t utflykter, segling och paddling. Under sommaren &hellip; Forts\u00e4tt l\u00e4sa \u201dPartners\u201d\" \/>\n<meta property=\"og:url\" content=\"https:\/\/burnoutcity.fi\/sv\/partners\/\" \/>\n<meta property=\"og:site_name\" content=\"Burn Out City Evets\" \/>\n<meta property=\"article:publisher\" content=\"https:\/\/www.facebook.com\/burnoutcity\/\" \/>\n<meta property=\"article:modified_time\" content=\"2016-06-28T07:01:30+00:00\" \/>\n<meta property=\"og:image\" content=\"http:\/\/burnoutcity.fi\/wp-content\/uploads\/2011\/12\/Br\u00e4nd\u00f6-Seglare-2-2009-150x150.jpg\" \/>\n<meta name=\"twitter:card\" content=\"summary_large_image\" \/>\n<meta name=\"twitter:label1\" content=\"Ber\u00e4knad l\u00e4stid\" \/>\n\t<meta name=\"twitter:data1\" content=\"3 minuter\" \/>\n<script type=\"application\/ld+json\" class=\"yoast-schema-graph\">{\"@context\":\"https:\/\/schema.org\",\"@graph\":[{\"@type\":\"WebPage\",\"@id\":\"https:\/\/burnoutcity.fi\/sv\/partners\/\",\"url\":\"https:\/\/burnoutcity.fi\/sv\/partners\/\",\"name\":\"Partners - Burn Out City Evets\",\"isPartOf\":{\"@id\":\"https:\/\/burnoutcity.fi\/sv\/#website\"},\"primaryImageOfPage\":{\"@id\":\"https:\/\/burnoutcity.fi\/sv\/partners\/#primaryimage\"},\"image\":{\"@id\":\"https:\/\/burnoutcity.fi\/sv\/partners\/#primaryimage\"},\"thumbnailUrl\":\"http:\/\/burnoutcity.fi\/wp-content\/uploads\/2011\/12\/Villa-Norrkullalandet-150x150.jpg\",\"datePublished\":\"2011-11-23T08:30:08+00:00\",\"dateModified\":\"2016-06-28T07:01:30+00:00\",\"breadcrumb\":{\"@id\":\"https:\/\/burnoutcity.fi\/sv\/partners\/#breadcrumb\"},\"inLanguage\":\"sv-SE\",\"potentialAction\":[{\"@type\":\"ReadAction\",\"target\":[\"https:\/\/burnoutcity.fi\/sv\/partners\/\"]}]},{\"@type\":\"ImageObject\",\"inLanguage\":\"sv-SE\",\"@id\":\"https:\/\/burnoutcity.fi\/sv\/partners\/#primaryimage\",\"url\":\"http:\/\/burnoutcity.fi\/wp-content\/uploads\/2011\/12\/Villa-Norrkullalandet-150x150.jpg\",\"contentUrl\":\"http:\/\/burnoutcity.fi\/wp-content\/uploads\/2011\/12\/Villa-Norrkullalandet-150x150.jpg\"},{\"@type\":\"BreadcrumbList\",\"@id\":\"https:\/\/burnoutcity.fi\/sv\/partners\/#breadcrumb\",\"itemListElement\":[{\"@type\":\"ListItem\",\"position\":1,\"name\":\"Hem\",\"item\":\"https:\/\/burnoutcity.fi\/sv\/hem\/\"},{\"@type\":\"ListItem\",\"position\":2,\"name\":\"Partners\"}]},{\"@type\":\"WebSite\",\"@id\":\"https:\/\/burnoutcity.fi\/sv\/#website\",\"url\":\"https:\/\/burnoutcity.fi\/sv\/\",\"name\":\"Burn Out City\",\"description\":\"Corporate Events and activities for tourists in Helsinki and its archipelago\",\"publisher\":{\"@id\":\"https:\/\/burnoutcity.fi\/sv\/#organization\"},\"potentialAction\":[{\"@type\":\"SearchAction\",\"target\":{\"@type\":\"EntryPoint\",\"urlTemplate\":\"https:\/\/burnoutcity.fi\/sv\/?s={search_term_string}\"},\"query-input\":{\"@type\":\"PropertyValueSpecification\",\"valueRequired\":true,\"valueName\":\"search_term_string\"}}],\"inLanguage\":\"sv-SE\"},{\"@type\":\"Organization\",\"@id\":\"https:\/\/burnoutcity.fi\/sv\/#organization\",\"name\":\"Burn Out City Events\",\"url\":\"https:\/\/burnoutcity.fi\/sv\/\",\"logo\":{\"@type\":\"ImageObject\",\"inLanguage\":\"sv-SE\",\"@id\":\"https:\/\/burnoutcity.fi\/sv\/#\/schema\/logo\/image\/\",\"url\":\"https:\/\/i0.wp.com\/burnoutcity.fi\/wp-content\/uploads\/2018\/11\/BOC-logo-transparent.png?fit=1465%2C323&ssl=1\",\"contentUrl\":\"https:\/\/i0.wp.com\/burnoutcity.fi\/wp-content\/uploads\/2018\/11\/BOC-logo-transparent.png?fit=1465%2C323&ssl=1\",\"width\":1465,\"height\":323,\"caption\":\"Burn Out City Events\"},\"image\":{\"@id\":\"https:\/\/burnoutcity.fi\/sv\/#\/schema\/logo\/image\/\"},\"sameAs\":[\"https:\/\/www.facebook.com\/burnoutcity\/\",\"https:\/\/www.instagram.com\/burnoutcity\/\",\"https:\/\/www.linkedin.com\/company\/9238482\/\",\"https:\/\/www.youtube.com\/channel\/UC0tYOONmt9dhZCEEyFzGj-Q\"]}]}<\/script>\n<!-- \/ Yoast SEO plugin. -->","yoast_head_json":{"title":"Partners - Burn Out City Evets","robots":{"index":"index","follow":"follow","max-snippet":"max-snippet:-1","max-image-preview":"max-image-preview:large","max-video-preview":"max-video-preview:-1"},"canonical":"https:\/\/burnoutcity.fi\/sv\/partners\/","og_locale":"sv_SE","og_type":"article","og_title":"Partners - Burn Out City Evets","og_description":"Vi g\u00f6r mycket samarbete med olika konferensanl\u00e4ggningar, hotell och f\u00f6reningar. Nedan hittar du information om n\u00e5gra av v\u00e5ra samarbetspartners. Br\u00e4nd\u00f6 Seglare p\u00e5 Br\u00e4nd\u00f6 i Helsingfors: http:\/\/www.brandoseglare.fi\/ Br\u00e4nd\u00f6 Seglare \u00e4r v\u00e5r sommarbas var vi har alla v\u00e5ra b\u00e5tar. H\u00e4rifr\u00e5n startar en stor del av v\u00e5ra aktiviteter som t.ex. RIB b\u00e5t utflykter, segling och paddling. Under sommaren &hellip; Forts\u00e4tt l\u00e4sa \u201dPartners\u201d","og_url":"https:\/\/burnoutcity.fi\/sv\/partners\/","og_site_name":"Burn Out City Evets","article_publisher":"https:\/\/www.facebook.com\/burnoutcity\/","article_modified_time":"2016-06-28T07:01:30+00:00","og_image":[{"url":"http:\/\/burnoutcity.fi\/wp-content\/uploads\/2011\/12\/Br\u00e4nd\u00f6-Seglare-2-2009-150x150.jpg","type":"","width":"","height":""}],"twitter_card":"summary_large_image","twitter_misc":{"Ber\u00e4knad l\u00e4stid":"3 minuter"},"schema":{"@context":"https:\/\/schema.org","@graph":[{"@type":"WebPage","@id":"https:\/\/burnoutcity.fi\/sv\/partners\/","url":"https:\/\/burnoutcity.fi\/sv\/partners\/","name":"Partners - Burn Out City Evets","isPartOf":{"@id":"https:\/\/burnoutcity.fi\/sv\/#website"},"primaryImageOfPage":{"@id":"https:\/\/burnoutcity.fi\/sv\/partners\/#primaryimage"},"image":{"@id":"https:\/\/burnoutcity.fi\/sv\/partners\/#primaryimage"},"thumbnailUrl":"http:\/\/burnoutcity.fi\/wp-content\/uploads\/2011\/12\/Villa-Norrkullalandet-150x150.jpg","datePublished":"2011-11-23T08:30:08+00:00","dateModified":"2016-06-28T07:01:30+00:00","breadcrumb":{"@id":"https:\/\/burnoutcity.fi\/sv\/partners\/#breadcrumb"},"inLanguage":"sv-SE","potentialAction":[{"@type":"ReadAction","target":["https:\/\/burnoutcity.fi\/sv\/partners\/"]}]},{"@type":"ImageObject","inLanguage":"sv-SE","@id":"https:\/\/burnoutcity.fi\/sv\/partners\/#primaryimage","url":"http:\/\/burnoutcity.fi\/wp-content\/uploads\/2011\/12\/Villa-Norrkullalandet-150x150.jpg","contentUrl":"http:\/\/burnoutcity.fi\/wp-content\/uploads\/2011\/12\/Villa-Norrkullalandet-150x150.jpg"},{"@type":"BreadcrumbList","@id":"https:\/\/burnoutcity.fi\/sv\/partners\/#breadcrumb","itemListElement":[{"@type":"ListItem","position":1,"name":"Hem","item":"https:\/\/burnoutcity.fi\/sv\/hem\/"},{"@type":"ListItem","position":2,"name":"Partners"}]},{"@type":"WebSite","@id":"https:\/\/burnoutcity.fi\/sv\/#website","url":"https:\/\/burnoutcity.fi\/sv\/","name":"Burn Out City","description":"Corporate Events and activities for tourists in Helsinki and its archipelago","publisher":{"@id":"https:\/\/burnoutcity.fi\/sv\/#organization"},"potentialAction":[{"@type":"SearchAction","target":{"@type":"EntryPoint","urlTemplate":"https:\/\/burnoutcity.fi\/sv\/?s={search_term_string}"},"query-input":{"@type":"PropertyValueSpecification","valueRequired":true,"valueName":"search_term_string"}}],"inLanguage":"sv-SE"},{"@type":"Organization","@id":"https:\/\/burnoutcity.fi\/sv\/#organization","name":"Burn Out City Events","url":"https:\/\/burnoutcity.fi\/sv\/","logo":{"@type":"ImageObject","inLanguage":"sv-SE","@id":"https:\/\/burnoutcity.fi\/sv\/#\/schema\/logo\/image\/","url":"https:\/\/i0.wp.com\/burnoutcity.fi\/wp-content\/uploads\/2018\/11\/BOC-logo-transparent.png?fit=1465%2C323&ssl=1","contentUrl":"https:\/\/i0.wp.com\/burnoutcity.fi\/wp-content\/uploads\/2018\/11\/BOC-logo-transparent.png?fit=1465%2C323&ssl=1","width":1465,"height":323,"caption":"Burn Out City Events"},"image":{"@id":"https:\/\/burnoutcity.fi\/sv\/#\/schema\/logo\/image\/"},"sameAs":["https:\/\/www.facebook.com\/burnoutcity\/","https:\/\/www.instagram.com\/burnoutcity\/","https:\/\/www.linkedin.com\/company\/9238482\/","https:\/\/www.youtube.com\/channel\/UC0tYOONmt9dhZCEEyFzGj-Q"]}]}},"jetpack_sharing_enabled":true,"_links":{"self":[{"href":"https:\/\/burnoutcity.fi\/sv\/wp-json\/wp\/v2\/pages\/35","targetHints":{"allow":["GET"]}}],"collection":[{"href":"https:\/\/burnoutcity.fi\/sv\/wp-json\/wp\/v2\/pages"}],"about":[{"href":"https:\/\/burnoutcity.fi\/sv\/wp-json\/wp\/v2\/types\/page"}],"author":[{"embeddable":true,"href":"https:\/\/burnoutcity.fi\/sv\/wp-json\/wp\/v2\/users\/3"}],"replies":[{"embeddable":true,"href":"https:\/\/burnoutcity.fi\/sv\/wp-json\/wp\/v2\/comments?post=35"}],"version-history":[{"count":12,"href":"https:\/\/burnoutcity.fi\/sv\/wp-json\/wp\/v2\/pages\/35\/revisions"}],"predecessor-version":[{"id":2728,"href":"https:\/\/burnoutcity.fi\/sv\/wp-json\/wp\/v2\/pages\/35\/revisions\/2728"}],"wp:attachment":[{"href":"https:\/\/burnoutcity.fi\/sv\/wp-json\/wp\/v2\/media?parent=35"}],"curies":[{"name":"wp","href":"https:\/\/api.w.org\/{rel}","templated":true}]}}