{"id":74,"date":"2011-11-24T08:58:09","date_gmt":"2011-11-24T08:58:09","guid":{"rendered":"http:\/\/burnoutcity.fi\/?page_id=74"},"modified":"2018-09-10T12:42:54","modified_gmt":"2018-09-10T10:42:54","slug":"foretagssegling","status":"publish","type":"page","link":"https:\/\/burnoutcity.fi\/sv\/segling\/foretagssegling\/","title":{"rendered":"F\u00f6retagssegling"},"content":{"rendered":"<p><strong>F\u00f6retagssegling med sportiga 606\u00a0segelb\u00e5tar<\/strong><\/p>\n<p>Att segla med 606-b\u00e5tar \u00e4r roligt och ett ypperligt s\u00e4tt att antingen l\u00e4ra sig seglingens grunder, delta i en lekfull regatta eller ocks\u00e5 bara njuta av havet och sev\u00e4rdheter.<\/p>\n<p>Anledningen till framg\u00e5ngarna med f\u00f6retagsseglingarna i dessa b\u00e5tar, \u00e4r att varje deltagare aktivt f\u00e5r skota, trimma och styra b\u00e5ten.<\/p>\n<p>Vi skr\u00e4ddarsyr alltid evenemanget efter kundens behov och \u00f6nskem\u00e5l. Inga f\u00f6rkunskaper kr\u00e4vs, en instrukt\u00f6r per b\u00e5t samt all utrustning ing\u00e5r. Oftast b\u00f6rjar v\u00e5ra seglingsevenemang med lite skolning och avslutas med en lekfull regatta samt prisutdelning. Efter seglatsen \u00e4r det m\u00f6jligt att njuta av god mat vid segelf\u00f6reningen Br\u00e4nd\u00f6 Seglarens klubbrestaurang.<\/p>\n<p><iframe loading=\"lazy\" width=\"560\" height=\"315\" src=\"https:\/\/www.youtube.com\/embed\/HiMsV8P4QeE?rel=0\" frameborder=\"0\" allow=\"autoplay; encrypted-media\" allowfullscreen><\/iframe><br \/>\n<a href=\"https:\/\/i0.wp.com\/burnoutcity.fi\/wp-content\/uploads\/2013\/09\/Yrityspurjehdus-helsinki.jpg\"><img data-recalc-dims=\"1\" loading=\"lazy\" decoding=\"async\" class=\"alignnone size-full wp-image-1779\" src=\"https:\/\/i0.wp.com\/burnoutcity.fi\/wp-content\/uploads\/2013\/09\/Yrityspurjehdus-helsinki.jpg?resize=525%2C350\" alt=\"Yrityspurjehdus helsinki\" width=\"525\" height=\"350\" srcset=\"https:\/\/i0.wp.com\/burnoutcity.fi\/wp-content\/uploads\/2013\/09\/Yrityspurjehdus-helsinki.jpg?w=960&amp;ssl=1 960w, https:\/\/i0.wp.com\/burnoutcity.fi\/wp-content\/uploads\/2013\/09\/Yrityspurjehdus-helsinki.jpg?resize=300%2C200&amp;ssl=1 300w, https:\/\/i0.wp.com\/burnoutcity.fi\/wp-content\/uploads\/2013\/09\/Yrityspurjehdus-helsinki.jpg?resize=450%2C300&amp;ssl=1 450w\" sizes=\"auto, (max-width: 706px) 89vw, (max-width: 767px) 82vw, 740px\" \/><\/a><br \/>\n<a href=\"http:\/\/burnoutcity.fi\/sailing\/purjehduskurssi-helsinki\/\" rel=\"attachment wp-att-2055\"><img data-recalc-dims=\"1\" loading=\"lazy\" decoding=\"async\" class=\"alignnone size-full wp-image-2055\" src=\"https:\/\/i0.wp.com\/burnoutcity.fi\/wp-content\/uploads\/2011\/11\/Purjehduskurssi-helsinki.jpg?resize=525%2C350\" alt=\"Purjehduskurssi helsinki\" width=\"525\" height=\"350\" srcset=\"https:\/\/i0.wp.com\/burnoutcity.fi\/wp-content\/uploads\/2011\/11\/Purjehduskurssi-helsinki.jpg?w=1152&amp;ssl=1 1152w, https:\/\/i0.wp.com\/burnoutcity.fi\/wp-content\/uploads\/2011\/11\/Purjehduskurssi-helsinki.jpg?resize=300%2C200&amp;ssl=1 300w, https:\/\/i0.wp.com\/burnoutcity.fi\/wp-content\/uploads\/2011\/11\/Purjehduskurssi-helsinki.jpg?resize=1024%2C682&amp;ssl=1 1024w, https:\/\/i0.wp.com\/burnoutcity.fi\/wp-content\/uploads\/2011\/11\/Purjehduskurssi-helsinki.jpg?resize=450%2C300&amp;ssl=1 450w\" sizes=\"auto, (max-width: 706px) 89vw, (max-width: 767px) 82vw, 740px\" \/><\/a><br \/>\n<a href=\"https:\/\/i0.wp.com\/burnoutcity.fi\/wp-content\/uploads\/2012\/11\/sailingschool-helsinki.jpg\"><img data-recalc-dims=\"1\" loading=\"lazy\" decoding=\"async\" class=\"alignnone wp-image-1274 size-full\" title=\"sailingschool helsinki\" src=\"https:\/\/i0.wp.com\/burnoutcity.fi\/wp-content\/uploads\/2012\/11\/sailingschool-helsinki.jpg?resize=525%2C350\" width=\"525\" height=\"350\" srcset=\"https:\/\/i0.wp.com\/burnoutcity.fi\/wp-content\/uploads\/2012\/11\/sailingschool-helsinki.jpg?w=960&amp;ssl=1 960w, https:\/\/i0.wp.com\/burnoutcity.fi\/wp-content\/uploads\/2012\/11\/sailingschool-helsinki.jpg?resize=300%2C200&amp;ssl=1 300w, https:\/\/i0.wp.com\/burnoutcity.fi\/wp-content\/uploads\/2012\/11\/sailingschool-helsinki.jpg?resize=450%2C300&amp;ssl=1 450w\" sizes=\"auto, (max-width: 706px) 89vw, (max-width: 767px) 82vw, 740px\" \/><\/a>\u00a0 \u00a0 \u00a0 \u00a0 \u00a0 \u00a0<a href=\"https:\/\/i0.wp.com\/burnoutcity.fi\/wp-content\/uploads\/2012\/11\/purjehdus-el%C3%A4mys-ohjelmapalvelu.jpg\"><img data-recalc-dims=\"1\" loading=\"lazy\" decoding=\"async\" class=\"alignnone wp-image-1270 size-full\" title=\"purjehdus el\u00e4mys ohjelmapalvelu\" src=\"https:\/\/i0.wp.com\/burnoutcity.fi\/wp-content\/uploads\/2012\/11\/purjehdus-el%C3%A4mys-ohjelmapalvelu.jpg?resize=525%2C350\" alt=\"naisten purjehduskoulu\" width=\"525\" height=\"350\" srcset=\"https:\/\/i0.wp.com\/burnoutcity.fi\/wp-content\/uploads\/2012\/11\/purjehdus-el%C3%A4mys-ohjelmapalvelu.jpg?w=960&amp;ssl=1 960w, https:\/\/i0.wp.com\/burnoutcity.fi\/wp-content\/uploads\/2012\/11\/purjehdus-el%C3%A4mys-ohjelmapalvelu.jpg?resize=300%2C200&amp;ssl=1 300w, https:\/\/i0.wp.com\/burnoutcity.fi\/wp-content\/uploads\/2012\/11\/purjehdus-el%C3%A4mys-ohjelmapalvelu.jpg?resize=450%2C300&amp;ssl=1 450w\" sizes=\"auto, (max-width: 706px) 89vw, (max-width: 767px) 82vw, 740px\" \/><\/a>\u00a0 \u00a0 \u00a0 \u00a0 \u00a0 \u00a0<a href=\"https:\/\/i0.wp.com\/burnoutcity.fi\/wp-content\/uploads\/2012\/11\/naisten-purjehduskoulu.jpg\"><img data-recalc-dims=\"1\" loading=\"lazy\" decoding=\"async\" class=\"alignnone wp-image-1268 size-full\" title=\"naisten purjehduskoulu\" src=\"https:\/\/i0.wp.com\/burnoutcity.fi\/wp-content\/uploads\/2012\/11\/naisten-purjehduskoulu.jpg?resize=525%2C350\" width=\"525\" height=\"350\" srcset=\"https:\/\/i0.wp.com\/burnoutcity.fi\/wp-content\/uploads\/2012\/11\/naisten-purjehduskoulu.jpg?w=960&amp;ssl=1 960w, https:\/\/i0.wp.com\/burnoutcity.fi\/wp-content\/uploads\/2012\/11\/naisten-purjehduskoulu.jpg?resize=300%2C200&amp;ssl=1 300w, https:\/\/i0.wp.com\/burnoutcity.fi\/wp-content\/uploads\/2012\/11\/naisten-purjehduskoulu.jpg?resize=450%2C300&amp;ssl=1 450w\" sizes=\"auto, (max-width: 706px) 89vw, (max-width: 767px) 82vw, 740px\" \/><\/a><\/p>\n<p><strong>F\u00f6retagssegling med 40 fots segelb\u00e5t<\/strong><\/p>\n<p>I en st\u00f6rre ca.12 meter l\u00e5ng segelb\u00e5t k\u00e4nner man sig redan som en riktig sj\u00f6farare. Vi seglar med ett urval av de b\u00e4sta och mest komfortabla segelb\u00e5tar\u00a0som finns. Ombord p\u00e5 b\u00e5ten finns alla bekv\u00e4mligheter du kan t\u00e4nka dig och under utflykten kan man njuta av naturen i tystnad eller ocks\u00e5 l\u00e4ra sig segla under en erfaren skeppares ledning.<\/p>\n<p>M\u00e5ltiden \u00e4r en central del av resan och i\u00a0sk\u00e4rg\u00e5rden finns det m\u00e5nga fina st\u00e4llen var man njuta av\u00a0god mat och bastubadande. En b\u00e5t rymmer 8 passagerare.<\/p>\n<p><a href=\"http:\/\/burnoutcity.fi\/sailing\/purjedus-yrityksille\/\" rel=\"attachment wp-att-2050\"><img data-recalc-dims=\"1\" loading=\"lazy\" decoding=\"async\" class=\"alignnone size-full wp-image-2050\" src=\"https:\/\/i0.wp.com\/burnoutcity.fi\/wp-content\/uploads\/2011\/11\/purjedus-yrityksille.jpg?resize=525%2C350\" alt=\"purjedus yrityksille\" width=\"525\" height=\"350\" srcset=\"https:\/\/i0.wp.com\/burnoutcity.fi\/wp-content\/uploads\/2011\/11\/purjedus-yrityksille.jpg?w=1151&amp;ssl=1 1151w, https:\/\/i0.wp.com\/burnoutcity.fi\/wp-content\/uploads\/2011\/11\/purjedus-yrityksille.jpg?resize=300%2C200&amp;ssl=1 300w, https:\/\/i0.wp.com\/burnoutcity.fi\/wp-content\/uploads\/2011\/11\/purjedus-yrityksille.jpg?resize=1024%2C683&amp;ssl=1 1024w, https:\/\/i0.wp.com\/burnoutcity.fi\/wp-content\/uploads\/2011\/11\/purjedus-yrityksille.jpg?resize=449%2C300&amp;ssl=1 449w\" sizes=\"auto, (max-width: 706px) 89vw, (max-width: 767px) 82vw, 740px\" \/><\/a><br \/>\n<a href=\"https:\/\/i0.wp.com\/burnoutcity.fi\/wp-content\/uploads\/2012\/11\/Burn-Out-City-purjehdus.jpg\"><img data-recalc-dims=\"1\" loading=\"lazy\" decoding=\"async\" class=\"alignnone size-full wp-image-1228\" src=\"https:\/\/i0.wp.com\/burnoutcity.fi\/wp-content\/uploads\/2012\/11\/Burn-Out-City-purjehdus.jpg?resize=525%2C151\" alt=\"Burn Out City purjehdus\" width=\"525\" height=\"151\" srcset=\"https:\/\/i0.wp.com\/burnoutcity.fi\/wp-content\/uploads\/2012\/11\/Burn-Out-City-purjehdus.jpg?w=3888&amp;ssl=1 3888w, https:\/\/i0.wp.com\/burnoutcity.fi\/wp-content\/uploads\/2012\/11\/Burn-Out-City-purjehdus.jpg?resize=300%2C86&amp;ssl=1 300w, https:\/\/i0.wp.com\/burnoutcity.fi\/wp-content\/uploads\/2012\/11\/Burn-Out-City-purjehdus.jpg?resize=1024%2C294&amp;ssl=1 1024w, https:\/\/i0.wp.com\/burnoutcity.fi\/wp-content\/uploads\/2012\/11\/Burn-Out-City-purjehdus.jpg?resize=1000%2C288&amp;ssl=1 1000w, https:\/\/i0.wp.com\/burnoutcity.fi\/wp-content\/uploads\/2012\/11\/Burn-Out-City-purjehdus.jpg?resize=500%2C144&amp;ssl=1 500w, https:\/\/i0.wp.com\/burnoutcity.fi\/wp-content\/uploads\/2012\/11\/Burn-Out-City-purjehdus.jpg?w=1575&amp;ssl=1 1575w\" sizes=\"auto, (max-width: 706px) 89vw, (max-width: 767px) 82vw, 740px\" \/><\/a><\/p>\n<p><strong>Optimistjolle regatta<\/strong><\/p>\n<p>Att segla en optimistjolle \u00e4r ett roligt program \u00e4ven f\u00f6r vuxna. Vi kan transportera v\u00e5ra optimistjollar till sj\u00f6ar och hav i s\u00f6dra Finland. Ett utm\u00e4rkt program f\u00f6r sommarfester och som till\u00e4gg f\u00f6r \u00f6vriga program. Regattan kan ocks\u00e5 seglas i lag som en seglings stafett!<\/p>\n<p><a href=\"https:\/\/i0.wp.com\/burnoutcity.fi\/wp-content\/uploads\/2011\/11\/optimist-stafett.jpg\"><img data-recalc-dims=\"1\" loading=\"lazy\" decoding=\"async\" class=\"alignnone wp-image-1516 size-full\" title=\"optimist stafett\" src=\"https:\/\/i0.wp.com\/burnoutcity.fi\/wp-content\/uploads\/2011\/11\/optimist-stafett.jpg?resize=525%2C355\" alt=\"\" width=\"525\" height=\"355\" srcset=\"https:\/\/i0.wp.com\/burnoutcity.fi\/wp-content\/uploads\/2011\/11\/optimist-stafett.jpg?w=921&amp;ssl=1 921w, https:\/\/i0.wp.com\/burnoutcity.fi\/wp-content\/uploads\/2011\/11\/optimist-stafett.jpg?resize=300%2C202&amp;ssl=1 300w, https:\/\/i0.wp.com\/burnoutcity.fi\/wp-content\/uploads\/2011\/11\/optimist-stafett.jpg?resize=443%2C300&amp;ssl=1 443w\" sizes=\"auto, (max-width: 706px) 89vw, (max-width: 767px) 82vw, 740px\" \/><\/a>\u00a0 \u00a0\u00a0<a href=\"https:\/\/i0.wp.com\/burnoutcity.fi\/wp-content\/uploads\/2011\/11\/optimistijolla-regatta.jpg\"><img data-recalc-dims=\"1\" loading=\"lazy\" decoding=\"async\" class=\"alignnone wp-image-1517 size-full\" title=\"optimistijolla regatta\" src=\"https:\/\/i0.wp.com\/burnoutcity.fi\/wp-content\/uploads\/2011\/11\/optimistijolla-regatta.jpg?resize=525%2C350\" alt=\"\" width=\"525\" height=\"350\" srcset=\"https:\/\/i0.wp.com\/burnoutcity.fi\/wp-content\/uploads\/2011\/11\/optimistijolla-regatta.jpg?w=960&amp;ssl=1 960w, https:\/\/i0.wp.com\/burnoutcity.fi\/wp-content\/uploads\/2011\/11\/optimistijolla-regatta.jpg?resize=300%2C200&amp;ssl=1 300w, https:\/\/i0.wp.com\/burnoutcity.fi\/wp-content\/uploads\/2011\/11\/optimistijolla-regatta.jpg?resize=450%2C300&amp;ssl=1 450w\" sizes=\"auto, (max-width: 706px) 89vw, (max-width: 767px) 82vw, 740px\" \/><\/a>\u00a0 \u00a0\u00a0<a href=\"https:\/\/i0.wp.com\/burnoutcity.fi\/wp-content\/uploads\/2011\/11\/purjehdus-regatta.jpg\"><img data-recalc-dims=\"1\" loading=\"lazy\" decoding=\"async\" class=\"alignnone wp-image-1518 size-full\" title=\"purjehdus regatta\" src=\"https:\/\/i0.wp.com\/burnoutcity.fi\/wp-content\/uploads\/2011\/11\/purjehdus-regatta.jpg?resize=525%2C394\" alt=\"\" width=\"525\" height=\"394\" srcset=\"https:\/\/i0.wp.com\/burnoutcity.fi\/wp-content\/uploads\/2011\/11\/purjehdus-regatta.jpg?w=960&amp;ssl=1 960w, https:\/\/i0.wp.com\/burnoutcity.fi\/wp-content\/uploads\/2011\/11\/purjehdus-regatta.jpg?resize=300%2C225&amp;ssl=1 300w, https:\/\/i0.wp.com\/burnoutcity.fi\/wp-content\/uploads\/2011\/11\/purjehdus-regatta.jpg?resize=400%2C300&amp;ssl=1 400w\" sizes=\"auto, (max-width: 706px) 89vw, (max-width: 767px) 82vw, 740px\" \/><\/a><\/p>\n<p>&nbsp;<\/p>\n<p>&nbsp;<\/p>\n","protected":false},"excerpt":{"rendered":"<p>F\u00f6retagssegling med sportiga 606\u00a0segelb\u00e5tar Att segla med 606-b\u00e5tar \u00e4r roligt och ett ypperligt s\u00e4tt att antingen l\u00e4ra sig seglingens grunder, delta i en lekfull regatta eller ocks\u00e5 bara njuta av havet och sev\u00e4rdheter. Anledningen till framg\u00e5ngarna med f\u00f6retagsseglingarna i dessa b\u00e5tar, \u00e4r att varje deltagare aktivt f\u00e5r skota, trimma och styra b\u00e5ten. Vi skr\u00e4ddarsyr alltid &hellip; <\/p>\n<p class=\"link-more\"><a href=\"https:\/\/burnoutcity.fi\/sv\/segling\/foretagssegling\/\" class=\"more-link\">Forts\u00e4tt l\u00e4sa<span class=\"screen-reader-text\"> \u201dF\u00f6retagssegling\u201d<\/span><\/a><\/p>\n","protected":false},"author":3,"featured_media":1785,"parent":2,"menu_order":0,"comment_status":"open","ping_status":"open","template":"sidebar-page.php","meta":{"footnotes":""},"class_list":["post-74","page","type-page","status-publish","has-post-thumbnail","hentry"],"yoast_head":"<!-- This site is optimized with the Yoast SEO plugin v27.1.1 - https:\/\/yoast.com\/product\/yoast-seo-wordpress\/ -->\n<title>F\u00f6retagssegling - Burn Out City Evets<\/title>\n<meta name=\"robots\" content=\"index, follow, max-snippet:-1, max-image-preview:large, max-video-preview:-1\" \/>\n<link rel=\"canonical\" href=\"https:\/\/burnoutcity.fi\/sv\/segling\/foretagssegling\/\" \/>\n<meta property=\"og:locale\" content=\"sv_SE\" \/>\n<meta property=\"og:type\" content=\"article\" \/>\n<meta property=\"og:title\" content=\"F\u00f6retagssegling - Burn Out City Evets\" \/>\n<meta property=\"og:description\" content=\"F\u00f6retagssegling med sportiga 606\u00a0segelb\u00e5tar Att segla med 606-b\u00e5tar \u00e4r roligt och ett ypperligt s\u00e4tt att antingen l\u00e4ra sig seglingens grunder, delta i en lekfull regatta eller ocks\u00e5 bara njuta av havet och sev\u00e4rdheter. Anledningen till framg\u00e5ngarna med f\u00f6retagsseglingarna i dessa b\u00e5tar, \u00e4r att varje deltagare aktivt f\u00e5r skota, trimma och styra b\u00e5ten. Vi skr\u00e4ddarsyr alltid &hellip; Forts\u00e4tt l\u00e4sa \u201dF\u00f6retagssegling\u201d\" \/>\n<meta property=\"og:url\" content=\"https:\/\/burnoutcity.fi\/sv\/segling\/foretagssegling\/\" \/>\n<meta property=\"og:site_name\" content=\"Burn Out City Evets\" \/>\n<meta property=\"article:publisher\" content=\"https:\/\/www.facebook.com\/burnoutcity\/\" \/>\n<meta property=\"article:modified_time\" content=\"2018-09-10T10:42:54+00:00\" \/>\n<meta property=\"og:image\" content=\"https:\/\/burnoutcity.fi\/wp-content\/uploads\/2013\/09\/cropped-Yritys-purjehdus-Helsinki1.jpg\" \/>\n\t<meta property=\"og:image:width\" content=\"1000\" \/>\n\t<meta property=\"og:image:height\" content=\"287\" \/>\n\t<meta property=\"og:image:type\" content=\"image\/jpeg\" \/>\n<meta name=\"twitter:card\" content=\"summary_large_image\" \/>\n<meta name=\"twitter:label1\" content=\"Ber\u00e4knad l\u00e4stid\" \/>\n\t<meta name=\"twitter:data1\" content=\"1 minut\" \/>\n<script type=\"application\/ld+json\" class=\"yoast-schema-graph\">{\"@context\":\"https:\/\/schema.org\",\"@graph\":[{\"@type\":\"WebPage\",\"@id\":\"https:\/\/burnoutcity.fi\/sv\/segling\/foretagssegling\/\",\"url\":\"https:\/\/burnoutcity.fi\/sv\/segling\/foretagssegling\/\",\"name\":\"F\u00f6retagssegling - Burn Out City Evets\",\"isPartOf\":{\"@id\":\"https:\/\/burnoutcity.fi\/sv\/#website\"},\"primaryImageOfPage\":{\"@id\":\"https:\/\/burnoutcity.fi\/sv\/segling\/foretagssegling\/#primaryimage\"},\"image\":{\"@id\":\"https:\/\/burnoutcity.fi\/sv\/segling\/foretagssegling\/#primaryimage\"},\"thumbnailUrl\":\"https:\/\/i0.wp.com\/burnoutcity.fi\/wp-content\/uploads\/2013\/09\/cropped-Yritys-purjehdus-Helsinki1.jpg?fit=1000%2C287&ssl=1\",\"datePublished\":\"2011-11-24T08:58:09+00:00\",\"dateModified\":\"2018-09-10T10:42:54+00:00\",\"breadcrumb\":{\"@id\":\"https:\/\/burnoutcity.fi\/sv\/segling\/foretagssegling\/#breadcrumb\"},\"inLanguage\":\"sv-SE\",\"potentialAction\":[{\"@type\":\"ReadAction\",\"target\":[\"https:\/\/burnoutcity.fi\/sv\/segling\/foretagssegling\/\"]}]},{\"@type\":\"ImageObject\",\"inLanguage\":\"sv-SE\",\"@id\":\"https:\/\/burnoutcity.fi\/sv\/segling\/foretagssegling\/#primaryimage\",\"url\":\"https:\/\/i0.wp.com\/burnoutcity.fi\/wp-content\/uploads\/2013\/09\/cropped-Yritys-purjehdus-Helsinki1.jpg?fit=1000%2C287&ssl=1\",\"contentUrl\":\"https:\/\/i0.wp.com\/burnoutcity.fi\/wp-content\/uploads\/2013\/09\/cropped-Yritys-purjehdus-Helsinki1.jpg?fit=1000%2C287&ssl=1\",\"width\":1000,\"height\":287},{\"@type\":\"BreadcrumbList\",\"@id\":\"https:\/\/burnoutcity.fi\/sv\/segling\/foretagssegling\/#breadcrumb\",\"itemListElement\":[{\"@type\":\"ListItem\",\"position\":1,\"name\":\"Hem\",\"item\":\"https:\/\/burnoutcity.fi\/sv\/hem\/\"},{\"@type\":\"ListItem\",\"position\":2,\"name\":\"Segling\",\"item\":\"https:\/\/burnoutcity.fi\/sv\/segling\/\"},{\"@type\":\"ListItem\",\"position\":3,\"name\":\"F\u00f6retagssegling\"}]},{\"@type\":\"WebSite\",\"@id\":\"https:\/\/burnoutcity.fi\/sv\/#website\",\"url\":\"https:\/\/burnoutcity.fi\/sv\/\",\"name\":\"Burn Out City\",\"description\":\"Corporate Events and activities for tourists in Helsinki and its archipelago\",\"publisher\":{\"@id\":\"https:\/\/burnoutcity.fi\/sv\/#organization\"},\"potentialAction\":[{\"@type\":\"SearchAction\",\"target\":{\"@type\":\"EntryPoint\",\"urlTemplate\":\"https:\/\/burnoutcity.fi\/sv\/?s={search_term_string}\"},\"query-input\":{\"@type\":\"PropertyValueSpecification\",\"valueRequired\":true,\"valueName\":\"search_term_string\"}}],\"inLanguage\":\"sv-SE\"},{\"@type\":\"Organization\",\"@id\":\"https:\/\/burnoutcity.fi\/sv\/#organization\",\"name\":\"Burn Out City Events\",\"url\":\"https:\/\/burnoutcity.fi\/sv\/\",\"logo\":{\"@type\":\"ImageObject\",\"inLanguage\":\"sv-SE\",\"@id\":\"https:\/\/burnoutcity.fi\/sv\/#\/schema\/logo\/image\/\",\"url\":\"https:\/\/i0.wp.com\/burnoutcity.fi\/wp-content\/uploads\/2018\/11\/BOC-logo-transparent.png?fit=1465%2C323&ssl=1\",\"contentUrl\":\"https:\/\/i0.wp.com\/burnoutcity.fi\/wp-content\/uploads\/2018\/11\/BOC-logo-transparent.png?fit=1465%2C323&ssl=1\",\"width\":1465,\"height\":323,\"caption\":\"Burn Out City Events\"},\"image\":{\"@id\":\"https:\/\/burnoutcity.fi\/sv\/#\/schema\/logo\/image\/\"},\"sameAs\":[\"https:\/\/www.facebook.com\/burnoutcity\/\",\"https:\/\/www.instagram.com\/burnoutcity\/\",\"https:\/\/www.linkedin.com\/company\/9238482\/\",\"https:\/\/www.youtube.com\/channel\/UC0tYOONmt9dhZCEEyFzGj-Q\"]}]}<\/script>\n<!-- \/ Yoast SEO plugin. -->","yoast_head_json":{"title":"F\u00f6retagssegling - Burn Out City Evets","robots":{"index":"index","follow":"follow","max-snippet":"max-snippet:-1","max-image-preview":"max-image-preview:large","max-video-preview":"max-video-preview:-1"},"canonical":"https:\/\/burnoutcity.fi\/sv\/segling\/foretagssegling\/","og_locale":"sv_SE","og_type":"article","og_title":"F\u00f6retagssegling - Burn Out City Evets","og_description":"F\u00f6retagssegling med sportiga 606\u00a0segelb\u00e5tar Att segla med 606-b\u00e5tar \u00e4r roligt och ett ypperligt s\u00e4tt att antingen l\u00e4ra sig seglingens grunder, delta i en lekfull regatta eller ocks\u00e5 bara njuta av havet och sev\u00e4rdheter. Anledningen till framg\u00e5ngarna med f\u00f6retagsseglingarna i dessa b\u00e5tar, \u00e4r att varje deltagare aktivt f\u00e5r skota, trimma och styra b\u00e5ten. Vi skr\u00e4ddarsyr alltid &hellip; Forts\u00e4tt l\u00e4sa \u201dF\u00f6retagssegling\u201d","og_url":"https:\/\/burnoutcity.fi\/sv\/segling\/foretagssegling\/","og_site_name":"Burn Out City Evets","article_publisher":"https:\/\/www.facebook.com\/burnoutcity\/","article_modified_time":"2018-09-10T10:42:54+00:00","og_image":[{"width":1000,"height":287,"url":"https:\/\/burnoutcity.fi\/wp-content\/uploads\/2013\/09\/cropped-Yritys-purjehdus-Helsinki1.jpg","type":"image\/jpeg"}],"twitter_card":"summary_large_image","twitter_misc":{"Ber\u00e4knad l\u00e4stid":"1 minut"},"schema":{"@context":"https:\/\/schema.org","@graph":[{"@type":"WebPage","@id":"https:\/\/burnoutcity.fi\/sv\/segling\/foretagssegling\/","url":"https:\/\/burnoutcity.fi\/sv\/segling\/foretagssegling\/","name":"F\u00f6retagssegling - Burn Out City Evets","isPartOf":{"@id":"https:\/\/burnoutcity.fi\/sv\/#website"},"primaryImageOfPage":{"@id":"https:\/\/burnoutcity.fi\/sv\/segling\/foretagssegling\/#primaryimage"},"image":{"@id":"https:\/\/burnoutcity.fi\/sv\/segling\/foretagssegling\/#primaryimage"},"thumbnailUrl":"https:\/\/i0.wp.com\/burnoutcity.fi\/wp-content\/uploads\/2013\/09\/cropped-Yritys-purjehdus-Helsinki1.jpg?fit=1000%2C287&ssl=1","datePublished":"2011-11-24T08:58:09+00:00","dateModified":"2018-09-10T10:42:54+00:00","breadcrumb":{"@id":"https:\/\/burnoutcity.fi\/sv\/segling\/foretagssegling\/#breadcrumb"},"inLanguage":"sv-SE","potentialAction":[{"@type":"ReadAction","target":["https:\/\/burnoutcity.fi\/sv\/segling\/foretagssegling\/"]}]},{"@type":"ImageObject","inLanguage":"sv-SE","@id":"https:\/\/burnoutcity.fi\/sv\/segling\/foretagssegling\/#primaryimage","url":"https:\/\/i0.wp.com\/burnoutcity.fi\/wp-content\/uploads\/2013\/09\/cropped-Yritys-purjehdus-Helsinki1.jpg?fit=1000%2C287&ssl=1","contentUrl":"https:\/\/i0.wp.com\/burnoutcity.fi\/wp-content\/uploads\/2013\/09\/cropped-Yritys-purjehdus-Helsinki1.jpg?fit=1000%2C287&ssl=1","width":1000,"height":287},{"@type":"BreadcrumbList","@id":"https:\/\/burnoutcity.fi\/sv\/segling\/foretagssegling\/#breadcrumb","itemListElement":[{"@type":"ListItem","position":1,"name":"Hem","item":"https:\/\/burnoutcity.fi\/sv\/hem\/"},{"@type":"ListItem","position":2,"name":"Segling","item":"https:\/\/burnoutcity.fi\/sv\/segling\/"},{"@type":"ListItem","position":3,"name":"F\u00f6retagssegling"}]},{"@type":"WebSite","@id":"https:\/\/burnoutcity.fi\/sv\/#website","url":"https:\/\/burnoutcity.fi\/sv\/","name":"Burn Out City","description":"Corporate Events and activities for tourists in Helsinki and its archipelago","publisher":{"@id":"https:\/\/burnoutcity.fi\/sv\/#organization"},"potentialAction":[{"@type":"SearchAction","target":{"@type":"EntryPoint","urlTemplate":"https:\/\/burnoutcity.fi\/sv\/?s={search_term_string}"},"query-input":{"@type":"PropertyValueSpecification","valueRequired":true,"valueName":"search_term_string"}}],"inLanguage":"sv-SE"},{"@type":"Organization","@id":"https:\/\/burnoutcity.fi\/sv\/#organization","name":"Burn Out City Events","url":"https:\/\/burnoutcity.fi\/sv\/","logo":{"@type":"ImageObject","inLanguage":"sv-SE","@id":"https:\/\/burnoutcity.fi\/sv\/#\/schema\/logo\/image\/","url":"https:\/\/i0.wp.com\/burnoutcity.fi\/wp-content\/uploads\/2018\/11\/BOC-logo-transparent.png?fit=1465%2C323&ssl=1","contentUrl":"https:\/\/i0.wp.com\/burnoutcity.fi\/wp-content\/uploads\/2018\/11\/BOC-logo-transparent.png?fit=1465%2C323&ssl=1","width":1465,"height":323,"caption":"Burn Out City Events"},"image":{"@id":"https:\/\/burnoutcity.fi\/sv\/#\/schema\/logo\/image\/"},"sameAs":["https:\/\/www.facebook.com\/burnoutcity\/","https:\/\/www.instagram.com\/burnoutcity\/","https:\/\/www.linkedin.com\/company\/9238482\/","https:\/\/www.youtube.com\/channel\/UC0tYOONmt9dhZCEEyFzGj-Q"]}]}},"jetpack_sharing_enabled":true,"_links":{"self":[{"href":"https:\/\/burnoutcity.fi\/sv\/wp-json\/wp\/v2\/pages\/74","targetHints":{"allow":["GET"]}}],"collection":[{"href":"https:\/\/burnoutcity.fi\/sv\/wp-json\/wp\/v2\/pages"}],"about":[{"href":"https:\/\/burnoutcity.fi\/sv\/wp-json\/wp\/v2\/types\/page"}],"author":[{"embeddable":true,"href":"https:\/\/burnoutcity.fi\/sv\/wp-json\/wp\/v2\/users\/3"}],"replies":[{"embeddable":true,"href":"https:\/\/burnoutcity.fi\/sv\/wp-json\/wp\/v2\/comments?post=74"}],"version-history":[{"count":14,"href":"https:\/\/burnoutcity.fi\/sv\/wp-json\/wp\/v2\/pages\/74\/revisions"}],"predecessor-version":[{"id":3277,"href":"https:\/\/burnoutcity.fi\/sv\/wp-json\/wp\/v2\/pages\/74\/revisions\/3277"}],"up":[{"embeddable":true,"href":"https:\/\/burnoutcity.fi\/sv\/wp-json\/wp\/v2\/pages\/2"}],"wp:featuredmedia":[{"embeddable":true,"href":"https:\/\/burnoutcity.fi\/sv\/wp-json\/wp\/v2\/media\/1785"}],"wp:attachment":[{"href":"https:\/\/burnoutcity.fi\/sv\/wp-json\/wp\/v2\/media?parent=74"}],"curies":[{"name":"wp","href":"https:\/\/api.w.org\/{rel}","templated":true}]}}